{"id":108,"date":"2020-12-23T21:22:36","date_gmt":"2020-12-23T20:22:36","guid":{"rendered":"https:\/\/abo-workshop.de\/content\/?page_id=108"},"modified":"2021-01-04T18:38:25","modified_gmt":"2021-01-04T17:38:25","slug":"selbstfuehrung","status":"publish","type":"page","link":"https:\/\/abo-workshop.de\/content\/selbstfuehrung\/","title":{"rendered":"Selbstf\u00fchrung"},"content":{"rendered":"\n<p><strong>Selbstf\u00fchrung und self-leadership der Anfang oder das Ende der F\u00fchrung?<\/strong> <strong>WER SICH SELBST F\u00dcHRT BRAUCHT KEINE F\u00dcHRUNG<\/strong> ABO-Workshop Wirtschaftspsychologie Rhein-Main. <br><br>Moderation: Dipl.-Psych. J\u00fcrgen Junker<br>Ort: mto-consulting, Herstallstr.33, 63739 Aschaffenburg<\/p>\n\n\n\n<figure class=\"wp-block-image\"><img decoding=\"async\" src=\"https:\/\/abo-workshop.de\/Bilder\/01-Selbstfuehrung-05-2020.gif\" alt=\"Selbstf\u00fchrung Selfleadership ABO-Workshop Rhein-Main\"\/><\/figure>\n\n\n\n<h2 class=\"wp-block-heading\"><strong># Selbstf\u00fchrung und self-leadership<br>der Anfang oder das Ende der F\u00fchrung?<\/strong><\/h2>\n\n\n\n<p><strong>WER SICH SELBST F\u00dcHRT BRAUCHT KEINE F\u00dcHRUNG<\/strong><\/p>\n\n\n\n<p><strong>Es \u00e4ndert sich was&#8230;.<\/strong><\/p>\n\n\n\n<ul class=\"wp-block-list\"><li>durch die Krisenstimmung an den Weltm\u00e4rkten<\/li><li>durch den Umbruch in einzelnen Wirtschaftsbereichen, wie der Automobilindustrie<\/li><li>und durch die zunehmende Digitalisierung, Flexibilisierung und Agilit\u00e4t.<\/li><\/ul>\n\n\n\n<p><strong>Was bedeuten diese Ver\u00e4nderungen f\u00fcr die &#8222;klassischen Rollen&#8220; im Unternehmen?<br><\/strong>Was hei\u00dft das f\u00fcr F\u00fchrungskr\u00e4fte? Was bedeutet das f\u00fcr die Mitarbeiter\/innen? Welche Auswirkungen hat das, auf die Interaktion und Zusammenarbeit im Unternehmen?<\/p>\n\n\n\n<p><strong>Was bedeutet das vor allem f\u00fcr uns als Psychologen\/innen?<br><\/strong>Welche Auswirkungen hat das auf unsere Arbeit und wie gehen wir damit um?<\/p>\n\n\n\n<p><strong>URSACHENFORSCHUNG:<\/strong><\/p>\n\n\n\n<p>Aufmerksame Leser der einschl\u00e4gigen Wirtschaftszeitschriften haben sicher im Laufe der letzten Jahre&nbsp;<strong>eine deutliche Zunahme der Beitr\u00e4ge rund um das Thema Abbau des mittleren Managements<\/strong>&nbsp;verfolgt. Diese Tendenz wird sich die Zunahme von Homeoffice &#8211; Remote Work und Kostenspardruck weiter versch\u00e4rfen<\/p>\n\n\n\n<p>Ein paar Beispiele von 2019:<\/p>\n\n\n\n<ul class=\"wp-block-list\"><li>Daimler 1100 F\u00fchrungskr\u00e4fte d.h.&nbsp;<strong>jede 10. F\u00fchrungskraft soll abgebaut werden<\/strong><\/li><li>Bosch&nbsp;<strong>jede 5. F\u00fchrungskraft im Bereich Verbrennungsmotor<\/strong><\/li><li>ATU will den Filialleitern vor Ort mehr Verantwortung geben.&nbsp;<strong>Die mittlere F\u00fchrungsebene wurde auf einen Schlag entlassen<\/strong>. 25 Gebietsleiter und technische Kundendienstleiter wurden gek\u00fcndigt und 5 Regionalleiter beurlaubt.<\/li><\/ul>\n\n\n\n<p><strong>UND WER F\u00dcHRT JETZT?<\/strong><\/p>\n\n\n\n<p>Aufmerksame Beobachter des Weiterbildungsangebots konnten im gleichen Zeitraum&nbsp;<strong>einen deutlichen Anstieg<\/strong>&nbsp;der Seminare zum Thema&nbsp;<strong>Selbstf\u00fchrung<\/strong>&nbsp;registrieren.<\/p>\n\n\n\n<p>Bringt man beide Entwicklungen zusammen, liegt eine These auf der Hand: <strong>Weniger F\u00fchrungskr\u00e4fte bedeutet mehr Selbstf\u00fchrung.<\/strong><\/p>\n\n\n\n<p><strong>SELBSTF\u00dcHRUNG UND SELF-LEADERSHIP<\/strong><\/p>\n\n\n\n<p>Wie sieht das Angebot rund um das Thema&nbsp;<strong>Selbstf\u00fchrung und self-leadership<\/strong>&nbsp;aus?<\/p>\n\n\n\n<p>Einschl\u00e4gige Titel reichen von:<\/p>\n\n\n\n<ul class=\"wp-block-list\"><li>Die Kunst der Selbstf\u00fchrung<\/li><li>Leading myself<\/li><li>Potenzial der eigenen St\u00e4rken: Wirksame Selbstf\u00fchrung.<\/li><li>Von der Selbsterkenntnis zum Self Leadership<\/li><li>Sich selbst f\u00fchren<\/li><li>Zielbewusst, optimistisch und entschlossen<\/li><li>Selbstf\u00fchrung mit Lust &amp; Leidenschaft<\/li><li>sich selbst f\u00fchren: Mehr Erfolg durch Selbstverantwortung ein Paradigmenwechsel<\/li><li>Self Leadership die wichtigste F\u00fchrungskompetenz der Zukunft ist<\/li><li>Von innen stark Selbstf\u00fchrung 4.0<\/li><\/ul>\n\n\n\n<p>bis hin zu:<br><strong>Kein Mensch braucht F\u00fchrung &#8211; die neue F\u00fchrung hei\u00dft Selbstf\u00fchrung.<\/strong><\/p>\n\n\n\n<p><strong>Der ABO-Workshop ist diesmal einem Mix aus Diskussion und praktischen Impulsen rund um die Themen Selbstf\u00fchrung und Selfleadership gewidmet:<\/strong><\/p>\n\n\n\n<ul class=\"wp-block-list\"><li>Selfleadership in der Trainingspraxis<\/li><li>f\u00e4llt F\u00fchrung einfach weg, was f\u00fcllt das F\u00fchrungsvakuum?<\/li><li>sind <a href=\"https:\/\/abo-workshop.de\/content\/lessons-learned\/\">Selbstreflexion und Lessons Learned <\/a>das neue Gold?<\/li><li>F\u00fchrungsfunktionen und ihr Transfer<\/li><li>Braucht es wirklich keine F\u00fchrung mehr?<\/li><li>reicht <a href=\"https:\/\/www.mto-consulting.de\/Selbstcoaching.htm\">professionelles Selbstcoaching<\/a> aus?<\/li><\/ul>\n\n\n\n<p>Die Teilnahme ist wie immer kostenfrei. Bitte gebt via Doodle R\u00fcckmeldung, ob Ihr kommt bzw. ob Ihr jemand mitbringt. Kuchenspenden sind wie immer willkommen.<\/p>\n\n\n\n<p>Ich freue mich \u00fcber eine rege Beteiligung und Diskussion<\/p>\n\n\n\n<p>J\u00fcrgen<\/p>\n\n\n\n<p>\ud83d\udd34 Weitere aktuelle Termine ABO-Workshop Rhein-Main<\/p>\n","protected":false},"excerpt":{"rendered":"<p>Selbstf\u00fchrung und self-leadership der Anfang oder das Ende der F\u00fchrung? WER SICH SELBST F\u00dcHRT BRAUCHT KEINE F\u00dcHRUNG ABO-Workshop Wirtschaftspsychologie Rhein-Main. Moderation: Dipl.-Psych. J\u00fcrgen JunkerOrt: mto-consulting, Herstallstr.33, 63739 Aschaffenburg # Selbstf\u00fchrung und self-leadershipder Anfang oder das Ende der F\u00fchrung? WER SICH SELBST F\u00dcHRT BRAUCHT KEINE F\u00dcHRUNG Es \u00e4ndert sich was&#8230;. durch die Krisenstimmung an den Weltm\u00e4rkten&hellip;&nbsp;<a href=\"https:\/\/abo-workshop.de\/content\/selbstfuehrung\/\" rel=\"bookmark\">Weiterlesen &raquo;<span class=\"screen-reader-text\">Selbstf\u00fchrung<\/span><\/a><\/p>\n","protected":false},"author":1,"featured_media":0,"parent":0,"menu_order":0,"comment_status":"closed","ping_status":"closed","template":"","meta":{"neve_meta_sidebar":"","neve_meta_container":"","neve_meta_enable_content_width":"","neve_meta_content_width":0,"neve_meta_title_alignment":"","neve_meta_author_avatar":"","neve_post_elements_order":"","neve_meta_disable_header":"","neve_meta_disable_footer":"","neve_meta_disable_title":"","footnotes":""},"class_list":["post-108","page","type-page","status-publish","hentry"],"yoast_head":"<!-- This site is optimized with the Yoast SEO plugin v27.3 - https:\/\/yoast.com\/product\/yoast-seo-wordpress\/ -->\n<title>Selbstf\u00fchrung - ABO Workshop Wirtschaftspsychologie Seminare + Coaching<\/title>\n<meta name=\"description\" content=\"Selbstf\u00fchrung und Selfleadership \ud83d\udd34 Coaching und Selbstcoaching der Weg zum neuen Selbst Dipl.-Psych. J\u00fcrgen Junker, MTO-Consulting.\" \/>\n<meta name=\"robots\" content=\"index, follow, max-snippet:-1, max-image-preview:large, max-video-preview:-1\" \/>\n<link rel=\"canonical\" href=\"https:\/\/abo-workshop.de\/content\/selbstfuehrung\/\" \/>\n<meta property=\"og:locale\" content=\"de_DE\" \/>\n<meta property=\"og:type\" content=\"article\" \/>\n<meta property=\"og:title\" content=\"Selbstf\u00fchrung - ABO Workshop Wirtschaftspsychologie Seminare + Coaching\" \/>\n<meta property=\"og:description\" content=\"Selbstf\u00fchrung und Selfleadership \ud83d\udd34 Coaching und Selbstcoaching der Weg zum neuen Selbst Dipl.-Psych. J\u00fcrgen Junker, MTO-Consulting.\" \/>\n<meta property=\"og:url\" content=\"https:\/\/abo-workshop.de\/content\/selbstfuehrung\/\" \/>\n<meta property=\"og:site_name\" content=\"ABO Workshop Wirtschaftspsychologie Seminare + Coaching\" \/>\n<meta property=\"article:modified_time\" content=\"2021-01-04T17:38:25+00:00\" \/>\n<meta property=\"og:image\" content=\"https:\/\/abo-workshop.de\/Bilder\/01-Selbstfuehrung-05-2020.gif\" \/>\n<meta name=\"twitter:card\" content=\"summary_large_image\" \/>\n<meta name=\"twitter:label1\" content=\"Gesch\u00e4tzte Lesezeit\" \/>\n\t<meta name=\"twitter:data1\" content=\"2\u00a0Minuten\" \/>\n<script type=\"application\/ld+json\" class=\"yoast-schema-graph\">{\"@context\":\"https:\\\/\\\/schema.org\",\"@graph\":[{\"@type\":\"WebPage\",\"@id\":\"https:\\\/\\\/abo-workshop.de\\\/content\\\/selbstfuehrung\\\/\",\"url\":\"https:\\\/\\\/abo-workshop.de\\\/content\\\/selbstfuehrung\\\/\",\"name\":\"Selbstf\u00fchrung - ABO Workshop Wirtschaftspsychologie Seminare + Coaching\",\"isPartOf\":{\"@id\":\"https:\\\/\\\/abo-workshop.de\\\/content\\\/#website\"},\"primaryImageOfPage\":{\"@id\":\"https:\\\/\\\/abo-workshop.de\\\/content\\\/selbstfuehrung\\\/#primaryimage\"},\"image\":{\"@id\":\"https:\\\/\\\/abo-workshop.de\\\/content\\\/selbstfuehrung\\\/#primaryimage\"},\"thumbnailUrl\":\"https:\\\/\\\/abo-workshop.de\\\/Bilder\\\/01-Selbstfuehrung-05-2020.gif\",\"datePublished\":\"2020-12-23T20:22:36+00:00\",\"dateModified\":\"2021-01-04T17:38:25+00:00\",\"description\":\"Selbstf\u00fchrung und Selfleadership \ud83d\udd34 Coaching und Selbstcoaching der Weg zum neuen Selbst Dipl.-Psych. J\u00fcrgen Junker, MTO-Consulting.\",\"breadcrumb\":{\"@id\":\"https:\\\/\\\/abo-workshop.de\\\/content\\\/selbstfuehrung\\\/#breadcrumb\"},\"inLanguage\":\"de\",\"potentialAction\":[{\"@type\":\"ReadAction\",\"target\":[\"https:\\\/\\\/abo-workshop.de\\\/content\\\/selbstfuehrung\\\/\"]}]},{\"@type\":\"ImageObject\",\"inLanguage\":\"de\",\"@id\":\"https:\\\/\\\/abo-workshop.de\\\/content\\\/selbstfuehrung\\\/#primaryimage\",\"url\":\"https:\\\/\\\/abo-workshop.de\\\/Bilder\\\/01-Selbstfuehrung-05-2020.gif\",\"contentUrl\":\"https:\\\/\\\/abo-workshop.de\\\/Bilder\\\/01-Selbstfuehrung-05-2020.gif\"},{\"@type\":\"BreadcrumbList\",\"@id\":\"https:\\\/\\\/abo-workshop.de\\\/content\\\/selbstfuehrung\\\/#breadcrumb\",\"itemListElement\":[{\"@type\":\"ListItem\",\"position\":1,\"name\":\"Startseite\",\"item\":\"https:\\\/\\\/abo-workshop.de\\\/content\\\/\"},{\"@type\":\"ListItem\",\"position\":2,\"name\":\"Selbstf\u00fchrung\"}]},{\"@type\":\"WebSite\",\"@id\":\"https:\\\/\\\/abo-workshop.de\\\/content\\\/#website\",\"url\":\"https:\\\/\\\/abo-workshop.de\\\/content\\\/\",\"name\":\"ABO Workshop Wirtschaftspsychologie Seminare + Coaching\",\"description\":\"ABO-Workshop kollegiale Treffen zur Wirtschaftspsychologie Frankfurt + Rhein-Main\",\"publisher\":{\"@id\":\"https:\\\/\\\/abo-workshop.de\\\/content\\\/#organization\"},\"potentialAction\":[{\"@type\":\"SearchAction\",\"target\":{\"@type\":\"EntryPoint\",\"urlTemplate\":\"https:\\\/\\\/abo-workshop.de\\\/content\\\/?s={search_term_string}\"},\"query-input\":{\"@type\":\"PropertyValueSpecification\",\"valueRequired\":true,\"valueName\":\"search_term_string\"}}],\"inLanguage\":\"de\"},{\"@type\":\"Organization\",\"@id\":\"https:\\\/\\\/abo-workshop.de\\\/content\\\/#organization\",\"name\":\"ABO Workshop Wirtschaftspsychologie Seminare + Coaching\",\"url\":\"https:\\\/\\\/abo-workshop.de\\\/content\\\/\",\"logo\":{\"@type\":\"ImageObject\",\"inLanguage\":\"de\",\"@id\":\"https:\\\/\\\/abo-workshop.de\\\/content\\\/#\\\/schema\\\/logo\\\/image\\\/\",\"url\":\"https:\\\/\\\/abo-workshop.de\\\/content\\\/wp-content\\\/uploads\\\/2020\\\/12\\\/cropped-Logo-ABO-Workshop-Rhein-Main-1.gif\",\"contentUrl\":\"https:\\\/\\\/abo-workshop.de\\\/content\\\/wp-content\\\/uploads\\\/2020\\\/12\\\/cropped-Logo-ABO-Workshop-Rhein-Main-1.gif\",\"width\":348,\"height\":326,\"caption\":\"ABO Workshop Wirtschaftspsychologie Seminare + Coaching\"},\"image\":{\"@id\":\"https:\\\/\\\/abo-workshop.de\\\/content\\\/#\\\/schema\\\/logo\\\/image\\\/\"}}]}<\/script>\n<!-- \/ Yoast SEO plugin. -->","yoast_head_json":{"title":"Selbstf\u00fchrung - ABO Workshop Wirtschaftspsychologie Seminare + Coaching","description":"Selbstf\u00fchrung und Selfleadership \ud83d\udd34 Coaching und Selbstcoaching der Weg zum neuen Selbst Dipl.-Psych. J\u00fcrgen Junker, MTO-Consulting.","robots":{"index":"index","follow":"follow","max-snippet":"max-snippet:-1","max-image-preview":"max-image-preview:large","max-video-preview":"max-video-preview:-1"},"canonical":"https:\/\/abo-workshop.de\/content\/selbstfuehrung\/","og_locale":"de_DE","og_type":"article","og_title":"Selbstf\u00fchrung - ABO Workshop Wirtschaftspsychologie Seminare + Coaching","og_description":"Selbstf\u00fchrung und Selfleadership \ud83d\udd34 Coaching und Selbstcoaching der Weg zum neuen Selbst Dipl.-Psych. J\u00fcrgen Junker, MTO-Consulting.","og_url":"https:\/\/abo-workshop.de\/content\/selbstfuehrung\/","og_site_name":"ABO Workshop Wirtschaftspsychologie Seminare + Coaching","article_modified_time":"2021-01-04T17:38:25+00:00","og_image":[{"url":"https:\/\/abo-workshop.de\/Bilder\/01-Selbstfuehrung-05-2020.gif","type":"","width":"","height":""}],"twitter_card":"summary_large_image","twitter_misc":{"Gesch\u00e4tzte Lesezeit":"2\u00a0Minuten"},"schema":{"@context":"https:\/\/schema.org","@graph":[{"@type":"WebPage","@id":"https:\/\/abo-workshop.de\/content\/selbstfuehrung\/","url":"https:\/\/abo-workshop.de\/content\/selbstfuehrung\/","name":"Selbstf\u00fchrung - ABO Workshop Wirtschaftspsychologie Seminare + Coaching","isPartOf":{"@id":"https:\/\/abo-workshop.de\/content\/#website"},"primaryImageOfPage":{"@id":"https:\/\/abo-workshop.de\/content\/selbstfuehrung\/#primaryimage"},"image":{"@id":"https:\/\/abo-workshop.de\/content\/selbstfuehrung\/#primaryimage"},"thumbnailUrl":"https:\/\/abo-workshop.de\/Bilder\/01-Selbstfuehrung-05-2020.gif","datePublished":"2020-12-23T20:22:36+00:00","dateModified":"2021-01-04T17:38:25+00:00","description":"Selbstf\u00fchrung und Selfleadership \ud83d\udd34 Coaching und Selbstcoaching der Weg zum neuen Selbst Dipl.-Psych. J\u00fcrgen Junker, MTO-Consulting.","breadcrumb":{"@id":"https:\/\/abo-workshop.de\/content\/selbstfuehrung\/#breadcrumb"},"inLanguage":"de","potentialAction":[{"@type":"ReadAction","target":["https:\/\/abo-workshop.de\/content\/selbstfuehrung\/"]}]},{"@type":"ImageObject","inLanguage":"de","@id":"https:\/\/abo-workshop.de\/content\/selbstfuehrung\/#primaryimage","url":"https:\/\/abo-workshop.de\/Bilder\/01-Selbstfuehrung-05-2020.gif","contentUrl":"https:\/\/abo-workshop.de\/Bilder\/01-Selbstfuehrung-05-2020.gif"},{"@type":"BreadcrumbList","@id":"https:\/\/abo-workshop.de\/content\/selbstfuehrung\/#breadcrumb","itemListElement":[{"@type":"ListItem","position":1,"name":"Startseite","item":"https:\/\/abo-workshop.de\/content\/"},{"@type":"ListItem","position":2,"name":"Selbstf\u00fchrung"}]},{"@type":"WebSite","@id":"https:\/\/abo-workshop.de\/content\/#website","url":"https:\/\/abo-workshop.de\/content\/","name":"ABO Workshop Wirtschaftspsychologie Seminare + Coaching","description":"ABO-Workshop kollegiale Treffen zur Wirtschaftspsychologie Frankfurt + Rhein-Main","publisher":{"@id":"https:\/\/abo-workshop.de\/content\/#organization"},"potentialAction":[{"@type":"SearchAction","target":{"@type":"EntryPoint","urlTemplate":"https:\/\/abo-workshop.de\/content\/?s={search_term_string}"},"query-input":{"@type":"PropertyValueSpecification","valueRequired":true,"valueName":"search_term_string"}}],"inLanguage":"de"},{"@type":"Organization","@id":"https:\/\/abo-workshop.de\/content\/#organization","name":"ABO Workshop Wirtschaftspsychologie Seminare + Coaching","url":"https:\/\/abo-workshop.de\/content\/","logo":{"@type":"ImageObject","inLanguage":"de","@id":"https:\/\/abo-workshop.de\/content\/#\/schema\/logo\/image\/","url":"https:\/\/abo-workshop.de\/content\/wp-content\/uploads\/2020\/12\/cropped-Logo-ABO-Workshop-Rhein-Main-1.gif","contentUrl":"https:\/\/abo-workshop.de\/content\/wp-content\/uploads\/2020\/12\/cropped-Logo-ABO-Workshop-Rhein-Main-1.gif","width":348,"height":326,"caption":"ABO Workshop Wirtschaftspsychologie Seminare + Coaching"},"image":{"@id":"https:\/\/abo-workshop.de\/content\/#\/schema\/logo\/image\/"}}]}},"_links":{"self":[{"href":"https:\/\/abo-workshop.de\/content\/wp-json\/wp\/v2\/pages\/108","targetHints":{"allow":["GET"]}}],"collection":[{"href":"https:\/\/abo-workshop.de\/content\/wp-json\/wp\/v2\/pages"}],"about":[{"href":"https:\/\/abo-workshop.de\/content\/wp-json\/wp\/v2\/types\/page"}],"author":[{"embeddable":true,"href":"https:\/\/abo-workshop.de\/content\/wp-json\/wp\/v2\/users\/1"}],"replies":[{"embeddable":true,"href":"https:\/\/abo-workshop.de\/content\/wp-json\/wp\/v2\/comments?post=108"}],"version-history":[{"count":5,"href":"https:\/\/abo-workshop.de\/content\/wp-json\/wp\/v2\/pages\/108\/revisions"}],"predecessor-version":[{"id":184,"href":"https:\/\/abo-workshop.de\/content\/wp-json\/wp\/v2\/pages\/108\/revisions\/184"}],"wp:attachment":[{"href":"https:\/\/abo-workshop.de\/content\/wp-json\/wp\/v2\/media?parent=108"}],"curies":[{"name":"wp","href":"https:\/\/api.w.org\/{rel}","templated":true}]}}