{"id":193,"date":"2021-01-05T11:28:31","date_gmt":"2021-01-05T10:28:31","guid":{"rendered":"https:\/\/abo-workshop.de\/content\/?page_id=193"},"modified":"2021-01-05T11:31:22","modified_gmt":"2021-01-05T10:31:22","slug":"selbstmarketing","status":"publish","type":"page","link":"https:\/\/abo-workshop.de\/content\/selbstmarketing\/","title":{"rendered":"Selbstmarketing"},"content":{"rendered":"\n<p><strong>Positionierung und Selbstmarketing &#8211; <em>Wie Du (selbst)-wirksam Deine PS maximal auf die Stra\u00dfe bringst. Positionierung und (Selbst-) Marketing von und f\u00fcr Psychologen: Ein Praxisbeispiel<\/em><\/strong> ABO-Workshop am <strong>Sa 26.01.2019 von 14.00-18.00 Uhr<\/strong> Moderation Christine Backhaus Ort: Office Psyconomy, Kaiserstrasse 39, Frankfurt<\/p>\n\n\n\n<figure class=\"wp-block-image\"><img decoding=\"async\" src=\"https:\/\/abo-workshop.de\/Bilder\/01-2019-Selbstpositionierung.gif\" alt=\"Selbstpositionierung, Selbstmarketing, ABO-Workshop Rhein-Main\"\/><\/figure>\n\n\n\n<h2 class=\"wp-block-heading\">Selbstmarketing und Positionierung<\/h2>\n\n\n\n<p>Ich erl\u00e4utere am Praxisbeispiel fim Business Day die eigene Positionierung \u00fcber ein relevantes Thema: Als Karrierecoach und stellv. Bundesvorstand von fim.de habe ich aktiv das Thema &#8222;Selbstwirksamkeit&#8220; zum Thema Frauen in F\u00fchrung und Management bei fim bekannt und aktiv voran gebracht. Das zeigt sich sowohl in meiner aktiven Mitarbeit bei der Neuausrichtung der Strategie von fim als auch als aktiver Treiber des kulturellen Wandels hin zu Empowerment und Selbstwirksamkeit der Mitglieder und dadurch mit Strahlwirkung auf Interessentinnen und alles im Aussen. Konsequenterweise musste sich mit dieser Haltung auch der fim Business Day 2018 wandeln.<\/p>\n\n\n\n<p><strong>Wie Du selbstwirksam Deine PS maximal auf die Strasse bringst.<\/strong><\/p>\n\n\n\n<p>Im interaktiven, kollegialen Austausch mit den Teilnehmern des ABO-Netzwerktreffens k\u00f6nnen folgende Punkte bearbeitet werden:<\/p>\n\n\n\n<ul class=\"wp-block-list\"><li>1)\u00a0<strong>Selbstwirksamkeit-(s\u00fcberzeugung)<\/strong>\u00a0\u2013 was ist das und wieviel habe ich davon?<\/li><li>2) Wie eine\u00a0<strong>positive \u00dcberzeugung<\/strong>\u00a0in Bezug auf die\u00a0<strong>eigenen Kompetenzen<\/strong>\u00a0zu Stande kommt.<\/li><li>3) Warum ist\u00a0<strong>Selbstwirksamkeit<\/strong>\u00a0so wichtig insbesondere zum Thema eigene\u00a0<strong>Positionierung \/ Selbstmarketing<\/strong>?<\/li><li>4)\u00a0<strong>Tipps und Tricks<\/strong>: Was kann ich tun zur Steigerung der SW und f\u00fcr mein Selbstmarketing. Welche Rolle spielt dabei meine Pr\u00e4senz auf OnlineMedia?<\/li><\/ul>\n\n\n\n<h2 class=\"wp-block-heading\">Selbstmarketing und Positionierung<\/h2>\n\n\n\n<p>Drei relevante Begriffe, die den Impuls-Workshop beschreiben:<br><strong>Selbstwirksamkeit, Sichtbarkeit, Online-(Multi)-Pr\u00e4senz<\/strong><\/p>\n\n\n\n<p>Bitte gebt \u00fcber Doodle R\u00fcckmeldung, ob Ihr kommt oder nicht:<br>Herzliche Gr\u00fc\u00dfe Christine Backhaus<\/p>\n\n\n\n<h2 class=\"wp-block-heading\">Optimierung<\/h2>\n\n\n\n<p>Die drei Begriffe Selbstmarketing, Self Marketing und Ego-Marketing werden h\u00e4ufig synonym verwendet und bezeichnen eine systematische Selbstvermarktung. Die Anwendung von Wissen, Know-how und Ans\u00e4tzen aus dem Marketing f\u00fcr Produkte oder Dienstleistungen auf die eigene Person steht dabei zumeist im Mittelpunkt.<\/p>\n\n\n\n<p>Im Kern geht es beim <a href=\"https:\/\/www.mto-consulting.de\/Coaching.htm\">Coaching zum Thema Selbstmarketing<\/a> um die bewusste Betonung der eigenen St\u00e4rken. Jede und jeder hat Eigenschaften, F\u00e4higkeiten oder Wissen, dass Sie oder Ihn aus seinem sozialen Kontext heraushebt. Im Selbstmarketing ist es zentral diese St\u00e4rken und Aspekte zu analysieren und gezielt hervorzuheben. <\/p>\n\n\n\n<p>Das Thema ist auch relevant f\u00fcr die zunehmende Bedeutung von <a href=\"https:\/\/abo-workshop.de\/content\/selbstfuehrung\/\">Selbstf\u00fchrung und self leadership<\/a>.<\/p>\n","protected":false},"excerpt":{"rendered":"<p>Positionierung und Selbstmarketing &#8211; Wie Du (selbst)-wirksam Deine PS maximal auf die Stra\u00dfe bringst. Positionierung und (Selbst-) Marketing von und f\u00fcr Psychologen: Ein Praxisbeispiel ABO-Workshop am Sa 26.01.2019 von 14.00-18.00 Uhr Moderation Christine Backhaus Ort: Office Psyconomy, Kaiserstrasse 39, Frankfurt Selbstmarketing und Positionierung Ich erl\u00e4utere am Praxisbeispiel fim Business Day die eigene Positionierung \u00fcber ein&hellip;&nbsp;<a href=\"https:\/\/abo-workshop.de\/content\/selbstmarketing\/\" rel=\"bookmark\">Weiterlesen &raquo;<span class=\"screen-reader-text\">Selbstmarketing<\/span><\/a><\/p>\n","protected":false},"author":1,"featured_media":0,"parent":0,"menu_order":0,"comment_status":"closed","ping_status":"closed","template":"","meta":{"neve_meta_sidebar":"","neve_meta_container":"","neve_meta_enable_content_width":"","neve_meta_content_width":0,"neve_meta_title_alignment":"","neve_meta_author_avatar":"","neve_post_elements_order":"","neve_meta_disable_header":"","neve_meta_disable_footer":"","neve_meta_disable_title":"","footnotes":""},"class_list":["post-193","page","type-page","status-publish","hentry"],"yoast_head":"<!-- This site is optimized with the Yoast SEO plugin v27.3 - https:\/\/yoast.com\/product\/yoast-seo-wordpress\/ -->\n<title>Selbstmarketing - ABO Workshop Wirtschaftspsychologie Seminare + Coaching<\/title>\n<meta name=\"description\" content=\"Positionierung und Selbstmarketing \ud83d\udd34 Coaching f\u00fcr eine bewusste Betonung der eigenen St\u00e4rken, Psychologie und pers\u00f6nliches Selbstmarketing\" \/>\n<meta name=\"robots\" content=\"index, follow, max-snippet:-1, max-image-preview:large, max-video-preview:-1\" \/>\n<link rel=\"canonical\" href=\"https:\/\/abo-workshop.de\/content\/selbstmarketing\/\" \/>\n<meta property=\"og:locale\" content=\"de_DE\" \/>\n<meta property=\"og:type\" content=\"article\" \/>\n<meta property=\"og:title\" content=\"Selbstmarketing - ABO Workshop Wirtschaftspsychologie Seminare + Coaching\" \/>\n<meta property=\"og:description\" content=\"Positionierung und Selbstmarketing \ud83d\udd34 Coaching f\u00fcr eine bewusste Betonung der eigenen St\u00e4rken, Psychologie und pers\u00f6nliches Selbstmarketing\" \/>\n<meta property=\"og:url\" content=\"https:\/\/abo-workshop.de\/content\/selbstmarketing\/\" \/>\n<meta property=\"og:site_name\" content=\"ABO Workshop Wirtschaftspsychologie Seminare + Coaching\" \/>\n<meta property=\"article:modified_time\" content=\"2021-01-05T10:31:22+00:00\" \/>\n<meta property=\"og:image\" content=\"https:\/\/abo-workshop.de\/Bilder\/01-2019-Selbstpositionierung.gif\" \/>\n<meta name=\"twitter:card\" content=\"summary_large_image\" \/>\n<meta name=\"twitter:label1\" content=\"Gesch\u00e4tzte Lesezeit\" \/>\n\t<meta name=\"twitter:data1\" content=\"2\u00a0Minuten\" \/>\n<script type=\"application\/ld+json\" class=\"yoast-schema-graph\">{\"@context\":\"https:\\\/\\\/schema.org\",\"@graph\":[{\"@type\":\"WebPage\",\"@id\":\"https:\\\/\\\/abo-workshop.de\\\/content\\\/selbstmarketing\\\/\",\"url\":\"https:\\\/\\\/abo-workshop.de\\\/content\\\/selbstmarketing\\\/\",\"name\":\"Selbstmarketing - ABO Workshop Wirtschaftspsychologie Seminare + Coaching\",\"isPartOf\":{\"@id\":\"https:\\\/\\\/abo-workshop.de\\\/content\\\/#website\"},\"primaryImageOfPage\":{\"@id\":\"https:\\\/\\\/abo-workshop.de\\\/content\\\/selbstmarketing\\\/#primaryimage\"},\"image\":{\"@id\":\"https:\\\/\\\/abo-workshop.de\\\/content\\\/selbstmarketing\\\/#primaryimage\"},\"thumbnailUrl\":\"https:\\\/\\\/abo-workshop.de\\\/Bilder\\\/01-2019-Selbstpositionierung.gif\",\"datePublished\":\"2021-01-05T10:28:31+00:00\",\"dateModified\":\"2021-01-05T10:31:22+00:00\",\"description\":\"Positionierung und Selbstmarketing \ud83d\udd34 Coaching f\u00fcr eine bewusste Betonung der eigenen St\u00e4rken, Psychologie und pers\u00f6nliches Selbstmarketing\",\"breadcrumb\":{\"@id\":\"https:\\\/\\\/abo-workshop.de\\\/content\\\/selbstmarketing\\\/#breadcrumb\"},\"inLanguage\":\"de\",\"potentialAction\":[{\"@type\":\"ReadAction\",\"target\":[\"https:\\\/\\\/abo-workshop.de\\\/content\\\/selbstmarketing\\\/\"]}]},{\"@type\":\"ImageObject\",\"inLanguage\":\"de\",\"@id\":\"https:\\\/\\\/abo-workshop.de\\\/content\\\/selbstmarketing\\\/#primaryimage\",\"url\":\"https:\\\/\\\/abo-workshop.de\\\/Bilder\\\/01-2019-Selbstpositionierung.gif\",\"contentUrl\":\"https:\\\/\\\/abo-workshop.de\\\/Bilder\\\/01-2019-Selbstpositionierung.gif\"},{\"@type\":\"BreadcrumbList\",\"@id\":\"https:\\\/\\\/abo-workshop.de\\\/content\\\/selbstmarketing\\\/#breadcrumb\",\"itemListElement\":[{\"@type\":\"ListItem\",\"position\":1,\"name\":\"Startseite\",\"item\":\"https:\\\/\\\/abo-workshop.de\\\/content\\\/\"},{\"@type\":\"ListItem\",\"position\":2,\"name\":\"Selbstmarketing\"}]},{\"@type\":\"WebSite\",\"@id\":\"https:\\\/\\\/abo-workshop.de\\\/content\\\/#website\",\"url\":\"https:\\\/\\\/abo-workshop.de\\\/content\\\/\",\"name\":\"ABO Workshop Wirtschaftspsychologie Seminare + Coaching\",\"description\":\"ABO-Workshop kollegiale Treffen zur Wirtschaftspsychologie Frankfurt + Rhein-Main\",\"publisher\":{\"@id\":\"https:\\\/\\\/abo-workshop.de\\\/content\\\/#organization\"},\"potentialAction\":[{\"@type\":\"SearchAction\",\"target\":{\"@type\":\"EntryPoint\",\"urlTemplate\":\"https:\\\/\\\/abo-workshop.de\\\/content\\\/?s={search_term_string}\"},\"query-input\":{\"@type\":\"PropertyValueSpecification\",\"valueRequired\":true,\"valueName\":\"search_term_string\"}}],\"inLanguage\":\"de\"},{\"@type\":\"Organization\",\"@id\":\"https:\\\/\\\/abo-workshop.de\\\/content\\\/#organization\",\"name\":\"ABO Workshop Wirtschaftspsychologie Seminare + Coaching\",\"url\":\"https:\\\/\\\/abo-workshop.de\\\/content\\\/\",\"logo\":{\"@type\":\"ImageObject\",\"inLanguage\":\"de\",\"@id\":\"https:\\\/\\\/abo-workshop.de\\\/content\\\/#\\\/schema\\\/logo\\\/image\\\/\",\"url\":\"https:\\\/\\\/abo-workshop.de\\\/content\\\/wp-content\\\/uploads\\\/2020\\\/12\\\/cropped-Logo-ABO-Workshop-Rhein-Main-1.gif\",\"contentUrl\":\"https:\\\/\\\/abo-workshop.de\\\/content\\\/wp-content\\\/uploads\\\/2020\\\/12\\\/cropped-Logo-ABO-Workshop-Rhein-Main-1.gif\",\"width\":348,\"height\":326,\"caption\":\"ABO Workshop Wirtschaftspsychologie Seminare + Coaching\"},\"image\":{\"@id\":\"https:\\\/\\\/abo-workshop.de\\\/content\\\/#\\\/schema\\\/logo\\\/image\\\/\"}}]}<\/script>\n<!-- \/ Yoast SEO plugin. -->","yoast_head_json":{"title":"Selbstmarketing - ABO Workshop Wirtschaftspsychologie Seminare + Coaching","description":"Positionierung und Selbstmarketing \ud83d\udd34 Coaching f\u00fcr eine bewusste Betonung der eigenen St\u00e4rken, Psychologie und pers\u00f6nliches Selbstmarketing","robots":{"index":"index","follow":"follow","max-snippet":"max-snippet:-1","max-image-preview":"max-image-preview:large","max-video-preview":"max-video-preview:-1"},"canonical":"https:\/\/abo-workshop.de\/content\/selbstmarketing\/","og_locale":"de_DE","og_type":"article","og_title":"Selbstmarketing - ABO Workshop Wirtschaftspsychologie Seminare + Coaching","og_description":"Positionierung und Selbstmarketing \ud83d\udd34 Coaching f\u00fcr eine bewusste Betonung der eigenen St\u00e4rken, Psychologie und pers\u00f6nliches Selbstmarketing","og_url":"https:\/\/abo-workshop.de\/content\/selbstmarketing\/","og_site_name":"ABO Workshop Wirtschaftspsychologie Seminare + Coaching","article_modified_time":"2021-01-05T10:31:22+00:00","og_image":[{"url":"https:\/\/abo-workshop.de\/Bilder\/01-2019-Selbstpositionierung.gif","type":"","width":"","height":""}],"twitter_card":"summary_large_image","twitter_misc":{"Gesch\u00e4tzte Lesezeit":"2\u00a0Minuten"},"schema":{"@context":"https:\/\/schema.org","@graph":[{"@type":"WebPage","@id":"https:\/\/abo-workshop.de\/content\/selbstmarketing\/","url":"https:\/\/abo-workshop.de\/content\/selbstmarketing\/","name":"Selbstmarketing - ABO Workshop Wirtschaftspsychologie Seminare + Coaching","isPartOf":{"@id":"https:\/\/abo-workshop.de\/content\/#website"},"primaryImageOfPage":{"@id":"https:\/\/abo-workshop.de\/content\/selbstmarketing\/#primaryimage"},"image":{"@id":"https:\/\/abo-workshop.de\/content\/selbstmarketing\/#primaryimage"},"thumbnailUrl":"https:\/\/abo-workshop.de\/Bilder\/01-2019-Selbstpositionierung.gif","datePublished":"2021-01-05T10:28:31+00:00","dateModified":"2021-01-05T10:31:22+00:00","description":"Positionierung und Selbstmarketing \ud83d\udd34 Coaching f\u00fcr eine bewusste Betonung der eigenen St\u00e4rken, Psychologie und pers\u00f6nliches Selbstmarketing","breadcrumb":{"@id":"https:\/\/abo-workshop.de\/content\/selbstmarketing\/#breadcrumb"},"inLanguage":"de","potentialAction":[{"@type":"ReadAction","target":["https:\/\/abo-workshop.de\/content\/selbstmarketing\/"]}]},{"@type":"ImageObject","inLanguage":"de","@id":"https:\/\/abo-workshop.de\/content\/selbstmarketing\/#primaryimage","url":"https:\/\/abo-workshop.de\/Bilder\/01-2019-Selbstpositionierung.gif","contentUrl":"https:\/\/abo-workshop.de\/Bilder\/01-2019-Selbstpositionierung.gif"},{"@type":"BreadcrumbList","@id":"https:\/\/abo-workshop.de\/content\/selbstmarketing\/#breadcrumb","itemListElement":[{"@type":"ListItem","position":1,"name":"Startseite","item":"https:\/\/abo-workshop.de\/content\/"},{"@type":"ListItem","position":2,"name":"Selbstmarketing"}]},{"@type":"WebSite","@id":"https:\/\/abo-workshop.de\/content\/#website","url":"https:\/\/abo-workshop.de\/content\/","name":"ABO Workshop Wirtschaftspsychologie Seminare + Coaching","description":"ABO-Workshop kollegiale Treffen zur Wirtschaftspsychologie Frankfurt + Rhein-Main","publisher":{"@id":"https:\/\/abo-workshop.de\/content\/#organization"},"potentialAction":[{"@type":"SearchAction","target":{"@type":"EntryPoint","urlTemplate":"https:\/\/abo-workshop.de\/content\/?s={search_term_string}"},"query-input":{"@type":"PropertyValueSpecification","valueRequired":true,"valueName":"search_term_string"}}],"inLanguage":"de"},{"@type":"Organization","@id":"https:\/\/abo-workshop.de\/content\/#organization","name":"ABO Workshop Wirtschaftspsychologie Seminare + Coaching","url":"https:\/\/abo-workshop.de\/content\/","logo":{"@type":"ImageObject","inLanguage":"de","@id":"https:\/\/abo-workshop.de\/content\/#\/schema\/logo\/image\/","url":"https:\/\/abo-workshop.de\/content\/wp-content\/uploads\/2020\/12\/cropped-Logo-ABO-Workshop-Rhein-Main-1.gif","contentUrl":"https:\/\/abo-workshop.de\/content\/wp-content\/uploads\/2020\/12\/cropped-Logo-ABO-Workshop-Rhein-Main-1.gif","width":348,"height":326,"caption":"ABO Workshop Wirtschaftspsychologie Seminare + Coaching"},"image":{"@id":"https:\/\/abo-workshop.de\/content\/#\/schema\/logo\/image\/"}}]}},"_links":{"self":[{"href":"https:\/\/abo-workshop.de\/content\/wp-json\/wp\/v2\/pages\/193","targetHints":{"allow":["GET"]}}],"collection":[{"href":"https:\/\/abo-workshop.de\/content\/wp-json\/wp\/v2\/pages"}],"about":[{"href":"https:\/\/abo-workshop.de\/content\/wp-json\/wp\/v2\/types\/page"}],"author":[{"embeddable":true,"href":"https:\/\/abo-workshop.de\/content\/wp-json\/wp\/v2\/users\/1"}],"replies":[{"embeddable":true,"href":"https:\/\/abo-workshop.de\/content\/wp-json\/wp\/v2\/comments?post=193"}],"version-history":[{"count":2,"href":"https:\/\/abo-workshop.de\/content\/wp-json\/wp\/v2\/pages\/193\/revisions"}],"predecessor-version":[{"id":196,"href":"https:\/\/abo-workshop.de\/content\/wp-json\/wp\/v2\/pages\/193\/revisions\/196"}],"wp:attachment":[{"href":"https:\/\/abo-workshop.de\/content\/wp-json\/wp\/v2\/media?parent=193"}],"curies":[{"name":"wp","href":"https:\/\/api.w.org\/{rel}","templated":true}]}}