{"id":2,"date":"2020-12-22T15:57:34","date_gmt":"2020-12-22T14:57:34","guid":{"rendered":"https:\/\/abo-workshop.de\/content\/?page_id=2"},"modified":"2025-01-14T15:17:11","modified_gmt":"2025-01-14T14:17:11","slug":"impressum","status":"publish","type":"page","link":"https:\/\/abo-workshop.de\/content\/impressum\/","title":{"rendered":"Impressum"},"content":{"rendered":"\n<p>ABO-Workshop Rhein Main ist ein nicht-kommerzieller Zusammenschluss von Diplom-Psychologen\/innen aus dem Rhein-Main-Gebiet<\/p>\n\n\n\n<p>ABO-Workshop Rhein Main<br>Dipl.-Psych. J\u00fcrgen Junker<br>c\/o MTO-Consulting<br>Goethestr.27<br>D-63739 Aschaffenburg<\/p>\n\n\n\n<p>Telefon: +49 (0) 60 21 &#8211; 2 06 67<br>E-Mail:&nbsp;<a href=\"mailto:anfrage@abo-workshop.de\">anfrage@abo-workshop.de<\/a><\/p>\n\n\n\n<p>Verantwortlich im Sinne des Presserechts und gem\u00e4\u00df<br>\u00a7\u00a7 6 TDG, 10 MDStV:<br>Dipl.-Psych. J\u00fcrgen Junker<br>Goethestr.27<br>D-63739 Aschaffenburg<br>Telefon: +49 (0) 60 21 &#8211; 2 06 67<br>E-Mail:\u00a0<a href=\"mailto:anfrage@abo-workshop.de\">anfrage@abo-workshop.de<\/a><\/p>\n\n\n\n<p><br>Diplom in Psychologie TH Darmstadt, Deutschland<br><br>Haftungshinweis:<br>Trotz sorgf\u00e4ltiger inhaltlicher Kontrolle \u00fcbernehmen wir keine Haftung f\u00fcr den Inhalt. F\u00fcr den Inhalt der verlinkten Seiten sind ausschlie\u00dflich deren Betreiber verantwortlich.<br><br>Das Layout von www.abo-workshop.de sowie die verwendeten Grafiken und Bilder, die Texte, Dokumente und einzelnen Beitr\u00e4ge sind urheberrechtlich gesch\u00fctzt. Eine kommerzielle Verwertung der Inhalte und Weitergabe an Dritte, bedarf dem schriftlichen Einverst\u00e4ndnis durch den ABO-Workshop. Alle Rechte insbesondere auch die Vervielf\u00e4ltigung und der Verbreitung mittels EDV und Datennetze (auch teilweise), sind dem Urheber vorbehalten.<\/p>\n\n\n\n<p>Verantwortlich f\u00fcr die technische Umsetzung:<br>Dipl.-Psych. J\u00fcrgen Junker<\/p>\n\n\n\n<p>Kontakt:<br><br>ABO-Workshop Rhein Main<br>Dipl.-Psych. J\u00fcrgen Junker<br>c\/o MTO-Consulting<br>Goethestr.27<br>D-63739 Aschaffenburg<\/p>\n\n\n\n<p>Telefon: +49 (0) 60 21 &#8211; 2 06 67<br>E-Mail:&nbsp;<a href=\"mailto:anfrage@abo-workshop.de\">anfrage@abo-workshop.de<\/a><\/p>\n","protected":false},"excerpt":{"rendered":"<p>ABO-Workshop Rhein Main ist ein nicht-kommerzieller Zusammenschluss von Diplom-Psychologen\/innen aus dem Rhein-Main-Gebiet ABO-Workshop Rhein MainDipl.-Psych. J\u00fcrgen Junkerc\/o MTO-ConsultingGoethestr.27D-63739 Aschaffenburg Telefon: +49 (0) 60 21 &#8211; 2 06 67E-Mail:&nbsp;anfrage@abo-workshop.de Verantwortlich im Sinne des Presserechts und gem\u00e4\u00df\u00a7\u00a7 6 TDG, 10 MDStV:Dipl.-Psych. J\u00fcrgen JunkerGoethestr.27D-63739 AschaffenburgTelefon: +49 (0) 60 21 &#8211; 2 06 67E-Mail:\u00a0anfrage@abo-workshop.de Diplom in Psychologie TH Darmstadt,&hellip;&nbsp;<a href=\"https:\/\/abo-workshop.de\/content\/impressum\/\" rel=\"bookmark\">Weiterlesen &raquo;<span class=\"screen-reader-text\">Impressum<\/span><\/a><\/p>\n","protected":false},"author":1,"featured_media":0,"parent":0,"menu_order":0,"comment_status":"closed","ping_status":"open","template":"","meta":{"neve_meta_sidebar":"","neve_meta_container":"","neve_meta_enable_content_width":"","neve_meta_content_width":0,"neve_meta_title_alignment":"","neve_meta_author_avatar":"","neve_post_elements_order":"","neve_meta_disable_header":"","neve_meta_disable_footer":"","neve_meta_disable_title":"","footnotes":""},"class_list":["post-2","page","type-page","status-publish","hentry"],"yoast_head":"<!-- This site is optimized with the Yoast SEO plugin v27.3 - https:\/\/yoast.com\/product\/yoast-seo-wordpress\/ -->\n<title>Impressum - ABO Workshop Wirtschaftspsychologie Seminare + Coaching<\/title>\n<meta name=\"robots\" content=\"index, follow, max-snippet:-1, max-image-preview:large, max-video-preview:-1\" \/>\n<link rel=\"canonical\" href=\"https:\/\/abo-workshop.de\/content\/impressum\/\" \/>\n<meta property=\"og:locale\" content=\"de_DE\" \/>\n<meta property=\"og:type\" content=\"article\" \/>\n<meta property=\"og:title\" content=\"Impressum - ABO Workshop Wirtschaftspsychologie Seminare + Coaching\" \/>\n<meta property=\"og:description\" content=\"ABO-Workshop Rhein Main ist ein nicht-kommerzieller Zusammenschluss von Diplom-Psychologen\/innen aus dem Rhein-Main-Gebiet ABO-Workshop Rhein MainDipl.-Psych. J\u00fcrgen Junkerc\/o MTO-ConsultingGoethestr.27D-63739 Aschaffenburg Telefon: +49 (0) 60 21 &#8211; 2 06 67E-Mail:&nbsp;anfrage@abo-workshop.de Verantwortlich im Sinne des Presserechts und gem\u00e4\u00df\u00a7\u00a7 6 TDG, 10 MDStV:Dipl.-Psych. J\u00fcrgen JunkerGoethestr.27D-63739 AschaffenburgTelefon: +49 (0) 60 21 &#8211; 2 06 67E-Mail:\u00a0anfrage@abo-workshop.de Diplom in Psychologie TH Darmstadt,&hellip;&nbsp;Weiterlesen &raquo;Impressum\" \/>\n<meta property=\"og:url\" content=\"https:\/\/abo-workshop.de\/content\/impressum\/\" \/>\n<meta property=\"og:site_name\" content=\"ABO Workshop Wirtschaftspsychologie Seminare + Coaching\" \/>\n<meta property=\"article:modified_time\" content=\"2025-01-14T14:17:11+00:00\" \/>\n<meta name=\"twitter:card\" content=\"summary_large_image\" \/>\n<meta name=\"twitter:label1\" content=\"Gesch\u00e4tzte Lesezeit\" \/>\n\t<meta name=\"twitter:data1\" content=\"1\u00a0Minute\" \/>\n<script type=\"application\/ld+json\" class=\"yoast-schema-graph\">{\"@context\":\"https:\\\/\\\/schema.org\",\"@graph\":[{\"@type\":\"WebPage\",\"@id\":\"https:\\\/\\\/abo-workshop.de\\\/content\\\/impressum\\\/\",\"url\":\"https:\\\/\\\/abo-workshop.de\\\/content\\\/impressum\\\/\",\"name\":\"Impressum - ABO Workshop Wirtschaftspsychologie Seminare + Coaching\",\"isPartOf\":{\"@id\":\"https:\\\/\\\/abo-workshop.de\\\/content\\\/#website\"},\"datePublished\":\"2020-12-22T14:57:34+00:00\",\"dateModified\":\"2025-01-14T14:17:11+00:00\",\"breadcrumb\":{\"@id\":\"https:\\\/\\\/abo-workshop.de\\\/content\\\/impressum\\\/#breadcrumb\"},\"inLanguage\":\"de\",\"potentialAction\":[{\"@type\":\"ReadAction\",\"target\":[\"https:\\\/\\\/abo-workshop.de\\\/content\\\/impressum\\\/\"]}]},{\"@type\":\"BreadcrumbList\",\"@id\":\"https:\\\/\\\/abo-workshop.de\\\/content\\\/impressum\\\/#breadcrumb\",\"itemListElement\":[{\"@type\":\"ListItem\",\"position\":1,\"name\":\"Startseite\",\"item\":\"https:\\\/\\\/abo-workshop.de\\\/content\\\/\"},{\"@type\":\"ListItem\",\"position\":2,\"name\":\"Impressum\"}]},{\"@type\":\"WebSite\",\"@id\":\"https:\\\/\\\/abo-workshop.de\\\/content\\\/#website\",\"url\":\"https:\\\/\\\/abo-workshop.de\\\/content\\\/\",\"name\":\"ABO Workshop Wirtschaftspsychologie Seminare + Coaching\",\"description\":\"ABO-Workshop kollegiale Treffen zur Wirtschaftspsychologie Frankfurt + Rhein-Main\",\"publisher\":{\"@id\":\"https:\\\/\\\/abo-workshop.de\\\/content\\\/#organization\"},\"potentialAction\":[{\"@type\":\"SearchAction\",\"target\":{\"@type\":\"EntryPoint\",\"urlTemplate\":\"https:\\\/\\\/abo-workshop.de\\\/content\\\/?s={search_term_string}\"},\"query-input\":{\"@type\":\"PropertyValueSpecification\",\"valueRequired\":true,\"valueName\":\"search_term_string\"}}],\"inLanguage\":\"de\"},{\"@type\":\"Organization\",\"@id\":\"https:\\\/\\\/abo-workshop.de\\\/content\\\/#organization\",\"name\":\"ABO Workshop Wirtschaftspsychologie Seminare + Coaching\",\"url\":\"https:\\\/\\\/abo-workshop.de\\\/content\\\/\",\"logo\":{\"@type\":\"ImageObject\",\"inLanguage\":\"de\",\"@id\":\"https:\\\/\\\/abo-workshop.de\\\/content\\\/#\\\/schema\\\/logo\\\/image\\\/\",\"url\":\"https:\\\/\\\/abo-workshop.de\\\/content\\\/wp-content\\\/uploads\\\/2020\\\/12\\\/cropped-Logo-ABO-Workshop-Rhein-Main-1.gif\",\"contentUrl\":\"https:\\\/\\\/abo-workshop.de\\\/content\\\/wp-content\\\/uploads\\\/2020\\\/12\\\/cropped-Logo-ABO-Workshop-Rhein-Main-1.gif\",\"width\":348,\"height\":326,\"caption\":\"ABO Workshop Wirtschaftspsychologie Seminare + Coaching\"},\"image\":{\"@id\":\"https:\\\/\\\/abo-workshop.de\\\/content\\\/#\\\/schema\\\/logo\\\/image\\\/\"}}]}<\/script>\n<!-- \/ Yoast SEO plugin. -->","yoast_head_json":{"title":"Impressum - ABO Workshop Wirtschaftspsychologie Seminare + Coaching","robots":{"index":"index","follow":"follow","max-snippet":"max-snippet:-1","max-image-preview":"max-image-preview:large","max-video-preview":"max-video-preview:-1"},"canonical":"https:\/\/abo-workshop.de\/content\/impressum\/","og_locale":"de_DE","og_type":"article","og_title":"Impressum - ABO Workshop Wirtschaftspsychologie Seminare + Coaching","og_description":"ABO-Workshop Rhein Main ist ein nicht-kommerzieller Zusammenschluss von Diplom-Psychologen\/innen aus dem Rhein-Main-Gebiet ABO-Workshop Rhein MainDipl.-Psych. J\u00fcrgen Junkerc\/o MTO-ConsultingGoethestr.27D-63739 Aschaffenburg Telefon: +49 (0) 60 21 &#8211; 2 06 67E-Mail:&nbsp;anfrage@abo-workshop.de Verantwortlich im Sinne des Presserechts und gem\u00e4\u00df\u00a7\u00a7 6 TDG, 10 MDStV:Dipl.-Psych. J\u00fcrgen JunkerGoethestr.27D-63739 AschaffenburgTelefon: +49 (0) 60 21 &#8211; 2 06 67E-Mail:\u00a0anfrage@abo-workshop.de Diplom in Psychologie TH Darmstadt,&hellip;&nbsp;Weiterlesen &raquo;Impressum","og_url":"https:\/\/abo-workshop.de\/content\/impressum\/","og_site_name":"ABO Workshop Wirtschaftspsychologie Seminare + Coaching","article_modified_time":"2025-01-14T14:17:11+00:00","twitter_card":"summary_large_image","twitter_misc":{"Gesch\u00e4tzte Lesezeit":"1\u00a0Minute"},"schema":{"@context":"https:\/\/schema.org","@graph":[{"@type":"WebPage","@id":"https:\/\/abo-workshop.de\/content\/impressum\/","url":"https:\/\/abo-workshop.de\/content\/impressum\/","name":"Impressum - ABO Workshop Wirtschaftspsychologie Seminare + Coaching","isPartOf":{"@id":"https:\/\/abo-workshop.de\/content\/#website"},"datePublished":"2020-12-22T14:57:34+00:00","dateModified":"2025-01-14T14:17:11+00:00","breadcrumb":{"@id":"https:\/\/abo-workshop.de\/content\/impressum\/#breadcrumb"},"inLanguage":"de","potentialAction":[{"@type":"ReadAction","target":["https:\/\/abo-workshop.de\/content\/impressum\/"]}]},{"@type":"BreadcrumbList","@id":"https:\/\/abo-workshop.de\/content\/impressum\/#breadcrumb","itemListElement":[{"@type":"ListItem","position":1,"name":"Startseite","item":"https:\/\/abo-workshop.de\/content\/"},{"@type":"ListItem","position":2,"name":"Impressum"}]},{"@type":"WebSite","@id":"https:\/\/abo-workshop.de\/content\/#website","url":"https:\/\/abo-workshop.de\/content\/","name":"ABO Workshop Wirtschaftspsychologie Seminare + Coaching","description":"ABO-Workshop kollegiale Treffen zur Wirtschaftspsychologie Frankfurt + Rhein-Main","publisher":{"@id":"https:\/\/abo-workshop.de\/content\/#organization"},"potentialAction":[{"@type":"SearchAction","target":{"@type":"EntryPoint","urlTemplate":"https:\/\/abo-workshop.de\/content\/?s={search_term_string}"},"query-input":{"@type":"PropertyValueSpecification","valueRequired":true,"valueName":"search_term_string"}}],"inLanguage":"de"},{"@type":"Organization","@id":"https:\/\/abo-workshop.de\/content\/#organization","name":"ABO Workshop Wirtschaftspsychologie Seminare + Coaching","url":"https:\/\/abo-workshop.de\/content\/","logo":{"@type":"ImageObject","inLanguage":"de","@id":"https:\/\/abo-workshop.de\/content\/#\/schema\/logo\/image\/","url":"https:\/\/abo-workshop.de\/content\/wp-content\/uploads\/2020\/12\/cropped-Logo-ABO-Workshop-Rhein-Main-1.gif","contentUrl":"https:\/\/abo-workshop.de\/content\/wp-content\/uploads\/2020\/12\/cropped-Logo-ABO-Workshop-Rhein-Main-1.gif","width":348,"height":326,"caption":"ABO Workshop Wirtschaftspsychologie Seminare + Coaching"},"image":{"@id":"https:\/\/abo-workshop.de\/content\/#\/schema\/logo\/image\/"}}]}},"_links":{"self":[{"href":"https:\/\/abo-workshop.de\/content\/wp-json\/wp\/v2\/pages\/2","targetHints":{"allow":["GET"]}}],"collection":[{"href":"https:\/\/abo-workshop.de\/content\/wp-json\/wp\/v2\/pages"}],"about":[{"href":"https:\/\/abo-workshop.de\/content\/wp-json\/wp\/v2\/types\/page"}],"author":[{"embeddable":true,"href":"https:\/\/abo-workshop.de\/content\/wp-json\/wp\/v2\/users\/1"}],"replies":[{"embeddable":true,"href":"https:\/\/abo-workshop.de\/content\/wp-json\/wp\/v2\/comments?post=2"}],"version-history":[{"count":4,"href":"https:\/\/abo-workshop.de\/content\/wp-json\/wp\/v2\/pages\/2\/revisions"}],"predecessor-version":[{"id":302,"href":"https:\/\/abo-workshop.de\/content\/wp-json\/wp\/v2\/pages\/2\/revisions\/302"}],"wp:attachment":[{"href":"https:\/\/abo-workshop.de\/content\/wp-json\/wp\/v2\/media?parent=2"}],"curies":[{"name":"wp","href":"https:\/\/api.w.org\/{rel}","templated":true}]}}