{"id":211,"date":"2021-01-05T12:34:55","date_gmt":"2021-01-05T11:34:55","guid":{"rendered":"https:\/\/abo-workshop.de\/content\/?page_id=211"},"modified":"2021-01-05T12:36:37","modified_gmt":"2021-01-05T11:36:37","slug":"self-support","status":"publish","type":"page","link":"https:\/\/abo-workshop.de\/content\/self-support\/","title":{"rendered":"Self Support"},"content":{"rendered":"\n<p><strong>Self Support sich selbst im Job unterst\u00fctzen. <em>Gestalttherapie anwenden im Kontext aktueller Entwicklungen am Arbeitsmarkt<\/em><\/strong>. ABO-Workshop am <strong>Sa 20.10.2018 von 14.00-18.00 Uhr<\/strong> Moderation Bettina Hirth Ort: Office Psyconomy, Kaiserstrasse 39, Frankfurt<\/p>\n\n\n\n<figure class=\"wp-block-image\"><img decoding=\"async\" src=\"https:\/\/abo-workshop.de\/Bilder\/01-selfsupport.gif\" alt=\"Self Support, Selbstcoaching und Selbstunterst\u00fctzung ABO-Workshop Rhein-Main\"\/><\/figure>\n\n\n\n<h2 class=\"wp-block-heading\">Self Support<\/h2>\n\n\n\n<p>Gestalttherapie und die Entwicklung von Self-Support im Kontext aktueller Entwicklungen am Arbeitsmarkt (&#8222;agil&#8220; &#8230;.kann ja keiner mehr h\u00f6ren&#8230;)<\/p>\n\n\n\n<ul class=\"wp-block-list\"><li>Fast jede Organisation sagt, sie stelle den Mensch in den Mittelpunkt, Mitarbeiter sind das wichtigste Asset, etc.<\/li><li>Gleichzeitig f\u00fchlen sich in den Zeiten von Digitalisierung und der VUCA-World immer mehr Menschen entfremdet und suchen sich eine ganze Reihe an M\u00f6glichkeiten, um sich zu entlasten, wieder zu sp\u00fcren und zu &#8222;Selbstoptimieren&#8220; (Yoga, Wellness, Ern\u00e4hrungswahn uvm.)<\/li><li>Die meisten Menschen denken hierbei in entweder-oder-Kategorien<\/li><\/ul>\n\n\n\n<h2 class=\"wp-block-heading\">Self Support<\/h2>\n\n\n\n<p>Ich m\u00f6chte im Workshop dazu passende\u00a0<strong>Kernprinzipien der Gestalttherapie<\/strong>\u00a0vorstellen und diskutieren.<\/p>\n\n\n\n<ul class=\"wp-block-list\"><li>Ma\u00dfnahmen und Ans\u00e4tze, die den&nbsp;<strong>Self-Support st\u00e4rken<\/strong><\/li><li>hierzu ein paar kleine<strong>&nbsp;\u00dcbungen machen<\/strong><\/li><li>und diese mit den Kollegen\/innen diskutieren plus wie und wo diese in Organisationen angewendet werden k\u00f6nnten (und sollten?)<\/li><\/ul>\n\n\n\n<p>Passt das so? Wenn Du hier die Rolle des &#8222;Devils Advocate&#8220; annehmen willst, damit wir uns nicht ins Gutmenschtum verstricken, sehr gerne. Was denkst Du?<br>Herzliche Gr\u00fc\u00dfe Bettina<\/p>\n\n\n\n<h2 class=\"wp-block-heading\">Selbstcoaching<\/h2>\n\n\n\n<p><strong><a href=\"https:\/\/www.mto-consulting.de\/Selbstcoaching.htm\">Selbstcoaching<\/a><\/strong>\u00a0wird zunehmend wichtiger. Durch vermehrtes Arbeiten im Homeoffice oder Remote Work \u00fcber verschiedene L\u00e4nder hinweg bleibt die Frage der Unterst\u00fctzung oft beim einzelnen Mitarbeiter oder der  einzelnen Mitarbeiterin. <\/p>\n\n\n\n<p>Wenn mich kein anderer unterst\u00fctzt, dann sollte ich mich zumindest selbst unterst\u00fctzen und selbst coachen. H\u00e4ngen doch meine eigene Leistung, mein Wohlbefinden, mein Stress Level und meine Arbeitsergebnisse massiv davon ab, wie ich mit mir selbst umgehe. <\/p>\n\n\n\n<h2 class=\"wp-block-heading\">Self Support<\/h2>\n\n\n\n<p>Selbstunterst\u00fctzung erm\u00f6glicht nachhaltige Arbeitsergebnisse und st\u00e4rkt das Engagement und die pers\u00f6nliche Weiterentwicklung. Im <a href=\"https:\/\/www.mto-consulting.de\/Coaching.htm\">Coaching<\/a> werden wichtige Facetten der Selbstunterst\u00fctzung ausgebaut und entwickelt. Der wertsch\u00e4tzende Umgang mit sich selbst stabilisiert und f\u00f6rdert die pers\u00f6nliche Weiterentwicklung und Performance.<\/p>\n\n\n\n<p>Die zunehmende Popularit\u00e4t von Ans\u00e4tzen der <a href=\"https:\/\/abo-workshop.de\/content\/selbstfuehrung\/\">Selbstf\u00fchrung und des Self Leadership<\/a> werden die Notwendigkeit weiterer Selbstunterst\u00fctzung und selbstbezogener Ma\u00dfnahmen noch einmal verst\u00e4rken.<\/p>\n","protected":false},"excerpt":{"rendered":"<p>Self Support sich selbst im Job unterst\u00fctzen. Gestalttherapie anwenden im Kontext aktueller Entwicklungen am Arbeitsmarkt. ABO-Workshop am Sa 20.10.2018 von 14.00-18.00 Uhr Moderation Bettina Hirth Ort: Office Psyconomy, Kaiserstrasse 39, Frankfurt Self Support Gestalttherapie und die Entwicklung von Self-Support im Kontext aktueller Entwicklungen am Arbeitsmarkt (&#8222;agil&#8220; &#8230;.kann ja keiner mehr h\u00f6ren&#8230;) Fast jede Organisation sagt,&hellip;&nbsp;<a href=\"https:\/\/abo-workshop.de\/content\/self-support\/\" rel=\"bookmark\">Weiterlesen &raquo;<span class=\"screen-reader-text\">Self Support<\/span><\/a><\/p>\n","protected":false},"author":1,"featured_media":0,"parent":0,"menu_order":0,"comment_status":"closed","ping_status":"closed","template":"","meta":{"neve_meta_sidebar":"","neve_meta_container":"","neve_meta_enable_content_width":"","neve_meta_content_width":0,"neve_meta_title_alignment":"","neve_meta_author_avatar":"","neve_post_elements_order":"","neve_meta_disable_header":"","neve_meta_disable_footer":"","neve_meta_disable_title":"","footnotes":""},"class_list":["post-211","page","type-page","status-publish","hentry"],"yoast_head":"<!-- This site is optimized with the Yoast SEO plugin v27.3 - https:\/\/yoast.com\/product\/yoast-seo-wordpress\/ -->\n<title>Self Support - ABO Workshop Wirtschaftspsychologie Seminare + Coaching<\/title>\n<meta name=\"description\" content=\"Self Support sich selbst im Job unterst\u00fctzen \ud83d\udd34 Gestalttherapie anwenden die Psychologie f\u00fcr Selbstcoaching, Selbstf\u00fchrung und \ud83d\udd34 Self Support\" \/>\n<meta name=\"robots\" content=\"index, follow, max-snippet:-1, max-image-preview:large, max-video-preview:-1\" \/>\n<link rel=\"canonical\" href=\"https:\/\/abo-workshop.de\/content\/self-support\/\" \/>\n<meta property=\"og:locale\" content=\"de_DE\" \/>\n<meta property=\"og:type\" content=\"article\" \/>\n<meta property=\"og:title\" content=\"Self Support - ABO Workshop Wirtschaftspsychologie Seminare + Coaching\" \/>\n<meta property=\"og:description\" content=\"Self Support sich selbst im Job unterst\u00fctzen \ud83d\udd34 Gestalttherapie anwenden die Psychologie f\u00fcr Selbstcoaching, Selbstf\u00fchrung und \ud83d\udd34 Self Support\" \/>\n<meta property=\"og:url\" content=\"https:\/\/abo-workshop.de\/content\/self-support\/\" \/>\n<meta property=\"og:site_name\" content=\"ABO Workshop Wirtschaftspsychologie Seminare + Coaching\" \/>\n<meta property=\"article:modified_time\" content=\"2021-01-05T11:36:37+00:00\" \/>\n<meta property=\"og:image\" content=\"https:\/\/abo-workshop.de\/Bilder\/01-selfsupport.gif\" \/>\n<meta name=\"twitter:card\" content=\"summary_large_image\" \/>\n<meta name=\"twitter:label1\" content=\"Gesch\u00e4tzte Lesezeit\" \/>\n\t<meta name=\"twitter:data1\" content=\"2\u00a0Minuten\" \/>\n<script type=\"application\/ld+json\" class=\"yoast-schema-graph\">{\"@context\":\"https:\\\/\\\/schema.org\",\"@graph\":[{\"@type\":\"WebPage\",\"@id\":\"https:\\\/\\\/abo-workshop.de\\\/content\\\/self-support\\\/\",\"url\":\"https:\\\/\\\/abo-workshop.de\\\/content\\\/self-support\\\/\",\"name\":\"Self Support - ABO Workshop Wirtschaftspsychologie Seminare + Coaching\",\"isPartOf\":{\"@id\":\"https:\\\/\\\/abo-workshop.de\\\/content\\\/#website\"},\"primaryImageOfPage\":{\"@id\":\"https:\\\/\\\/abo-workshop.de\\\/content\\\/self-support\\\/#primaryimage\"},\"image\":{\"@id\":\"https:\\\/\\\/abo-workshop.de\\\/content\\\/self-support\\\/#primaryimage\"},\"thumbnailUrl\":\"https:\\\/\\\/abo-workshop.de\\\/Bilder\\\/01-selfsupport.gif\",\"datePublished\":\"2021-01-05T11:34:55+00:00\",\"dateModified\":\"2021-01-05T11:36:37+00:00\",\"description\":\"Self Support sich selbst im Job unterst\u00fctzen \ud83d\udd34 Gestalttherapie anwenden die Psychologie f\u00fcr Selbstcoaching, Selbstf\u00fchrung und \ud83d\udd34 Self Support\",\"breadcrumb\":{\"@id\":\"https:\\\/\\\/abo-workshop.de\\\/content\\\/self-support\\\/#breadcrumb\"},\"inLanguage\":\"de\",\"potentialAction\":[{\"@type\":\"ReadAction\",\"target\":[\"https:\\\/\\\/abo-workshop.de\\\/content\\\/self-support\\\/\"]}]},{\"@type\":\"ImageObject\",\"inLanguage\":\"de\",\"@id\":\"https:\\\/\\\/abo-workshop.de\\\/content\\\/self-support\\\/#primaryimage\",\"url\":\"https:\\\/\\\/abo-workshop.de\\\/Bilder\\\/01-selfsupport.gif\",\"contentUrl\":\"https:\\\/\\\/abo-workshop.de\\\/Bilder\\\/01-selfsupport.gif\"},{\"@type\":\"BreadcrumbList\",\"@id\":\"https:\\\/\\\/abo-workshop.de\\\/content\\\/self-support\\\/#breadcrumb\",\"itemListElement\":[{\"@type\":\"ListItem\",\"position\":1,\"name\":\"Startseite\",\"item\":\"https:\\\/\\\/abo-workshop.de\\\/content\\\/\"},{\"@type\":\"ListItem\",\"position\":2,\"name\":\"Self Support\"}]},{\"@type\":\"WebSite\",\"@id\":\"https:\\\/\\\/abo-workshop.de\\\/content\\\/#website\",\"url\":\"https:\\\/\\\/abo-workshop.de\\\/content\\\/\",\"name\":\"ABO Workshop Wirtschaftspsychologie Seminare + Coaching\",\"description\":\"ABO-Workshop kollegiale Treffen zur Wirtschaftspsychologie Frankfurt + Rhein-Main\",\"publisher\":{\"@id\":\"https:\\\/\\\/abo-workshop.de\\\/content\\\/#organization\"},\"potentialAction\":[{\"@type\":\"SearchAction\",\"target\":{\"@type\":\"EntryPoint\",\"urlTemplate\":\"https:\\\/\\\/abo-workshop.de\\\/content\\\/?s={search_term_string}\"},\"query-input\":{\"@type\":\"PropertyValueSpecification\",\"valueRequired\":true,\"valueName\":\"search_term_string\"}}],\"inLanguage\":\"de\"},{\"@type\":\"Organization\",\"@id\":\"https:\\\/\\\/abo-workshop.de\\\/content\\\/#organization\",\"name\":\"ABO Workshop Wirtschaftspsychologie Seminare + Coaching\",\"url\":\"https:\\\/\\\/abo-workshop.de\\\/content\\\/\",\"logo\":{\"@type\":\"ImageObject\",\"inLanguage\":\"de\",\"@id\":\"https:\\\/\\\/abo-workshop.de\\\/content\\\/#\\\/schema\\\/logo\\\/image\\\/\",\"url\":\"https:\\\/\\\/abo-workshop.de\\\/content\\\/wp-content\\\/uploads\\\/2020\\\/12\\\/cropped-Logo-ABO-Workshop-Rhein-Main-1.gif\",\"contentUrl\":\"https:\\\/\\\/abo-workshop.de\\\/content\\\/wp-content\\\/uploads\\\/2020\\\/12\\\/cropped-Logo-ABO-Workshop-Rhein-Main-1.gif\",\"width\":348,\"height\":326,\"caption\":\"ABO Workshop Wirtschaftspsychologie Seminare + Coaching\"},\"image\":{\"@id\":\"https:\\\/\\\/abo-workshop.de\\\/content\\\/#\\\/schema\\\/logo\\\/image\\\/\"}}]}<\/script>\n<!-- \/ Yoast SEO plugin. -->","yoast_head_json":{"title":"Self Support - ABO Workshop Wirtschaftspsychologie Seminare + Coaching","description":"Self Support sich selbst im Job unterst\u00fctzen \ud83d\udd34 Gestalttherapie anwenden die Psychologie f\u00fcr Selbstcoaching, Selbstf\u00fchrung und \ud83d\udd34 Self Support","robots":{"index":"index","follow":"follow","max-snippet":"max-snippet:-1","max-image-preview":"max-image-preview:large","max-video-preview":"max-video-preview:-1"},"canonical":"https:\/\/abo-workshop.de\/content\/self-support\/","og_locale":"de_DE","og_type":"article","og_title":"Self Support - ABO Workshop Wirtschaftspsychologie Seminare + Coaching","og_description":"Self Support sich selbst im Job unterst\u00fctzen \ud83d\udd34 Gestalttherapie anwenden die Psychologie f\u00fcr Selbstcoaching, Selbstf\u00fchrung und \ud83d\udd34 Self Support","og_url":"https:\/\/abo-workshop.de\/content\/self-support\/","og_site_name":"ABO Workshop Wirtschaftspsychologie Seminare + Coaching","article_modified_time":"2021-01-05T11:36:37+00:00","og_image":[{"url":"https:\/\/abo-workshop.de\/Bilder\/01-selfsupport.gif","type":"","width":"","height":""}],"twitter_card":"summary_large_image","twitter_misc":{"Gesch\u00e4tzte Lesezeit":"2\u00a0Minuten"},"schema":{"@context":"https:\/\/schema.org","@graph":[{"@type":"WebPage","@id":"https:\/\/abo-workshop.de\/content\/self-support\/","url":"https:\/\/abo-workshop.de\/content\/self-support\/","name":"Self Support - ABO Workshop Wirtschaftspsychologie Seminare + Coaching","isPartOf":{"@id":"https:\/\/abo-workshop.de\/content\/#website"},"primaryImageOfPage":{"@id":"https:\/\/abo-workshop.de\/content\/self-support\/#primaryimage"},"image":{"@id":"https:\/\/abo-workshop.de\/content\/self-support\/#primaryimage"},"thumbnailUrl":"https:\/\/abo-workshop.de\/Bilder\/01-selfsupport.gif","datePublished":"2021-01-05T11:34:55+00:00","dateModified":"2021-01-05T11:36:37+00:00","description":"Self Support sich selbst im Job unterst\u00fctzen \ud83d\udd34 Gestalttherapie anwenden die Psychologie f\u00fcr Selbstcoaching, Selbstf\u00fchrung und \ud83d\udd34 Self Support","breadcrumb":{"@id":"https:\/\/abo-workshop.de\/content\/self-support\/#breadcrumb"},"inLanguage":"de","potentialAction":[{"@type":"ReadAction","target":["https:\/\/abo-workshop.de\/content\/self-support\/"]}]},{"@type":"ImageObject","inLanguage":"de","@id":"https:\/\/abo-workshop.de\/content\/self-support\/#primaryimage","url":"https:\/\/abo-workshop.de\/Bilder\/01-selfsupport.gif","contentUrl":"https:\/\/abo-workshop.de\/Bilder\/01-selfsupport.gif"},{"@type":"BreadcrumbList","@id":"https:\/\/abo-workshop.de\/content\/self-support\/#breadcrumb","itemListElement":[{"@type":"ListItem","position":1,"name":"Startseite","item":"https:\/\/abo-workshop.de\/content\/"},{"@type":"ListItem","position":2,"name":"Self Support"}]},{"@type":"WebSite","@id":"https:\/\/abo-workshop.de\/content\/#website","url":"https:\/\/abo-workshop.de\/content\/","name":"ABO Workshop Wirtschaftspsychologie Seminare + Coaching","description":"ABO-Workshop kollegiale Treffen zur Wirtschaftspsychologie Frankfurt + Rhein-Main","publisher":{"@id":"https:\/\/abo-workshop.de\/content\/#organization"},"potentialAction":[{"@type":"SearchAction","target":{"@type":"EntryPoint","urlTemplate":"https:\/\/abo-workshop.de\/content\/?s={search_term_string}"},"query-input":{"@type":"PropertyValueSpecification","valueRequired":true,"valueName":"search_term_string"}}],"inLanguage":"de"},{"@type":"Organization","@id":"https:\/\/abo-workshop.de\/content\/#organization","name":"ABO Workshop Wirtschaftspsychologie Seminare + Coaching","url":"https:\/\/abo-workshop.de\/content\/","logo":{"@type":"ImageObject","inLanguage":"de","@id":"https:\/\/abo-workshop.de\/content\/#\/schema\/logo\/image\/","url":"https:\/\/abo-workshop.de\/content\/wp-content\/uploads\/2020\/12\/cropped-Logo-ABO-Workshop-Rhein-Main-1.gif","contentUrl":"https:\/\/abo-workshop.de\/content\/wp-content\/uploads\/2020\/12\/cropped-Logo-ABO-Workshop-Rhein-Main-1.gif","width":348,"height":326,"caption":"ABO Workshop Wirtschaftspsychologie Seminare + Coaching"},"image":{"@id":"https:\/\/abo-workshop.de\/content\/#\/schema\/logo\/image\/"}}]}},"_links":{"self":[{"href":"https:\/\/abo-workshop.de\/content\/wp-json\/wp\/v2\/pages\/211","targetHints":{"allow":["GET"]}}],"collection":[{"href":"https:\/\/abo-workshop.de\/content\/wp-json\/wp\/v2\/pages"}],"about":[{"href":"https:\/\/abo-workshop.de\/content\/wp-json\/wp\/v2\/types\/page"}],"author":[{"embeddable":true,"href":"https:\/\/abo-workshop.de\/content\/wp-json\/wp\/v2\/users\/1"}],"replies":[{"embeddable":true,"href":"https:\/\/abo-workshop.de\/content\/wp-json\/wp\/v2\/comments?post=211"}],"version-history":[{"count":1,"href":"https:\/\/abo-workshop.de\/content\/wp-json\/wp\/v2\/pages\/211\/revisions"}],"predecessor-version":[{"id":212,"href":"https:\/\/abo-workshop.de\/content\/wp-json\/wp\/v2\/pages\/211\/revisions\/212"}],"wp:attachment":[{"href":"https:\/\/abo-workshop.de\/content\/wp-json\/wp\/v2\/media?parent=211"}],"curies":[{"name":"wp","href":"https:\/\/api.w.org\/{rel}","templated":true}]}}