{"id":214,"date":"2021-01-05T12:51:37","date_gmt":"2021-01-05T11:51:37","guid":{"rendered":"https:\/\/abo-workshop.de\/content\/?page_id=214"},"modified":"2021-01-05T13:32:43","modified_gmt":"2021-01-05T12:32:43","slug":"besser-texten","status":"publish","type":"page","link":"https:\/\/abo-workshop.de\/content\/besser-texten\/","title":{"rendered":"besser Texten"},"content":{"rendered":"\n<p><strong>Workshop besser Texten<\/strong> &#8211; <strong><strong>Supertext Textworkshop: besser einfach &#8211; einfach besser <\/strong><\/strong>ABO-Workshop am <strong>Sa 15.09.2018 von 14.00-18.00 Uhr<\/strong> Moderation J\u00fcrgen Junker (<a href=\"https:\/\/www.mto-consulting.de\/\" target=\"_blank\" rel=\"noreferrer noopener\">www.mto-consulting.de<\/a>) Ort: mto-consulting, Herstallstr.33, D-63739 Aschaffenburg<\/p>\n\n\n\n<figure class=\"wp-block-image\"><img decoding=\"async\" src=\"https:\/\/abo-workshop.de\/Bilder\/01-supertext-textworkshop.gif\" alt=\"Supertext Textworkshop besser einfach - einfach besser texten und Textwerkzeuge\"\/><\/figure>\n\n\n\n<p><strong>Heimspiel f\u00fcr mich!<\/strong>\u00a0Und f\u00fcr Euch? Ein\u00a0<strong>guter Mix aus B.chstabensuppe<\/strong>, Texten, \u00dcbungen, spannungsgeladenen Kurzinputs und Inspirationen rund um\u00a0<strong>Worte die einfach besser sind<\/strong>\u00a0&#8211; ONLINE und OFFLINE&#8230;. \ud83d\ude09<\/p>\n\n\n\n<p>Oder wie Nitzsche dazu meint: \u201eEs ist noch nicht genug, eine Sache zu beweisen. Man muss die Menschen zu ihr auch noch verf\u00fchren.\u201c<\/p>\n\n\n\n<hr class=\"wp-block-separator\"\/>\n\n\n\n<p>Ihr arbeitet direkt an eigenen Materialien oder an Texten f\u00fcr den ABO-Workshop (das kommende Programm ruft einfach nach spannenden Texten!) Dabei testen wir spannende Tools und kreative Techniken, die Euch helfen spielerisch und dabei auch gut strukturiert, Texte zu entwickeln.<\/p>\n\n\n\n<p><strong>Headlines &#8211; Slogans &#8211; Antexter<\/strong><\/p>\n\n\n\n<ul class=\"wp-block-list\"><li>Worte f\u00fcr die gro\u00dfe B\u00fchne<\/li><li>neue Impulse f\u00fcr das kleine Theater<\/li><li>Auftritt, Inszenierung und Paukenschlag f\u00fcr Argumente und Nutzen<\/li><li>stille T\u00f6ne f\u00fcr die sensiblen Mitspieler<\/li><li>und jede Menge Textideen f\u00fcr Euch<\/li><\/ul>\n\n\n\n<h2 class=\"wp-block-heading\">besser Texten einfach besser?<\/h2>\n\n\n\n<figure class=\"wp-block-table\"><table><tbody><tr><td><strong>Einfachheit<\/strong><br><\/td><\/tr><tr><td><strong>Gliederung, Ordnung<\/strong><\/td><\/tr><tr><td><strong>K\u00fcrze, Pr\u00e4gnanz<\/strong><\/td><\/tr><tr><td><strong>Zus\u00e4tzliche Stimulanz<\/strong><\/td><\/tr><\/tbody><\/table><figcaption>Einflussfaktoren auf das Textverstehen<\/figcaption><\/figure>\n\n\n\n<p>Sprachliche <strong>Einfachheit<\/strong> ist am <strong>zentralsten<\/strong>, gefolgt von Gliederung\/Ordnung, K\u00fcrze\/Pr\u00e4gnanz und zus\u00e4tzlicher Stimulanz.<\/p>\n\n\n\n<h2 class=\"wp-block-heading\">Besser Einfach Texten!<\/h2>\n\n\n\n<ul class=\"wp-block-list\"><li>Einfache Darstellung<\/li><li>Kurze einfache S\u00e4tze<\/li><li>Gel\u00e4ufige W\u00f6rter<\/li><li>Fachw\u00f6rter erkl\u00e4rt<\/li><li>Konkret<\/li><li>anschaulich<\/li><\/ul>\n\n\n\n<ul class=\"wp-block-list\"><li>kurze Satzteile<\/li><li>aktive Verben<\/li><li>aktiv-positive Formulierungen<\/li><li>keine Nominalisierungen<\/li><li>pers\u00f6nliche W\u00f6rter<\/li><li>keine Satzverschachtelungen<\/li><\/ul>\n\n\n\n<ul class=\"wp-block-list\"><li>Verwendung von Vorstrukturierungen<\/li><li>Hervorhebungen<\/li><li>Zusammenfassungen<\/li><li>Beispiele<\/li><li>Unterschiede und \u00c4hnlichkeiten<\/li><\/ul>\n\n\n\n<h2 class=\"wp-block-heading\">Stimulanz + Spannung<\/h2>\n\n\n\n<p>So?<\/p>\n\n\n\n<ul class=\"wp-block-list\"><li>Wir haben Fl\u00fcsse \u00fcberquert, Br\u00fccken gebaut, <strong>Gemeinsamkeit gestiftet<\/strong>, \u2026.<\/li><li>Wildschweine gebraten, gelacht, gek\u00e4mpft, uns selbst \u00fcberwunden, <strong>gesagt was Sache ist<\/strong>, zusammengerauft und <strong>gute Arbeit geleistet<\/strong><\/li><li><strong>Visionen entwickelt<\/strong>, Ziele verfolgt, <strong>Erfolge gefeiert<\/strong> &#8230;<\/li><\/ul>\n\n\n\n<p>Oder so?<br>Wir haben uns geschnitten, beneidet, blockiert, Informationen vorenthalten, Konflikte provoziert, niedergemacht, ignoriert, ge\u00e4rgert und demotiviert &#8230;<\/p>\n\n\n\n<p>Beispiel Wortfeld Theater:<\/p>\n\n\n\n<p><strong>\u00dcberall werden Theater geschlossen &#8211; Wir schaffen eine neue Spielst\u00e4tte<\/strong><\/p>\n\n\n\n<p>Auf dem Spielplan: spannende Inszenierungen &#8211; Teamentwicklung, die eingefahrene Rollen + Prozesse in Bewegung bringt &#8211; St\u00fccke f\u00fcr Deb\u00fctanten\/innen und alte Hasen &#8211; Proben f\u00fcr ein besseres Zusammenspiel<\/p>\n\n\n\n<hr class=\"wp-block-separator\"\/>\n\n\n\n<p>Ich freue mich auf Euch und auf spannende Texte&#8230;<br>viele Gr\u00fc\u00dfe J\u00fcrgen<\/p>\n\n\n\n<p><strong>Im sicheren Hafen liegen oder mit innerer Sicherheit auf den Wellen reiten?<\/strong> &#8230;. mehr lesen zum Thema <a href=\"https:\/\/abo-workshop.de\/content\/resilienz\/\">Resilienz und Resilienzentwicklung<\/a><\/p>\n\n\n\n<p><strong>Selbstf\u00fchrung und self-leadership der Anfang oder das Ende der F\u00fchrung?<\/strong>\u00a0<strong>WER SICH SELBST F\u00dcHRT BRAUCHT KEINE F\u00dcHRUNG<\/strong> &#8230;. mehr lesen zu <a href=\"https:\/\/abo-workshop.de\/content\/selbstfuehrung\/\">Selbstf\u00fchrung und self-leadership<\/a><\/p>\n\n\n\n<p><strong>An was denken Sie als HR-Specialist beim Stichwort Coaching?<\/strong>\u00a0An schwierige Situationen mit Mitarbeitern? An Druck von Seiten der Gesch\u00e4ftsleitung? An Aufgaben, die eine Herausforderung sind? An Werkzeuge, die helfen Alltagsgesch\u00e4ft und Zusatzaufgaben unter einen Hut zu bekommen? &#8230; mehr lesen zum Thema <a href=\"https:\/\/www.mto-consulting.de\/Coaching-HR-specialist.htm\">Coaching HR-Specialist <\/a><\/p>\n","protected":false},"excerpt":{"rendered":"<p>Workshop besser Texten &#8211; Supertext Textworkshop: besser einfach &#8211; einfach besser ABO-Workshop am Sa 15.09.2018 von 14.00-18.00 Uhr Moderation J\u00fcrgen Junker (www.mto-consulting.de) Ort: mto-consulting, Herstallstr.33, D-63739 Aschaffenburg Heimspiel f\u00fcr mich!\u00a0Und f\u00fcr Euch? Ein\u00a0guter Mix aus B.chstabensuppe, Texten, \u00dcbungen, spannungsgeladenen Kurzinputs und Inspirationen rund um\u00a0Worte die einfach besser sind\u00a0&#8211; ONLINE und OFFLINE&#8230;. \ud83d\ude09 Oder wie Nitzsche&hellip;&nbsp;<a href=\"https:\/\/abo-workshop.de\/content\/besser-texten\/\" rel=\"bookmark\">Weiterlesen &raquo;<span class=\"screen-reader-text\">besser Texten<\/span><\/a><\/p>\n","protected":false},"author":1,"featured_media":0,"parent":0,"menu_order":0,"comment_status":"closed","ping_status":"closed","template":"","meta":{"neve_meta_sidebar":"","neve_meta_container":"","neve_meta_enable_content_width":"","neve_meta_content_width":0,"neve_meta_title_alignment":"","neve_meta_author_avatar":"","neve_post_elements_order":"","neve_meta_disable_header":"","neve_meta_disable_footer":"","neve_meta_disable_title":"","footnotes":""},"class_list":["post-214","page","type-page","status-publish","hentry"],"yoast_head":"<!-- This site is optimized with the Yoast SEO plugin v27.4 - https:\/\/yoast.com\/product\/yoast-seo-wordpress\/ -->\n<title>besser Texten - ABO Workshop Wirtschaftspsychologie Seminare + Coaching<\/title>\n<meta name=\"description\" content=\"Supertext Textworkshop: besser einfach - einfach besser \ud83d\udd34 Texten und Textideen f\u00fcr einfach bessere Texte Coaching und Textwerkzeuge\" \/>\n<meta name=\"robots\" content=\"index, follow, max-snippet:-1, max-image-preview:large, max-video-preview:-1\" \/>\n<link rel=\"canonical\" href=\"https:\/\/abo-workshop.de\/content\/besser-texten\/\" \/>\n<meta property=\"og:locale\" content=\"de_DE\" \/>\n<meta property=\"og:type\" content=\"article\" \/>\n<meta property=\"og:title\" content=\"besser Texten - ABO Workshop Wirtschaftspsychologie Seminare + Coaching\" \/>\n<meta property=\"og:description\" content=\"Supertext Textworkshop: besser einfach - einfach besser \ud83d\udd34 Texten und Textideen f\u00fcr einfach bessere Texte Coaching und Textwerkzeuge\" \/>\n<meta property=\"og:url\" content=\"https:\/\/abo-workshop.de\/content\/besser-texten\/\" \/>\n<meta property=\"og:site_name\" content=\"ABO Workshop Wirtschaftspsychologie Seminare + Coaching\" \/>\n<meta property=\"article:modified_time\" content=\"2021-01-05T12:32:43+00:00\" \/>\n<meta property=\"og:image\" content=\"https:\/\/abo-workshop.de\/Bilder\/01-supertext-textworkshop.gif\" \/>\n<meta name=\"twitter:card\" content=\"summary_large_image\" \/>\n<meta name=\"twitter:label1\" content=\"Gesch\u00e4tzte Lesezeit\" \/>\n\t<meta name=\"twitter:data1\" content=\"2\u00a0Minuten\" \/>\n<script type=\"application\/ld+json\" class=\"yoast-schema-graph\">{\"@context\":\"https:\\\/\\\/schema.org\",\"@graph\":[{\"@type\":\"WebPage\",\"@id\":\"https:\\\/\\\/abo-workshop.de\\\/content\\\/besser-texten\\\/\",\"url\":\"https:\\\/\\\/abo-workshop.de\\\/content\\\/besser-texten\\\/\",\"name\":\"besser Texten - ABO Workshop Wirtschaftspsychologie Seminare + Coaching\",\"isPartOf\":{\"@id\":\"https:\\\/\\\/abo-workshop.de\\\/content\\\/#website\"},\"primaryImageOfPage\":{\"@id\":\"https:\\\/\\\/abo-workshop.de\\\/content\\\/besser-texten\\\/#primaryimage\"},\"image\":{\"@id\":\"https:\\\/\\\/abo-workshop.de\\\/content\\\/besser-texten\\\/#primaryimage\"},\"thumbnailUrl\":\"https:\\\/\\\/abo-workshop.de\\\/Bilder\\\/01-supertext-textworkshop.gif\",\"datePublished\":\"2021-01-05T11:51:37+00:00\",\"dateModified\":\"2021-01-05T12:32:43+00:00\",\"description\":\"Supertext Textworkshop: besser einfach - einfach besser \ud83d\udd34 Texten und Textideen f\u00fcr einfach bessere Texte Coaching und Textwerkzeuge\",\"breadcrumb\":{\"@id\":\"https:\\\/\\\/abo-workshop.de\\\/content\\\/besser-texten\\\/#breadcrumb\"},\"inLanguage\":\"de\",\"potentialAction\":[{\"@type\":\"ReadAction\",\"target\":[\"https:\\\/\\\/abo-workshop.de\\\/content\\\/besser-texten\\\/\"]}]},{\"@type\":\"ImageObject\",\"inLanguage\":\"de\",\"@id\":\"https:\\\/\\\/abo-workshop.de\\\/content\\\/besser-texten\\\/#primaryimage\",\"url\":\"https:\\\/\\\/abo-workshop.de\\\/Bilder\\\/01-supertext-textworkshop.gif\",\"contentUrl\":\"https:\\\/\\\/abo-workshop.de\\\/Bilder\\\/01-supertext-textworkshop.gif\"},{\"@type\":\"BreadcrumbList\",\"@id\":\"https:\\\/\\\/abo-workshop.de\\\/content\\\/besser-texten\\\/#breadcrumb\",\"itemListElement\":[{\"@type\":\"ListItem\",\"position\":1,\"name\":\"Startseite\",\"item\":\"https:\\\/\\\/abo-workshop.de\\\/content\\\/\"},{\"@type\":\"ListItem\",\"position\":2,\"name\":\"besser Texten\"}]},{\"@type\":\"WebSite\",\"@id\":\"https:\\\/\\\/abo-workshop.de\\\/content\\\/#website\",\"url\":\"https:\\\/\\\/abo-workshop.de\\\/content\\\/\",\"name\":\"ABO Workshop Wirtschaftspsychologie Seminare + Coaching\",\"description\":\"ABO-Workshop kollegiale Treffen zur Wirtschaftspsychologie Frankfurt + Rhein-Main\",\"publisher\":{\"@id\":\"https:\\\/\\\/abo-workshop.de\\\/content\\\/#organization\"},\"potentialAction\":[{\"@type\":\"SearchAction\",\"target\":{\"@type\":\"EntryPoint\",\"urlTemplate\":\"https:\\\/\\\/abo-workshop.de\\\/content\\\/?s={search_term_string}\"},\"query-input\":{\"@type\":\"PropertyValueSpecification\",\"valueRequired\":true,\"valueName\":\"search_term_string\"}}],\"inLanguage\":\"de\"},{\"@type\":\"Organization\",\"@id\":\"https:\\\/\\\/abo-workshop.de\\\/content\\\/#organization\",\"name\":\"ABO Workshop Wirtschaftspsychologie Seminare + Coaching\",\"url\":\"https:\\\/\\\/abo-workshop.de\\\/content\\\/\",\"logo\":{\"@type\":\"ImageObject\",\"inLanguage\":\"de\",\"@id\":\"https:\\\/\\\/abo-workshop.de\\\/content\\\/#\\\/schema\\\/logo\\\/image\\\/\",\"url\":\"https:\\\/\\\/abo-workshop.de\\\/content\\\/wp-content\\\/uploads\\\/2020\\\/12\\\/cropped-Logo-ABO-Workshop-Rhein-Main-1.gif\",\"contentUrl\":\"https:\\\/\\\/abo-workshop.de\\\/content\\\/wp-content\\\/uploads\\\/2020\\\/12\\\/cropped-Logo-ABO-Workshop-Rhein-Main-1.gif\",\"width\":348,\"height\":326,\"caption\":\"ABO Workshop Wirtschaftspsychologie Seminare + Coaching\"},\"image\":{\"@id\":\"https:\\\/\\\/abo-workshop.de\\\/content\\\/#\\\/schema\\\/logo\\\/image\\\/\"}}]}<\/script>\n<!-- \/ Yoast SEO plugin. -->","yoast_head_json":{"title":"besser Texten - ABO Workshop Wirtschaftspsychologie Seminare + Coaching","description":"Supertext Textworkshop: besser einfach - einfach besser \ud83d\udd34 Texten und Textideen f\u00fcr einfach bessere Texte Coaching und Textwerkzeuge","robots":{"index":"index","follow":"follow","max-snippet":"max-snippet:-1","max-image-preview":"max-image-preview:large","max-video-preview":"max-video-preview:-1"},"canonical":"https:\/\/abo-workshop.de\/content\/besser-texten\/","og_locale":"de_DE","og_type":"article","og_title":"besser Texten - ABO Workshop Wirtschaftspsychologie Seminare + Coaching","og_description":"Supertext Textworkshop: besser einfach - einfach besser \ud83d\udd34 Texten und Textideen f\u00fcr einfach bessere Texte Coaching und Textwerkzeuge","og_url":"https:\/\/abo-workshop.de\/content\/besser-texten\/","og_site_name":"ABO Workshop Wirtschaftspsychologie Seminare + Coaching","article_modified_time":"2021-01-05T12:32:43+00:00","og_image":[{"url":"https:\/\/abo-workshop.de\/Bilder\/01-supertext-textworkshop.gif","type":"","width":"","height":""}],"twitter_card":"summary_large_image","twitter_misc":{"Gesch\u00e4tzte Lesezeit":"2\u00a0Minuten"},"schema":{"@context":"https:\/\/schema.org","@graph":[{"@type":"WebPage","@id":"https:\/\/abo-workshop.de\/content\/besser-texten\/","url":"https:\/\/abo-workshop.de\/content\/besser-texten\/","name":"besser Texten - ABO Workshop Wirtschaftspsychologie Seminare + Coaching","isPartOf":{"@id":"https:\/\/abo-workshop.de\/content\/#website"},"primaryImageOfPage":{"@id":"https:\/\/abo-workshop.de\/content\/besser-texten\/#primaryimage"},"image":{"@id":"https:\/\/abo-workshop.de\/content\/besser-texten\/#primaryimage"},"thumbnailUrl":"https:\/\/abo-workshop.de\/Bilder\/01-supertext-textworkshop.gif","datePublished":"2021-01-05T11:51:37+00:00","dateModified":"2021-01-05T12:32:43+00:00","description":"Supertext Textworkshop: besser einfach - einfach besser \ud83d\udd34 Texten und Textideen f\u00fcr einfach bessere Texte Coaching und Textwerkzeuge","breadcrumb":{"@id":"https:\/\/abo-workshop.de\/content\/besser-texten\/#breadcrumb"},"inLanguage":"de","potentialAction":[{"@type":"ReadAction","target":["https:\/\/abo-workshop.de\/content\/besser-texten\/"]}]},{"@type":"ImageObject","inLanguage":"de","@id":"https:\/\/abo-workshop.de\/content\/besser-texten\/#primaryimage","url":"https:\/\/abo-workshop.de\/Bilder\/01-supertext-textworkshop.gif","contentUrl":"https:\/\/abo-workshop.de\/Bilder\/01-supertext-textworkshop.gif"},{"@type":"BreadcrumbList","@id":"https:\/\/abo-workshop.de\/content\/besser-texten\/#breadcrumb","itemListElement":[{"@type":"ListItem","position":1,"name":"Startseite","item":"https:\/\/abo-workshop.de\/content\/"},{"@type":"ListItem","position":2,"name":"besser Texten"}]},{"@type":"WebSite","@id":"https:\/\/abo-workshop.de\/content\/#website","url":"https:\/\/abo-workshop.de\/content\/","name":"ABO Workshop Wirtschaftspsychologie Seminare + Coaching","description":"ABO-Workshop kollegiale Treffen zur Wirtschaftspsychologie Frankfurt + Rhein-Main","publisher":{"@id":"https:\/\/abo-workshop.de\/content\/#organization"},"potentialAction":[{"@type":"SearchAction","target":{"@type":"EntryPoint","urlTemplate":"https:\/\/abo-workshop.de\/content\/?s={search_term_string}"},"query-input":{"@type":"PropertyValueSpecification","valueRequired":true,"valueName":"search_term_string"}}],"inLanguage":"de"},{"@type":"Organization","@id":"https:\/\/abo-workshop.de\/content\/#organization","name":"ABO Workshop Wirtschaftspsychologie Seminare + Coaching","url":"https:\/\/abo-workshop.de\/content\/","logo":{"@type":"ImageObject","inLanguage":"de","@id":"https:\/\/abo-workshop.de\/content\/#\/schema\/logo\/image\/","url":"https:\/\/abo-workshop.de\/content\/wp-content\/uploads\/2020\/12\/cropped-Logo-ABO-Workshop-Rhein-Main-1.gif","contentUrl":"https:\/\/abo-workshop.de\/content\/wp-content\/uploads\/2020\/12\/cropped-Logo-ABO-Workshop-Rhein-Main-1.gif","width":348,"height":326,"caption":"ABO Workshop Wirtschaftspsychologie Seminare + Coaching"},"image":{"@id":"https:\/\/abo-workshop.de\/content\/#\/schema\/logo\/image\/"}}]}},"_links":{"self":[{"href":"https:\/\/abo-workshop.de\/content\/wp-json\/wp\/v2\/pages\/214","targetHints":{"allow":["GET"]}}],"collection":[{"href":"https:\/\/abo-workshop.de\/content\/wp-json\/wp\/v2\/pages"}],"about":[{"href":"https:\/\/abo-workshop.de\/content\/wp-json\/wp\/v2\/types\/page"}],"author":[{"embeddable":true,"href":"https:\/\/abo-workshop.de\/content\/wp-json\/wp\/v2\/users\/1"}],"replies":[{"embeddable":true,"href":"https:\/\/abo-workshop.de\/content\/wp-json\/wp\/v2\/comments?post=214"}],"version-history":[{"count":4,"href":"https:\/\/abo-workshop.de\/content\/wp-json\/wp\/v2\/pages\/214\/revisions"}],"predecessor-version":[{"id":220,"href":"https:\/\/abo-workshop.de\/content\/wp-json\/wp\/v2\/pages\/214\/revisions\/220"}],"wp:attachment":[{"href":"https:\/\/abo-workshop.de\/content\/wp-json\/wp\/v2\/media?parent=214"}],"curies":[{"name":"wp","href":"https:\/\/api.w.org\/{rel}","templated":true}]}}