{"id":222,"date":"2021-01-05T13:51:17","date_gmt":"2021-01-05T12:51:17","guid":{"rendered":"https:\/\/abo-workshop.de\/content\/?page_id=222"},"modified":"2021-01-05T13:57:42","modified_gmt":"2021-01-05T12:57:42","slug":"work-values","status":"publish","type":"page","link":"https:\/\/abo-workshop.de\/content\/work-values\/","title":{"rendered":"Work Values"},"content":{"rendered":"\n<p><strong><strong>Window on Work Values &#8211; Werte vs. unethisches Verhalten<\/strong> <\/strong>ABO-Workshop am <strong>Sa 09.06.2018 von 14.00-18.00 Uhr<\/strong> Moderation Mark Russel (<a href=\"https:\/\/abo-workshop.de\/www.russell-training.de\" target=\"_blank\" rel=\"noreferrer noopener\">www.russell-training.de<\/a>) Ort: Darmstadt bei Christina Arras Consulting, Gr\u00fcner Weg 26, 64285 Darmstadt<\/p>\n\n\n\n<figure class=\"wp-block-image\"><img decoding=\"async\" src=\"https:\/\/abo-workshop.de\/Bilder\/01-window-on-work-values.gif\" alt=\"Window on work values\"\/><\/figure>\n\n\n\n<p>Mark ist seit letztem Jahr f\u00fcr das Window on Work Values (TMSDI) zertifiziert und stellt das System und seine Erfahrungen damit vor.<br><br>Spannend: Viele Unternehmen haben Wertesysteme. Kommunikationskampagnen und Trainings sollen die Werte den F\u00fchrungskr\u00e4ften und Mitarbeitern vermitteln. Letztlich soll sich organisationales Handeln daran ausrichten&#8230;. Im Kontrast dazu stehen gegenl\u00e4ufige Kr\u00e4fte und unethisches Handeln, Skandale und Verst\u00f6\u00dfe gegen ethische Grundprinzipien. Jede Menge Diskussionsstoff&#8230;.. nicht nur was die Automobilindustrie angeht&#8230;<\/p>\n\n\n\n<h2 class=\"wp-block-heading\">Work Values<\/h2>\n\n\n\n<p>Mark meint zum Thema:<\/p>\n\n\n\n<ol class=\"wp-block-list\"><li>Immer mehr meiner Kunden betonen die Wichtigkeit von Werten, f\u00fchren \u201eWertetage\u201c durch, haben Poster an der Wand \u2013 und wollen im F\u00fchrungstraining Werte ansprechen.<\/li><li>Mitarbeiter sehen diese Werte nicht immer in der Realit\u00e4t reflektiert<\/li><li>Das Thema ist schwer greifbar<\/li><\/ol>\n\n\n\n<p>Durch Zufall bin ich auf ein Modell gesto\u00dfen, das f\u00fcr mich hilfreiche Strukturen anbietet<\/p>\n\n\n\n<p>Ich kann das Modell vorstellen und wie ich es eingesetzt habe. Wir k\u00f6nnen dies einbetten in eine Diskussion \u00fcber Unternehmenswerte.<\/p>\n\n\n\n<p>R\u00e4umlich gew\u00e4hrt uns diesmal Christina Asyl (vielen herzlichen Dank an der Stelle!) deswegen gilt diesmal ein Teilnehmer-Limit =&nbsp;<strong>SMALL IS BEAUTIFUL<\/strong>&nbsp;d.h. es k\u00f6nnen&nbsp;<strong>maximal 8 Teilnehmer\/innen<\/strong>&nbsp;mitmachen, es gilt first Comes first serves\u2026.<\/p>\n\n\n\n<p>freue mich auf ein spannendes Treffen mit Euch,<\/p>\n\n\n\n<p>Mark<\/p>\n\n\n\n<figure class=\"wp-block-image\"><img decoding=\"async\" src=\"https:\/\/abo-workshop.de\/Bilder\/01_ABO-Workshop-06-2018b.jpg\" alt=\"\"\/><\/figure>\n\n\n\n<figure class=\"wp-block-image\"><img decoding=\"async\" src=\"https:\/\/abo-workshop.de\/Bilder\/01_ABO-Workshop-06-2018a.jpg\" alt=\"\"\/><\/figure>\n\n\n\n<hr class=\"wp-block-separator\"\/>\n\n\n\n<h2 class=\"wp-block-heading\">Work Values<\/h2>\n\n\n\n<p>Wertvorstellungen oder kurz Werte sind positiv beurteilte Eigenschaften, Attribute und Qualit\u00e4ten von Objekten, Ideen, praktischem Tun, Sachverhalten, Verhalten, Handlungen, oder Pers\u00f6nlichen Auftreten und Pers\u00f6nlichkeitseigenschaften.<\/p>\n\n\n\n<p>Werte sind abh\u00e4ngig davon, ob die Wertzuschreibung durch die Einzelperson, eine Gruppe von sozialen Akteuren oder der gesamten Gesellschaft vollzogen wird.<\/p>\n\n\n\n<p>Die Frage, ob Werte als objektive oder subjektive Faktoren verstanden werden wird davon gleichfalls ber\u00fchrt. Die grundlegende Werte eines Menschen bzw. der Gesellschaft werden sozial geteilt und als sogenannte Grundwerte bilden Sie eine Art Wertebasis.<\/p>\n\n\n\n<p>Individuelle Werte ver\u00e4ndern sich im Laufe der pers\u00f6nlichen Entwicklung und in der Auseinandersetzung mit der Umwelt. Durch <a href=\"https:\/\/www.mto-consulting.de\/Coaching.htm\">Coaching wird die pers\u00f6nliche Weiterentwicklung gezielt unterst\u00fctzt<\/a> und damit oft das Wertesystem stabilisiert und ausgebaut.<\/p>\n\n\n\n<h2 class=\"wp-block-heading\">Wertentwicklung<\/h2>\n\n\n\n<p>Durch die Popularit\u00e4t von <a href=\"https:\/\/abo-workshop.de\/content\/selbstfuehrung\/\">Selbstf\u00fchrung und self-leadership<\/a>, durch die zunehmende Individualisierung und Selbstoptimierung \u00fcber <a href=\"https:\/\/www.mto-consulting.de\/Selbstcoaching.htm\">Selbstcoaching<\/a> und <a href=\"https:\/\/abo-workshop.de\/content\/selbstmarketing\/\">Selbstmarketing<\/a> wird die Wertediskussion neu befeuert.<\/p>\n","protected":false},"excerpt":{"rendered":"<p>Window on Work Values &#8211; Werte vs. unethisches Verhalten ABO-Workshop am Sa 09.06.2018 von 14.00-18.00 Uhr Moderation Mark Russel (www.russell-training.de) Ort: Darmstadt bei Christina Arras Consulting, Gr\u00fcner Weg 26, 64285 Darmstadt Mark ist seit letztem Jahr f\u00fcr das Window on Work Values (TMSDI) zertifiziert und stellt das System und seine Erfahrungen damit vor. Spannend: Viele&hellip;&nbsp;<a href=\"https:\/\/abo-workshop.de\/content\/work-values\/\" rel=\"bookmark\">Weiterlesen &raquo;<span class=\"screen-reader-text\">Work Values<\/span><\/a><\/p>\n","protected":false},"author":1,"featured_media":0,"parent":0,"menu_order":0,"comment_status":"closed","ping_status":"closed","template":"","meta":{"neve_meta_sidebar":"","neve_meta_container":"","neve_meta_enable_content_width":"","neve_meta_content_width":0,"neve_meta_title_alignment":"","neve_meta_author_avatar":"","neve_post_elements_order":"","neve_meta_disable_header":"","neve_meta_disable_footer":"","neve_meta_disable_title":"","footnotes":""},"class_list":["post-222","page","type-page","status-publish","hentry"],"yoast_head":"<!-- This site is optimized with the Yoast SEO plugin v27.4 - https:\/\/yoast.com\/product\/yoast-seo-wordpress\/ -->\n<title>Work Values - ABO Workshop Wirtschaftspsychologie Seminare + Coaching<\/title>\n<meta name=\"description\" content=\"Window on Work Values - Werte vs. unethisches Verhalten \ud83d\udd34 ABO-Workshop Coaching f\u00fcr Werte + wertbasiertes Handeln Work Values im Unternehmen\" \/>\n<meta name=\"robots\" content=\"index, follow, max-snippet:-1, max-image-preview:large, max-video-preview:-1\" \/>\n<link rel=\"canonical\" href=\"https:\/\/abo-workshop.de\/content\/work-values\/\" \/>\n<meta property=\"og:locale\" content=\"de_DE\" \/>\n<meta property=\"og:type\" content=\"article\" \/>\n<meta property=\"og:title\" content=\"Work Values - ABO Workshop Wirtschaftspsychologie Seminare + Coaching\" \/>\n<meta property=\"og:description\" content=\"Window on Work Values - Werte vs. unethisches Verhalten \ud83d\udd34 ABO-Workshop Coaching f\u00fcr Werte + wertbasiertes Handeln Work Values im Unternehmen\" \/>\n<meta property=\"og:url\" content=\"https:\/\/abo-workshop.de\/content\/work-values\/\" \/>\n<meta property=\"og:site_name\" content=\"ABO Workshop Wirtschaftspsychologie Seminare + Coaching\" \/>\n<meta property=\"article:modified_time\" content=\"2021-01-05T12:57:42+00:00\" \/>\n<meta property=\"og:image\" content=\"https:\/\/abo-workshop.de\/Bilder\/01-window-on-work-values.gif\" \/>\n<meta name=\"twitter:card\" content=\"summary_large_image\" \/>\n<meta name=\"twitter:label1\" content=\"Gesch\u00e4tzte Lesezeit\" \/>\n\t<meta name=\"twitter:data1\" content=\"2\u00a0Minuten\" \/>\n<script type=\"application\/ld+json\" class=\"yoast-schema-graph\">{\"@context\":\"https:\\\/\\\/schema.org\",\"@graph\":[{\"@type\":\"WebPage\",\"@id\":\"https:\\\/\\\/abo-workshop.de\\\/content\\\/work-values\\\/\",\"url\":\"https:\\\/\\\/abo-workshop.de\\\/content\\\/work-values\\\/\",\"name\":\"Work Values - ABO Workshop Wirtschaftspsychologie Seminare + Coaching\",\"isPartOf\":{\"@id\":\"https:\\\/\\\/abo-workshop.de\\\/content\\\/#website\"},\"primaryImageOfPage\":{\"@id\":\"https:\\\/\\\/abo-workshop.de\\\/content\\\/work-values\\\/#primaryimage\"},\"image\":{\"@id\":\"https:\\\/\\\/abo-workshop.de\\\/content\\\/work-values\\\/#primaryimage\"},\"thumbnailUrl\":\"https:\\\/\\\/abo-workshop.de\\\/Bilder\\\/01-window-on-work-values.gif\",\"datePublished\":\"2021-01-05T12:51:17+00:00\",\"dateModified\":\"2021-01-05T12:57:42+00:00\",\"description\":\"Window on Work Values - Werte vs. unethisches Verhalten \ud83d\udd34 ABO-Workshop Coaching f\u00fcr Werte + wertbasiertes Handeln Work Values im Unternehmen\",\"breadcrumb\":{\"@id\":\"https:\\\/\\\/abo-workshop.de\\\/content\\\/work-values\\\/#breadcrumb\"},\"inLanguage\":\"de\",\"potentialAction\":[{\"@type\":\"ReadAction\",\"target\":[\"https:\\\/\\\/abo-workshop.de\\\/content\\\/work-values\\\/\"]}]},{\"@type\":\"ImageObject\",\"inLanguage\":\"de\",\"@id\":\"https:\\\/\\\/abo-workshop.de\\\/content\\\/work-values\\\/#primaryimage\",\"url\":\"https:\\\/\\\/abo-workshop.de\\\/Bilder\\\/01-window-on-work-values.gif\",\"contentUrl\":\"https:\\\/\\\/abo-workshop.de\\\/Bilder\\\/01-window-on-work-values.gif\"},{\"@type\":\"BreadcrumbList\",\"@id\":\"https:\\\/\\\/abo-workshop.de\\\/content\\\/work-values\\\/#breadcrumb\",\"itemListElement\":[{\"@type\":\"ListItem\",\"position\":1,\"name\":\"Startseite\",\"item\":\"https:\\\/\\\/abo-workshop.de\\\/content\\\/\"},{\"@type\":\"ListItem\",\"position\":2,\"name\":\"Work Values\"}]},{\"@type\":\"WebSite\",\"@id\":\"https:\\\/\\\/abo-workshop.de\\\/content\\\/#website\",\"url\":\"https:\\\/\\\/abo-workshop.de\\\/content\\\/\",\"name\":\"ABO Workshop Wirtschaftspsychologie Seminare + Coaching\",\"description\":\"ABO-Workshop kollegiale Treffen zur Wirtschaftspsychologie Frankfurt + Rhein-Main\",\"publisher\":{\"@id\":\"https:\\\/\\\/abo-workshop.de\\\/content\\\/#organization\"},\"potentialAction\":[{\"@type\":\"SearchAction\",\"target\":{\"@type\":\"EntryPoint\",\"urlTemplate\":\"https:\\\/\\\/abo-workshop.de\\\/content\\\/?s={search_term_string}\"},\"query-input\":{\"@type\":\"PropertyValueSpecification\",\"valueRequired\":true,\"valueName\":\"search_term_string\"}}],\"inLanguage\":\"de\"},{\"@type\":\"Organization\",\"@id\":\"https:\\\/\\\/abo-workshop.de\\\/content\\\/#organization\",\"name\":\"ABO Workshop Wirtschaftspsychologie Seminare + Coaching\",\"url\":\"https:\\\/\\\/abo-workshop.de\\\/content\\\/\",\"logo\":{\"@type\":\"ImageObject\",\"inLanguage\":\"de\",\"@id\":\"https:\\\/\\\/abo-workshop.de\\\/content\\\/#\\\/schema\\\/logo\\\/image\\\/\",\"url\":\"https:\\\/\\\/abo-workshop.de\\\/content\\\/wp-content\\\/uploads\\\/2020\\\/12\\\/cropped-Logo-ABO-Workshop-Rhein-Main-1.gif\",\"contentUrl\":\"https:\\\/\\\/abo-workshop.de\\\/content\\\/wp-content\\\/uploads\\\/2020\\\/12\\\/cropped-Logo-ABO-Workshop-Rhein-Main-1.gif\",\"width\":348,\"height\":326,\"caption\":\"ABO Workshop Wirtschaftspsychologie Seminare + Coaching\"},\"image\":{\"@id\":\"https:\\\/\\\/abo-workshop.de\\\/content\\\/#\\\/schema\\\/logo\\\/image\\\/\"}}]}<\/script>\n<!-- \/ Yoast SEO plugin. -->","yoast_head_json":{"title":"Work Values - ABO Workshop Wirtschaftspsychologie Seminare + Coaching","description":"Window on Work Values - Werte vs. unethisches Verhalten \ud83d\udd34 ABO-Workshop Coaching f\u00fcr Werte + wertbasiertes Handeln Work Values im Unternehmen","robots":{"index":"index","follow":"follow","max-snippet":"max-snippet:-1","max-image-preview":"max-image-preview:large","max-video-preview":"max-video-preview:-1"},"canonical":"https:\/\/abo-workshop.de\/content\/work-values\/","og_locale":"de_DE","og_type":"article","og_title":"Work Values - ABO Workshop Wirtschaftspsychologie Seminare + Coaching","og_description":"Window on Work Values - Werte vs. unethisches Verhalten \ud83d\udd34 ABO-Workshop Coaching f\u00fcr Werte + wertbasiertes Handeln Work Values im Unternehmen","og_url":"https:\/\/abo-workshop.de\/content\/work-values\/","og_site_name":"ABO Workshop Wirtschaftspsychologie Seminare + Coaching","article_modified_time":"2021-01-05T12:57:42+00:00","og_image":[{"url":"https:\/\/abo-workshop.de\/Bilder\/01-window-on-work-values.gif","type":"","width":"","height":""}],"twitter_card":"summary_large_image","twitter_misc":{"Gesch\u00e4tzte Lesezeit":"2\u00a0Minuten"},"schema":{"@context":"https:\/\/schema.org","@graph":[{"@type":"WebPage","@id":"https:\/\/abo-workshop.de\/content\/work-values\/","url":"https:\/\/abo-workshop.de\/content\/work-values\/","name":"Work Values - ABO Workshop Wirtschaftspsychologie Seminare + Coaching","isPartOf":{"@id":"https:\/\/abo-workshop.de\/content\/#website"},"primaryImageOfPage":{"@id":"https:\/\/abo-workshop.de\/content\/work-values\/#primaryimage"},"image":{"@id":"https:\/\/abo-workshop.de\/content\/work-values\/#primaryimage"},"thumbnailUrl":"https:\/\/abo-workshop.de\/Bilder\/01-window-on-work-values.gif","datePublished":"2021-01-05T12:51:17+00:00","dateModified":"2021-01-05T12:57:42+00:00","description":"Window on Work Values - Werte vs. unethisches Verhalten \ud83d\udd34 ABO-Workshop Coaching f\u00fcr Werte + wertbasiertes Handeln Work Values im Unternehmen","breadcrumb":{"@id":"https:\/\/abo-workshop.de\/content\/work-values\/#breadcrumb"},"inLanguage":"de","potentialAction":[{"@type":"ReadAction","target":["https:\/\/abo-workshop.de\/content\/work-values\/"]}]},{"@type":"ImageObject","inLanguage":"de","@id":"https:\/\/abo-workshop.de\/content\/work-values\/#primaryimage","url":"https:\/\/abo-workshop.de\/Bilder\/01-window-on-work-values.gif","contentUrl":"https:\/\/abo-workshop.de\/Bilder\/01-window-on-work-values.gif"},{"@type":"BreadcrumbList","@id":"https:\/\/abo-workshop.de\/content\/work-values\/#breadcrumb","itemListElement":[{"@type":"ListItem","position":1,"name":"Startseite","item":"https:\/\/abo-workshop.de\/content\/"},{"@type":"ListItem","position":2,"name":"Work Values"}]},{"@type":"WebSite","@id":"https:\/\/abo-workshop.de\/content\/#website","url":"https:\/\/abo-workshop.de\/content\/","name":"ABO Workshop Wirtschaftspsychologie Seminare + Coaching","description":"ABO-Workshop kollegiale Treffen zur Wirtschaftspsychologie Frankfurt + Rhein-Main","publisher":{"@id":"https:\/\/abo-workshop.de\/content\/#organization"},"potentialAction":[{"@type":"SearchAction","target":{"@type":"EntryPoint","urlTemplate":"https:\/\/abo-workshop.de\/content\/?s={search_term_string}"},"query-input":{"@type":"PropertyValueSpecification","valueRequired":true,"valueName":"search_term_string"}}],"inLanguage":"de"},{"@type":"Organization","@id":"https:\/\/abo-workshop.de\/content\/#organization","name":"ABO Workshop Wirtschaftspsychologie Seminare + Coaching","url":"https:\/\/abo-workshop.de\/content\/","logo":{"@type":"ImageObject","inLanguage":"de","@id":"https:\/\/abo-workshop.de\/content\/#\/schema\/logo\/image\/","url":"https:\/\/abo-workshop.de\/content\/wp-content\/uploads\/2020\/12\/cropped-Logo-ABO-Workshop-Rhein-Main-1.gif","contentUrl":"https:\/\/abo-workshop.de\/content\/wp-content\/uploads\/2020\/12\/cropped-Logo-ABO-Workshop-Rhein-Main-1.gif","width":348,"height":326,"caption":"ABO Workshop Wirtschaftspsychologie Seminare + Coaching"},"image":{"@id":"https:\/\/abo-workshop.de\/content\/#\/schema\/logo\/image\/"}}]}},"_links":{"self":[{"href":"https:\/\/abo-workshop.de\/content\/wp-json\/wp\/v2\/pages\/222","targetHints":{"allow":["GET"]}}],"collection":[{"href":"https:\/\/abo-workshop.de\/content\/wp-json\/wp\/v2\/pages"}],"about":[{"href":"https:\/\/abo-workshop.de\/content\/wp-json\/wp\/v2\/types\/page"}],"author":[{"embeddable":true,"href":"https:\/\/abo-workshop.de\/content\/wp-json\/wp\/v2\/users\/1"}],"replies":[{"embeddable":true,"href":"https:\/\/abo-workshop.de\/content\/wp-json\/wp\/v2\/comments?post=222"}],"version-history":[{"count":1,"href":"https:\/\/abo-workshop.de\/content\/wp-json\/wp\/v2\/pages\/222\/revisions"}],"predecessor-version":[{"id":223,"href":"https:\/\/abo-workshop.de\/content\/wp-json\/wp\/v2\/pages\/222\/revisions\/223"}],"wp:attachment":[{"href":"https:\/\/abo-workshop.de\/content\/wp-json\/wp\/v2\/media?parent=222"}],"curies":[{"name":"wp","href":"https:\/\/api.w.org\/{rel}","templated":true}]}}