{"id":225,"date":"2021-01-05T13:58:03","date_gmt":"2021-01-05T12:58:03","guid":{"rendered":"https:\/\/abo-workshop.de\/content\/?page_id=225"},"modified":"2021-01-05T14:00:25","modified_gmt":"2021-01-05T13:00:25","slug":"gender-karriere","status":"publish","type":"page","link":"https:\/\/abo-workshop.de\/content\/gender-karriere\/","title":{"rendered":"Gender Karriere"},"content":{"rendered":"\n<p><strong>Genderspiel  Gender und Karriere: M\u00e4nner und Frauen auf der Karriereleiter<\/strong> ABO-Workshop am <strong>Sa 24.02.2018 von 14.00-18.00 Uhr<\/strong> Moderation Ulrich F. Sch\u00fcbel (<a href=\"http:\/\/www.diversity-institut.de\/\" target=\"_blank\" rel=\"noreferrer noopener\">www.diversity-institut.de<\/a>) Ort: mto-consulting, Herstallstr.33, D-63739 Aschaffenburg<\/p>\n\n\n\n<figure class=\"wp-block-image\"><img decoding=\"async\" src=\"https:\/\/abo-workshop.de\/Bilder\/01_genderspiel.gif\" alt=\"Gender und Karriere Genderspiel M\u00e4nner und Frauen auf der Karriereleiter\"\/><\/figure>\n\n\n\n<h2 class=\"wp-block-heading\">Gender Karriere<\/h2>\n\n\n\n<p>Das Gender Brettspiel &#8211; Das Tool mit Wechsel Wirkung zur Sensibilisierung f\u00fcr die Strategien und Erfahrungen von Frauen und M\u00e4nnern auf der Karriereleiter<\/p>\n\n\n\n<p><strong>Die Idee<\/strong>:<br>F\u00fcr die geringe Anzahl von Frauen in F\u00fchrungspositionen gibt es viele Gr\u00fcnde. Spielend erhalten die Beteiligten einen \u00dcberblick \u00fcber die unterschiedlichen Ursachen und das n\u00f6tige Hintergrundwissen, um \u201egender-bewusst\u201c agieren zu k\u00f6nnen. Gleichzeitig k\u00f6nnen Frauen wie M\u00e4nner erkennen, welches Verhalten der eigenen Karriere schadet oder n\u00fctzt \u2013 und dies mit den anderen Spieler*innen kritisch reflektieren. Erreicht wird dies durch einen Perspektivwechsel, denn im Spiel schl\u00fcpfen Frauen und M\u00e4nner auch in die Rolle des anderen Geschlechts.<\/p>\n\n\n\n<p><strong>Details zum Spiel<\/strong>:<br>Als Erster oder Erste ganz nach oben! Die Spieler*innen beginnen die erste Runde mit dem gegenteiligen Geschlecht und erleben so unmittelbar, wie Geschlechterrollen das berufliche Vorankommen beeinflussen. Durch W\u00fcrfeln gelangt man auf Ereignis-, Wissens- und Statusfelder. Mit einer abgeschlossenen Runde \u2013 wenn erneut \u00fcber das Startfeld gezogen wird \u2013 ist die n\u00e4chste Karrierestufe erreicht. Die Spielfigur wandert eine Treppenstufe nach oben. Die folgende Runde wird dann \u201eim anderen Geschlecht\u201c gespielt.<\/p>\n\n\n\n<p><strong>Einsatz des Spiels<\/strong>:<br>Anwenden l\u00e4sst sich das Spiel mit F\u00fchrungskr\u00e4ften, Nachwuchstalenten, reinen M\u00e4nner-, reinen Frauen- oder gemischten Gruppen, im Rahmen von Mentoringprogrammen, <a href=\"https:\/\/abo-workshop.de\/content\/selbstfuehrung\/\">Selbstf\u00fchrung<\/a> und Karrierecoachings, <a href=\"https:\/\/abo-workshop.de\/content\/selbstmarketing\/\">Selbstmarketing<\/a>, <a href=\"https:\/\/www.mto-consulting.de\/Coaching.htm\">Coaching<\/a>, Entwicklung von <a href=\"https:\/\/abo-workshop.de\/content\/work-values\/\">Work Values<\/a> und vielen anderen denkbaren Settings.<\/p>\n\n\n\n<p>*****************<\/p>\n\n\n\n<p>Uli schl\u00e4gt vor, dass wir nach kurzer Begr\u00fc\u00dfung\/Vorstellung unmittelbar mit dem Spiel starten, ca. 90 Minuten spielen und danach kurz Erfahrungen aus dem Spiel reflektieren. Er gibt dann einen kurzen Impuls zu den Hintergr\u00fcnden des Spiels und den Wirkmechanismen auf psychologischer Ebene. Die restliche Zeit nutzen wir f\u00fcr Erfahrungsaustausch und Good Practice, wie man in Organisationen mit dem Thema Gender Diversity allgemein und Frauen in F\u00fchrung etc. speziell umgehen kann.<\/p>\n\n\n\n<p>Am besten spielt sich das Spiel in 4er-Teams, 3er und 5er Teams sind auch ok, insofern bekommen wir alle m\u00f6glichen Tn.-Zahlen gut aufgeteilt&#8230; Idealerweise hat jedes Team einen Tisch, aber es geht auch anders \ud83d\ude09<\/p>\n\n\n\n<p>Was brauchst du noch von mir f\u00fcrs Gelingen? Welche Fragen sind noch offen?<\/p>\n\n\n\n<p>Nochmal ein dickes Dankesch\u00f6n an alle, einen herzlichen Gru\u00df, ich freue mich auf unser Treffen!<\/p>\n\n\n\n<p>Uli<\/p>\n","protected":false},"excerpt":{"rendered":"<p>Genderspiel Gender und Karriere: M\u00e4nner und Frauen auf der Karriereleiter ABO-Workshop am Sa 24.02.2018 von 14.00-18.00 Uhr Moderation Ulrich F. Sch\u00fcbel (www.diversity-institut.de) Ort: mto-consulting, Herstallstr.33, D-63739 Aschaffenburg Gender Karriere Das Gender Brettspiel &#8211; Das Tool mit Wechsel Wirkung zur Sensibilisierung f\u00fcr die Strategien und Erfahrungen von Frauen und M\u00e4nnern auf der Karriereleiter Die Idee:F\u00fcr die&hellip;&nbsp;<a href=\"https:\/\/abo-workshop.de\/content\/gender-karriere\/\" rel=\"bookmark\">Weiterlesen &raquo;<span class=\"screen-reader-text\">Gender Karriere<\/span><\/a><\/p>\n","protected":false},"author":1,"featured_media":0,"parent":0,"menu_order":0,"comment_status":"closed","ping_status":"closed","template":"","meta":{"neve_meta_sidebar":"","neve_meta_container":"","neve_meta_enable_content_width":"","neve_meta_content_width":0,"neve_meta_title_alignment":"","neve_meta_author_avatar":"","neve_post_elements_order":"","neve_meta_disable_header":"","neve_meta_disable_footer":"","neve_meta_disable_title":"","footnotes":""},"class_list":["post-225","page","type-page","status-publish","hentry"],"yoast_head":"<!-- This site is optimized with the Yoast SEO plugin v27.3 - https:\/\/yoast.com\/product\/yoast-seo-wordpress\/ -->\n<title>Gender Karriere - ABO Workshop Wirtschaftspsychologie Seminare + Coaching<\/title>\n<meta name=\"description\" content=\"Gender Karriere Brettspiel \ud83d\udd34 Tool mit Wechsel Wirkung zur Sensibilisierung f\u00fcr Frauen und M\u00e4nnern auf der Karriereleiter Gender und Karriere\" \/>\n<meta name=\"robots\" content=\"index, follow, max-snippet:-1, max-image-preview:large, max-video-preview:-1\" \/>\n<link rel=\"canonical\" href=\"https:\/\/abo-workshop.de\/content\/gender-karriere\/\" \/>\n<meta property=\"og:locale\" content=\"de_DE\" \/>\n<meta property=\"og:type\" content=\"article\" \/>\n<meta property=\"og:title\" content=\"Gender Karriere - ABO Workshop Wirtschaftspsychologie Seminare + Coaching\" \/>\n<meta property=\"og:description\" content=\"Gender Karriere Brettspiel \ud83d\udd34 Tool mit Wechsel Wirkung zur Sensibilisierung f\u00fcr Frauen und M\u00e4nnern auf der Karriereleiter Gender und Karriere\" \/>\n<meta property=\"og:url\" content=\"https:\/\/abo-workshop.de\/content\/gender-karriere\/\" \/>\n<meta property=\"og:site_name\" content=\"ABO Workshop Wirtschaftspsychologie Seminare + Coaching\" \/>\n<meta property=\"article:modified_time\" content=\"2021-01-05T13:00:25+00:00\" \/>\n<meta property=\"og:image\" content=\"https:\/\/abo-workshop.de\/Bilder\/01_genderspiel.gif\" \/>\n<meta name=\"twitter:card\" content=\"summary_large_image\" \/>\n<meta name=\"twitter:label1\" content=\"Gesch\u00e4tzte Lesezeit\" \/>\n\t<meta name=\"twitter:data1\" content=\"2\u00a0Minuten\" \/>\n<script type=\"application\/ld+json\" class=\"yoast-schema-graph\">{\"@context\":\"https:\\\/\\\/schema.org\",\"@graph\":[{\"@type\":\"WebPage\",\"@id\":\"https:\\\/\\\/abo-workshop.de\\\/content\\\/gender-karriere\\\/\",\"url\":\"https:\\\/\\\/abo-workshop.de\\\/content\\\/gender-karriere\\\/\",\"name\":\"Gender Karriere - ABO Workshop Wirtschaftspsychologie Seminare + Coaching\",\"isPartOf\":{\"@id\":\"https:\\\/\\\/abo-workshop.de\\\/content\\\/#website\"},\"primaryImageOfPage\":{\"@id\":\"https:\\\/\\\/abo-workshop.de\\\/content\\\/gender-karriere\\\/#primaryimage\"},\"image\":{\"@id\":\"https:\\\/\\\/abo-workshop.de\\\/content\\\/gender-karriere\\\/#primaryimage\"},\"thumbnailUrl\":\"https:\\\/\\\/abo-workshop.de\\\/Bilder\\\/01_genderspiel.gif\",\"datePublished\":\"2021-01-05T12:58:03+00:00\",\"dateModified\":\"2021-01-05T13:00:25+00:00\",\"description\":\"Gender Karriere Brettspiel \ud83d\udd34 Tool mit Wechsel Wirkung zur Sensibilisierung f\u00fcr Frauen und M\u00e4nnern auf der Karriereleiter Gender und Karriere\",\"breadcrumb\":{\"@id\":\"https:\\\/\\\/abo-workshop.de\\\/content\\\/gender-karriere\\\/#breadcrumb\"},\"inLanguage\":\"de\",\"potentialAction\":[{\"@type\":\"ReadAction\",\"target\":[\"https:\\\/\\\/abo-workshop.de\\\/content\\\/gender-karriere\\\/\"]}]},{\"@type\":\"ImageObject\",\"inLanguage\":\"de\",\"@id\":\"https:\\\/\\\/abo-workshop.de\\\/content\\\/gender-karriere\\\/#primaryimage\",\"url\":\"https:\\\/\\\/abo-workshop.de\\\/Bilder\\\/01_genderspiel.gif\",\"contentUrl\":\"https:\\\/\\\/abo-workshop.de\\\/Bilder\\\/01_genderspiel.gif\"},{\"@type\":\"BreadcrumbList\",\"@id\":\"https:\\\/\\\/abo-workshop.de\\\/content\\\/gender-karriere\\\/#breadcrumb\",\"itemListElement\":[{\"@type\":\"ListItem\",\"position\":1,\"name\":\"Startseite\",\"item\":\"https:\\\/\\\/abo-workshop.de\\\/content\\\/\"},{\"@type\":\"ListItem\",\"position\":2,\"name\":\"Gender Karriere\"}]},{\"@type\":\"WebSite\",\"@id\":\"https:\\\/\\\/abo-workshop.de\\\/content\\\/#website\",\"url\":\"https:\\\/\\\/abo-workshop.de\\\/content\\\/\",\"name\":\"ABO Workshop Wirtschaftspsychologie Seminare + Coaching\",\"description\":\"ABO-Workshop kollegiale Treffen zur Wirtschaftspsychologie Frankfurt + Rhein-Main\",\"publisher\":{\"@id\":\"https:\\\/\\\/abo-workshop.de\\\/content\\\/#organization\"},\"potentialAction\":[{\"@type\":\"SearchAction\",\"target\":{\"@type\":\"EntryPoint\",\"urlTemplate\":\"https:\\\/\\\/abo-workshop.de\\\/content\\\/?s={search_term_string}\"},\"query-input\":{\"@type\":\"PropertyValueSpecification\",\"valueRequired\":true,\"valueName\":\"search_term_string\"}}],\"inLanguage\":\"de\"},{\"@type\":\"Organization\",\"@id\":\"https:\\\/\\\/abo-workshop.de\\\/content\\\/#organization\",\"name\":\"ABO Workshop Wirtschaftspsychologie Seminare + Coaching\",\"url\":\"https:\\\/\\\/abo-workshop.de\\\/content\\\/\",\"logo\":{\"@type\":\"ImageObject\",\"inLanguage\":\"de\",\"@id\":\"https:\\\/\\\/abo-workshop.de\\\/content\\\/#\\\/schema\\\/logo\\\/image\\\/\",\"url\":\"https:\\\/\\\/abo-workshop.de\\\/content\\\/wp-content\\\/uploads\\\/2020\\\/12\\\/cropped-Logo-ABO-Workshop-Rhein-Main-1.gif\",\"contentUrl\":\"https:\\\/\\\/abo-workshop.de\\\/content\\\/wp-content\\\/uploads\\\/2020\\\/12\\\/cropped-Logo-ABO-Workshop-Rhein-Main-1.gif\",\"width\":348,\"height\":326,\"caption\":\"ABO Workshop Wirtschaftspsychologie Seminare + Coaching\"},\"image\":{\"@id\":\"https:\\\/\\\/abo-workshop.de\\\/content\\\/#\\\/schema\\\/logo\\\/image\\\/\"}}]}<\/script>\n<!-- \/ Yoast SEO plugin. -->","yoast_head_json":{"title":"Gender Karriere - ABO Workshop Wirtschaftspsychologie Seminare + Coaching","description":"Gender Karriere Brettspiel \ud83d\udd34 Tool mit Wechsel Wirkung zur Sensibilisierung f\u00fcr Frauen und M\u00e4nnern auf der Karriereleiter Gender und Karriere","robots":{"index":"index","follow":"follow","max-snippet":"max-snippet:-1","max-image-preview":"max-image-preview:large","max-video-preview":"max-video-preview:-1"},"canonical":"https:\/\/abo-workshop.de\/content\/gender-karriere\/","og_locale":"de_DE","og_type":"article","og_title":"Gender Karriere - ABO Workshop Wirtschaftspsychologie Seminare + Coaching","og_description":"Gender Karriere Brettspiel \ud83d\udd34 Tool mit Wechsel Wirkung zur Sensibilisierung f\u00fcr Frauen und M\u00e4nnern auf der Karriereleiter Gender und Karriere","og_url":"https:\/\/abo-workshop.de\/content\/gender-karriere\/","og_site_name":"ABO Workshop Wirtschaftspsychologie Seminare + Coaching","article_modified_time":"2021-01-05T13:00:25+00:00","og_image":[{"url":"https:\/\/abo-workshop.de\/Bilder\/01_genderspiel.gif","type":"","width":"","height":""}],"twitter_card":"summary_large_image","twitter_misc":{"Gesch\u00e4tzte Lesezeit":"2\u00a0Minuten"},"schema":{"@context":"https:\/\/schema.org","@graph":[{"@type":"WebPage","@id":"https:\/\/abo-workshop.de\/content\/gender-karriere\/","url":"https:\/\/abo-workshop.de\/content\/gender-karriere\/","name":"Gender Karriere - ABO Workshop Wirtschaftspsychologie Seminare + Coaching","isPartOf":{"@id":"https:\/\/abo-workshop.de\/content\/#website"},"primaryImageOfPage":{"@id":"https:\/\/abo-workshop.de\/content\/gender-karriere\/#primaryimage"},"image":{"@id":"https:\/\/abo-workshop.de\/content\/gender-karriere\/#primaryimage"},"thumbnailUrl":"https:\/\/abo-workshop.de\/Bilder\/01_genderspiel.gif","datePublished":"2021-01-05T12:58:03+00:00","dateModified":"2021-01-05T13:00:25+00:00","description":"Gender Karriere Brettspiel \ud83d\udd34 Tool mit Wechsel Wirkung zur Sensibilisierung f\u00fcr Frauen und M\u00e4nnern auf der Karriereleiter Gender und Karriere","breadcrumb":{"@id":"https:\/\/abo-workshop.de\/content\/gender-karriere\/#breadcrumb"},"inLanguage":"de","potentialAction":[{"@type":"ReadAction","target":["https:\/\/abo-workshop.de\/content\/gender-karriere\/"]}]},{"@type":"ImageObject","inLanguage":"de","@id":"https:\/\/abo-workshop.de\/content\/gender-karriere\/#primaryimage","url":"https:\/\/abo-workshop.de\/Bilder\/01_genderspiel.gif","contentUrl":"https:\/\/abo-workshop.de\/Bilder\/01_genderspiel.gif"},{"@type":"BreadcrumbList","@id":"https:\/\/abo-workshop.de\/content\/gender-karriere\/#breadcrumb","itemListElement":[{"@type":"ListItem","position":1,"name":"Startseite","item":"https:\/\/abo-workshop.de\/content\/"},{"@type":"ListItem","position":2,"name":"Gender Karriere"}]},{"@type":"WebSite","@id":"https:\/\/abo-workshop.de\/content\/#website","url":"https:\/\/abo-workshop.de\/content\/","name":"ABO Workshop Wirtschaftspsychologie Seminare + Coaching","description":"ABO-Workshop kollegiale Treffen zur Wirtschaftspsychologie Frankfurt + Rhein-Main","publisher":{"@id":"https:\/\/abo-workshop.de\/content\/#organization"},"potentialAction":[{"@type":"SearchAction","target":{"@type":"EntryPoint","urlTemplate":"https:\/\/abo-workshop.de\/content\/?s={search_term_string}"},"query-input":{"@type":"PropertyValueSpecification","valueRequired":true,"valueName":"search_term_string"}}],"inLanguage":"de"},{"@type":"Organization","@id":"https:\/\/abo-workshop.de\/content\/#organization","name":"ABO Workshop Wirtschaftspsychologie Seminare + Coaching","url":"https:\/\/abo-workshop.de\/content\/","logo":{"@type":"ImageObject","inLanguage":"de","@id":"https:\/\/abo-workshop.de\/content\/#\/schema\/logo\/image\/","url":"https:\/\/abo-workshop.de\/content\/wp-content\/uploads\/2020\/12\/cropped-Logo-ABO-Workshop-Rhein-Main-1.gif","contentUrl":"https:\/\/abo-workshop.de\/content\/wp-content\/uploads\/2020\/12\/cropped-Logo-ABO-Workshop-Rhein-Main-1.gif","width":348,"height":326,"caption":"ABO Workshop Wirtschaftspsychologie Seminare + Coaching"},"image":{"@id":"https:\/\/abo-workshop.de\/content\/#\/schema\/logo\/image\/"}}]}},"_links":{"self":[{"href":"https:\/\/abo-workshop.de\/content\/wp-json\/wp\/v2\/pages\/225","targetHints":{"allow":["GET"]}}],"collection":[{"href":"https:\/\/abo-workshop.de\/content\/wp-json\/wp\/v2\/pages"}],"about":[{"href":"https:\/\/abo-workshop.de\/content\/wp-json\/wp\/v2\/types\/page"}],"author":[{"embeddable":true,"href":"https:\/\/abo-workshop.de\/content\/wp-json\/wp\/v2\/users\/1"}],"replies":[{"embeddable":true,"href":"https:\/\/abo-workshop.de\/content\/wp-json\/wp\/v2\/comments?post=225"}],"version-history":[{"count":2,"href":"https:\/\/abo-workshop.de\/content\/wp-json\/wp\/v2\/pages\/225\/revisions"}],"predecessor-version":[{"id":229,"href":"https:\/\/abo-workshop.de\/content\/wp-json\/wp\/v2\/pages\/225\/revisions\/229"}],"wp:attachment":[{"href":"https:\/\/abo-workshop.de\/content\/wp-json\/wp\/v2\/media?parent=225"}],"curies":[{"name":"wp","href":"https:\/\/api.w.org\/{rel}","templated":true}]}}