{"id":235,"date":"2021-01-06T16:57:15","date_gmt":"2021-01-06T15:57:15","guid":{"rendered":"https:\/\/abo-workshop.de\/content\/?page_id=235"},"modified":"2021-01-06T16:57:24","modified_gmt":"2021-01-06T15:57:24","slug":"interkulturelle-kommunikation","status":"publish","type":"page","link":"https:\/\/abo-workshop.de\/content\/interkulturelle-kommunikation\/","title":{"rendered":"Interkulturelle Kommunikation"},"content":{"rendered":"\n<p><strong><strong>Interkulturelle Kommunikation und Zusammenarbeit<\/strong> <\/strong>ABO-Workshop am <strong>Sa 16.09.2017 von 14.00-18.00 Uhr<\/strong> Moderation Gerhard Brockschmidt\u00a0<a href=\"http:\/\/www.focus-on-synergy.de\/\" target=\"_blank\" rel=\"noreferrer noopener\">http:\/\/www.focus-on-synergy.de\/<\/a> Ort: focus-on-synergy, bei Gerhard Brockschmidt, Hainweg 10, 64297 Darmstadt<\/p>\n\n\n\n<figure class=\"wp-block-image\"><img decoding=\"async\" src=\"https:\/\/abo-workshop.de\/Bilder\/Interkulturelle-Kommunikation-abo-workshop.jpg\" alt=\"Interkulturelle Kommunikation\"\/><\/figure>\n\n\n\n<h2 class=\"wp-block-heading\">Interkulturelle Kommunikation<\/h2>\n\n\n\n<ul class=\"wp-block-list\"><li>Warum wird das Thema wichtig in letzter Zeit ?(Globalisierung, Migration)<\/li><li>Biologische Grundlagen: der Mensch, ein soziales S\u00e4ugetier<\/li><li>6 Kulturdimensionen von Geert Hofstede (Demonstration von Unterschieden anhand von:\u00a0<a href=\"https:\/\/geert-hofstede.com\/national-culture.html\">https:\/\/geert-hofstede.com\/national-culture.html<\/a>\u00a0)<\/li><li>Die unterschiedlichen Gewichtung von Beziehung (arabisch: Wasta), Loyalit\u00e4t, Expertise, Erfahrung und Leistung in der Zusammenarbeit<\/li><li>Kulturelle Unterschiede in Bezug auf Gemeinsinn, Rolle der Frau (Gender), Ehre\u00a0 und Umgang mit physischer Gewalt bei Konflikten<\/li><li>Die Rolle der Affektkontrolle (N. Elias: \u00dcber den Prozess der Zivilisation)<\/li><li>Welche Konsequenzen gibt es f\u00fcr Zusammenarbeit in internationalen Firmen (z.B. F\u00fchrungsverhalten), Bildung und Schule,\u00a0 Umgang mit Fl\u00fcchtlingen und Politik (Populismus)<\/li><\/ul>\n\n\n\n<p>Das Ganze w\u00fcrde ich anreichern mit ein paar Bildern, die ich w\u00e4hrend meiner Auslandsarbeit gemacht habe. Ein paar \u00dcbungen m\u00fcsste ich mir noch ausdenken.<br><br>Viele Gr\u00fc\u00dfe<br>Gerhard<\/p>\n\n\n\n<hr class=\"wp-block-separator\"\/>\n\n\n\n<p><strong>Interkulturelle Kommunikation<\/strong> bezeichnet den Austausch, den Dialog, die Gespr\u00e4che und generell jegliche Form von Kommunikation zwischen Kulturen und kulturell diversen Sendern und Empf\u00e4ngern.<\/p>\n\n\n\n<p><strong>Kulturelle \u00dcberschneidungen und Unterschiede<\/strong> beeinflussen die Kommunikation, den Austausch und die Zusammenarbeit bzw. Kollaboration sowohl von Einzelpersonen aus unterschiedlichen Kulturen als auch von interkulturellen Gruppen.<\/p>\n\n\n\n<p>Das interkulturelle Kommunizieren ist dabei nicht nur als rein sprachliche Interaktion von interkulturellen Sendern und Empf\u00e4ngern zu verstehen. Die <strong>interkulturelle Kommunikation umfasst vielmehr alle Facetten und kulturellen Einfl\u00fcsse<\/strong> auf die Gespr\u00e4che, den Dialog, das gegenseitige Verst\u00e4ndnis und die Interaktion im interkulturellen Setting.<\/p>\n\n\n\n<p><strong>Kultur beeinflusst als grundlegendes Orientierungssystem<\/strong> die Wahrnehmung, das Verstehen, das Denken sowie die Kommunikation der jeweiligen Kulturtr\u00e4ger und Menschen dieser Kultur. <\/p>\n\n\n\n<p><strong>Die jeweiligen Vorstellungen der Mitglieder der Kultur<\/strong>, von sich selbst und der jeweils anderen Kultur beeinflussen die Gespr\u00e4che, die Erz\u00e4hlungen, Narrative und vor allem die direkte Kommunikation und Zusammenarbeit.<\/p>\n\n\n\n<p><strong>Menschen aus einem gemeinsamen Kulturkreis sprechen oft die \u201egleiche Sprache\u201c<\/strong> und haben ein sehr \u00e4hnliches Verst\u00e4ndnis der Wirklichkeit. Zwischen den Kulturen ist das Kommunizieren stark abh\u00e4ngig von der jeweiligen Sicht auf die Welt. <\/p>\n\n\n\n<p>Die miteinander Kommunizierenden haben hier in der Regel unterschiedlich stark Zugriff auf den jeweils anderen kulturellen Wissens- und Assoziationsvorrat. Dies erschwert oft den Austausch, den Dialog und das wechselseitige Verst\u00e4ndnis.<\/p>\n\n\n\n<p>Durch <a href=\"https:\/\/www.mto-consulting.de\/Coaching.htm\">individuelles und genau abgestimmtes Coaching<\/a> kann die pers\u00f6nliche Offenheit, das <a href=\"https:\/\/www.mto-consulting.de\/Seminar-wertschaetzende-Kommunikation.html\">Kommunizieren auf Augenh\u00f6he und mit Wertsch\u00e4tzung<\/a> auch zwischen den Kulturen nachhaltig gest\u00e4rkt werden. Gerade <a href=\"https:\/\/erfolgsfaktor.de\/coaching-geschaeftsfuehrer\/schwierige-gespraeche-geschaeftsfuehrer\/\">Gesch\u00e4ftsf\u00fchrer nutzen oft Coaching um sich auf schwierige Gespr\u00e4che<\/a> optimal vorzubereiten.<\/p>\n\n\n\n<p>Die Aussage von Nitzsche gilt letztlich auch f\u00fcr den interkulturellen Bereich: \u201e<strong>Es ist noch nicht genug, eine Sache zu beweisen. Man muss die Menschen zu ihr auch noch verf\u00fchren.<\/strong>\u201c<\/p>\n\n\n\n<p>Nicht interkulturell, sondern zwischen den Geschlechtern geht es weiter beim n\u00e4chsten ABO-Workshop zum Thema <strong><a href=\"https:\/\/abo-workshop.de\/content\/gender-karriere\/\">Genderspiel Gender und Karriere: M\u00e4nner und Frauen auf der Karriereleiter<\/a><\/strong> <\/p>\n","protected":false},"excerpt":{"rendered":"<p>Interkulturelle Kommunikation und Zusammenarbeit ABO-Workshop am Sa 16.09.2017 von 14.00-18.00 Uhr Moderation Gerhard Brockschmidt\u00a0http:\/\/www.focus-on-synergy.de\/ Ort: focus-on-synergy, bei Gerhard Brockschmidt, Hainweg 10, 64297 Darmstadt Interkulturelle Kommunikation Warum wird das Thema wichtig in letzter Zeit ?(Globalisierung, Migration) Biologische Grundlagen: der Mensch, ein soziales S\u00e4ugetier 6 Kulturdimensionen von Geert Hofstede (Demonstration von Unterschieden anhand von:\u00a0https:\/\/geert-hofstede.com\/national-culture.html\u00a0) Die unterschiedlichen Gewichtung&hellip;&nbsp;<a href=\"https:\/\/abo-workshop.de\/content\/interkulturelle-kommunikation\/\" rel=\"bookmark\">Weiterlesen &raquo;<span class=\"screen-reader-text\">Interkulturelle Kommunikation<\/span><\/a><\/p>\n","protected":false},"author":1,"featured_media":0,"parent":0,"menu_order":0,"comment_status":"closed","ping_status":"closed","template":"","meta":{"neve_meta_sidebar":"","neve_meta_container":"","neve_meta_enable_content_width":"","neve_meta_content_width":0,"neve_meta_title_alignment":"","neve_meta_author_avatar":"","neve_post_elements_order":"","neve_meta_disable_header":"","neve_meta_disable_footer":"","neve_meta_disable_title":"","footnotes":""},"class_list":["post-235","page","type-page","status-publish","hentry"],"yoast_head":"<!-- This site is optimized with the Yoast SEO plugin v27.4 - https:\/\/yoast.com\/product\/yoast-seo-wordpress\/ -->\n<title>Interkulturelle Kommunikation - ABO Workshop Wirtschaftspsychologie Seminare + Coaching<\/title>\n<meta name=\"description\" content=\"Interkulturelle Kommunikation und Zusammenarbeit \ud83d\udd34 Austausch, Dialog, Verst\u00e4ndigung zwischen den Kulturen durch interkulturelle Kommunikation\" \/>\n<meta name=\"robots\" content=\"index, follow, max-snippet:-1, max-image-preview:large, max-video-preview:-1\" \/>\n<link rel=\"canonical\" href=\"https:\/\/abo-workshop.de\/content\/interkulturelle-kommunikation\/\" \/>\n<meta property=\"og:locale\" content=\"de_DE\" \/>\n<meta property=\"og:type\" content=\"article\" \/>\n<meta property=\"og:title\" content=\"Interkulturelle Kommunikation - ABO Workshop Wirtschaftspsychologie Seminare + Coaching\" \/>\n<meta property=\"og:description\" content=\"Interkulturelle Kommunikation und Zusammenarbeit \ud83d\udd34 Austausch, Dialog, Verst\u00e4ndigung zwischen den Kulturen durch interkulturelle Kommunikation\" \/>\n<meta property=\"og:url\" content=\"https:\/\/abo-workshop.de\/content\/interkulturelle-kommunikation\/\" \/>\n<meta property=\"og:site_name\" content=\"ABO Workshop Wirtschaftspsychologie Seminare + Coaching\" \/>\n<meta property=\"article:modified_time\" content=\"2021-01-06T15:57:24+00:00\" \/>\n<meta property=\"og:image\" content=\"https:\/\/abo-workshop.de\/Bilder\/Interkulturelle-Kommunikation-abo-workshop.jpg\" \/>\n<meta name=\"twitter:card\" content=\"summary_large_image\" \/>\n<meta name=\"twitter:label1\" content=\"Gesch\u00e4tzte Lesezeit\" \/>\n\t<meta name=\"twitter:data1\" content=\"2\u00a0Minuten\" \/>\n<script type=\"application\/ld+json\" class=\"yoast-schema-graph\">{\"@context\":\"https:\\\/\\\/schema.org\",\"@graph\":[{\"@type\":\"WebPage\",\"@id\":\"https:\\\/\\\/abo-workshop.de\\\/content\\\/interkulturelle-kommunikation\\\/\",\"url\":\"https:\\\/\\\/abo-workshop.de\\\/content\\\/interkulturelle-kommunikation\\\/\",\"name\":\"Interkulturelle Kommunikation - ABO Workshop Wirtschaftspsychologie Seminare + Coaching\",\"isPartOf\":{\"@id\":\"https:\\\/\\\/abo-workshop.de\\\/content\\\/#website\"},\"primaryImageOfPage\":{\"@id\":\"https:\\\/\\\/abo-workshop.de\\\/content\\\/interkulturelle-kommunikation\\\/#primaryimage\"},\"image\":{\"@id\":\"https:\\\/\\\/abo-workshop.de\\\/content\\\/interkulturelle-kommunikation\\\/#primaryimage\"},\"thumbnailUrl\":\"https:\\\/\\\/abo-workshop.de\\\/Bilder\\\/Interkulturelle-Kommunikation-abo-workshop.jpg\",\"datePublished\":\"2021-01-06T15:57:15+00:00\",\"dateModified\":\"2021-01-06T15:57:24+00:00\",\"description\":\"Interkulturelle Kommunikation und Zusammenarbeit \ud83d\udd34 Austausch, Dialog, Verst\u00e4ndigung zwischen den Kulturen durch interkulturelle Kommunikation\",\"breadcrumb\":{\"@id\":\"https:\\\/\\\/abo-workshop.de\\\/content\\\/interkulturelle-kommunikation\\\/#breadcrumb\"},\"inLanguage\":\"de\",\"potentialAction\":[{\"@type\":\"ReadAction\",\"target\":[\"https:\\\/\\\/abo-workshop.de\\\/content\\\/interkulturelle-kommunikation\\\/\"]}]},{\"@type\":\"ImageObject\",\"inLanguage\":\"de\",\"@id\":\"https:\\\/\\\/abo-workshop.de\\\/content\\\/interkulturelle-kommunikation\\\/#primaryimage\",\"url\":\"https:\\\/\\\/abo-workshop.de\\\/Bilder\\\/Interkulturelle-Kommunikation-abo-workshop.jpg\",\"contentUrl\":\"https:\\\/\\\/abo-workshop.de\\\/Bilder\\\/Interkulturelle-Kommunikation-abo-workshop.jpg\"},{\"@type\":\"BreadcrumbList\",\"@id\":\"https:\\\/\\\/abo-workshop.de\\\/content\\\/interkulturelle-kommunikation\\\/#breadcrumb\",\"itemListElement\":[{\"@type\":\"ListItem\",\"position\":1,\"name\":\"Startseite\",\"item\":\"https:\\\/\\\/abo-workshop.de\\\/content\\\/\"},{\"@type\":\"ListItem\",\"position\":2,\"name\":\"Interkulturelle Kommunikation\"}]},{\"@type\":\"WebSite\",\"@id\":\"https:\\\/\\\/abo-workshop.de\\\/content\\\/#website\",\"url\":\"https:\\\/\\\/abo-workshop.de\\\/content\\\/\",\"name\":\"ABO Workshop Wirtschaftspsychologie Seminare + Coaching\",\"description\":\"ABO-Workshop kollegiale Treffen zur Wirtschaftspsychologie Frankfurt + Rhein-Main\",\"publisher\":{\"@id\":\"https:\\\/\\\/abo-workshop.de\\\/content\\\/#organization\"},\"potentialAction\":[{\"@type\":\"SearchAction\",\"target\":{\"@type\":\"EntryPoint\",\"urlTemplate\":\"https:\\\/\\\/abo-workshop.de\\\/content\\\/?s={search_term_string}\"},\"query-input\":{\"@type\":\"PropertyValueSpecification\",\"valueRequired\":true,\"valueName\":\"search_term_string\"}}],\"inLanguage\":\"de\"},{\"@type\":\"Organization\",\"@id\":\"https:\\\/\\\/abo-workshop.de\\\/content\\\/#organization\",\"name\":\"ABO Workshop Wirtschaftspsychologie Seminare + Coaching\",\"url\":\"https:\\\/\\\/abo-workshop.de\\\/content\\\/\",\"logo\":{\"@type\":\"ImageObject\",\"inLanguage\":\"de\",\"@id\":\"https:\\\/\\\/abo-workshop.de\\\/content\\\/#\\\/schema\\\/logo\\\/image\\\/\",\"url\":\"https:\\\/\\\/abo-workshop.de\\\/content\\\/wp-content\\\/uploads\\\/2020\\\/12\\\/cropped-Logo-ABO-Workshop-Rhein-Main-1.gif\",\"contentUrl\":\"https:\\\/\\\/abo-workshop.de\\\/content\\\/wp-content\\\/uploads\\\/2020\\\/12\\\/cropped-Logo-ABO-Workshop-Rhein-Main-1.gif\",\"width\":348,\"height\":326,\"caption\":\"ABO Workshop Wirtschaftspsychologie Seminare + Coaching\"},\"image\":{\"@id\":\"https:\\\/\\\/abo-workshop.de\\\/content\\\/#\\\/schema\\\/logo\\\/image\\\/\"}}]}<\/script>\n<!-- \/ Yoast SEO plugin. -->","yoast_head_json":{"title":"Interkulturelle Kommunikation - ABO Workshop Wirtschaftspsychologie Seminare + Coaching","description":"Interkulturelle Kommunikation und Zusammenarbeit \ud83d\udd34 Austausch, Dialog, Verst\u00e4ndigung zwischen den Kulturen durch interkulturelle Kommunikation","robots":{"index":"index","follow":"follow","max-snippet":"max-snippet:-1","max-image-preview":"max-image-preview:large","max-video-preview":"max-video-preview:-1"},"canonical":"https:\/\/abo-workshop.de\/content\/interkulturelle-kommunikation\/","og_locale":"de_DE","og_type":"article","og_title":"Interkulturelle Kommunikation - ABO Workshop Wirtschaftspsychologie Seminare + Coaching","og_description":"Interkulturelle Kommunikation und Zusammenarbeit \ud83d\udd34 Austausch, Dialog, Verst\u00e4ndigung zwischen den Kulturen durch interkulturelle Kommunikation","og_url":"https:\/\/abo-workshop.de\/content\/interkulturelle-kommunikation\/","og_site_name":"ABO Workshop Wirtschaftspsychologie Seminare + Coaching","article_modified_time":"2021-01-06T15:57:24+00:00","og_image":[{"url":"https:\/\/abo-workshop.de\/Bilder\/Interkulturelle-Kommunikation-abo-workshop.jpg","type":"","width":"","height":""}],"twitter_card":"summary_large_image","twitter_misc":{"Gesch\u00e4tzte Lesezeit":"2\u00a0Minuten"},"schema":{"@context":"https:\/\/schema.org","@graph":[{"@type":"WebPage","@id":"https:\/\/abo-workshop.de\/content\/interkulturelle-kommunikation\/","url":"https:\/\/abo-workshop.de\/content\/interkulturelle-kommunikation\/","name":"Interkulturelle Kommunikation - ABO Workshop Wirtschaftspsychologie Seminare + Coaching","isPartOf":{"@id":"https:\/\/abo-workshop.de\/content\/#website"},"primaryImageOfPage":{"@id":"https:\/\/abo-workshop.de\/content\/interkulturelle-kommunikation\/#primaryimage"},"image":{"@id":"https:\/\/abo-workshop.de\/content\/interkulturelle-kommunikation\/#primaryimage"},"thumbnailUrl":"https:\/\/abo-workshop.de\/Bilder\/Interkulturelle-Kommunikation-abo-workshop.jpg","datePublished":"2021-01-06T15:57:15+00:00","dateModified":"2021-01-06T15:57:24+00:00","description":"Interkulturelle Kommunikation und Zusammenarbeit \ud83d\udd34 Austausch, Dialog, Verst\u00e4ndigung zwischen den Kulturen durch interkulturelle Kommunikation","breadcrumb":{"@id":"https:\/\/abo-workshop.de\/content\/interkulturelle-kommunikation\/#breadcrumb"},"inLanguage":"de","potentialAction":[{"@type":"ReadAction","target":["https:\/\/abo-workshop.de\/content\/interkulturelle-kommunikation\/"]}]},{"@type":"ImageObject","inLanguage":"de","@id":"https:\/\/abo-workshop.de\/content\/interkulturelle-kommunikation\/#primaryimage","url":"https:\/\/abo-workshop.de\/Bilder\/Interkulturelle-Kommunikation-abo-workshop.jpg","contentUrl":"https:\/\/abo-workshop.de\/Bilder\/Interkulturelle-Kommunikation-abo-workshop.jpg"},{"@type":"BreadcrumbList","@id":"https:\/\/abo-workshop.de\/content\/interkulturelle-kommunikation\/#breadcrumb","itemListElement":[{"@type":"ListItem","position":1,"name":"Startseite","item":"https:\/\/abo-workshop.de\/content\/"},{"@type":"ListItem","position":2,"name":"Interkulturelle Kommunikation"}]},{"@type":"WebSite","@id":"https:\/\/abo-workshop.de\/content\/#website","url":"https:\/\/abo-workshop.de\/content\/","name":"ABO Workshop Wirtschaftspsychologie Seminare + Coaching","description":"ABO-Workshop kollegiale Treffen zur Wirtschaftspsychologie Frankfurt + Rhein-Main","publisher":{"@id":"https:\/\/abo-workshop.de\/content\/#organization"},"potentialAction":[{"@type":"SearchAction","target":{"@type":"EntryPoint","urlTemplate":"https:\/\/abo-workshop.de\/content\/?s={search_term_string}"},"query-input":{"@type":"PropertyValueSpecification","valueRequired":true,"valueName":"search_term_string"}}],"inLanguage":"de"},{"@type":"Organization","@id":"https:\/\/abo-workshop.de\/content\/#organization","name":"ABO Workshop Wirtschaftspsychologie Seminare + Coaching","url":"https:\/\/abo-workshop.de\/content\/","logo":{"@type":"ImageObject","inLanguage":"de","@id":"https:\/\/abo-workshop.de\/content\/#\/schema\/logo\/image\/","url":"https:\/\/abo-workshop.de\/content\/wp-content\/uploads\/2020\/12\/cropped-Logo-ABO-Workshop-Rhein-Main-1.gif","contentUrl":"https:\/\/abo-workshop.de\/content\/wp-content\/uploads\/2020\/12\/cropped-Logo-ABO-Workshop-Rhein-Main-1.gif","width":348,"height":326,"caption":"ABO Workshop Wirtschaftspsychologie Seminare + Coaching"},"image":{"@id":"https:\/\/abo-workshop.de\/content\/#\/schema\/logo\/image\/"}}]}},"_links":{"self":[{"href":"https:\/\/abo-workshop.de\/content\/wp-json\/wp\/v2\/pages\/235","targetHints":{"allow":["GET"]}}],"collection":[{"href":"https:\/\/abo-workshop.de\/content\/wp-json\/wp\/v2\/pages"}],"about":[{"href":"https:\/\/abo-workshop.de\/content\/wp-json\/wp\/v2\/types\/page"}],"author":[{"embeddable":true,"href":"https:\/\/abo-workshop.de\/content\/wp-json\/wp\/v2\/users\/1"}],"replies":[{"embeddable":true,"href":"https:\/\/abo-workshop.de\/content\/wp-json\/wp\/v2\/comments?post=235"}],"version-history":[{"count":1,"href":"https:\/\/abo-workshop.de\/content\/wp-json\/wp\/v2\/pages\/235\/revisions"}],"predecessor-version":[{"id":236,"href":"https:\/\/abo-workshop.de\/content\/wp-json\/wp\/v2\/pages\/235\/revisions\/236"}],"wp:attachment":[{"href":"https:\/\/abo-workshop.de\/content\/wp-json\/wp\/v2\/media?parent=235"}],"curies":[{"name":"wp","href":"https:\/\/api.w.org\/{rel}","templated":true}]}}