{"id":242,"date":"2021-01-06T17:28:35","date_gmt":"2021-01-06T16:28:35","guid":{"rendered":"https:\/\/abo-workshop.de\/content\/?p=242"},"modified":"2021-01-06T17:31:20","modified_gmt":"2021-01-06T16:31:20","slug":"geschichten-stories-narrativ","status":"publish","type":"page","link":"https:\/\/abo-workshop.de\/content\/geschichten-stories-narrativ\/","title":{"rendered":"Geschichten Stories Narrativ"},"content":{"rendered":"\n<p><strong>Geschichten Stories Narrativ, wie Erz\u00e4hlung(en) und erz\u00e4hlen uns und andere beeinflusst (in + au\u00dferhalb von Unternehmen)? <\/strong>ABO-Workshop am <strong>Sa 01.04.2017 von 14.00-18.00 Uhr<\/strong> Moderation Mark Russell&nbsp;<a href=\"http:\/\/www.russell-training.de\/\" target=\"_blank\" rel=\"noreferrer noopener\">http:\/\/www.russell-training.de<\/a> Ort: focus-on-synergy, bei Gerhard Brockschmidt, Hainweg 10, 64297 Darmstadt<\/p>\n\n\n\n<figure class=\"wp-block-image\"><img decoding=\"async\" src=\"https:\/\/abo-workshop.de\/Bilder\/narrativ2.gif\" alt=\"Geschichten Stories Narrativ, wie Erz\u00e4hlung(en) und erz\u00e4hlen uns und andere beeinflusst\"\/><figcaption>Grafik: J\u00fcrgen Junker<\/figcaption><\/figure>\n\n\n\n<h2 class=\"wp-block-heading\">Geschichten Stories Narrativ<\/h2>\n\n\n\n<p><strong>Was ist ein Narrativ?<\/strong>&nbsp; Es ist ein schwierig-einfacher Begriff, halt das <strong>&#8222;Was man sich so erz\u00e4hlt&#8220;<\/strong>, um die einfachste Umschreibung ins Feld zu f\u00fchren.<\/p>\n\n\n\n<p><strong>Das einfach-schwierige am Narrativ ist<\/strong>, dass in einigen F\u00e4llen Inhalte \u00fcberliefert werden, ohne dass &#8222;Wahrheit&#8220; dahintersteckt und zugleich hei\u00dft das nicht, dass Narrativ sei grunds\u00e4tzlich unwahr.<\/p>\n\n\n\n<p><br><strong>In der Erz\u00e4hlung vermischt sich munter Alles mit Allem<\/strong>, Plausibles mit Fiktivem, Wahr und Unwahr, Einfaches mit Schwierigem. &nbsp;Zudem ver\u00e4ndert sich das Narrativ mit den Erz\u00e4hlungen st\u00e4ndig, kann dennoch zugleich in weiten Teilen extrem stabil bleiben.<\/p>\n\n\n\n<ul class=\"wp-block-list\"><li>Wer sind die Guten? Wer sind die B\u00f6sen?<\/li><li>Wer, erz\u00e4hlt, welchen Handlungsstrang, wie?<\/li><li>Welche Motive und Figuren tauchen auf?<\/li><li>Wer hat das Narrativ gestrickt? Oder stricken am Narrativ alle irgendwie mit\u2026.<\/li><\/ul>\n\n\n\n<h2 class=\"wp-block-heading\">Geschichten Stories Narrativ<\/h2>\n\n\n\n<p>In der Organisationsentwicklung, bei Projekten, in der Zusammenarbeit merkt man immer wieder, wie Narrative die Zusammenarbeit, die Kommunikation und das Verhalten der Beteiligten beeinflussen. (z.B. internationale Zusammenarbeit oder OE)<br><\/p>\n\n\n\n<h2 class=\"wp-block-heading\"><strong>Narrativ \u2013 ein zweischneidiges Schwert\u2026<\/strong><\/h2>\n\n\n\n<p>Hei\u00dfe aktuelle Themen in den Nachrichten haben oft mit Narrativen zu tun:<\/p>\n\n\n\n<ol class=\"wp-block-list\"><li>Gegen wen oder was grenzen wir uns ab? Am Beispiel von Englands Selbstbild(er) und die Auswirkungen auf den Brexit<\/li><li>\u00dcbertragbarkeit: &nbsp;Trumps \u201eMake America great again\u201d w\u00fcrde hier zu Lande lauten \u201eDeutschland wieder gro\u00df machen\u201c und anders verarbeitet werden<\/li><li>Die Macht des Narrativs: Radikalisierung durch Sinngebung und romantisches Narrativ<\/li><\/ol>\n\n\n\n<h2 class=\"wp-block-heading\">Mechanismen der Narration<\/h2>\n\n\n\n<p>Im Workshop betrachten wir die&nbsp;<strong>Mechanismen des Narrativs<\/strong> auf der Ebene des Individuums, der Gruppe und der gro\u00dfen Organisation<\/p>\n\n\n\n<ol class=\"wp-block-list\"><li>Was ist ein Narrativ und wie unterscheidet sich Narrativ von Vorurteil, sozialem Ged\u00e4chtnis und verwandten Themen<\/li><li>Welche Narrative gibt es, z.B. staatliche Verlautbarungen, Presse Meldungen, Kneipendiskussionen, Tweets<\/li><li>Wie sind Narrative strukturiert?<\/li><li>Wof\u00fcr dienen Narrative, z.B. sinnstiftend, rechtfertigend, orientierend<\/li><li>Welche Dynamik retrospektive und prospektive Dynamik (z.B. im Erkl\u00e4ren von Fu\u00dfballspielergebnissen)<\/li><\/ol>\n\n\n\n<p>Wir erarbeiten Antworten auf die Frage, wie wir als Trainer, Berater oder Coach: <strong>Narrative erkennen &#8211; Narrativen begegnen und Narrative nutzen \/ nutzen k\u00f6nnen.<\/strong><\/p>\n\n\n\n<p>Liebe Gr\u00fc\u00dfe, Mark<\/p>\n\n\n\n<hr class=\"wp-block-separator\"\/>\n\n\n\n<p>Narrative spielen auch eine Rolle in der <strong><a href=\"https:\/\/abo-workshop.de\/content\/interkulturelle-kommunikation\/\">interkulturellen Kommunikation<\/a><\/strong>, im <strong><a href=\"https:\/\/abo-workshop.de\/content\/selbstmarketing\/\">Selbstmarketing<\/a><\/strong> und im <strong><a href=\"https:\/\/www.mto-consulting.de\/Coaching.htm\">Coaching<\/a>.<\/strong>&nbsp;<\/p>\n\n\n\n<p>Machen uns bestimmte Erz\u00e4hlungen resilient und schw\u00e4chen uns andere Erz\u00e4hlungen? Der<a href=\"https:\/\/abo-workshop.de\/content\/resilienz\/\"> Workshop Resilienz<\/a> gibt Einblicke.<\/p>\n","protected":false},"excerpt":{"rendered":"<p>Geschichten Stories Narrativ, wie Erz\u00e4hlung(en) und erz\u00e4hlen uns und andere beeinflusst (in + au\u00dferhalb von Unternehmen)? ABO-Workshop am Sa 01.04.2017 von 14.00-18.00 Uhr Moderation Mark Russell&nbsp;http:\/\/www.russell-training.de Ort: focus-on-synergy, bei Gerhard Brockschmidt, Hainweg 10, 64297 Darmstadt Geschichten Stories Narrativ Was ist ein Narrativ?&nbsp; Es ist ein schwierig-einfacher Begriff, halt das &#8222;Was man sich so erz\u00e4hlt&#8220;, um&hellip;&nbsp;<a href=\"https:\/\/abo-workshop.de\/content\/geschichten-stories-narrativ\/\" rel=\"bookmark\">Weiterlesen &raquo;<span class=\"screen-reader-text\">Geschichten Stories Narrativ<\/span><\/a><\/p>\n","protected":false},"author":1,"featured_media":0,"parent":0,"menu_order":0,"comment_status":"closed","ping_status":"open","template":"","meta":{"neve_meta_sidebar":"","neve_meta_container":"","neve_meta_enable_content_width":"","neve_meta_content_width":0,"neve_meta_title_alignment":"","neve_meta_author_avatar":"","neve_post_elements_order":"","neve_meta_disable_header":"","neve_meta_disable_footer":"","neve_meta_disable_title":"","footnotes":""},"class_list":["post-242","page","type-page","status-publish","hentry"],"yoast_head":"<!-- This site is optimized with the Yoast SEO plugin v27.4 - https:\/\/yoast.com\/product\/yoast-seo-wordpress\/ -->\n<title>Geschichten Stories Narrativ - ABO Workshop Wirtschaftspsychologie Seminare + Coaching<\/title>\n<meta name=\"description\" content=\"Geschichten Stories Narrativ \ud83d\udd34 Wie Erz\u00e4hlung(en) uns und andere beeinflussen \ud83d\udd34 Psychologie, Storytelling in Organisation + Consulting\" \/>\n<meta name=\"robots\" content=\"index, follow, max-snippet:-1, max-image-preview:large, max-video-preview:-1\" \/>\n<link rel=\"canonical\" href=\"https:\/\/abo-workshop.de\/content\/geschichten-stories-narrativ\/\" \/>\n<meta property=\"og:locale\" content=\"de_DE\" \/>\n<meta property=\"og:type\" content=\"article\" \/>\n<meta property=\"og:title\" content=\"Geschichten Stories Narrativ - ABO Workshop Wirtschaftspsychologie Seminare + Coaching\" \/>\n<meta property=\"og:description\" content=\"Geschichten Stories Narrativ \ud83d\udd34 Wie Erz\u00e4hlung(en) uns und andere beeinflussen \ud83d\udd34 Psychologie, Storytelling in Organisation + Consulting\" \/>\n<meta property=\"og:url\" content=\"https:\/\/abo-workshop.de\/content\/geschichten-stories-narrativ\/\" \/>\n<meta property=\"og:site_name\" content=\"ABO Workshop Wirtschaftspsychologie Seminare + Coaching\" \/>\n<meta property=\"article:modified_time\" content=\"2021-01-06T16:31:20+00:00\" \/>\n<meta property=\"og:image\" content=\"https:\/\/abo-workshop.de\/Bilder\/narrativ2.gif\" \/>\n<meta name=\"twitter:card\" content=\"summary_large_image\" \/>\n<meta name=\"twitter:label1\" content=\"Gesch\u00e4tzte Lesezeit\" \/>\n\t<meta name=\"twitter:data1\" content=\"2\u00a0Minuten\" \/>\n<script type=\"application\/ld+json\" class=\"yoast-schema-graph\">{\"@context\":\"https:\\\/\\\/schema.org\",\"@graph\":[{\"@type\":\"WebPage\",\"@id\":\"https:\\\/\\\/abo-workshop.de\\\/content\\\/geschichten-stories-narrativ\\\/\",\"url\":\"https:\\\/\\\/abo-workshop.de\\\/content\\\/geschichten-stories-narrativ\\\/\",\"name\":\"Geschichten Stories Narrativ - ABO Workshop Wirtschaftspsychologie Seminare + Coaching\",\"isPartOf\":{\"@id\":\"https:\\\/\\\/abo-workshop.de\\\/content\\\/#website\"},\"primaryImageOfPage\":{\"@id\":\"https:\\\/\\\/abo-workshop.de\\\/content\\\/geschichten-stories-narrativ\\\/#primaryimage\"},\"image\":{\"@id\":\"https:\\\/\\\/abo-workshop.de\\\/content\\\/geschichten-stories-narrativ\\\/#primaryimage\"},\"thumbnailUrl\":\"https:\\\/\\\/abo-workshop.de\\\/Bilder\\\/narrativ2.gif\",\"datePublished\":\"2021-01-06T16:28:35+00:00\",\"dateModified\":\"2021-01-06T16:31:20+00:00\",\"description\":\"Geschichten Stories Narrativ \ud83d\udd34 Wie Erz\u00e4hlung(en) uns und andere beeinflussen \ud83d\udd34 Psychologie, Storytelling in Organisation + Consulting\",\"breadcrumb\":{\"@id\":\"https:\\\/\\\/abo-workshop.de\\\/content\\\/geschichten-stories-narrativ\\\/#breadcrumb\"},\"inLanguage\":\"de\",\"potentialAction\":[{\"@type\":\"ReadAction\",\"target\":[\"https:\\\/\\\/abo-workshop.de\\\/content\\\/geschichten-stories-narrativ\\\/\"]}]},{\"@type\":\"ImageObject\",\"inLanguage\":\"de\",\"@id\":\"https:\\\/\\\/abo-workshop.de\\\/content\\\/geschichten-stories-narrativ\\\/#primaryimage\",\"url\":\"https:\\\/\\\/abo-workshop.de\\\/Bilder\\\/narrativ2.gif\",\"contentUrl\":\"https:\\\/\\\/abo-workshop.de\\\/Bilder\\\/narrativ2.gif\"},{\"@type\":\"BreadcrumbList\",\"@id\":\"https:\\\/\\\/abo-workshop.de\\\/content\\\/geschichten-stories-narrativ\\\/#breadcrumb\",\"itemListElement\":[{\"@type\":\"ListItem\",\"position\":1,\"name\":\"Startseite\",\"item\":\"https:\\\/\\\/abo-workshop.de\\\/content\\\/\"},{\"@type\":\"ListItem\",\"position\":2,\"name\":\"Geschichten Stories Narrativ\"}]},{\"@type\":\"WebSite\",\"@id\":\"https:\\\/\\\/abo-workshop.de\\\/content\\\/#website\",\"url\":\"https:\\\/\\\/abo-workshop.de\\\/content\\\/\",\"name\":\"ABO Workshop Wirtschaftspsychologie Seminare + Coaching\",\"description\":\"ABO-Workshop kollegiale Treffen zur Wirtschaftspsychologie Frankfurt + Rhein-Main\",\"publisher\":{\"@id\":\"https:\\\/\\\/abo-workshop.de\\\/content\\\/#organization\"},\"potentialAction\":[{\"@type\":\"SearchAction\",\"target\":{\"@type\":\"EntryPoint\",\"urlTemplate\":\"https:\\\/\\\/abo-workshop.de\\\/content\\\/?s={search_term_string}\"},\"query-input\":{\"@type\":\"PropertyValueSpecification\",\"valueRequired\":true,\"valueName\":\"search_term_string\"}}],\"inLanguage\":\"de\"},{\"@type\":\"Organization\",\"@id\":\"https:\\\/\\\/abo-workshop.de\\\/content\\\/#organization\",\"name\":\"ABO Workshop Wirtschaftspsychologie Seminare + Coaching\",\"url\":\"https:\\\/\\\/abo-workshop.de\\\/content\\\/\",\"logo\":{\"@type\":\"ImageObject\",\"inLanguage\":\"de\",\"@id\":\"https:\\\/\\\/abo-workshop.de\\\/content\\\/#\\\/schema\\\/logo\\\/image\\\/\",\"url\":\"https:\\\/\\\/abo-workshop.de\\\/content\\\/wp-content\\\/uploads\\\/2020\\\/12\\\/cropped-Logo-ABO-Workshop-Rhein-Main-1.gif\",\"contentUrl\":\"https:\\\/\\\/abo-workshop.de\\\/content\\\/wp-content\\\/uploads\\\/2020\\\/12\\\/cropped-Logo-ABO-Workshop-Rhein-Main-1.gif\",\"width\":348,\"height\":326,\"caption\":\"ABO Workshop Wirtschaftspsychologie Seminare + Coaching\"},\"image\":{\"@id\":\"https:\\\/\\\/abo-workshop.de\\\/content\\\/#\\\/schema\\\/logo\\\/image\\\/\"}}]}<\/script>\n<!-- \/ Yoast SEO plugin. -->","yoast_head_json":{"title":"Geschichten Stories Narrativ - ABO Workshop Wirtschaftspsychologie Seminare + Coaching","description":"Geschichten Stories Narrativ \ud83d\udd34 Wie Erz\u00e4hlung(en) uns und andere beeinflussen \ud83d\udd34 Psychologie, Storytelling in Organisation + Consulting","robots":{"index":"index","follow":"follow","max-snippet":"max-snippet:-1","max-image-preview":"max-image-preview:large","max-video-preview":"max-video-preview:-1"},"canonical":"https:\/\/abo-workshop.de\/content\/geschichten-stories-narrativ\/","og_locale":"de_DE","og_type":"article","og_title":"Geschichten Stories Narrativ - ABO Workshop Wirtschaftspsychologie Seminare + Coaching","og_description":"Geschichten Stories Narrativ \ud83d\udd34 Wie Erz\u00e4hlung(en) uns und andere beeinflussen \ud83d\udd34 Psychologie, Storytelling in Organisation + Consulting","og_url":"https:\/\/abo-workshop.de\/content\/geschichten-stories-narrativ\/","og_site_name":"ABO Workshop Wirtschaftspsychologie Seminare + Coaching","article_modified_time":"2021-01-06T16:31:20+00:00","og_image":[{"url":"https:\/\/abo-workshop.de\/Bilder\/narrativ2.gif","type":"","width":"","height":""}],"twitter_card":"summary_large_image","twitter_misc":{"Gesch\u00e4tzte Lesezeit":"2\u00a0Minuten"},"schema":{"@context":"https:\/\/schema.org","@graph":[{"@type":"WebPage","@id":"https:\/\/abo-workshop.de\/content\/geschichten-stories-narrativ\/","url":"https:\/\/abo-workshop.de\/content\/geschichten-stories-narrativ\/","name":"Geschichten Stories Narrativ - ABO Workshop Wirtschaftspsychologie Seminare + Coaching","isPartOf":{"@id":"https:\/\/abo-workshop.de\/content\/#website"},"primaryImageOfPage":{"@id":"https:\/\/abo-workshop.de\/content\/geschichten-stories-narrativ\/#primaryimage"},"image":{"@id":"https:\/\/abo-workshop.de\/content\/geschichten-stories-narrativ\/#primaryimage"},"thumbnailUrl":"https:\/\/abo-workshop.de\/Bilder\/narrativ2.gif","datePublished":"2021-01-06T16:28:35+00:00","dateModified":"2021-01-06T16:31:20+00:00","description":"Geschichten Stories Narrativ \ud83d\udd34 Wie Erz\u00e4hlung(en) uns und andere beeinflussen \ud83d\udd34 Psychologie, Storytelling in Organisation + Consulting","breadcrumb":{"@id":"https:\/\/abo-workshop.de\/content\/geschichten-stories-narrativ\/#breadcrumb"},"inLanguage":"de","potentialAction":[{"@type":"ReadAction","target":["https:\/\/abo-workshop.de\/content\/geschichten-stories-narrativ\/"]}]},{"@type":"ImageObject","inLanguage":"de","@id":"https:\/\/abo-workshop.de\/content\/geschichten-stories-narrativ\/#primaryimage","url":"https:\/\/abo-workshop.de\/Bilder\/narrativ2.gif","contentUrl":"https:\/\/abo-workshop.de\/Bilder\/narrativ2.gif"},{"@type":"BreadcrumbList","@id":"https:\/\/abo-workshop.de\/content\/geschichten-stories-narrativ\/#breadcrumb","itemListElement":[{"@type":"ListItem","position":1,"name":"Startseite","item":"https:\/\/abo-workshop.de\/content\/"},{"@type":"ListItem","position":2,"name":"Geschichten Stories Narrativ"}]},{"@type":"WebSite","@id":"https:\/\/abo-workshop.de\/content\/#website","url":"https:\/\/abo-workshop.de\/content\/","name":"ABO Workshop Wirtschaftspsychologie Seminare + Coaching","description":"ABO-Workshop kollegiale Treffen zur Wirtschaftspsychologie Frankfurt + Rhein-Main","publisher":{"@id":"https:\/\/abo-workshop.de\/content\/#organization"},"potentialAction":[{"@type":"SearchAction","target":{"@type":"EntryPoint","urlTemplate":"https:\/\/abo-workshop.de\/content\/?s={search_term_string}"},"query-input":{"@type":"PropertyValueSpecification","valueRequired":true,"valueName":"search_term_string"}}],"inLanguage":"de"},{"@type":"Organization","@id":"https:\/\/abo-workshop.de\/content\/#organization","name":"ABO Workshop Wirtschaftspsychologie Seminare + Coaching","url":"https:\/\/abo-workshop.de\/content\/","logo":{"@type":"ImageObject","inLanguage":"de","@id":"https:\/\/abo-workshop.de\/content\/#\/schema\/logo\/image\/","url":"https:\/\/abo-workshop.de\/content\/wp-content\/uploads\/2020\/12\/cropped-Logo-ABO-Workshop-Rhein-Main-1.gif","contentUrl":"https:\/\/abo-workshop.de\/content\/wp-content\/uploads\/2020\/12\/cropped-Logo-ABO-Workshop-Rhein-Main-1.gif","width":348,"height":326,"caption":"ABO Workshop Wirtschaftspsychologie Seminare + Coaching"},"image":{"@id":"https:\/\/abo-workshop.de\/content\/#\/schema\/logo\/image\/"}}]}},"_links":{"self":[{"href":"https:\/\/abo-workshop.de\/content\/wp-json\/wp\/v2\/pages\/242","targetHints":{"allow":["GET"]}}],"collection":[{"href":"https:\/\/abo-workshop.de\/content\/wp-json\/wp\/v2\/pages"}],"about":[{"href":"https:\/\/abo-workshop.de\/content\/wp-json\/wp\/v2\/types\/page"}],"author":[{"embeddable":true,"href":"https:\/\/abo-workshop.de\/content\/wp-json\/wp\/v2\/users\/1"}],"replies":[{"embeddable":true,"href":"https:\/\/abo-workshop.de\/content\/wp-json\/wp\/v2\/comments?post=242"}],"version-history":[{"count":3,"href":"https:\/\/abo-workshop.de\/content\/wp-json\/wp\/v2\/pages\/242\/revisions"}],"predecessor-version":[{"id":262,"href":"https:\/\/abo-workshop.de\/content\/wp-json\/wp\/v2\/pages\/242\/revisions\/262"}],"wp:attachment":[{"href":"https:\/\/abo-workshop.de\/content\/wp-json\/wp\/v2\/media?parent=242"}],"curies":[{"name":"wp","href":"https:\/\/api.w.org\/{rel}","templated":true}]}}