{"id":258,"date":"2021-04-14T17:40:26","date_gmt":"2021-04-14T15:40:26","guid":{"rendered":"https:\/\/abo-workshop.de\/content\/?p=258"},"modified":"2021-04-14T17:48:06","modified_gmt":"2021-04-14T15:48:06","slug":"bilder-und-symbole","status":"publish","type":"page","link":"https:\/\/abo-workshop.de\/content\/bilder-und-symbole\/","title":{"rendered":"Bilder und Symbole :-)"},"content":{"rendered":"\n<p><strong>Bilder und Symbole \ud83d\ude42 Professionell Arbeiten mit Bildern und Symbolen \ud83d\ude42<\/strong> ABO-Workshop am <strong>Sa 17.09.2016 von 14.00-18.00 Uhr<\/strong> Moderation:&nbsp;Petra Andres, Susanne Delius und Gernot Roth Ort: Frankfurt Petra Andres&nbsp;\/\/ get up &amp; go, Moselstrasse 27, 60329 Frankfurt<\/p>\n\n\n\n<figure class=\"wp-block-image size-large\"><img decoding=\"async\" src=\"https:\/\/abo-workshop.de\/Bilder\/bilder-symbole1.jpg\" alt=\"Bilder und Symbole - Arbeiten mit Bildern und Symbolen ABO-Workshop Rhein-Main\"\/><\/figure>\n\n\n\n<h2 class=\"wp-block-heading\">Bilder und Symbole \ud83d\ude42<\/h2>\n\n\n\n<p><strong>Ein Bild sagt mehr als tausend Worte:<\/strong> Unsere wichtigsten Erinnerungen halten wir in Bildern fest. Bilder rufen in uns viel mehr wach als rein nackte versprachlichte Fakten. <\/p>\n\n\n\n<p>Beim Anblick eines Bildes werden <strong>emotionale Erinnerungen<\/strong> wach, Erfahrungen werden nicht nur gedacht, sondern auch in ihrer sinnlichen Qualit\u00e4t wieder erlebt. <\/p>\n\n\n\n<h2 class=\"wp-block-heading\">Bilder ber\u00fchren uns emotional &#8211; Symbole wirken unmittelbar<\/h2>\n\n\n\n<p><strong>Bilder ber\u00fchren uns<\/strong> damit auf allen Sinneskan\u00e4len. Auch Symbole, ob gegenst\u00e4ndlich oder als bildhaftes Zeichen, sind Sinnbilder, die viel mehr ausdr\u00fccken als Worte.<\/p>\n\n\n\n<p>Politische Diskussionen werden \u00fcber Bilder und Symbole in eine neue Dimension katapultiert, wenn diese in uns Emotionen wecken, die wir bisher nicht wahrgenommen hatten. <\/p>\n\n\n\n<p>So geschehen 2015 mit dem Foto des dreij\u00e4hrigen Aylan tot am Strand von Bodrum.&nbsp;<\/p>\n\n\n\n<p>Umgekehrt: <strong>Manche Zusammenh\u00e4nge sind schwer in Worten zu vermitteln.<\/strong> Weil sie komplex sind oder paradox oder einfach nicht gut durchdrungen. Dann kann ein Bild oder ein Symbol helfen &#8211; erlaubt dem \u201eErz\u00e4hlenden&#8220; Widerspr\u00fcche und Komplexit\u00e4t und er\u00f6ffnet dem \u201eZuh\u00f6rer\u201c Einblicke und neue Perspektiven.<\/p>\n\n\n\n<h2 class=\"wp-block-heading\">Bilder und Symbole<\/h2>\n\n\n\n<ul class=\"wp-block-list\"><li>Welche M\u00f6glichkeiten ergeben sich f\u00fcr unsere Beratungsarbeit durch den Einsatz von Bildern und Symbolen?<\/li><li>Wie k\u00f6nnen wir uns das bei unserer Arbeit nutzen?<\/li><li>Von welchen Erfahrungen k\u00f6nnen wir profitieren?<\/li><li>Welche Bilder, welche Symbole sind in welchen Situationen hilfreich?<\/li><\/ul>\n\n\n\n<h2 class=\"wp-block-heading\">Agenda ABO-Workshop<\/h2>\n\n\n\n<p>Wir wollen uns dem Thema mit einer Mischung aus theoretischem Input, Erleben und Austausch n\u00e4hern und mit ein paar konkreten Ideen und Tools im Rucksack nach Hause gehen.&nbsp; Ihr seid alle herzlich eingeladen, Eure Erfahrungen zum Thema mitzubringen.<\/p>\n\n\n\n<p>MEHR ABO-WORKSHOPS:<\/p>\n\n\n\n<p><strong>Positionierung und Selbstmarketing \u2013&nbsp;<em>Wie Du (selbst)-wirksam Deine PS maximal auf die Stra\u00dfe bringst. Positionierung und (Selbst-) Marketing von und f\u00fcr Psychologen: Ein Praxisbeispiel<\/em><\/strong><\/p>\n\n\n\n<div class=\"wp-block-buttons is-layout-flex wp-block-buttons-is-layout-flex\">\n<div class=\"wp-block-button\"><a class=\"wp-block-button__link\" href=\"https:\/\/abo-workshop.de\/content\/selbstmarketing\/\">Selbstmarketing<\/a><\/div>\n<\/div>\n\n\n\n<p><strong>Workshop besser Texten<\/strong>&nbsp;\u2013&nbsp;<strong><strong>Supertext Textworkshop: besser einfach \u2013 einfach besser&nbsp;<\/strong><\/strong><\/p>\n\n\n\n<div class=\"wp-block-buttons is-layout-flex wp-block-buttons-is-layout-flex\">\n<div class=\"wp-block-button\"><a class=\"wp-block-button__link\" href=\"https:\/\/abo-workshop.de\/content\/besser-texten\/\">besser Texten<\/a><\/div>\n<\/div>\n\n\n\n<figure class=\"wp-block-image\"><img decoding=\"async\" src=\"https:\/\/abo-workshop.de\/Bilder\/narrativ2.gif\" alt=\"Geschichten Stories Narrativ, wie Erz\u00e4hlung(en) und erz\u00e4hlen uns und andere beeinflusst\"\/><figcaption>Grafik: J\u00fcrgen Junker<\/figcaption><\/figure>\n\n\n\n<p><strong>Geschichten Stories Narrativ, wie Erz\u00e4hlung(en) und erz\u00e4hlen uns und andere beeinflusst<\/strong><\/p>\n\n\n\n<div class=\"wp-block-buttons is-layout-flex wp-block-buttons-is-layout-flex\">\n<div class=\"wp-block-button\"><a class=\"wp-block-button__link\" href=\"https:\/\/abo-workshop.de\/content\/geschichten-stories-narrativ\/\">Stories + Narrativ<\/a><\/div>\n<\/div>\n\n\n\n<hr class=\"wp-block-separator\"\/>\n\n\n\n<h3 class=\"wp-block-heading\">Visualisierung + Symbolik<\/h3>\n\n\n\n<p>Sketching, graphic recording, Sketch Notes in Meetings, der Trend zu handgemachten Visuals ist auch in <a href=\"https:\/\/www.mto-consulting.de\/Seminare-A-Z.html\">Seminaren<\/a>, <a href=\"https:\/\/www.mto-consulting.de\/Teamlabor.htm\">Team-Workshops<\/a> und beim <a href=\"https:\/\/www.mto-consulting.de\/Coaching.htm\">Coaching<\/a> angekommen.<\/p>\n\n\n\n<p>Nicht nur <a href=\"http:\/\/frauklinkig.de\/\">Urban Sketcher wie Frau Klinkig<\/a> sondern Visual Storytelling und Graphic Walls beeindrucken Meetingteilnehmer und Konferenzbesucher. <\/p>\n\n\n\n<h3 class=\"wp-block-heading\">Bilder und Symbole in Coaching und Psychotherapie<\/h3>\n\n\n\n<p>Auch in der <a href=\"https:\/\/psychologiepraxis.de\/\">Psychotherapie<\/a> wird vielf\u00e4ltig mit Visualisierungen und Veranschaulichung gearbeitet. In meiner Praxis als <a href=\"https:\/\/psychologe-aschaffenburg.eu\/\">Diplom Psychologe in Aschaffenburg<\/a> nutze ich beim Arbeiten mit Klienten\/innen mit <a href=\"https:\/\/psychologiepraxis.de\/angst\/\">Angst<\/a> und <a href=\"https:\/\/psychologiepraxis.de\/panikattacken\/\">Panikattacken<\/a>, <a href=\"https:\/\/psychologiepraxis.de\/burnout-therapie-aschaffenburg\/\">Burnout<\/a>, Depression und bei der <a href=\"https:\/\/paarprobleme.de\/\">Paarberatung<\/a> sehr oft Visualisierungen und Bildmaterialien.<\/p>\n","protected":false},"excerpt":{"rendered":"<p>Bilder und Symbole \ud83d\ude42 Professionell Arbeiten mit Bildern und Symbolen \ud83d\ude42 ABO-Workshop am Sa 17.09.2016 von 14.00-18.00 Uhr Moderation:&nbsp;Petra Andres, Susanne Delius und Gernot Roth Ort: Frankfurt Petra Andres&nbsp;\/\/ get up &amp; go, Moselstrasse 27, 60329 Frankfurt Bilder und Symbole \ud83d\ude42 Ein Bild sagt mehr als tausend Worte: Unsere wichtigsten Erinnerungen halten wir in Bildern&hellip;&nbsp;<a href=\"https:\/\/abo-workshop.de\/content\/bilder-und-symbole\/\" rel=\"bookmark\">Weiterlesen &raquo;<span class=\"screen-reader-text\">Bilder und Symbole \ud83d\ude42<\/span><\/a><\/p>\n","protected":false},"author":1,"featured_media":0,"parent":0,"menu_order":0,"comment_status":"closed","ping_status":"open","template":"","meta":{"neve_meta_sidebar":"","neve_meta_container":"","neve_meta_enable_content_width":"","neve_meta_content_width":0,"neve_meta_title_alignment":"","neve_meta_author_avatar":"","neve_post_elements_order":"","neve_meta_disable_header":"","neve_meta_disable_footer":"","neve_meta_disable_title":"","footnotes":""},"class_list":["post-258","page","type-page","status-publish","hentry"],"yoast_head":"<!-- This site is optimized with the Yoast SEO plugin v27.4 - https:\/\/yoast.com\/product\/yoast-seo-wordpress\/ -->\n<title>Bilder und Symbole :-) - ABO Workshop Wirtschaftspsychologie Seminare + Coaching<\/title>\n<meta name=\"description\" content=\"Bilder und Symbole \ud83d\udd34 ABO-Workshop Rhein-Main \ud83d\udd34 Visualisierung, Bilder und Symbole im Coaching, im Seminar und der Psychotherapie \ud83d\udd34 ;-)\" \/>\n<meta name=\"robots\" content=\"index, follow, max-snippet:-1, max-image-preview:large, max-video-preview:-1\" \/>\n<link rel=\"canonical\" href=\"https:\/\/abo-workshop.de\/content\/bilder-und-symbole\/\" \/>\n<meta property=\"og:locale\" content=\"de_DE\" \/>\n<meta property=\"og:type\" content=\"article\" \/>\n<meta property=\"og:title\" content=\"Bilder und Symbole :-) - ABO Workshop Wirtschaftspsychologie Seminare + Coaching\" \/>\n<meta property=\"og:description\" content=\"Bilder und Symbole \ud83d\udd34 ABO-Workshop Rhein-Main \ud83d\udd34 Visualisierung, Bilder und Symbole im Coaching, im Seminar und der Psychotherapie \ud83d\udd34 ;-)\" \/>\n<meta property=\"og:url\" content=\"https:\/\/abo-workshop.de\/content\/bilder-und-symbole\/\" \/>\n<meta property=\"og:site_name\" content=\"ABO Workshop Wirtschaftspsychologie Seminare + Coaching\" \/>\n<meta property=\"article:modified_time\" content=\"2021-04-14T15:48:06+00:00\" \/>\n<meta property=\"og:image\" content=\"https:\/\/abo-workshop.de\/Bilder\/bilder-symbole1.jpg\" \/>\n<meta name=\"twitter:card\" content=\"summary_large_image\" \/>\n<meta name=\"twitter:label1\" content=\"Gesch\u00e4tzte Lesezeit\" \/>\n\t<meta name=\"twitter:data1\" content=\"3\u00a0Minuten\" \/>\n<script type=\"application\/ld+json\" class=\"yoast-schema-graph\">{\"@context\":\"https:\\\/\\\/schema.org\",\"@graph\":[{\"@type\":\"WebPage\",\"@id\":\"https:\\\/\\\/abo-workshop.de\\\/content\\\/bilder-und-symbole\\\/\",\"url\":\"https:\\\/\\\/abo-workshop.de\\\/content\\\/bilder-und-symbole\\\/\",\"name\":\"Bilder und Symbole :-) - ABO Workshop Wirtschaftspsychologie Seminare + Coaching\",\"isPartOf\":{\"@id\":\"https:\\\/\\\/abo-workshop.de\\\/content\\\/#website\"},\"primaryImageOfPage\":{\"@id\":\"https:\\\/\\\/abo-workshop.de\\\/content\\\/bilder-und-symbole\\\/#primaryimage\"},\"image\":{\"@id\":\"https:\\\/\\\/abo-workshop.de\\\/content\\\/bilder-und-symbole\\\/#primaryimage\"},\"thumbnailUrl\":\"https:\\\/\\\/abo-workshop.de\\\/Bilder\\\/bilder-symbole1.jpg\",\"datePublished\":\"2021-04-14T15:40:26+00:00\",\"dateModified\":\"2021-04-14T15:48:06+00:00\",\"description\":\"Bilder und Symbole \ud83d\udd34 ABO-Workshop Rhein-Main \ud83d\udd34 Visualisierung, Bilder und Symbole im Coaching, im Seminar und der Psychotherapie \ud83d\udd34 ;-)\",\"breadcrumb\":{\"@id\":\"https:\\\/\\\/abo-workshop.de\\\/content\\\/bilder-und-symbole\\\/#breadcrumb\"},\"inLanguage\":\"de\",\"potentialAction\":[{\"@type\":\"ReadAction\",\"target\":[\"https:\\\/\\\/abo-workshop.de\\\/content\\\/bilder-und-symbole\\\/\"]}]},{\"@type\":\"ImageObject\",\"inLanguage\":\"de\",\"@id\":\"https:\\\/\\\/abo-workshop.de\\\/content\\\/bilder-und-symbole\\\/#primaryimage\",\"url\":\"https:\\\/\\\/abo-workshop.de\\\/Bilder\\\/bilder-symbole1.jpg\",\"contentUrl\":\"https:\\\/\\\/abo-workshop.de\\\/Bilder\\\/bilder-symbole1.jpg\"},{\"@type\":\"BreadcrumbList\",\"@id\":\"https:\\\/\\\/abo-workshop.de\\\/content\\\/bilder-und-symbole\\\/#breadcrumb\",\"itemListElement\":[{\"@type\":\"ListItem\",\"position\":1,\"name\":\"Startseite\",\"item\":\"https:\\\/\\\/abo-workshop.de\\\/content\\\/\"},{\"@type\":\"ListItem\",\"position\":2,\"name\":\"Bilder und Symbole :-)\"}]},{\"@type\":\"WebSite\",\"@id\":\"https:\\\/\\\/abo-workshop.de\\\/content\\\/#website\",\"url\":\"https:\\\/\\\/abo-workshop.de\\\/content\\\/\",\"name\":\"ABO Workshop Wirtschaftspsychologie Seminare + Coaching\",\"description\":\"ABO-Workshop kollegiale Treffen zur Wirtschaftspsychologie Frankfurt + Rhein-Main\",\"publisher\":{\"@id\":\"https:\\\/\\\/abo-workshop.de\\\/content\\\/#organization\"},\"potentialAction\":[{\"@type\":\"SearchAction\",\"target\":{\"@type\":\"EntryPoint\",\"urlTemplate\":\"https:\\\/\\\/abo-workshop.de\\\/content\\\/?s={search_term_string}\"},\"query-input\":{\"@type\":\"PropertyValueSpecification\",\"valueRequired\":true,\"valueName\":\"search_term_string\"}}],\"inLanguage\":\"de\"},{\"@type\":\"Organization\",\"@id\":\"https:\\\/\\\/abo-workshop.de\\\/content\\\/#organization\",\"name\":\"ABO Workshop Wirtschaftspsychologie Seminare + Coaching\",\"url\":\"https:\\\/\\\/abo-workshop.de\\\/content\\\/\",\"logo\":{\"@type\":\"ImageObject\",\"inLanguage\":\"de\",\"@id\":\"https:\\\/\\\/abo-workshop.de\\\/content\\\/#\\\/schema\\\/logo\\\/image\\\/\",\"url\":\"https:\\\/\\\/abo-workshop.de\\\/content\\\/wp-content\\\/uploads\\\/2020\\\/12\\\/cropped-Logo-ABO-Workshop-Rhein-Main-1.gif\",\"contentUrl\":\"https:\\\/\\\/abo-workshop.de\\\/content\\\/wp-content\\\/uploads\\\/2020\\\/12\\\/cropped-Logo-ABO-Workshop-Rhein-Main-1.gif\",\"width\":348,\"height\":326,\"caption\":\"ABO Workshop Wirtschaftspsychologie Seminare + Coaching\"},\"image\":{\"@id\":\"https:\\\/\\\/abo-workshop.de\\\/content\\\/#\\\/schema\\\/logo\\\/image\\\/\"}}]}<\/script>\n<!-- \/ Yoast SEO plugin. -->","yoast_head_json":{"title":"Bilder und Symbole :-) - ABO Workshop Wirtschaftspsychologie Seminare + Coaching","description":"Bilder und Symbole \ud83d\udd34 ABO-Workshop Rhein-Main \ud83d\udd34 Visualisierung, Bilder und Symbole im Coaching, im Seminar und der Psychotherapie \ud83d\udd34 ;-)","robots":{"index":"index","follow":"follow","max-snippet":"max-snippet:-1","max-image-preview":"max-image-preview:large","max-video-preview":"max-video-preview:-1"},"canonical":"https:\/\/abo-workshop.de\/content\/bilder-und-symbole\/","og_locale":"de_DE","og_type":"article","og_title":"Bilder und Symbole :-) - ABO Workshop Wirtschaftspsychologie Seminare + Coaching","og_description":"Bilder und Symbole \ud83d\udd34 ABO-Workshop Rhein-Main \ud83d\udd34 Visualisierung, Bilder und Symbole im Coaching, im Seminar und der Psychotherapie \ud83d\udd34 ;-)","og_url":"https:\/\/abo-workshop.de\/content\/bilder-und-symbole\/","og_site_name":"ABO Workshop Wirtschaftspsychologie Seminare + Coaching","article_modified_time":"2021-04-14T15:48:06+00:00","og_image":[{"url":"https:\/\/abo-workshop.de\/Bilder\/bilder-symbole1.jpg","type":"","width":"","height":""}],"twitter_card":"summary_large_image","twitter_misc":{"Gesch\u00e4tzte Lesezeit":"3\u00a0Minuten"},"schema":{"@context":"https:\/\/schema.org","@graph":[{"@type":"WebPage","@id":"https:\/\/abo-workshop.de\/content\/bilder-und-symbole\/","url":"https:\/\/abo-workshop.de\/content\/bilder-und-symbole\/","name":"Bilder und Symbole :-) - ABO Workshop Wirtschaftspsychologie Seminare + Coaching","isPartOf":{"@id":"https:\/\/abo-workshop.de\/content\/#website"},"primaryImageOfPage":{"@id":"https:\/\/abo-workshop.de\/content\/bilder-und-symbole\/#primaryimage"},"image":{"@id":"https:\/\/abo-workshop.de\/content\/bilder-und-symbole\/#primaryimage"},"thumbnailUrl":"https:\/\/abo-workshop.de\/Bilder\/bilder-symbole1.jpg","datePublished":"2021-04-14T15:40:26+00:00","dateModified":"2021-04-14T15:48:06+00:00","description":"Bilder und Symbole \ud83d\udd34 ABO-Workshop Rhein-Main \ud83d\udd34 Visualisierung, Bilder und Symbole im Coaching, im Seminar und der Psychotherapie \ud83d\udd34 ;-)","breadcrumb":{"@id":"https:\/\/abo-workshop.de\/content\/bilder-und-symbole\/#breadcrumb"},"inLanguage":"de","potentialAction":[{"@type":"ReadAction","target":["https:\/\/abo-workshop.de\/content\/bilder-und-symbole\/"]}]},{"@type":"ImageObject","inLanguage":"de","@id":"https:\/\/abo-workshop.de\/content\/bilder-und-symbole\/#primaryimage","url":"https:\/\/abo-workshop.de\/Bilder\/bilder-symbole1.jpg","contentUrl":"https:\/\/abo-workshop.de\/Bilder\/bilder-symbole1.jpg"},{"@type":"BreadcrumbList","@id":"https:\/\/abo-workshop.de\/content\/bilder-und-symbole\/#breadcrumb","itemListElement":[{"@type":"ListItem","position":1,"name":"Startseite","item":"https:\/\/abo-workshop.de\/content\/"},{"@type":"ListItem","position":2,"name":"Bilder und Symbole :-)"}]},{"@type":"WebSite","@id":"https:\/\/abo-workshop.de\/content\/#website","url":"https:\/\/abo-workshop.de\/content\/","name":"ABO Workshop Wirtschaftspsychologie Seminare + Coaching","description":"ABO-Workshop kollegiale Treffen zur Wirtschaftspsychologie Frankfurt + Rhein-Main","publisher":{"@id":"https:\/\/abo-workshop.de\/content\/#organization"},"potentialAction":[{"@type":"SearchAction","target":{"@type":"EntryPoint","urlTemplate":"https:\/\/abo-workshop.de\/content\/?s={search_term_string}"},"query-input":{"@type":"PropertyValueSpecification","valueRequired":true,"valueName":"search_term_string"}}],"inLanguage":"de"},{"@type":"Organization","@id":"https:\/\/abo-workshop.de\/content\/#organization","name":"ABO Workshop Wirtschaftspsychologie Seminare + Coaching","url":"https:\/\/abo-workshop.de\/content\/","logo":{"@type":"ImageObject","inLanguage":"de","@id":"https:\/\/abo-workshop.de\/content\/#\/schema\/logo\/image\/","url":"https:\/\/abo-workshop.de\/content\/wp-content\/uploads\/2020\/12\/cropped-Logo-ABO-Workshop-Rhein-Main-1.gif","contentUrl":"https:\/\/abo-workshop.de\/content\/wp-content\/uploads\/2020\/12\/cropped-Logo-ABO-Workshop-Rhein-Main-1.gif","width":348,"height":326,"caption":"ABO Workshop Wirtschaftspsychologie Seminare + Coaching"},"image":{"@id":"https:\/\/abo-workshop.de\/content\/#\/schema\/logo\/image\/"}}]}},"_links":{"self":[{"href":"https:\/\/abo-workshop.de\/content\/wp-json\/wp\/v2\/pages\/258","targetHints":{"allow":["GET"]}}],"collection":[{"href":"https:\/\/abo-workshop.de\/content\/wp-json\/wp\/v2\/pages"}],"about":[{"href":"https:\/\/abo-workshop.de\/content\/wp-json\/wp\/v2\/types\/page"}],"author":[{"embeddable":true,"href":"https:\/\/abo-workshop.de\/content\/wp-json\/wp\/v2\/users\/1"}],"replies":[{"embeddable":true,"href":"https:\/\/abo-workshop.de\/content\/wp-json\/wp\/v2\/comments?post=258"}],"version-history":[{"count":5,"href":"https:\/\/abo-workshop.de\/content\/wp-json\/wp\/v2\/pages\/258\/revisions"}],"predecessor-version":[{"id":266,"href":"https:\/\/abo-workshop.de\/content\/wp-json\/wp\/v2\/pages\/258\/revisions\/266"}],"wp:attachment":[{"href":"https:\/\/abo-workshop.de\/content\/wp-json\/wp\/v2\/media?parent=258"}],"curies":[{"name":"wp","href":"https:\/\/api.w.org\/{rel}","templated":true}]}}