{"id":273,"date":"2021-04-14T18:10:16","date_gmt":"2021-04-14T16:10:16","guid":{"rendered":"https:\/\/abo-workshop.de\/content\/?page_id=273"},"modified":"2021-04-15T11:43:26","modified_gmt":"2021-04-15T09:43:26","slug":"persoenlichkeitstests","status":"publish","type":"page","link":"https:\/\/abo-workshop.de\/content\/persoenlichkeitstests\/","title":{"rendered":"Pers\u00f6nlichkeitstests"},"content":{"rendered":"\n<div class=\"wp-block-columns is-layout-flex wp-container-core-columns-is-layout-9d6595d7 wp-block-columns-is-layout-flex\">\n<div class=\"wp-block-column is-layout-flow wp-block-column-is-layout-flow\" style=\"flex-basis:100%\">\n<p><strong>Pers\u00f6nlichkeitstests<\/strong> &#8211; <strong>Sinn + Unsinn<\/strong> ABO-Workshop am <strong>Sa 16.01.2016&nbsp;<\/strong>von 14.00-18.00 Uhr Moderation: Christof Fertsch-R\u00f6ver und Matthias Wei\u00dfenborn Ort: Praxis Holger Lange, Sophienstr. 29, 60487 Frankfurt Bockenheim<\/p>\n<\/div>\n<\/div>\n\n\n\n<figure class=\"wp-block-image size-large\"><img decoding=\"async\" src=\"https:\/\/abo-workshop.de\/Bilder\/Sinn-unsinn-01.jpg\" alt=\"Pers\u00f6nlichkeitstests ABO-Workshop Rhein-Main\"\/><figcaption>Grafik: J\u00fcrgen Junker<\/figcaption><\/figure>\n\n\n\n<h2 class=\"wp-block-heading\">Pers\u00f6nlichkeitstests<\/h2>\n\n\n\n<p>Psychologische Tests zur Erfassung der Pers\u00f6nlichkeit oder von Pers\u00f6nlichkeitseigenschaften, Traits und Pers\u00f6nlichkeitsfacetten gibt es eine ganze Reihe.<\/p>\n\n\n\n<h2 class=\"wp-block-heading\">Agenda Pers\u00f6nlichkeitstests<\/h2>\n\n\n\n<p>Ein paar Stichworte zum angedachten Inhalt:<br>_ Kurzer \u00dcberblick Arten von Pers\u00f6nlichkeitstests<br>_ typische Entwicklungsans\u00e4tze, Kennziffern, Qualit\u00e4tsmerkmale<br>_ 3 \u2013 5 der g\u00e4ngigsten Pers\u00f6nlichkeitstests und ihre Einsatzbereiche<br>_ TN-Erfahrungen mit Pers\u00f6nlichkeitstests<br>_ Erfahrungsaustausch \u00fcber Anwendungsbereiche, Grenzen<br>_ Erwartungen der Auftraggeber + Klienten<\/p>\n\n\n\n<h2 class=\"wp-block-heading\">Arten von Pers\u00f6nlichkeitstests<\/h2>\n\n\n\n<p>Da es beim letzten Mal einige Bef\u00fcrworter und einige Kritiker gab, k\u00f6nnte man die Diskussion z.B. in einer Pro und Contra Rollenverteilung machen<br>Evtl. einen Test selber ausf\u00fcllen lassen und auswerten (aus Kosten- und Zeitfragen wahrscheinlich eher nicht); alternativ vielleicht ein Fallbeispiel (anonymisiert)<\/p>\n\n\n\n<p>Zur Auflockerung ein paar besonders schwachsinnige (oder einzelne Items)<\/p>\n\n\n\n<h2 class=\"wp-block-heading\">Feedback Pers\u00f6nlichkeitstests<\/h2>\n\n\n\n<p>Was ist wichtig beim Feedbackprozess und andere Rahmenbedingungen<\/p>\n\n\n\n<p>Damit h\u00e4ttest Du schon etwas Futter f\u00fcr die Ank\u00fcndigung&#8230;. und die M\u00f6glichkeit Interesse f\u00fcr das Thema zu wecken&#8230;&#8230;<\/p>\n\n\n\n<p>Viele Gr\u00fc\u00dfe<\/p>\n\n\n\n<p>Christof Fertsch-R\u00f6ver und Matthias Wei\u00dfenborn<\/p>\n\n\n\n<p>WEITERE ABO-WORKSHOPS:<\/p>\n\n\n\n<p><strong>Selbstf\u00fchrung und self-leadership der Anfang oder das Ende der F\u00fchrung?<\/strong>\u00a0<strong>WER SICH SELBST F\u00dcHRT BRAUCHT KEINE F\u00dcHRUNG<\/strong>\u00a0<\/p>\n\n\n\n<div class=\"wp-block-buttons is-layout-flex wp-block-buttons-is-layout-flex\">\n<div class=\"wp-block-button\"><a class=\"wp-block-button__link\" href=\"https:\/\/abo-workshop.de\/content\/selbstfuehrung\/\">Selbstf\u00fchrung<\/a><\/div>\n<\/div>\n\n\n\n<p><strong><strong>Window on Work Values \u2013 Werte vs. unethisches Verhalten<\/strong>\u00a0<\/strong><\/p>\n\n\n\n<div class=\"wp-block-buttons is-layout-flex wp-block-buttons-is-layout-flex\">\n<div class=\"wp-block-button\"><a class=\"wp-block-button__link\" href=\"https:\/\/abo-workshop.de\/content\/work-values\/\">Work Values<\/a><\/div>\n<\/div>\n\n\n\n<hr class=\"wp-block-separator\"\/>\n\n\n\n<h2 class=\"wp-block-heading\">Pers\u00f6nlichkeit<\/h2>\n\n\n\n<p><strong>Pers\u00f6nlichkeit<\/strong>\u00a0ist abgeleitet vom Begriff der &#8222;Person&#8220; dem Menschen \/ das menschliches Wesen mit all seinen inneren und \u00e4u\u00dferen Eigenschaften. Der Begriff der Pers\u00f6nlichkeit bezieht sich somit auf die Individualit\u00e4t jedes einzelnen Menschen und den individuell ausgepr\u00e4gten Charaktereigenschaften. <\/p>\n\n\n\n<p>Beim Pers\u00f6nlichkeitsbegriff geht es um immer um die Frage, <strong>welche psychischen Eigenschaften unterscheiden Menschen<\/strong> als Individuen oder Gruppen von Individuen voneinander?<\/p>\n\n\n\n<p>W\u00e4hrend die Pers\u00f6nlichkeit eher umfassend verstanden werden kann, beziehen sich die <strong>historischen Vorl\u00e4uferkonzepte<\/strong> des <strong>Charakters<\/strong> und des <strong>Temperaments<\/strong> (Temperamentlehre) auf Teilaspekte und haben oft eine spezifische Schwerpunktsetzung.<\/p>\n\n\n\n<h3 class=\"wp-block-heading\">Pers\u00f6nlichkeit als Konstrukt<\/h3>\n\n\n\n<p>In der Psychologie wird die <strong>Pers\u00f6nlichkeit als Konstrukt<\/strong> angesehen, d.h. es ist ein von der wissenschaftlichen Psychologie konstruierter Forschungsgegenstand. Pers\u00f6nlichkeit wird \u00fcber alle psychologischen Schulen hinweg als &#8222;<strong>Beschreibungsversuch der wesentlichen Eigenschaften  einer Person<\/strong>&#8220; angesehen. <\/p>\n\n\n\n<p>Betrachtet man einzelne Pers\u00f6nlichkeitsinventare ist es wichtig die Frage nach dem <strong>Zweck der Beschreibung der Pers\u00f6nlichkeit <\/strong>zu fragen bzw. dem damit verbundenen Testinteresse. Oft hat der Zweck des Tests einen entscheidenden Einfluss darauf, wie der Pers\u00f6nlichkeitsfragebogen konzipiert, evaluiert, angewendet und interpretiert wird.<\/p>\n\n\n\n<h3 class=\"wp-block-heading\">Was erfasst der Pers\u00f6nlichkeitstest?<\/h3>\n\n\n\n<p>Der Test erfasst also nicht die Pers\u00f6nlichkeit, sondern je nach Zweck und Anliegen der Testung nur bestimmte Aspekte aus einem bestimmten Blickwinkel, mit einer mehr oder weniger deutlichen Intention.<\/p>\n\n\n\n<h3 class=\"wp-block-heading\">Pers\u00f6nlichkeitsinventare im Coaching<\/h3>\n\n\n\n<p>Machen Pers\u00f6nlichkeitstests im <a href=\"https:\/\/www.mto-consulting.de\/Coaching.htm\">Coaching<\/a> oder im <a href=\"https:\/\/www.mto-consulting.de\/Seminare-A-Z.html\">Seminar<\/a> Sinn? Diese Frage l\u00e4sst sich pauschal nicht einfach beantworten. Je nach<a href=\"https:\/\/www.mto-consulting.de\/Coaching.htm\"> Anliegen und Zweck des Coaching<\/a> bzw. je nach Zielstellung der <a href=\"https:\/\/www.mto-consulting.de\/Personality-4-Professionals.htm\">Pers\u00f6nlichkeitsentwicklung und Pers\u00f6nlichkeitstraining<\/a>.<\/p>\n","protected":false},"excerpt":{"rendered":"<p>Pers\u00f6nlichkeitstests &#8211; Sinn + Unsinn ABO-Workshop am Sa 16.01.2016&nbsp;von 14.00-18.00 Uhr Moderation: Christof Fertsch-R\u00f6ver und Matthias Wei\u00dfenborn Ort: Praxis Holger Lange, Sophienstr. 29, 60487 Frankfurt Bockenheim Pers\u00f6nlichkeitstests Psychologische Tests zur Erfassung der Pers\u00f6nlichkeit oder von Pers\u00f6nlichkeitseigenschaften, Traits und Pers\u00f6nlichkeitsfacetten gibt es eine ganze Reihe. Agenda Pers\u00f6nlichkeitstests Ein paar Stichworte zum angedachten Inhalt:_ Kurzer \u00dcberblick Arten&hellip;&nbsp;<a href=\"https:\/\/abo-workshop.de\/content\/persoenlichkeitstests\/\" rel=\"bookmark\">Weiterlesen &raquo;<span class=\"screen-reader-text\">Pers\u00f6nlichkeitstests<\/span><\/a><\/p>\n","protected":false},"author":1,"featured_media":0,"parent":0,"menu_order":0,"comment_status":"closed","ping_status":"closed","template":"","meta":{"neve_meta_sidebar":"","neve_meta_container":"","neve_meta_enable_content_width":"","neve_meta_content_width":0,"neve_meta_title_alignment":"","neve_meta_author_avatar":"","neve_post_elements_order":"","neve_meta_disable_header":"","neve_meta_disable_footer":"","neve_meta_disable_title":"","footnotes":""},"class_list":["post-273","page","type-page","status-publish","hentry"],"yoast_head":"<!-- This site is optimized with the Yoast SEO plugin v27.4 - https:\/\/yoast.com\/product\/yoast-seo-wordpress\/ -->\n<title>Pers\u00f6nlichkeitstests - ABO Workshop Wirtschaftspsychologie Seminare + Coaching<\/title>\n<meta name=\"description\" content=\"Pers\u00f6nlichkeitstests \ud83d\udd34 ABO-Workshop Pers\u00f6nlichkeit psychologische Tests, Assessment und Diagnostik mit Pers\u00f6nlichkeitstests \ud83d\udd34\" \/>\n<meta name=\"robots\" content=\"index, follow, max-snippet:-1, max-image-preview:large, max-video-preview:-1\" \/>\n<link rel=\"canonical\" href=\"https:\/\/abo-workshop.de\/content\/persoenlichkeitstests\/\" \/>\n<meta property=\"og:locale\" content=\"de_DE\" \/>\n<meta property=\"og:type\" content=\"article\" \/>\n<meta property=\"og:title\" content=\"Pers\u00f6nlichkeitstests - ABO Workshop Wirtschaftspsychologie Seminare + Coaching\" \/>\n<meta property=\"og:description\" content=\"Pers\u00f6nlichkeitstests \ud83d\udd34 ABO-Workshop Pers\u00f6nlichkeit psychologische Tests, Assessment und Diagnostik mit Pers\u00f6nlichkeitstests \ud83d\udd34\" \/>\n<meta property=\"og:url\" content=\"https:\/\/abo-workshop.de\/content\/persoenlichkeitstests\/\" \/>\n<meta property=\"og:site_name\" content=\"ABO Workshop Wirtschaftspsychologie Seminare + Coaching\" \/>\n<meta property=\"article:modified_time\" content=\"2021-04-15T09:43:26+00:00\" \/>\n<meta property=\"og:image\" content=\"https:\/\/abo-workshop.de\/Bilder\/Sinn-unsinn-01.jpg\" \/>\n<meta name=\"twitter:card\" content=\"summary_large_image\" \/>\n<meta name=\"twitter:label1\" content=\"Gesch\u00e4tzte Lesezeit\" \/>\n\t<meta name=\"twitter:data1\" content=\"3\u00a0Minuten\" \/>\n<script type=\"application\/ld+json\" class=\"yoast-schema-graph\">{\"@context\":\"https:\\\/\\\/schema.org\",\"@graph\":[{\"@type\":\"WebPage\",\"@id\":\"https:\\\/\\\/abo-workshop.de\\\/content\\\/persoenlichkeitstests\\\/\",\"url\":\"https:\\\/\\\/abo-workshop.de\\\/content\\\/persoenlichkeitstests\\\/\",\"name\":\"Pers\u00f6nlichkeitstests - ABO Workshop Wirtschaftspsychologie Seminare + Coaching\",\"isPartOf\":{\"@id\":\"https:\\\/\\\/abo-workshop.de\\\/content\\\/#website\"},\"primaryImageOfPage\":{\"@id\":\"https:\\\/\\\/abo-workshop.de\\\/content\\\/persoenlichkeitstests\\\/#primaryimage\"},\"image\":{\"@id\":\"https:\\\/\\\/abo-workshop.de\\\/content\\\/persoenlichkeitstests\\\/#primaryimage\"},\"thumbnailUrl\":\"https:\\\/\\\/abo-workshop.de\\\/Bilder\\\/Sinn-unsinn-01.jpg\",\"datePublished\":\"2021-04-14T16:10:16+00:00\",\"dateModified\":\"2021-04-15T09:43:26+00:00\",\"description\":\"Pers\u00f6nlichkeitstests \ud83d\udd34 ABO-Workshop Pers\u00f6nlichkeit psychologische Tests, Assessment und Diagnostik mit Pers\u00f6nlichkeitstests \ud83d\udd34\",\"breadcrumb\":{\"@id\":\"https:\\\/\\\/abo-workshop.de\\\/content\\\/persoenlichkeitstests\\\/#breadcrumb\"},\"inLanguage\":\"de\",\"potentialAction\":[{\"@type\":\"ReadAction\",\"target\":[\"https:\\\/\\\/abo-workshop.de\\\/content\\\/persoenlichkeitstests\\\/\"]}]},{\"@type\":\"ImageObject\",\"inLanguage\":\"de\",\"@id\":\"https:\\\/\\\/abo-workshop.de\\\/content\\\/persoenlichkeitstests\\\/#primaryimage\",\"url\":\"https:\\\/\\\/abo-workshop.de\\\/Bilder\\\/Sinn-unsinn-01.jpg\",\"contentUrl\":\"https:\\\/\\\/abo-workshop.de\\\/Bilder\\\/Sinn-unsinn-01.jpg\"},{\"@type\":\"BreadcrumbList\",\"@id\":\"https:\\\/\\\/abo-workshop.de\\\/content\\\/persoenlichkeitstests\\\/#breadcrumb\",\"itemListElement\":[{\"@type\":\"ListItem\",\"position\":1,\"name\":\"Startseite\",\"item\":\"https:\\\/\\\/abo-workshop.de\\\/content\\\/\"},{\"@type\":\"ListItem\",\"position\":2,\"name\":\"Pers\u00f6nlichkeitstests\"}]},{\"@type\":\"WebSite\",\"@id\":\"https:\\\/\\\/abo-workshop.de\\\/content\\\/#website\",\"url\":\"https:\\\/\\\/abo-workshop.de\\\/content\\\/\",\"name\":\"ABO Workshop Wirtschaftspsychologie Seminare + Coaching\",\"description\":\"ABO-Workshop kollegiale Treffen zur Wirtschaftspsychologie Frankfurt + Rhein-Main\",\"publisher\":{\"@id\":\"https:\\\/\\\/abo-workshop.de\\\/content\\\/#organization\"},\"potentialAction\":[{\"@type\":\"SearchAction\",\"target\":{\"@type\":\"EntryPoint\",\"urlTemplate\":\"https:\\\/\\\/abo-workshop.de\\\/content\\\/?s={search_term_string}\"},\"query-input\":{\"@type\":\"PropertyValueSpecification\",\"valueRequired\":true,\"valueName\":\"search_term_string\"}}],\"inLanguage\":\"de\"},{\"@type\":\"Organization\",\"@id\":\"https:\\\/\\\/abo-workshop.de\\\/content\\\/#organization\",\"name\":\"ABO Workshop Wirtschaftspsychologie Seminare + Coaching\",\"url\":\"https:\\\/\\\/abo-workshop.de\\\/content\\\/\",\"logo\":{\"@type\":\"ImageObject\",\"inLanguage\":\"de\",\"@id\":\"https:\\\/\\\/abo-workshop.de\\\/content\\\/#\\\/schema\\\/logo\\\/image\\\/\",\"url\":\"https:\\\/\\\/abo-workshop.de\\\/content\\\/wp-content\\\/uploads\\\/2020\\\/12\\\/cropped-Logo-ABO-Workshop-Rhein-Main-1.gif\",\"contentUrl\":\"https:\\\/\\\/abo-workshop.de\\\/content\\\/wp-content\\\/uploads\\\/2020\\\/12\\\/cropped-Logo-ABO-Workshop-Rhein-Main-1.gif\",\"width\":348,\"height\":326,\"caption\":\"ABO Workshop Wirtschaftspsychologie Seminare + Coaching\"},\"image\":{\"@id\":\"https:\\\/\\\/abo-workshop.de\\\/content\\\/#\\\/schema\\\/logo\\\/image\\\/\"}}]}<\/script>\n<!-- \/ Yoast SEO plugin. -->","yoast_head_json":{"title":"Pers\u00f6nlichkeitstests - ABO Workshop Wirtschaftspsychologie Seminare + Coaching","description":"Pers\u00f6nlichkeitstests \ud83d\udd34 ABO-Workshop Pers\u00f6nlichkeit psychologische Tests, Assessment und Diagnostik mit Pers\u00f6nlichkeitstests \ud83d\udd34","robots":{"index":"index","follow":"follow","max-snippet":"max-snippet:-1","max-image-preview":"max-image-preview:large","max-video-preview":"max-video-preview:-1"},"canonical":"https:\/\/abo-workshop.de\/content\/persoenlichkeitstests\/","og_locale":"de_DE","og_type":"article","og_title":"Pers\u00f6nlichkeitstests - ABO Workshop Wirtschaftspsychologie Seminare + Coaching","og_description":"Pers\u00f6nlichkeitstests \ud83d\udd34 ABO-Workshop Pers\u00f6nlichkeit psychologische Tests, Assessment und Diagnostik mit Pers\u00f6nlichkeitstests \ud83d\udd34","og_url":"https:\/\/abo-workshop.de\/content\/persoenlichkeitstests\/","og_site_name":"ABO Workshop Wirtschaftspsychologie Seminare + Coaching","article_modified_time":"2021-04-15T09:43:26+00:00","og_image":[{"url":"https:\/\/abo-workshop.de\/Bilder\/Sinn-unsinn-01.jpg","type":"","width":"","height":""}],"twitter_card":"summary_large_image","twitter_misc":{"Gesch\u00e4tzte Lesezeit":"3\u00a0Minuten"},"schema":{"@context":"https:\/\/schema.org","@graph":[{"@type":"WebPage","@id":"https:\/\/abo-workshop.de\/content\/persoenlichkeitstests\/","url":"https:\/\/abo-workshop.de\/content\/persoenlichkeitstests\/","name":"Pers\u00f6nlichkeitstests - ABO Workshop Wirtschaftspsychologie Seminare + Coaching","isPartOf":{"@id":"https:\/\/abo-workshop.de\/content\/#website"},"primaryImageOfPage":{"@id":"https:\/\/abo-workshop.de\/content\/persoenlichkeitstests\/#primaryimage"},"image":{"@id":"https:\/\/abo-workshop.de\/content\/persoenlichkeitstests\/#primaryimage"},"thumbnailUrl":"https:\/\/abo-workshop.de\/Bilder\/Sinn-unsinn-01.jpg","datePublished":"2021-04-14T16:10:16+00:00","dateModified":"2021-04-15T09:43:26+00:00","description":"Pers\u00f6nlichkeitstests \ud83d\udd34 ABO-Workshop Pers\u00f6nlichkeit psychologische Tests, Assessment und Diagnostik mit Pers\u00f6nlichkeitstests \ud83d\udd34","breadcrumb":{"@id":"https:\/\/abo-workshop.de\/content\/persoenlichkeitstests\/#breadcrumb"},"inLanguage":"de","potentialAction":[{"@type":"ReadAction","target":["https:\/\/abo-workshop.de\/content\/persoenlichkeitstests\/"]}]},{"@type":"ImageObject","inLanguage":"de","@id":"https:\/\/abo-workshop.de\/content\/persoenlichkeitstests\/#primaryimage","url":"https:\/\/abo-workshop.de\/Bilder\/Sinn-unsinn-01.jpg","contentUrl":"https:\/\/abo-workshop.de\/Bilder\/Sinn-unsinn-01.jpg"},{"@type":"BreadcrumbList","@id":"https:\/\/abo-workshop.de\/content\/persoenlichkeitstests\/#breadcrumb","itemListElement":[{"@type":"ListItem","position":1,"name":"Startseite","item":"https:\/\/abo-workshop.de\/content\/"},{"@type":"ListItem","position":2,"name":"Pers\u00f6nlichkeitstests"}]},{"@type":"WebSite","@id":"https:\/\/abo-workshop.de\/content\/#website","url":"https:\/\/abo-workshop.de\/content\/","name":"ABO Workshop Wirtschaftspsychologie Seminare + Coaching","description":"ABO-Workshop kollegiale Treffen zur Wirtschaftspsychologie Frankfurt + Rhein-Main","publisher":{"@id":"https:\/\/abo-workshop.de\/content\/#organization"},"potentialAction":[{"@type":"SearchAction","target":{"@type":"EntryPoint","urlTemplate":"https:\/\/abo-workshop.de\/content\/?s={search_term_string}"},"query-input":{"@type":"PropertyValueSpecification","valueRequired":true,"valueName":"search_term_string"}}],"inLanguage":"de"},{"@type":"Organization","@id":"https:\/\/abo-workshop.de\/content\/#organization","name":"ABO Workshop Wirtschaftspsychologie Seminare + Coaching","url":"https:\/\/abo-workshop.de\/content\/","logo":{"@type":"ImageObject","inLanguage":"de","@id":"https:\/\/abo-workshop.de\/content\/#\/schema\/logo\/image\/","url":"https:\/\/abo-workshop.de\/content\/wp-content\/uploads\/2020\/12\/cropped-Logo-ABO-Workshop-Rhein-Main-1.gif","contentUrl":"https:\/\/abo-workshop.de\/content\/wp-content\/uploads\/2020\/12\/cropped-Logo-ABO-Workshop-Rhein-Main-1.gif","width":348,"height":326,"caption":"ABO Workshop Wirtschaftspsychologie Seminare + Coaching"},"image":{"@id":"https:\/\/abo-workshop.de\/content\/#\/schema\/logo\/image\/"}}]}},"_links":{"self":[{"href":"https:\/\/abo-workshop.de\/content\/wp-json\/wp\/v2\/pages\/273","targetHints":{"allow":["GET"]}}],"collection":[{"href":"https:\/\/abo-workshop.de\/content\/wp-json\/wp\/v2\/pages"}],"about":[{"href":"https:\/\/abo-workshop.de\/content\/wp-json\/wp\/v2\/types\/page"}],"author":[{"embeddable":true,"href":"https:\/\/abo-workshop.de\/content\/wp-json\/wp\/v2\/users\/1"}],"replies":[{"embeddable":true,"href":"https:\/\/abo-workshop.de\/content\/wp-json\/wp\/v2\/comments?post=273"}],"version-history":[{"count":5,"href":"https:\/\/abo-workshop.de\/content\/wp-json\/wp\/v2\/pages\/273\/revisions"}],"predecessor-version":[{"id":282,"href":"https:\/\/abo-workshop.de\/content\/wp-json\/wp\/v2\/pages\/273\/revisions\/282"}],"wp:attachment":[{"href":"https:\/\/abo-workshop.de\/content\/wp-json\/wp\/v2\/media?parent=273"}],"curies":[{"name":"wp","href":"https:\/\/api.w.org\/{rel}","templated":true}]}}