{"id":283,"date":"2021-04-15T11:54:49","date_gmt":"2021-04-15T09:54:49","guid":{"rendered":"https:\/\/abo-workshop.de\/content\/?page_id=283"},"modified":"2021-04-15T12:02:47","modified_gmt":"2021-04-15T10:02:47","slug":"outplacement","status":"publish","type":"page","link":"https:\/\/abo-workshop.de\/content\/outplacement\/","title":{"rendered":"Outplacement"},"content":{"rendered":"\n<p><strong><strong>Outplacement<\/strong>\u00a0<strong><strong>\u2013 2.Chance vs. Trostpflaster<\/strong><\/strong><\/strong>\u00a0ABO-Workshop am\u00a0<strong>Sa 16.01.2016\u00a0<\/strong>von 14.00-18.00 Uhr Moderation: Marion Eilingsfeld und Steven Goldner Ort: Steven Goldner, Alt Bornheim 6, 60385 Frankfurt.<\/p>\n\n\n\n<figure class=\"wp-block-image size-large\"><img decoding=\"async\" src=\"https:\/\/abo-workshop.de\/Bilder\/pflaster-outplacement-1.jpg\" alt=\"Outplacement ABO-Workshop Rhein-Main\"\/><figcaption>Grafik Trostpflaster: J\u00fcrgen Junker<\/figcaption><\/figure>\n\n\n\n<p>nachdem im letzen Jahr das Thema Outplacement leider abgesagt wurde, bekommte es aufgrund Euerer Doodle-Stimmen-Mehrheit, passend zum Thema finde ich, eine 2.Chance&#8230;.<\/p>\n\n\n\n<h2 class=\"wp-block-heading\">Outplacement 2.Chance<\/h2>\n\n\n\n<p>Marion und Steven geben Einblick in Ihre Outplacement-Arbeit&#8230;.<br><br><em>Hallo J\u00fcrgen und Steven, f\u00fcr mich passt das mit der 2.Chance perfekt.\u00a0<\/em><\/p>\n\n\n\n<p><em>Da ich au\u00dferdem gerade in einem Placementprojekt aktiv dabei bin, in dem ein gro\u00dfes Unternehmen alles versucht, Personalab-und umbau ohne betriebsbedingte K\u00fcndigungen und &nbsp;(interne) Transfergesellschaft zu bewerkstelligen, kann ich auch davon berichten, nat\u00fcrlich in dem Rahmen, in dem der Datenschutz das zul\u00e4sst, versteht sich.&nbsp;<\/em><\/p>\n\n\n\n<p><em>freue mich auf den Workshop, Marion<\/em><\/p>\n\n\n\n<p>Nach einer Begriffskl\u00e4rung wollen wir unterschiedliche Bedingungen f\u00fcr die Beratung im Rahmen von Outplacement darstellen, Modelle von Transfergesellschaften vorstellen, \u00a0die Sicht der Betroffenen schildern, aber auch m\u00f6gliche Vorgehensweisen anhand mitgebachter F\u00e4lle \u00a0bearbeiten und diskutieren. \u00dcber rege Teilnahme und Diskussionen freuen wir uns.<\/p>\n\n\n\n<hr class=\"wp-block-separator\"\/>\n\n\n\n<p><strong>Definition des Begriffs:<\/strong> Outplacement ist eine Dienstleistung f\u00fcr aus dem Unternehmen ausscheidende Mitarbeiter. In aller Regel wird dies vom Unternehmen finanziert, um die Mitarbeiter zu motivieren, bei der K\u00fcndigung mitzumachen, bzw. um die H\u00e4rten der K\u00fcndigung abzumildern.<\/p>\n\n\n\n<p>Ziel ist es, \u00fcber die professionelle berufliche Neuorientierung die Mitarbeiter\/innen zu unterst\u00fctzen und zu begleiten, bis hin zum Abschluss eines neuen Arbeitsverh\u00e4ltnisses. <\/p>\n\n\n\n<p>Es gibt sowohl Einzelfall bezogenes individuelles, als auch gruppenbezogenes Gruppen-Outplacement, wenn gr\u00f6\u00dfere Firmeneinheiten auf einmal reorganisiert werden. <\/p>\n\n\n\n<p>Outplacementberatung untergliedert sich in eine anf\u00e4ngliche Analyse, bei der es um die berufliche und pers\u00f6nliche Situation der Betroffenen geht. Hier ist eine realistische Einsch\u00e4tzung der M\u00f6glichkeiten oft sehr wichtig.<\/p>\n\n\n\n<p>Die Weiterqualifikation, die pers\u00f6nliche Entwicklung, das Selbstmarketing und die Vorbereitung der Bewerbung und Platzierung ist der n\u00e4chste Schritt. Je nach Qualifikationsprofil und Weiterbildungsbedarf sind hier Seminare, Coaching und Training n\u00f6tig.<\/p>\n\n\n\n<p>Im n\u00e4chsten Schritt geht es um die Umsetzung einer individuellen Bewerbungsstrategie, das erstellen von Bewerbungsunterlagen, das Coaching f\u00fcr das Bewerbungsgespr\u00e4ch, Feedback f\u00fcr Lebenslauf und Unterlagen, Training der Selbstpr\u00e4sentation und des pers\u00f6nlichen Auftretens im Gespr\u00e4ch. <\/p>\n\n\n\n<p><\/p>\n","protected":false},"excerpt":{"rendered":"<p>Outplacement\u00a0\u2013 2.Chance vs. Trostpflaster\u00a0ABO-Workshop am\u00a0Sa 16.01.2016\u00a0von 14.00-18.00 Uhr Moderation: Marion Eilingsfeld und Steven Goldner Ort: Steven Goldner, Alt Bornheim 6, 60385 Frankfurt. nachdem im letzen Jahr das Thema Outplacement leider abgesagt wurde, bekommte es aufgrund Euerer Doodle-Stimmen-Mehrheit, passend zum Thema finde ich, eine 2.Chance&#8230;. Outplacement 2.Chance Marion und Steven geben Einblick in Ihre Outplacement-Arbeit&#8230;. Hallo&hellip;&nbsp;<a href=\"https:\/\/abo-workshop.de\/content\/outplacement\/\" rel=\"bookmark\">Weiterlesen &raquo;<span class=\"screen-reader-text\">Outplacement<\/span><\/a><\/p>\n","protected":false},"author":1,"featured_media":0,"parent":0,"menu_order":0,"comment_status":"closed","ping_status":"closed","template":"","meta":{"neve_meta_sidebar":"","neve_meta_container":"","neve_meta_enable_content_width":"","neve_meta_content_width":0,"neve_meta_title_alignment":"","neve_meta_author_avatar":"","neve_post_elements_order":"","neve_meta_disable_header":"","neve_meta_disable_footer":"","neve_meta_disable_title":"","footnotes":""},"class_list":["post-283","page","type-page","status-publish","hentry"],"yoast_head":"<!-- This site is optimized with the Yoast SEO plugin v27.3 - https:\/\/yoast.com\/product\/yoast-seo-wordpress\/ -->\n<title>Outplacement - ABO Workshop Wirtschaftspsychologie Seminare + Coaching<\/title>\n<meta name=\"robots\" content=\"index, follow, max-snippet:-1, max-image-preview:large, max-video-preview:-1\" \/>\n<link rel=\"canonical\" href=\"https:\/\/abo-workshop.de\/content\/outplacement\/\" \/>\n<meta property=\"og:locale\" content=\"de_DE\" \/>\n<meta property=\"og:type\" content=\"article\" \/>\n<meta property=\"og:title\" content=\"Outplacement - ABO Workshop Wirtschaftspsychologie Seminare + Coaching\" \/>\n<meta property=\"og:description\" content=\"Outplacement\u00a0\u2013 2.Chance vs. Trostpflaster\u00a0ABO-Workshop am\u00a0Sa 16.01.2016\u00a0von 14.00-18.00 Uhr Moderation: Marion Eilingsfeld und Steven Goldner Ort: Steven Goldner, Alt Bornheim 6, 60385 Frankfurt. nachdem im letzen Jahr das Thema Outplacement leider abgesagt wurde, bekommte es aufgrund Euerer Doodle-Stimmen-Mehrheit, passend zum Thema finde ich, eine 2.Chance&#8230;. Outplacement 2.Chance Marion und Steven geben Einblick in Ihre Outplacement-Arbeit&#8230;. Hallo&hellip;&nbsp;Weiterlesen &raquo;Outplacement\" \/>\n<meta property=\"og:url\" content=\"https:\/\/abo-workshop.de\/content\/outplacement\/\" \/>\n<meta property=\"og:site_name\" content=\"ABO Workshop Wirtschaftspsychologie Seminare + Coaching\" \/>\n<meta property=\"article:modified_time\" content=\"2021-04-15T10:02:47+00:00\" \/>\n<meta property=\"og:image\" content=\"https:\/\/abo-workshop.de\/Bilder\/pflaster-outplacement-1.jpg\" \/>\n<meta name=\"twitter:card\" content=\"summary_large_image\" \/>\n<meta name=\"twitter:label1\" content=\"Gesch\u00e4tzte Lesezeit\" \/>\n\t<meta name=\"twitter:data1\" content=\"2\u00a0Minuten\" \/>\n<script type=\"application\/ld+json\" class=\"yoast-schema-graph\">{\"@context\":\"https:\\\/\\\/schema.org\",\"@graph\":[{\"@type\":\"WebPage\",\"@id\":\"https:\\\/\\\/abo-workshop.de\\\/content\\\/outplacement\\\/\",\"url\":\"https:\\\/\\\/abo-workshop.de\\\/content\\\/outplacement\\\/\",\"name\":\"Outplacement - ABO Workshop Wirtschaftspsychologie Seminare + Coaching\",\"isPartOf\":{\"@id\":\"https:\\\/\\\/abo-workshop.de\\\/content\\\/#website\"},\"primaryImageOfPage\":{\"@id\":\"https:\\\/\\\/abo-workshop.de\\\/content\\\/outplacement\\\/#primaryimage\"},\"image\":{\"@id\":\"https:\\\/\\\/abo-workshop.de\\\/content\\\/outplacement\\\/#primaryimage\"},\"thumbnailUrl\":\"https:\\\/\\\/abo-workshop.de\\\/Bilder\\\/pflaster-outplacement-1.jpg\",\"datePublished\":\"2021-04-15T09:54:49+00:00\",\"dateModified\":\"2021-04-15T10:02:47+00:00\",\"breadcrumb\":{\"@id\":\"https:\\\/\\\/abo-workshop.de\\\/content\\\/outplacement\\\/#breadcrumb\"},\"inLanguage\":\"de\",\"potentialAction\":[{\"@type\":\"ReadAction\",\"target\":[\"https:\\\/\\\/abo-workshop.de\\\/content\\\/outplacement\\\/\"]}]},{\"@type\":\"ImageObject\",\"inLanguage\":\"de\",\"@id\":\"https:\\\/\\\/abo-workshop.de\\\/content\\\/outplacement\\\/#primaryimage\",\"url\":\"https:\\\/\\\/abo-workshop.de\\\/Bilder\\\/pflaster-outplacement-1.jpg\",\"contentUrl\":\"https:\\\/\\\/abo-workshop.de\\\/Bilder\\\/pflaster-outplacement-1.jpg\"},{\"@type\":\"BreadcrumbList\",\"@id\":\"https:\\\/\\\/abo-workshop.de\\\/content\\\/outplacement\\\/#breadcrumb\",\"itemListElement\":[{\"@type\":\"ListItem\",\"position\":1,\"name\":\"Startseite\",\"item\":\"https:\\\/\\\/abo-workshop.de\\\/content\\\/\"},{\"@type\":\"ListItem\",\"position\":2,\"name\":\"Outplacement\"}]},{\"@type\":\"WebSite\",\"@id\":\"https:\\\/\\\/abo-workshop.de\\\/content\\\/#website\",\"url\":\"https:\\\/\\\/abo-workshop.de\\\/content\\\/\",\"name\":\"ABO Workshop Wirtschaftspsychologie Seminare + Coaching\",\"description\":\"ABO-Workshop kollegiale Treffen zur Wirtschaftspsychologie Frankfurt + Rhein-Main\",\"publisher\":{\"@id\":\"https:\\\/\\\/abo-workshop.de\\\/content\\\/#organization\"},\"potentialAction\":[{\"@type\":\"SearchAction\",\"target\":{\"@type\":\"EntryPoint\",\"urlTemplate\":\"https:\\\/\\\/abo-workshop.de\\\/content\\\/?s={search_term_string}\"},\"query-input\":{\"@type\":\"PropertyValueSpecification\",\"valueRequired\":true,\"valueName\":\"search_term_string\"}}],\"inLanguage\":\"de\"},{\"@type\":\"Organization\",\"@id\":\"https:\\\/\\\/abo-workshop.de\\\/content\\\/#organization\",\"name\":\"ABO Workshop Wirtschaftspsychologie Seminare + Coaching\",\"url\":\"https:\\\/\\\/abo-workshop.de\\\/content\\\/\",\"logo\":{\"@type\":\"ImageObject\",\"inLanguage\":\"de\",\"@id\":\"https:\\\/\\\/abo-workshop.de\\\/content\\\/#\\\/schema\\\/logo\\\/image\\\/\",\"url\":\"https:\\\/\\\/abo-workshop.de\\\/content\\\/wp-content\\\/uploads\\\/2020\\\/12\\\/cropped-Logo-ABO-Workshop-Rhein-Main-1.gif\",\"contentUrl\":\"https:\\\/\\\/abo-workshop.de\\\/content\\\/wp-content\\\/uploads\\\/2020\\\/12\\\/cropped-Logo-ABO-Workshop-Rhein-Main-1.gif\",\"width\":348,\"height\":326,\"caption\":\"ABO Workshop Wirtschaftspsychologie Seminare + Coaching\"},\"image\":{\"@id\":\"https:\\\/\\\/abo-workshop.de\\\/content\\\/#\\\/schema\\\/logo\\\/image\\\/\"}}]}<\/script>\n<!-- \/ Yoast SEO plugin. -->","yoast_head_json":{"title":"Outplacement - ABO Workshop Wirtschaftspsychologie Seminare + Coaching","robots":{"index":"index","follow":"follow","max-snippet":"max-snippet:-1","max-image-preview":"max-image-preview:large","max-video-preview":"max-video-preview:-1"},"canonical":"https:\/\/abo-workshop.de\/content\/outplacement\/","og_locale":"de_DE","og_type":"article","og_title":"Outplacement - ABO Workshop Wirtschaftspsychologie Seminare + Coaching","og_description":"Outplacement\u00a0\u2013 2.Chance vs. Trostpflaster\u00a0ABO-Workshop am\u00a0Sa 16.01.2016\u00a0von 14.00-18.00 Uhr Moderation: Marion Eilingsfeld und Steven Goldner Ort: Steven Goldner, Alt Bornheim 6, 60385 Frankfurt. nachdem im letzen Jahr das Thema Outplacement leider abgesagt wurde, bekommte es aufgrund Euerer Doodle-Stimmen-Mehrheit, passend zum Thema finde ich, eine 2.Chance&#8230;. Outplacement 2.Chance Marion und Steven geben Einblick in Ihre Outplacement-Arbeit&#8230;. Hallo&hellip;&nbsp;Weiterlesen &raquo;Outplacement","og_url":"https:\/\/abo-workshop.de\/content\/outplacement\/","og_site_name":"ABO Workshop Wirtschaftspsychologie Seminare + Coaching","article_modified_time":"2021-04-15T10:02:47+00:00","og_image":[{"url":"https:\/\/abo-workshop.de\/Bilder\/pflaster-outplacement-1.jpg","type":"","width":"","height":""}],"twitter_card":"summary_large_image","twitter_misc":{"Gesch\u00e4tzte Lesezeit":"2\u00a0Minuten"},"schema":{"@context":"https:\/\/schema.org","@graph":[{"@type":"WebPage","@id":"https:\/\/abo-workshop.de\/content\/outplacement\/","url":"https:\/\/abo-workshop.de\/content\/outplacement\/","name":"Outplacement - ABO Workshop Wirtschaftspsychologie Seminare + Coaching","isPartOf":{"@id":"https:\/\/abo-workshop.de\/content\/#website"},"primaryImageOfPage":{"@id":"https:\/\/abo-workshop.de\/content\/outplacement\/#primaryimage"},"image":{"@id":"https:\/\/abo-workshop.de\/content\/outplacement\/#primaryimage"},"thumbnailUrl":"https:\/\/abo-workshop.de\/Bilder\/pflaster-outplacement-1.jpg","datePublished":"2021-04-15T09:54:49+00:00","dateModified":"2021-04-15T10:02:47+00:00","breadcrumb":{"@id":"https:\/\/abo-workshop.de\/content\/outplacement\/#breadcrumb"},"inLanguage":"de","potentialAction":[{"@type":"ReadAction","target":["https:\/\/abo-workshop.de\/content\/outplacement\/"]}]},{"@type":"ImageObject","inLanguage":"de","@id":"https:\/\/abo-workshop.de\/content\/outplacement\/#primaryimage","url":"https:\/\/abo-workshop.de\/Bilder\/pflaster-outplacement-1.jpg","contentUrl":"https:\/\/abo-workshop.de\/Bilder\/pflaster-outplacement-1.jpg"},{"@type":"BreadcrumbList","@id":"https:\/\/abo-workshop.de\/content\/outplacement\/#breadcrumb","itemListElement":[{"@type":"ListItem","position":1,"name":"Startseite","item":"https:\/\/abo-workshop.de\/content\/"},{"@type":"ListItem","position":2,"name":"Outplacement"}]},{"@type":"WebSite","@id":"https:\/\/abo-workshop.de\/content\/#website","url":"https:\/\/abo-workshop.de\/content\/","name":"ABO Workshop Wirtschaftspsychologie Seminare + Coaching","description":"ABO-Workshop kollegiale Treffen zur Wirtschaftspsychologie Frankfurt + Rhein-Main","publisher":{"@id":"https:\/\/abo-workshop.de\/content\/#organization"},"potentialAction":[{"@type":"SearchAction","target":{"@type":"EntryPoint","urlTemplate":"https:\/\/abo-workshop.de\/content\/?s={search_term_string}"},"query-input":{"@type":"PropertyValueSpecification","valueRequired":true,"valueName":"search_term_string"}}],"inLanguage":"de"},{"@type":"Organization","@id":"https:\/\/abo-workshop.de\/content\/#organization","name":"ABO Workshop Wirtschaftspsychologie Seminare + Coaching","url":"https:\/\/abo-workshop.de\/content\/","logo":{"@type":"ImageObject","inLanguage":"de","@id":"https:\/\/abo-workshop.de\/content\/#\/schema\/logo\/image\/","url":"https:\/\/abo-workshop.de\/content\/wp-content\/uploads\/2020\/12\/cropped-Logo-ABO-Workshop-Rhein-Main-1.gif","contentUrl":"https:\/\/abo-workshop.de\/content\/wp-content\/uploads\/2020\/12\/cropped-Logo-ABO-Workshop-Rhein-Main-1.gif","width":348,"height":326,"caption":"ABO Workshop Wirtschaftspsychologie Seminare + Coaching"},"image":{"@id":"https:\/\/abo-workshop.de\/content\/#\/schema\/logo\/image\/"}}]}},"_links":{"self":[{"href":"https:\/\/abo-workshop.de\/content\/wp-json\/wp\/v2\/pages\/283","targetHints":{"allow":["GET"]}}],"collection":[{"href":"https:\/\/abo-workshop.de\/content\/wp-json\/wp\/v2\/pages"}],"about":[{"href":"https:\/\/abo-workshop.de\/content\/wp-json\/wp\/v2\/types\/page"}],"author":[{"embeddable":true,"href":"https:\/\/abo-workshop.de\/content\/wp-json\/wp\/v2\/users\/1"}],"replies":[{"embeddable":true,"href":"https:\/\/abo-workshop.de\/content\/wp-json\/wp\/v2\/comments?post=283"}],"version-history":[{"count":2,"href":"https:\/\/abo-workshop.de\/content\/wp-json\/wp\/v2\/pages\/283\/revisions"}],"predecessor-version":[{"id":286,"href":"https:\/\/abo-workshop.de\/content\/wp-json\/wp\/v2\/pages\/283\/revisions\/286"}],"wp:attachment":[{"href":"https:\/\/abo-workshop.de\/content\/wp-json\/wp\/v2\/media?parent=283"}],"curies":[{"name":"wp","href":"https:\/\/api.w.org\/{rel}","templated":true}]}}