{"id":308,"date":"2024-12-19T13:20:44","date_gmt":"2024-12-19T12:20:44","guid":{"rendered":"https:\/\/abo-workshop.de\/content\/?page_id=308"},"modified":"2024-12-19T13:20:45","modified_gmt":"2024-12-19T12:20:45","slug":"arbeitsglueck-motivation-glueck","status":"publish","type":"page","link":"https:\/\/abo-workshop.de\/content\/arbeitsglueck-motivation-glueck\/","title":{"rendered":"Arbeitsgl\u00fcck: Motivation + Gl\u00fcck"},"content":{"rendered":"\n<p><strong>Erst die Arbeit<\/strong>: die Studie, die Ergebnisse und Benefits, als spannender kompakter Kurzinput.<\/p>\n\n\n\n<p><strong>&#8230; dann das Spiel<\/strong>: entdeckt die 7 Motivatoren im Arbeitskontext f\u00fcr Euch und Eure Arbeitspraxis ganz pers\u00f6nlich :))<\/p>\n\n\n\n<figure class=\"wp-block-image size-large\"><img loading=\"lazy\" decoding=\"async\" width=\"1024\" height=\"535\" src=\"https:\/\/abo-workshop.de\/content\/wp-content\/uploads\/2024\/12\/ABO-Workshop-Rhein-Main-Arbeitsglueck-Arbeit-Motivation-Glueck-1024x535.jpg\" alt=\"Arbeitsgl\u00fcck - Arbeitsmotivtation Motivation Gl\u00fcck ABO-Workshop Rhein-Main Arbeitspsychologie Betriebspsychologie Organisationspsychologie Wirtschaftspsychologie \" class=\"wp-image-309\" srcset=\"https:\/\/abo-workshop.de\/content\/wp-content\/uploads\/2024\/12\/ABO-Workshop-Rhein-Main-Arbeitsglueck-Arbeit-Motivation-Glueck-1024x535.jpg 1024w, https:\/\/abo-workshop.de\/content\/wp-content\/uploads\/2024\/12\/ABO-Workshop-Rhein-Main-Arbeitsglueck-Arbeit-Motivation-Glueck-300x157.jpg 300w, https:\/\/abo-workshop.de\/content\/wp-content\/uploads\/2024\/12\/ABO-Workshop-Rhein-Main-Arbeitsglueck-Arbeit-Motivation-Glueck-768x401.jpg 768w, https:\/\/abo-workshop.de\/content\/wp-content\/uploads\/2024\/12\/ABO-Workshop-Rhein-Main-Arbeitsglueck-Arbeit-Motivation-Glueck.jpg 1200w\" sizes=\"auto, (max-width: 1024px) 100vw, 1024px\" \/><\/figure>\n\n\n\n<h2 class=\"wp-block-heading\">Arbeitsgl\u00fcck: Arbeit, Motivation und Gl\u00fcck<\/h2>\n\n\n\n<p><strong>Referentin:<\/strong>&nbsp;Prof. Dr. Stefanie Winter<br><strong>Moderation:<\/strong>&nbsp;Stefanie Winter, Elena Hess<br><strong>ABO-Workshop:<\/strong>&nbsp;J\u00fcrgen Junker<\/p>\n\n\n\n<p><strong>Erst die Arbeit<\/strong>: die Studie, die Ergebnisse und Benefits, als spannender kompakter Kurzinput.<\/p>\n\n\n\n<p><em>In einer wissenschaftlichen Studie an der Hochschule Darmstadt haben wir&nbsp;<strong>Arbeit, Motivation + Gl\u00fcck<\/strong>&nbsp;untersucht. Zielstellung war die Entwicklung eines empirischen Ansatzes, mit dem man&nbsp;<strong>Motivation und Gl\u00fcck bei der Arbeit<\/strong>&nbsp;erkl\u00e4ren (und steigern) kann.<\/em><\/p>\n\n\n\n<p><em>Ein besonderer Fokus lag dabei auf der&nbsp;<strong>Identifikation und Messung von Motivatoren und der Frage nach relevanten Unterschieden zwischen Personen<\/strong>.<\/em><\/p>\n\n\n\n<p><em>Das Ergebnis war, es konnten&nbsp;<strong>7 relevante Motivatoren<\/strong>&nbsp;gefunden werden und die&nbsp;<strong>Motivatoren unterscheiden sich<\/strong>&nbsp;interindividuell in Ihrer Bedeutsamkeit. So kann z.B. f\u00fcr manche ein \u00e4sthetisches Umfeld besonders motivierend sein, f\u00fcr andere die Zusammenarbeit mit anderen Menschen oder die \u00dcbereinstimmung der T\u00e4tigkeit mit den eigenen Werten.<\/em><\/p>\n\n\n\n<p><em>In der Studie sollte auch die Frage beantwortet werden:&nbsp;<strong>Macht die Erf\u00fcllung der f\u00fcr uns individuell wichtigsten Motivatoren bei der Arbeit besonders gl\u00fccklich? \u2026.&nbsp;<\/strong>Spoiler:&nbsp;<strong>ja<\/strong>&nbsp;J<\/em><\/p>\n\n\n\n<p><strong>&#8230; dann das Spiel<\/strong>: entdeckt die&nbsp;<strong>7 Motivatoren<\/strong>&nbsp;im Arbeitskontext f\u00fcr Euch und Eure&nbsp;<strong>Arbeitspraxis<\/strong>&nbsp;ganz pers\u00f6nlich :))<\/p>\n\n\n\n<p><strong>Termin:<\/strong>&nbsp;Sa 09.03.2024 von 13.00-16.00Uhr&nbsp;<strong>TNzahl<\/strong>: max. 12 TN<br><strong>ORT:<\/strong>&nbsp; Hochschule Darmstadt (Campus Haardtring, Haardtring 100, Darmstadt)<\/p>\n","protected":false},"excerpt":{"rendered":"<p>Erst die Arbeit: die Studie, die Ergebnisse und Benefits, als spannender kompakter Kurzinput. &#8230; dann das Spiel: entdeckt die 7 Motivatoren im Arbeitskontext f\u00fcr Euch und Eure Arbeitspraxis ganz pers\u00f6nlich :)) Arbeitsgl\u00fcck: Arbeit, Motivation und Gl\u00fcck Referentin:&nbsp;Prof. Dr. Stefanie WinterModeration:&nbsp;Stefanie Winter, Elena HessABO-Workshop:&nbsp;J\u00fcrgen Junker Erst die Arbeit: die Studie, die Ergebnisse und Benefits, als spannender&hellip;&nbsp;<a href=\"https:\/\/abo-workshop.de\/content\/arbeitsglueck-motivation-glueck\/\" rel=\"bookmark\">Weiterlesen &raquo;<span class=\"screen-reader-text\">Arbeitsgl\u00fcck: Motivation + Gl\u00fcck<\/span><\/a><\/p>\n","protected":false},"author":1,"featured_media":309,"parent":0,"menu_order":0,"comment_status":"closed","ping_status":"closed","template":"","meta":{"neve_meta_sidebar":"","neve_meta_container":"","neve_meta_enable_content_width":"","neve_meta_content_width":0,"neve_meta_title_alignment":"","neve_meta_author_avatar":"","neve_post_elements_order":"","neve_meta_disable_header":"","neve_meta_disable_footer":"","neve_meta_disable_title":"","footnotes":""},"class_list":["post-308","page","type-page","status-publish","has-post-thumbnail","hentry"],"yoast_head":"<!-- This site is optimized with the Yoast SEO plugin v27.3 - https:\/\/yoast.com\/product\/yoast-seo-wordpress\/ -->\n<title>Arbeitsgl\u00fcck: Motivation + Gl\u00fcck - ABO Workshop Wirtschaftspsychologie Seminare + Coaching<\/title>\n<meta name=\"robots\" content=\"index, follow, max-snippet:-1, max-image-preview:large, max-video-preview:-1\" \/>\n<link rel=\"canonical\" href=\"https:\/\/abo-workshop.de\/content\/arbeitsglueck-motivation-glueck\/\" \/>\n<meta property=\"og:locale\" content=\"de_DE\" \/>\n<meta property=\"og:type\" content=\"article\" \/>\n<meta property=\"og:title\" content=\"Arbeitsgl\u00fcck: Motivation + Gl\u00fcck - ABO Workshop Wirtschaftspsychologie Seminare + Coaching\" \/>\n<meta property=\"og:description\" content=\"Erst die Arbeit: die Studie, die Ergebnisse und Benefits, als spannender kompakter Kurzinput. &#8230; dann das Spiel: entdeckt die 7 Motivatoren im Arbeitskontext f\u00fcr Euch und Eure Arbeitspraxis ganz pers\u00f6nlich :)) Arbeitsgl\u00fcck: Arbeit, Motivation und Gl\u00fcck Referentin:&nbsp;Prof. Dr. Stefanie WinterModeration:&nbsp;Stefanie Winter, Elena HessABO-Workshop:&nbsp;J\u00fcrgen Junker Erst die Arbeit: die Studie, die Ergebnisse und Benefits, als spannender&hellip;&nbsp;Weiterlesen &raquo;Arbeitsgl\u00fcck: Motivation + Gl\u00fcck\" \/>\n<meta property=\"og:url\" content=\"https:\/\/abo-workshop.de\/content\/arbeitsglueck-motivation-glueck\/\" \/>\n<meta property=\"og:site_name\" content=\"ABO Workshop Wirtschaftspsychologie Seminare + Coaching\" \/>\n<meta property=\"article:modified_time\" content=\"2024-12-19T12:20:45+00:00\" \/>\n<meta property=\"og:image\" content=\"https:\/\/abo-workshop.de\/content\/wp-content\/uploads\/2024\/12\/ABO-Workshop-Rhein-Main-Arbeitsglueck-Arbeit-Motivation-Glueck.jpg\" \/>\n\t<meta property=\"og:image:width\" content=\"1200\" \/>\n\t<meta property=\"og:image:height\" content=\"627\" \/>\n\t<meta property=\"og:image:type\" content=\"image\/jpeg\" \/>\n<meta name=\"twitter:card\" content=\"summary_large_image\" \/>\n<meta name=\"twitter:label1\" content=\"Gesch\u00e4tzte Lesezeit\" \/>\n\t<meta name=\"twitter:data1\" content=\"2\u00a0Minuten\" \/>\n<script type=\"application\/ld+json\" class=\"yoast-schema-graph\">{\"@context\":\"https:\\\/\\\/schema.org\",\"@graph\":[{\"@type\":\"WebPage\",\"@id\":\"https:\\\/\\\/abo-workshop.de\\\/content\\\/arbeitsglueck-motivation-glueck\\\/\",\"url\":\"https:\\\/\\\/abo-workshop.de\\\/content\\\/arbeitsglueck-motivation-glueck\\\/\",\"name\":\"Arbeitsgl\u00fcck: Motivation + Gl\u00fcck - ABO Workshop Wirtschaftspsychologie Seminare + Coaching\",\"isPartOf\":{\"@id\":\"https:\\\/\\\/abo-workshop.de\\\/content\\\/#website\"},\"primaryImageOfPage\":{\"@id\":\"https:\\\/\\\/abo-workshop.de\\\/content\\\/arbeitsglueck-motivation-glueck\\\/#primaryimage\"},\"image\":{\"@id\":\"https:\\\/\\\/abo-workshop.de\\\/content\\\/arbeitsglueck-motivation-glueck\\\/#primaryimage\"},\"thumbnailUrl\":\"https:\\\/\\\/abo-workshop.de\\\/content\\\/wp-content\\\/uploads\\\/2024\\\/12\\\/ABO-Workshop-Rhein-Main-Arbeitsglueck-Arbeit-Motivation-Glueck.jpg\",\"datePublished\":\"2024-12-19T12:20:44+00:00\",\"dateModified\":\"2024-12-19T12:20:45+00:00\",\"breadcrumb\":{\"@id\":\"https:\\\/\\\/abo-workshop.de\\\/content\\\/arbeitsglueck-motivation-glueck\\\/#breadcrumb\"},\"inLanguage\":\"de\",\"potentialAction\":[{\"@type\":\"ReadAction\",\"target\":[\"https:\\\/\\\/abo-workshop.de\\\/content\\\/arbeitsglueck-motivation-glueck\\\/\"]}]},{\"@type\":\"ImageObject\",\"inLanguage\":\"de\",\"@id\":\"https:\\\/\\\/abo-workshop.de\\\/content\\\/arbeitsglueck-motivation-glueck\\\/#primaryimage\",\"url\":\"https:\\\/\\\/abo-workshop.de\\\/content\\\/wp-content\\\/uploads\\\/2024\\\/12\\\/ABO-Workshop-Rhein-Main-Arbeitsglueck-Arbeit-Motivation-Glueck.jpg\",\"contentUrl\":\"https:\\\/\\\/abo-workshop.de\\\/content\\\/wp-content\\\/uploads\\\/2024\\\/12\\\/ABO-Workshop-Rhein-Main-Arbeitsglueck-Arbeit-Motivation-Glueck.jpg\",\"width\":1200,\"height\":627,\"caption\":\"Arbeitsgl\u00fcck - Arbeitsmotivtation Motivation Gl\u00fcck ABO-Workshop Rhein-Main Arbeitspsychologie Betriebspsychologie Organisationspsychologie Wirtschaftspsychologie\"},{\"@type\":\"BreadcrumbList\",\"@id\":\"https:\\\/\\\/abo-workshop.de\\\/content\\\/arbeitsglueck-motivation-glueck\\\/#breadcrumb\",\"itemListElement\":[{\"@type\":\"ListItem\",\"position\":1,\"name\":\"Startseite\",\"item\":\"https:\\\/\\\/abo-workshop.de\\\/content\\\/\"},{\"@type\":\"ListItem\",\"position\":2,\"name\":\"Arbeitsgl\u00fcck: Motivation + Gl\u00fcck\"}]},{\"@type\":\"WebSite\",\"@id\":\"https:\\\/\\\/abo-workshop.de\\\/content\\\/#website\",\"url\":\"https:\\\/\\\/abo-workshop.de\\\/content\\\/\",\"name\":\"ABO Workshop Wirtschaftspsychologie Seminare + Coaching\",\"description\":\"ABO-Workshop kollegiale Treffen zur Wirtschaftspsychologie Frankfurt + Rhein-Main\",\"publisher\":{\"@id\":\"https:\\\/\\\/abo-workshop.de\\\/content\\\/#organization\"},\"potentialAction\":[{\"@type\":\"SearchAction\",\"target\":{\"@type\":\"EntryPoint\",\"urlTemplate\":\"https:\\\/\\\/abo-workshop.de\\\/content\\\/?s={search_term_string}\"},\"query-input\":{\"@type\":\"PropertyValueSpecification\",\"valueRequired\":true,\"valueName\":\"search_term_string\"}}],\"inLanguage\":\"de\"},{\"@type\":\"Organization\",\"@id\":\"https:\\\/\\\/abo-workshop.de\\\/content\\\/#organization\",\"name\":\"ABO Workshop Wirtschaftspsychologie Seminare + Coaching\",\"url\":\"https:\\\/\\\/abo-workshop.de\\\/content\\\/\",\"logo\":{\"@type\":\"ImageObject\",\"inLanguage\":\"de\",\"@id\":\"https:\\\/\\\/abo-workshop.de\\\/content\\\/#\\\/schema\\\/logo\\\/image\\\/\",\"url\":\"https:\\\/\\\/abo-workshop.de\\\/content\\\/wp-content\\\/uploads\\\/2020\\\/12\\\/cropped-Logo-ABO-Workshop-Rhein-Main-1.gif\",\"contentUrl\":\"https:\\\/\\\/abo-workshop.de\\\/content\\\/wp-content\\\/uploads\\\/2020\\\/12\\\/cropped-Logo-ABO-Workshop-Rhein-Main-1.gif\",\"width\":348,\"height\":326,\"caption\":\"ABO Workshop Wirtschaftspsychologie Seminare + Coaching\"},\"image\":{\"@id\":\"https:\\\/\\\/abo-workshop.de\\\/content\\\/#\\\/schema\\\/logo\\\/image\\\/\"}}]}<\/script>\n<!-- \/ Yoast SEO plugin. -->","yoast_head_json":{"title":"Arbeitsgl\u00fcck: Motivation + Gl\u00fcck - ABO Workshop Wirtschaftspsychologie Seminare + Coaching","robots":{"index":"index","follow":"follow","max-snippet":"max-snippet:-1","max-image-preview":"max-image-preview:large","max-video-preview":"max-video-preview:-1"},"canonical":"https:\/\/abo-workshop.de\/content\/arbeitsglueck-motivation-glueck\/","og_locale":"de_DE","og_type":"article","og_title":"Arbeitsgl\u00fcck: Motivation + Gl\u00fcck - ABO Workshop Wirtschaftspsychologie Seminare + Coaching","og_description":"Erst die Arbeit: die Studie, die Ergebnisse und Benefits, als spannender kompakter Kurzinput. &#8230; dann das Spiel: entdeckt die 7 Motivatoren im Arbeitskontext f\u00fcr Euch und Eure Arbeitspraxis ganz pers\u00f6nlich :)) Arbeitsgl\u00fcck: Arbeit, Motivation und Gl\u00fcck Referentin:&nbsp;Prof. Dr. Stefanie WinterModeration:&nbsp;Stefanie Winter, Elena HessABO-Workshop:&nbsp;J\u00fcrgen Junker Erst die Arbeit: die Studie, die Ergebnisse und Benefits, als spannender&hellip;&nbsp;Weiterlesen &raquo;Arbeitsgl\u00fcck: Motivation + Gl\u00fcck","og_url":"https:\/\/abo-workshop.de\/content\/arbeitsglueck-motivation-glueck\/","og_site_name":"ABO Workshop Wirtschaftspsychologie Seminare + Coaching","article_modified_time":"2024-12-19T12:20:45+00:00","og_image":[{"width":1200,"height":627,"url":"https:\/\/abo-workshop.de\/content\/wp-content\/uploads\/2024\/12\/ABO-Workshop-Rhein-Main-Arbeitsglueck-Arbeit-Motivation-Glueck.jpg","type":"image\/jpeg"}],"twitter_card":"summary_large_image","twitter_misc":{"Gesch\u00e4tzte Lesezeit":"2\u00a0Minuten"},"schema":{"@context":"https:\/\/schema.org","@graph":[{"@type":"WebPage","@id":"https:\/\/abo-workshop.de\/content\/arbeitsglueck-motivation-glueck\/","url":"https:\/\/abo-workshop.de\/content\/arbeitsglueck-motivation-glueck\/","name":"Arbeitsgl\u00fcck: Motivation + Gl\u00fcck - ABO Workshop Wirtschaftspsychologie Seminare + Coaching","isPartOf":{"@id":"https:\/\/abo-workshop.de\/content\/#website"},"primaryImageOfPage":{"@id":"https:\/\/abo-workshop.de\/content\/arbeitsglueck-motivation-glueck\/#primaryimage"},"image":{"@id":"https:\/\/abo-workshop.de\/content\/arbeitsglueck-motivation-glueck\/#primaryimage"},"thumbnailUrl":"https:\/\/abo-workshop.de\/content\/wp-content\/uploads\/2024\/12\/ABO-Workshop-Rhein-Main-Arbeitsglueck-Arbeit-Motivation-Glueck.jpg","datePublished":"2024-12-19T12:20:44+00:00","dateModified":"2024-12-19T12:20:45+00:00","breadcrumb":{"@id":"https:\/\/abo-workshop.de\/content\/arbeitsglueck-motivation-glueck\/#breadcrumb"},"inLanguage":"de","potentialAction":[{"@type":"ReadAction","target":["https:\/\/abo-workshop.de\/content\/arbeitsglueck-motivation-glueck\/"]}]},{"@type":"ImageObject","inLanguage":"de","@id":"https:\/\/abo-workshop.de\/content\/arbeitsglueck-motivation-glueck\/#primaryimage","url":"https:\/\/abo-workshop.de\/content\/wp-content\/uploads\/2024\/12\/ABO-Workshop-Rhein-Main-Arbeitsglueck-Arbeit-Motivation-Glueck.jpg","contentUrl":"https:\/\/abo-workshop.de\/content\/wp-content\/uploads\/2024\/12\/ABO-Workshop-Rhein-Main-Arbeitsglueck-Arbeit-Motivation-Glueck.jpg","width":1200,"height":627,"caption":"Arbeitsgl\u00fcck - Arbeitsmotivtation Motivation Gl\u00fcck ABO-Workshop Rhein-Main Arbeitspsychologie Betriebspsychologie Organisationspsychologie Wirtschaftspsychologie"},{"@type":"BreadcrumbList","@id":"https:\/\/abo-workshop.de\/content\/arbeitsglueck-motivation-glueck\/#breadcrumb","itemListElement":[{"@type":"ListItem","position":1,"name":"Startseite","item":"https:\/\/abo-workshop.de\/content\/"},{"@type":"ListItem","position":2,"name":"Arbeitsgl\u00fcck: Motivation + Gl\u00fcck"}]},{"@type":"WebSite","@id":"https:\/\/abo-workshop.de\/content\/#website","url":"https:\/\/abo-workshop.de\/content\/","name":"ABO Workshop Wirtschaftspsychologie Seminare + Coaching","description":"ABO-Workshop kollegiale Treffen zur Wirtschaftspsychologie Frankfurt + Rhein-Main","publisher":{"@id":"https:\/\/abo-workshop.de\/content\/#organization"},"potentialAction":[{"@type":"SearchAction","target":{"@type":"EntryPoint","urlTemplate":"https:\/\/abo-workshop.de\/content\/?s={search_term_string}"},"query-input":{"@type":"PropertyValueSpecification","valueRequired":true,"valueName":"search_term_string"}}],"inLanguage":"de"},{"@type":"Organization","@id":"https:\/\/abo-workshop.de\/content\/#organization","name":"ABO Workshop Wirtschaftspsychologie Seminare + Coaching","url":"https:\/\/abo-workshop.de\/content\/","logo":{"@type":"ImageObject","inLanguage":"de","@id":"https:\/\/abo-workshop.de\/content\/#\/schema\/logo\/image\/","url":"https:\/\/abo-workshop.de\/content\/wp-content\/uploads\/2020\/12\/cropped-Logo-ABO-Workshop-Rhein-Main-1.gif","contentUrl":"https:\/\/abo-workshop.de\/content\/wp-content\/uploads\/2020\/12\/cropped-Logo-ABO-Workshop-Rhein-Main-1.gif","width":348,"height":326,"caption":"ABO Workshop Wirtschaftspsychologie Seminare + Coaching"},"image":{"@id":"https:\/\/abo-workshop.de\/content\/#\/schema\/logo\/image\/"}}]}},"_links":{"self":[{"href":"https:\/\/abo-workshop.de\/content\/wp-json\/wp\/v2\/pages\/308","targetHints":{"allow":["GET"]}}],"collection":[{"href":"https:\/\/abo-workshop.de\/content\/wp-json\/wp\/v2\/pages"}],"about":[{"href":"https:\/\/abo-workshop.de\/content\/wp-json\/wp\/v2\/types\/page"}],"author":[{"embeddable":true,"href":"https:\/\/abo-workshop.de\/content\/wp-json\/wp\/v2\/users\/1"}],"replies":[{"embeddable":true,"href":"https:\/\/abo-workshop.de\/content\/wp-json\/wp\/v2\/comments?post=308"}],"version-history":[{"count":1,"href":"https:\/\/abo-workshop.de\/content\/wp-json\/wp\/v2\/pages\/308\/revisions"}],"predecessor-version":[{"id":310,"href":"https:\/\/abo-workshop.de\/content\/wp-json\/wp\/v2\/pages\/308\/revisions\/310"}],"wp:featuredmedia":[{"embeddable":true,"href":"https:\/\/abo-workshop.de\/content\/wp-json\/wp\/v2\/media\/309"}],"wp:attachment":[{"href":"https:\/\/abo-workshop.de\/content\/wp-json\/wp\/v2\/media?parent=308"}],"curies":[{"name":"wp","href":"https:\/\/api.w.org\/{rel}","templated":true}]}}