{"id":313,"date":"2024-12-19T13:27:55","date_gmt":"2024-12-19T12:27:55","guid":{"rendered":"https:\/\/abo-workshop.de\/content\/?page_id=313"},"modified":"2024-12-19T13:29:55","modified_gmt":"2024-12-19T12:29:55","slug":"big-quit-fachkraeftemangel-4-tage-woche","status":"publish","type":"page","link":"https:\/\/abo-workshop.de\/content\/big-quit-fachkraeftemangel-4-tage-woche\/","title":{"rendered":"Big Quit, Fachkr\u00e4ftemangel &amp; 4-Tage-Woche"},"content":{"rendered":"\n<p><strong>Big Quit+<\/strong>: Bedeutet zum\u00a0<strong>Arbeitskr\u00e4ftemangel<\/strong>\u00a0kommt eine\u00a0<strong>zunehmend steigende Kurve von Eigenk\u00fcndigungen<\/strong>. Dies verweist auf eine immer dringlicher werdende\u00a0<strong>innerbetriebliche Zeitenwende<\/strong>.<br><br>Die Unternehmen stehen vor einer radikalen Umkehr: Statt\u00a0<strong>unbezahlten \u00dcberstunden<\/strong>\u00a0und\u00a0<strong>mieser F\u00fchrung<\/strong>, m\u00fcssen sie\u00a0<strong>lernen, besser mit den Menschen umzugehen<\/strong>.<\/p>\n\n\n\n<figure class=\"wp-block-image size-full\"><img loading=\"lazy\" decoding=\"async\" width=\"600\" height=\"280\" src=\"https:\/\/abo-workshop.de\/content\/wp-content\/uploads\/2024\/12\/the-big-quit-abo-workshop-rhein-main-11-2023.jpg\" alt=\"the big quit Fachkr\u00e4ftemangel ABO-Workshop Rhein-Main Arbeitspsychologie Betriebspsychologie Organisationspsychologie Wirtschaftspsychologie\" class=\"wp-image-314\" srcset=\"https:\/\/abo-workshop.de\/content\/wp-content\/uploads\/2024\/12\/the-big-quit-abo-workshop-rhein-main-11-2023.jpg 600w, https:\/\/abo-workshop.de\/content\/wp-content\/uploads\/2024\/12\/the-big-quit-abo-workshop-rhein-main-11-2023-300x140.jpg 300w\" sizes=\"auto, (max-width: 600px) 100vw, 600px\" \/><\/figure>\n\n\n\n<h2 class=\"wp-block-heading\"><strong>Big Quit, Fachkr\u00e4ftemangel &amp; 4-Tage-Woche<\/strong><\/h2>\n\n\n\n<p><strong>Sa 25.11. von 14.00-17.00 Uhr<\/strong><\/p>\n\n\n\n<p>Moderation: Dr. Steven Goldner<br>Ort: Zoom<\/p>\n\n\n\n<p><\/p>\n\n\n\n<h2 class=\"wp-block-heading\"><strong>bessere F\u00fchrung<\/strong> &#8211; <strong>bessere Arbeitsbedingungen<\/strong> &#8211; <strong>mehr Flexibilit\u00e4t<\/strong><\/h2>\n\n\n\n<p>Diese \u00c4nderungen sind zentral f\u00fcr eine&nbsp;<strong>erfolgreiches Finden &amp; Binden der Mitarbeitenden<\/strong><\/p>\n\n\n\n<p><\/p>\n\n\n\n<h2 class=\"wp-block-heading\">Big Quit, Fachkr\u00e4ftemangel &amp; 4-Tage-Woche<\/h2>\n\n\n\n<p><strong>Inhalte:<\/strong><\/p>\n\n\n\n<ul class=\"wp-block-list\">\n<li>Der &#8222;Big Quit&#8220;-Trend und seine Auswirkungen<\/li>\n\n\n\n<li>Herausforderungen des Fachkr\u00e4ftemangels<\/li>\n\n\n\n<li>Potenzial und Auswirkungen einer 4-Tage-Woche<\/li>\n\n\n\n<li>Strategien zur Bew\u00e4ltigung von Fachkr\u00e4ftemangel und Arbeitszeitgestaltung<\/li>\n<\/ul>\n\n\n\n<p>Das Treffen findet via Zoom statt, damit auch die teilnehmen k\u00f6nnen, die weiter weg wohnen!<br>Den Link mailen wir Euch gerne vorab zu.<\/p>\n\n\n\n<p>Wir sind gespannt auf einen interessanten Workshop und Treffen und freuen uns darauf Euch bald wiederzusehen.<\/p>\n\n\n\n<p>Wir freuen uns auf Euer Kommen, viele Gr\u00fc\u00dfe aus Frankfurt und Aschaffenburg<br>Dr. Steven Goldner + Dipl.-Psych. J\u00fcrgen Junker<\/p>\n","protected":false},"excerpt":{"rendered":"<p>Big Quit+: Bedeutet zum\u00a0Arbeitskr\u00e4ftemangel\u00a0kommt eine\u00a0zunehmend steigende Kurve von Eigenk\u00fcndigungen. Dies verweist auf eine immer dringlicher werdende\u00a0innerbetriebliche Zeitenwende. Die Unternehmen stehen vor einer radikalen Umkehr: Statt\u00a0unbezahlten \u00dcberstunden\u00a0und\u00a0mieser F\u00fchrung, m\u00fcssen sie\u00a0lernen, besser mit den Menschen umzugehen. Big Quit, Fachkr\u00e4ftemangel &amp; 4-Tage-Woche Sa 25.11. von 14.00-17.00 Uhr Moderation: Dr. Steven GoldnerOrt: Zoom bessere F\u00fchrung &#8211; bessere Arbeitsbedingungen &#8211;&hellip;&nbsp;<a href=\"https:\/\/abo-workshop.de\/content\/big-quit-fachkraeftemangel-4-tage-woche\/\" rel=\"bookmark\">Weiterlesen &raquo;<span class=\"screen-reader-text\">Big Quit, Fachkr\u00e4ftemangel &amp; 4-Tage-Woche<\/span><\/a><\/p>\n","protected":false},"author":1,"featured_media":314,"parent":0,"menu_order":0,"comment_status":"closed","ping_status":"closed","template":"","meta":{"neve_meta_sidebar":"","neve_meta_container":"","neve_meta_enable_content_width":"","neve_meta_content_width":0,"neve_meta_title_alignment":"","neve_meta_author_avatar":"","neve_post_elements_order":"","neve_meta_disable_header":"","neve_meta_disable_footer":"","neve_meta_disable_title":"","footnotes":""},"class_list":["post-313","page","type-page","status-publish","has-post-thumbnail","hentry"],"yoast_head":"<!-- This site is optimized with the Yoast SEO plugin v27.4 - https:\/\/yoast.com\/product\/yoast-seo-wordpress\/ -->\n<title>Big Quit, Fachkr\u00e4ftemangel &amp; 4-Tage-Woche - ABO Workshop Wirtschaftspsychologie Seminare + Coaching<\/title>\n<meta name=\"description\" content=\"Big Quit + Fachkr\u00e4ftemangel &amp; 4-Tage-Woche - bessere F\u00fchrung - bessere Arbeitsbedingungen - mehr Flexibilit\u00e4t ABO-Workshop Rhein-Main\" \/>\n<meta name=\"robots\" content=\"index, follow, max-snippet:-1, max-image-preview:large, max-video-preview:-1\" \/>\n<link rel=\"canonical\" href=\"https:\/\/abo-workshop.de\/content\/big-quit-fachkraeftemangel-4-tage-woche\/\" \/>\n<meta property=\"og:locale\" content=\"de_DE\" \/>\n<meta property=\"og:type\" content=\"article\" \/>\n<meta property=\"og:title\" content=\"Big Quit, Fachkr\u00e4ftemangel &amp; 4-Tage-Woche - ABO Workshop Wirtschaftspsychologie Seminare + Coaching\" \/>\n<meta property=\"og:description\" content=\"Big Quit + Fachkr\u00e4ftemangel &amp; 4-Tage-Woche - bessere F\u00fchrung - bessere Arbeitsbedingungen - mehr Flexibilit\u00e4t ABO-Workshop Rhein-Main\" \/>\n<meta property=\"og:url\" content=\"https:\/\/abo-workshop.de\/content\/big-quit-fachkraeftemangel-4-tage-woche\/\" \/>\n<meta property=\"og:site_name\" content=\"ABO Workshop Wirtschaftspsychologie Seminare + Coaching\" \/>\n<meta property=\"article:modified_time\" content=\"2024-12-19T12:29:55+00:00\" \/>\n<meta property=\"og:image\" content=\"https:\/\/abo-workshop.de\/content\/wp-content\/uploads\/2024\/12\/the-big-quit-abo-workshop-rhein-main-11-2023.jpg\" \/>\n\t<meta property=\"og:image:width\" content=\"600\" \/>\n\t<meta property=\"og:image:height\" content=\"280\" \/>\n\t<meta property=\"og:image:type\" content=\"image\/jpeg\" \/>\n<meta name=\"twitter:card\" content=\"summary_large_image\" \/>\n<meta name=\"twitter:label1\" content=\"Gesch\u00e4tzte Lesezeit\" \/>\n\t<meta name=\"twitter:data1\" content=\"2\u00a0Minuten\" \/>\n<script type=\"application\/ld+json\" class=\"yoast-schema-graph\">{\"@context\":\"https:\\\/\\\/schema.org\",\"@graph\":[{\"@type\":\"WebPage\",\"@id\":\"https:\\\/\\\/abo-workshop.de\\\/content\\\/big-quit-fachkraeftemangel-4-tage-woche\\\/\",\"url\":\"https:\\\/\\\/abo-workshop.de\\\/content\\\/big-quit-fachkraeftemangel-4-tage-woche\\\/\",\"name\":\"Big Quit, Fachkr\u00e4ftemangel &amp; 4-Tage-Woche - ABO Workshop Wirtschaftspsychologie Seminare + Coaching\",\"isPartOf\":{\"@id\":\"https:\\\/\\\/abo-workshop.de\\\/content\\\/#website\"},\"primaryImageOfPage\":{\"@id\":\"https:\\\/\\\/abo-workshop.de\\\/content\\\/big-quit-fachkraeftemangel-4-tage-woche\\\/#primaryimage\"},\"image\":{\"@id\":\"https:\\\/\\\/abo-workshop.de\\\/content\\\/big-quit-fachkraeftemangel-4-tage-woche\\\/#primaryimage\"},\"thumbnailUrl\":\"https:\\\/\\\/abo-workshop.de\\\/content\\\/wp-content\\\/uploads\\\/2024\\\/12\\\/the-big-quit-abo-workshop-rhein-main-11-2023.jpg\",\"datePublished\":\"2024-12-19T12:27:55+00:00\",\"dateModified\":\"2024-12-19T12:29:55+00:00\",\"description\":\"Big Quit + Fachkr\u00e4ftemangel & 4-Tage-Woche - bessere F\u00fchrung - bessere Arbeitsbedingungen - mehr Flexibilit\u00e4t ABO-Workshop Rhein-Main\",\"breadcrumb\":{\"@id\":\"https:\\\/\\\/abo-workshop.de\\\/content\\\/big-quit-fachkraeftemangel-4-tage-woche\\\/#breadcrumb\"},\"inLanguage\":\"de\",\"potentialAction\":[{\"@type\":\"ReadAction\",\"target\":[\"https:\\\/\\\/abo-workshop.de\\\/content\\\/big-quit-fachkraeftemangel-4-tage-woche\\\/\"]}]},{\"@type\":\"ImageObject\",\"inLanguage\":\"de\",\"@id\":\"https:\\\/\\\/abo-workshop.de\\\/content\\\/big-quit-fachkraeftemangel-4-tage-woche\\\/#primaryimage\",\"url\":\"https:\\\/\\\/abo-workshop.de\\\/content\\\/wp-content\\\/uploads\\\/2024\\\/12\\\/the-big-quit-abo-workshop-rhein-main-11-2023.jpg\",\"contentUrl\":\"https:\\\/\\\/abo-workshop.de\\\/content\\\/wp-content\\\/uploads\\\/2024\\\/12\\\/the-big-quit-abo-workshop-rhein-main-11-2023.jpg\",\"width\":600,\"height\":280,\"caption\":\"the big quit Fachkr\u00e4ftemangel ABO-Workshop Rhein-Main Arbeitspsychologie Betriebspsychologie Organisationspsychologie Wirtschaftspsychologie\"},{\"@type\":\"BreadcrumbList\",\"@id\":\"https:\\\/\\\/abo-workshop.de\\\/content\\\/big-quit-fachkraeftemangel-4-tage-woche\\\/#breadcrumb\",\"itemListElement\":[{\"@type\":\"ListItem\",\"position\":1,\"name\":\"Startseite\",\"item\":\"https:\\\/\\\/abo-workshop.de\\\/content\\\/\"},{\"@type\":\"ListItem\",\"position\":2,\"name\":\"Big Quit, Fachkr\u00e4ftemangel &amp; 4-Tage-Woche\"}]},{\"@type\":\"WebSite\",\"@id\":\"https:\\\/\\\/abo-workshop.de\\\/content\\\/#website\",\"url\":\"https:\\\/\\\/abo-workshop.de\\\/content\\\/\",\"name\":\"ABO Workshop Wirtschaftspsychologie Seminare + Coaching\",\"description\":\"ABO-Workshop kollegiale Treffen zur Wirtschaftspsychologie Frankfurt + Rhein-Main\",\"publisher\":{\"@id\":\"https:\\\/\\\/abo-workshop.de\\\/content\\\/#organization\"},\"potentialAction\":[{\"@type\":\"SearchAction\",\"target\":{\"@type\":\"EntryPoint\",\"urlTemplate\":\"https:\\\/\\\/abo-workshop.de\\\/content\\\/?s={search_term_string}\"},\"query-input\":{\"@type\":\"PropertyValueSpecification\",\"valueRequired\":true,\"valueName\":\"search_term_string\"}}],\"inLanguage\":\"de\"},{\"@type\":\"Organization\",\"@id\":\"https:\\\/\\\/abo-workshop.de\\\/content\\\/#organization\",\"name\":\"ABO Workshop Wirtschaftspsychologie Seminare + Coaching\",\"url\":\"https:\\\/\\\/abo-workshop.de\\\/content\\\/\",\"logo\":{\"@type\":\"ImageObject\",\"inLanguage\":\"de\",\"@id\":\"https:\\\/\\\/abo-workshop.de\\\/content\\\/#\\\/schema\\\/logo\\\/image\\\/\",\"url\":\"https:\\\/\\\/abo-workshop.de\\\/content\\\/wp-content\\\/uploads\\\/2020\\\/12\\\/cropped-Logo-ABO-Workshop-Rhein-Main-1.gif\",\"contentUrl\":\"https:\\\/\\\/abo-workshop.de\\\/content\\\/wp-content\\\/uploads\\\/2020\\\/12\\\/cropped-Logo-ABO-Workshop-Rhein-Main-1.gif\",\"width\":348,\"height\":326,\"caption\":\"ABO Workshop Wirtschaftspsychologie Seminare + Coaching\"},\"image\":{\"@id\":\"https:\\\/\\\/abo-workshop.de\\\/content\\\/#\\\/schema\\\/logo\\\/image\\\/\"}}]}<\/script>\n<!-- \/ Yoast SEO plugin. -->","yoast_head_json":{"title":"Big Quit, Fachkr\u00e4ftemangel &amp; 4-Tage-Woche - ABO Workshop Wirtschaftspsychologie Seminare + Coaching","description":"Big Quit + Fachkr\u00e4ftemangel & 4-Tage-Woche - bessere F\u00fchrung - bessere Arbeitsbedingungen - mehr Flexibilit\u00e4t ABO-Workshop Rhein-Main","robots":{"index":"index","follow":"follow","max-snippet":"max-snippet:-1","max-image-preview":"max-image-preview:large","max-video-preview":"max-video-preview:-1"},"canonical":"https:\/\/abo-workshop.de\/content\/big-quit-fachkraeftemangel-4-tage-woche\/","og_locale":"de_DE","og_type":"article","og_title":"Big Quit, Fachkr\u00e4ftemangel &amp; 4-Tage-Woche - ABO Workshop Wirtschaftspsychologie Seminare + Coaching","og_description":"Big Quit + Fachkr\u00e4ftemangel & 4-Tage-Woche - bessere F\u00fchrung - bessere Arbeitsbedingungen - mehr Flexibilit\u00e4t ABO-Workshop Rhein-Main","og_url":"https:\/\/abo-workshop.de\/content\/big-quit-fachkraeftemangel-4-tage-woche\/","og_site_name":"ABO Workshop Wirtschaftspsychologie Seminare + Coaching","article_modified_time":"2024-12-19T12:29:55+00:00","og_image":[{"width":600,"height":280,"url":"https:\/\/abo-workshop.de\/content\/wp-content\/uploads\/2024\/12\/the-big-quit-abo-workshop-rhein-main-11-2023.jpg","type":"image\/jpeg"}],"twitter_card":"summary_large_image","twitter_misc":{"Gesch\u00e4tzte Lesezeit":"2\u00a0Minuten"},"schema":{"@context":"https:\/\/schema.org","@graph":[{"@type":"WebPage","@id":"https:\/\/abo-workshop.de\/content\/big-quit-fachkraeftemangel-4-tage-woche\/","url":"https:\/\/abo-workshop.de\/content\/big-quit-fachkraeftemangel-4-tage-woche\/","name":"Big Quit, Fachkr\u00e4ftemangel &amp; 4-Tage-Woche - ABO Workshop Wirtschaftspsychologie Seminare + Coaching","isPartOf":{"@id":"https:\/\/abo-workshop.de\/content\/#website"},"primaryImageOfPage":{"@id":"https:\/\/abo-workshop.de\/content\/big-quit-fachkraeftemangel-4-tage-woche\/#primaryimage"},"image":{"@id":"https:\/\/abo-workshop.de\/content\/big-quit-fachkraeftemangel-4-tage-woche\/#primaryimage"},"thumbnailUrl":"https:\/\/abo-workshop.de\/content\/wp-content\/uploads\/2024\/12\/the-big-quit-abo-workshop-rhein-main-11-2023.jpg","datePublished":"2024-12-19T12:27:55+00:00","dateModified":"2024-12-19T12:29:55+00:00","description":"Big Quit + Fachkr\u00e4ftemangel & 4-Tage-Woche - bessere F\u00fchrung - bessere Arbeitsbedingungen - mehr Flexibilit\u00e4t ABO-Workshop Rhein-Main","breadcrumb":{"@id":"https:\/\/abo-workshop.de\/content\/big-quit-fachkraeftemangel-4-tage-woche\/#breadcrumb"},"inLanguage":"de","potentialAction":[{"@type":"ReadAction","target":["https:\/\/abo-workshop.de\/content\/big-quit-fachkraeftemangel-4-tage-woche\/"]}]},{"@type":"ImageObject","inLanguage":"de","@id":"https:\/\/abo-workshop.de\/content\/big-quit-fachkraeftemangel-4-tage-woche\/#primaryimage","url":"https:\/\/abo-workshop.de\/content\/wp-content\/uploads\/2024\/12\/the-big-quit-abo-workshop-rhein-main-11-2023.jpg","contentUrl":"https:\/\/abo-workshop.de\/content\/wp-content\/uploads\/2024\/12\/the-big-quit-abo-workshop-rhein-main-11-2023.jpg","width":600,"height":280,"caption":"the big quit Fachkr\u00e4ftemangel ABO-Workshop Rhein-Main Arbeitspsychologie Betriebspsychologie Organisationspsychologie Wirtschaftspsychologie"},{"@type":"BreadcrumbList","@id":"https:\/\/abo-workshop.de\/content\/big-quit-fachkraeftemangel-4-tage-woche\/#breadcrumb","itemListElement":[{"@type":"ListItem","position":1,"name":"Startseite","item":"https:\/\/abo-workshop.de\/content\/"},{"@type":"ListItem","position":2,"name":"Big Quit, Fachkr\u00e4ftemangel &amp; 4-Tage-Woche"}]},{"@type":"WebSite","@id":"https:\/\/abo-workshop.de\/content\/#website","url":"https:\/\/abo-workshop.de\/content\/","name":"ABO Workshop Wirtschaftspsychologie Seminare + Coaching","description":"ABO-Workshop kollegiale Treffen zur Wirtschaftspsychologie Frankfurt + Rhein-Main","publisher":{"@id":"https:\/\/abo-workshop.de\/content\/#organization"},"potentialAction":[{"@type":"SearchAction","target":{"@type":"EntryPoint","urlTemplate":"https:\/\/abo-workshop.de\/content\/?s={search_term_string}"},"query-input":{"@type":"PropertyValueSpecification","valueRequired":true,"valueName":"search_term_string"}}],"inLanguage":"de"},{"@type":"Organization","@id":"https:\/\/abo-workshop.de\/content\/#organization","name":"ABO Workshop Wirtschaftspsychologie Seminare + Coaching","url":"https:\/\/abo-workshop.de\/content\/","logo":{"@type":"ImageObject","inLanguage":"de","@id":"https:\/\/abo-workshop.de\/content\/#\/schema\/logo\/image\/","url":"https:\/\/abo-workshop.de\/content\/wp-content\/uploads\/2020\/12\/cropped-Logo-ABO-Workshop-Rhein-Main-1.gif","contentUrl":"https:\/\/abo-workshop.de\/content\/wp-content\/uploads\/2020\/12\/cropped-Logo-ABO-Workshop-Rhein-Main-1.gif","width":348,"height":326,"caption":"ABO Workshop Wirtschaftspsychologie Seminare + Coaching"},"image":{"@id":"https:\/\/abo-workshop.de\/content\/#\/schema\/logo\/image\/"}}]}},"_links":{"self":[{"href":"https:\/\/abo-workshop.de\/content\/wp-json\/wp\/v2\/pages\/313","targetHints":{"allow":["GET"]}}],"collection":[{"href":"https:\/\/abo-workshop.de\/content\/wp-json\/wp\/v2\/pages"}],"about":[{"href":"https:\/\/abo-workshop.de\/content\/wp-json\/wp\/v2\/types\/page"}],"author":[{"embeddable":true,"href":"https:\/\/abo-workshop.de\/content\/wp-json\/wp\/v2\/users\/1"}],"replies":[{"embeddable":true,"href":"https:\/\/abo-workshop.de\/content\/wp-json\/wp\/v2\/comments?post=313"}],"version-history":[{"count":2,"href":"https:\/\/abo-workshop.de\/content\/wp-json\/wp\/v2\/pages\/313\/revisions"}],"predecessor-version":[{"id":316,"href":"https:\/\/abo-workshop.de\/content\/wp-json\/wp\/v2\/pages\/313\/revisions\/316"}],"wp:featuredmedia":[{"embeddable":true,"href":"https:\/\/abo-workshop.de\/content\/wp-json\/wp\/v2\/media\/314"}],"wp:attachment":[{"href":"https:\/\/abo-workshop.de\/content\/wp-json\/wp\/v2\/media?parent=313"}],"curies":[{"name":"wp","href":"https:\/\/api.w.org\/{rel}","templated":true}]}}