{"id":319,"date":"2024-12-19T13:33:58","date_gmt":"2024-12-19T12:33:58","guid":{"rendered":"https:\/\/abo-workshop.de\/content\/?page_id=319"},"modified":"2024-12-19T13:33:59","modified_gmt":"2024-12-19T12:33:59","slug":"nachhaltigkeit-im-change-management","status":"publish","type":"page","link":"https:\/\/abo-workshop.de\/content\/nachhaltigkeit-im-change-management\/","title":{"rendered":"Nachhaltigkeit im Change Management"},"content":{"rendered":"\n<figure class=\"wp-block-image size-full\"><img loading=\"lazy\" decoding=\"async\" width=\"600\" height=\"280\" src=\"https:\/\/abo-workshop.de\/content\/wp-content\/uploads\/2024\/12\/nachhaltigkeit-change-management-abo-wokshop.jpg\" alt=\"Nachhaltigkeit im Change Management ABO-Workshop Rhein-Main Arbeitspsychologie Betriebspsychologie Organisationspsychologie Wirtschaftspsychologie\" class=\"wp-image-320\" srcset=\"https:\/\/abo-workshop.de\/content\/wp-content\/uploads\/2024\/12\/nachhaltigkeit-change-management-abo-wokshop.jpg 600w, https:\/\/abo-workshop.de\/content\/wp-content\/uploads\/2024\/12\/nachhaltigkeit-change-management-abo-wokshop-300x140.jpg 300w\" sizes=\"auto, (max-width: 600px) 100vw, 600px\" \/><\/figure>\n\n\n\n<p><strong>Sa 26.11.2022 von 14.00-17.00 Uhr<\/strong><\/p>\n\n\n\n<h2 class=\"wp-block-heading\"><strong>Nachhaltigkeit im Change Management<\/strong><\/h2>\n\n\n\n<p>Moderation: Dipl.-Psych. Gerhard Brockschmidt<br>Ort: Gerhard Brockschmidt, Hainweg 10, 64297 Darmstadt<\/p>\n\n\n\n<p><strong>Fragestellungen:<\/strong><br>Warum scheitern so viele Change Projekte bzw. bringen nicht die gew\u00fcnschten Ergebnisse?<br>Welche Hindernisse m\u00fcssen \u00fcberwunden werden und welche Werkzeuge helfen dabei?<br>Warum kommen wir mit den globalen Ma\u00dfnahmen gegen die Klimaver\u00e4nderung nicht richtig voran?<br>Was l\u00e4uft schief in der Entwicklungspolitik (Beispiele aus \u00c4thiopien, Tansania, Armenien)?<br>Wie kann nachhaltiger Change gelingen? Welche Rolle spielt dabei das Lokale Engagement?<\/p>\n\n\n\n<p><strong>Inhalte:<\/strong><\/p>\n\n\n\n<ul class=\"wp-block-list\">\n<li>Fragewerkzeuge des Konstruktivismus<\/li>\n\n\n\n<li>Zwei-H\u00fcrden Modell des Widerstands<\/li>\n\n\n\n<li>Feedbackwerkzeuge f\u00fcr den Projektfortschritt (what is measurable is manageable)<\/li>\n\n\n\n<li>Gelungene Narrative zu Projektbeginn<\/li>\n\n\n\n<li>Klima: Dilemma of the Commons, Mangel an Leidensdruck und Zielverankerung<\/li>\n\n\n\n<li>Beispiele eigener erfolgreicher und misslungener Projekte<\/li>\n\n\n\n<li>Laufendes lokales Engagement: B\u00fcrgersolarberatung in Darmstadt<\/li>\n\n\n\n<li>Kollegiale Beratung f\u00fcr ein aktuelles Projekt (in statu nascendi): ehrenamtliche Baumpaten f\u00fcr die Stadt Darmstadt<br>(Beteiligte, Aufbau von Motivation, Umsetzung, Pilotbereich)<\/li>\n<\/ul>\n\n\n\n<p>Der letzte Punkt ist f\u00fcr mich wichtig, da Stadtverwaltungen ziemlich ver\u00e4nderungsresistent sein k\u00f6nnen und ich die Widerst\u00e4nde nicht untersch\u00e4tze.<\/p>\n\n\n\n<p>Dipl.-Psych. Gerhard Brockschmidt<\/p>\n","protected":false},"excerpt":{"rendered":"<p>Sa 26.11.2022 von 14.00-17.00 Uhr Nachhaltigkeit im Change Management Moderation: Dipl.-Psych. Gerhard BrockschmidtOrt: Gerhard Brockschmidt, Hainweg 10, 64297 Darmstadt Fragestellungen:Warum scheitern so viele Change Projekte bzw. bringen nicht die gew\u00fcnschten Ergebnisse?Welche Hindernisse m\u00fcssen \u00fcberwunden werden und welche Werkzeuge helfen dabei?Warum kommen wir mit den globalen Ma\u00dfnahmen gegen die Klimaver\u00e4nderung nicht richtig voran?Was l\u00e4uft schief in&hellip;&nbsp;<a href=\"https:\/\/abo-workshop.de\/content\/nachhaltigkeit-im-change-management\/\" rel=\"bookmark\">Weiterlesen &raquo;<span class=\"screen-reader-text\">Nachhaltigkeit im Change Management<\/span><\/a><\/p>\n","protected":false},"author":1,"featured_media":320,"parent":0,"menu_order":0,"comment_status":"closed","ping_status":"closed","template":"","meta":{"neve_meta_sidebar":"","neve_meta_container":"","neve_meta_enable_content_width":"","neve_meta_content_width":0,"neve_meta_title_alignment":"","neve_meta_author_avatar":"","neve_post_elements_order":"","neve_meta_disable_header":"","neve_meta_disable_footer":"","neve_meta_disable_title":"","footnotes":""},"class_list":["post-319","page","type-page","status-publish","has-post-thumbnail","hentry"],"yoast_head":"<!-- This site is optimized with the Yoast SEO plugin v27.4 - https:\/\/yoast.com\/product\/yoast-seo-wordpress\/ -->\n<title>Nachhaltigkeit im Change Management - ABO Workshop Wirtschaftspsychologie Seminare + Coaching<\/title>\n<meta name=\"description\" content=\"Nachhaltigkeit im Change Management\" \/>\n<meta name=\"robots\" content=\"index, follow, max-snippet:-1, max-image-preview:large, max-video-preview:-1\" \/>\n<link rel=\"canonical\" href=\"https:\/\/abo-workshop.de\/content\/nachhaltigkeit-im-change-management\/\" \/>\n<meta property=\"og:locale\" content=\"de_DE\" \/>\n<meta property=\"og:type\" content=\"article\" \/>\n<meta property=\"og:title\" content=\"Nachhaltigkeit im Change Management - ABO Workshop Wirtschaftspsychologie Seminare + Coaching\" \/>\n<meta property=\"og:description\" content=\"Nachhaltigkeit im Change Management\" \/>\n<meta property=\"og:url\" content=\"https:\/\/abo-workshop.de\/content\/nachhaltigkeit-im-change-management\/\" \/>\n<meta property=\"og:site_name\" content=\"ABO Workshop Wirtschaftspsychologie Seminare + Coaching\" \/>\n<meta property=\"article:modified_time\" content=\"2024-12-19T12:33:59+00:00\" \/>\n<meta property=\"og:image\" content=\"https:\/\/abo-workshop.de\/content\/wp-content\/uploads\/2024\/12\/nachhaltigkeit-change-management-abo-wokshop.jpg\" \/>\n\t<meta property=\"og:image:width\" content=\"600\" \/>\n\t<meta property=\"og:image:height\" content=\"280\" \/>\n\t<meta property=\"og:image:type\" content=\"image\/jpeg\" \/>\n<meta name=\"twitter:card\" content=\"summary_large_image\" \/>\n<meta name=\"twitter:label1\" content=\"Gesch\u00e4tzte Lesezeit\" \/>\n\t<meta name=\"twitter:data1\" content=\"2\u00a0Minuten\" \/>\n<script type=\"application\/ld+json\" class=\"yoast-schema-graph\">{\"@context\":\"https:\\\/\\\/schema.org\",\"@graph\":[{\"@type\":\"WebPage\",\"@id\":\"https:\\\/\\\/abo-workshop.de\\\/content\\\/nachhaltigkeit-im-change-management\\\/\",\"url\":\"https:\\\/\\\/abo-workshop.de\\\/content\\\/nachhaltigkeit-im-change-management\\\/\",\"name\":\"Nachhaltigkeit im Change Management - ABO Workshop Wirtschaftspsychologie Seminare + Coaching\",\"isPartOf\":{\"@id\":\"https:\\\/\\\/abo-workshop.de\\\/content\\\/#website\"},\"primaryImageOfPage\":{\"@id\":\"https:\\\/\\\/abo-workshop.de\\\/content\\\/nachhaltigkeit-im-change-management\\\/#primaryimage\"},\"image\":{\"@id\":\"https:\\\/\\\/abo-workshop.de\\\/content\\\/nachhaltigkeit-im-change-management\\\/#primaryimage\"},\"thumbnailUrl\":\"https:\\\/\\\/abo-workshop.de\\\/content\\\/wp-content\\\/uploads\\\/2024\\\/12\\\/nachhaltigkeit-change-management-abo-wokshop.jpg\",\"datePublished\":\"2024-12-19T12:33:58+00:00\",\"dateModified\":\"2024-12-19T12:33:59+00:00\",\"description\":\"Nachhaltigkeit im Change Management\",\"breadcrumb\":{\"@id\":\"https:\\\/\\\/abo-workshop.de\\\/content\\\/nachhaltigkeit-im-change-management\\\/#breadcrumb\"},\"inLanguage\":\"de\",\"potentialAction\":[{\"@type\":\"ReadAction\",\"target\":[\"https:\\\/\\\/abo-workshop.de\\\/content\\\/nachhaltigkeit-im-change-management\\\/\"]}]},{\"@type\":\"ImageObject\",\"inLanguage\":\"de\",\"@id\":\"https:\\\/\\\/abo-workshop.de\\\/content\\\/nachhaltigkeit-im-change-management\\\/#primaryimage\",\"url\":\"https:\\\/\\\/abo-workshop.de\\\/content\\\/wp-content\\\/uploads\\\/2024\\\/12\\\/nachhaltigkeit-change-management-abo-wokshop.jpg\",\"contentUrl\":\"https:\\\/\\\/abo-workshop.de\\\/content\\\/wp-content\\\/uploads\\\/2024\\\/12\\\/nachhaltigkeit-change-management-abo-wokshop.jpg\",\"width\":600,\"height\":280,\"caption\":\"Nachhaltigkeit im Change Management ABO-Workshop Rhein-Main Arbeitspsychologie Betriebspsychologie Organisationspsychologie Wirtschaftspsychologie\"},{\"@type\":\"BreadcrumbList\",\"@id\":\"https:\\\/\\\/abo-workshop.de\\\/content\\\/nachhaltigkeit-im-change-management\\\/#breadcrumb\",\"itemListElement\":[{\"@type\":\"ListItem\",\"position\":1,\"name\":\"Startseite\",\"item\":\"https:\\\/\\\/abo-workshop.de\\\/content\\\/\"},{\"@type\":\"ListItem\",\"position\":2,\"name\":\"Nachhaltigkeit im Change Management\"}]},{\"@type\":\"WebSite\",\"@id\":\"https:\\\/\\\/abo-workshop.de\\\/content\\\/#website\",\"url\":\"https:\\\/\\\/abo-workshop.de\\\/content\\\/\",\"name\":\"ABO Workshop Wirtschaftspsychologie Seminare + Coaching\",\"description\":\"ABO-Workshop kollegiale Treffen zur Wirtschaftspsychologie Frankfurt + Rhein-Main\",\"publisher\":{\"@id\":\"https:\\\/\\\/abo-workshop.de\\\/content\\\/#organization\"},\"potentialAction\":[{\"@type\":\"SearchAction\",\"target\":{\"@type\":\"EntryPoint\",\"urlTemplate\":\"https:\\\/\\\/abo-workshop.de\\\/content\\\/?s={search_term_string}\"},\"query-input\":{\"@type\":\"PropertyValueSpecification\",\"valueRequired\":true,\"valueName\":\"search_term_string\"}}],\"inLanguage\":\"de\"},{\"@type\":\"Organization\",\"@id\":\"https:\\\/\\\/abo-workshop.de\\\/content\\\/#organization\",\"name\":\"ABO Workshop Wirtschaftspsychologie Seminare + Coaching\",\"url\":\"https:\\\/\\\/abo-workshop.de\\\/content\\\/\",\"logo\":{\"@type\":\"ImageObject\",\"inLanguage\":\"de\",\"@id\":\"https:\\\/\\\/abo-workshop.de\\\/content\\\/#\\\/schema\\\/logo\\\/image\\\/\",\"url\":\"https:\\\/\\\/abo-workshop.de\\\/content\\\/wp-content\\\/uploads\\\/2020\\\/12\\\/cropped-Logo-ABO-Workshop-Rhein-Main-1.gif\",\"contentUrl\":\"https:\\\/\\\/abo-workshop.de\\\/content\\\/wp-content\\\/uploads\\\/2020\\\/12\\\/cropped-Logo-ABO-Workshop-Rhein-Main-1.gif\",\"width\":348,\"height\":326,\"caption\":\"ABO Workshop Wirtschaftspsychologie Seminare + Coaching\"},\"image\":{\"@id\":\"https:\\\/\\\/abo-workshop.de\\\/content\\\/#\\\/schema\\\/logo\\\/image\\\/\"}}]}<\/script>\n<!-- \/ Yoast SEO plugin. -->","yoast_head_json":{"title":"Nachhaltigkeit im Change Management - ABO Workshop Wirtschaftspsychologie Seminare + Coaching","description":"Nachhaltigkeit im Change Management","robots":{"index":"index","follow":"follow","max-snippet":"max-snippet:-1","max-image-preview":"max-image-preview:large","max-video-preview":"max-video-preview:-1"},"canonical":"https:\/\/abo-workshop.de\/content\/nachhaltigkeit-im-change-management\/","og_locale":"de_DE","og_type":"article","og_title":"Nachhaltigkeit im Change Management - ABO Workshop Wirtschaftspsychologie Seminare + Coaching","og_description":"Nachhaltigkeit im Change Management","og_url":"https:\/\/abo-workshop.de\/content\/nachhaltigkeit-im-change-management\/","og_site_name":"ABO Workshop Wirtschaftspsychologie Seminare + Coaching","article_modified_time":"2024-12-19T12:33:59+00:00","og_image":[{"width":600,"height":280,"url":"https:\/\/abo-workshop.de\/content\/wp-content\/uploads\/2024\/12\/nachhaltigkeit-change-management-abo-wokshop.jpg","type":"image\/jpeg"}],"twitter_card":"summary_large_image","twitter_misc":{"Gesch\u00e4tzte Lesezeit":"2\u00a0Minuten"},"schema":{"@context":"https:\/\/schema.org","@graph":[{"@type":"WebPage","@id":"https:\/\/abo-workshop.de\/content\/nachhaltigkeit-im-change-management\/","url":"https:\/\/abo-workshop.de\/content\/nachhaltigkeit-im-change-management\/","name":"Nachhaltigkeit im Change Management - ABO Workshop Wirtschaftspsychologie Seminare + Coaching","isPartOf":{"@id":"https:\/\/abo-workshop.de\/content\/#website"},"primaryImageOfPage":{"@id":"https:\/\/abo-workshop.de\/content\/nachhaltigkeit-im-change-management\/#primaryimage"},"image":{"@id":"https:\/\/abo-workshop.de\/content\/nachhaltigkeit-im-change-management\/#primaryimage"},"thumbnailUrl":"https:\/\/abo-workshop.de\/content\/wp-content\/uploads\/2024\/12\/nachhaltigkeit-change-management-abo-wokshop.jpg","datePublished":"2024-12-19T12:33:58+00:00","dateModified":"2024-12-19T12:33:59+00:00","description":"Nachhaltigkeit im Change Management","breadcrumb":{"@id":"https:\/\/abo-workshop.de\/content\/nachhaltigkeit-im-change-management\/#breadcrumb"},"inLanguage":"de","potentialAction":[{"@type":"ReadAction","target":["https:\/\/abo-workshop.de\/content\/nachhaltigkeit-im-change-management\/"]}]},{"@type":"ImageObject","inLanguage":"de","@id":"https:\/\/abo-workshop.de\/content\/nachhaltigkeit-im-change-management\/#primaryimage","url":"https:\/\/abo-workshop.de\/content\/wp-content\/uploads\/2024\/12\/nachhaltigkeit-change-management-abo-wokshop.jpg","contentUrl":"https:\/\/abo-workshop.de\/content\/wp-content\/uploads\/2024\/12\/nachhaltigkeit-change-management-abo-wokshop.jpg","width":600,"height":280,"caption":"Nachhaltigkeit im Change Management ABO-Workshop Rhein-Main Arbeitspsychologie Betriebspsychologie Organisationspsychologie Wirtschaftspsychologie"},{"@type":"BreadcrumbList","@id":"https:\/\/abo-workshop.de\/content\/nachhaltigkeit-im-change-management\/#breadcrumb","itemListElement":[{"@type":"ListItem","position":1,"name":"Startseite","item":"https:\/\/abo-workshop.de\/content\/"},{"@type":"ListItem","position":2,"name":"Nachhaltigkeit im Change Management"}]},{"@type":"WebSite","@id":"https:\/\/abo-workshop.de\/content\/#website","url":"https:\/\/abo-workshop.de\/content\/","name":"ABO Workshop Wirtschaftspsychologie Seminare + Coaching","description":"ABO-Workshop kollegiale Treffen zur Wirtschaftspsychologie Frankfurt + Rhein-Main","publisher":{"@id":"https:\/\/abo-workshop.de\/content\/#organization"},"potentialAction":[{"@type":"SearchAction","target":{"@type":"EntryPoint","urlTemplate":"https:\/\/abo-workshop.de\/content\/?s={search_term_string}"},"query-input":{"@type":"PropertyValueSpecification","valueRequired":true,"valueName":"search_term_string"}}],"inLanguage":"de"},{"@type":"Organization","@id":"https:\/\/abo-workshop.de\/content\/#organization","name":"ABO Workshop Wirtschaftspsychologie Seminare + Coaching","url":"https:\/\/abo-workshop.de\/content\/","logo":{"@type":"ImageObject","inLanguage":"de","@id":"https:\/\/abo-workshop.de\/content\/#\/schema\/logo\/image\/","url":"https:\/\/abo-workshop.de\/content\/wp-content\/uploads\/2020\/12\/cropped-Logo-ABO-Workshop-Rhein-Main-1.gif","contentUrl":"https:\/\/abo-workshop.de\/content\/wp-content\/uploads\/2020\/12\/cropped-Logo-ABO-Workshop-Rhein-Main-1.gif","width":348,"height":326,"caption":"ABO Workshop Wirtschaftspsychologie Seminare + Coaching"},"image":{"@id":"https:\/\/abo-workshop.de\/content\/#\/schema\/logo\/image\/"}}]}},"_links":{"self":[{"href":"https:\/\/abo-workshop.de\/content\/wp-json\/wp\/v2\/pages\/319","targetHints":{"allow":["GET"]}}],"collection":[{"href":"https:\/\/abo-workshop.de\/content\/wp-json\/wp\/v2\/pages"}],"about":[{"href":"https:\/\/abo-workshop.de\/content\/wp-json\/wp\/v2\/types\/page"}],"author":[{"embeddable":true,"href":"https:\/\/abo-workshop.de\/content\/wp-json\/wp\/v2\/users\/1"}],"replies":[{"embeddable":true,"href":"https:\/\/abo-workshop.de\/content\/wp-json\/wp\/v2\/comments?post=319"}],"version-history":[{"count":1,"href":"https:\/\/abo-workshop.de\/content\/wp-json\/wp\/v2\/pages\/319\/revisions"}],"predecessor-version":[{"id":321,"href":"https:\/\/abo-workshop.de\/content\/wp-json\/wp\/v2\/pages\/319\/revisions\/321"}],"wp:featuredmedia":[{"embeddable":true,"href":"https:\/\/abo-workshop.de\/content\/wp-json\/wp\/v2\/media\/320"}],"wp:attachment":[{"href":"https:\/\/abo-workshop.de\/content\/wp-json\/wp\/v2\/media?parent=319"}],"curies":[{"name":"wp","href":"https:\/\/api.w.org\/{rel}","templated":true}]}}