{"id":328,"date":"2024-12-19T13:47:58","date_gmt":"2024-12-19T12:47:58","guid":{"rendered":"https:\/\/abo-workshop.de\/content\/?page_id=328"},"modified":"2024-12-19T13:51:30","modified_gmt":"2024-12-19T12:51:30","slug":"trendmapping-2022-wo-geht-die-reise-hin","status":"publish","type":"page","link":"https:\/\/abo-workshop.de\/content\/trendmapping-2022-wo-geht-die-reise-hin\/","title":{"rendered":"Trendmapping 2022: Wo geht die Reise hin?"},"content":{"rendered":"\n<figure class=\"wp-block-image size-full\"><img loading=\"lazy\" decoding=\"async\" width=\"600\" height=\"280\" src=\"https:\/\/abo-workshop.de\/content\/wp-content\/uploads\/2024\/12\/Trendmapping-Wirtschaftspsychologie-12-2021b.gif\" alt=\"Trendmapping 2022: Wo geht die Reise hin? ABO-Workshop Rhein-Main Arbeitspsychologie Betriebspsychologie Organisationspsychologie Wirtschaftspsychologie\" class=\"wp-image-332\"\/><\/figure>\n\n\n\n<p>Sa 11.12.2021 von 14.00-17.00 Uhr<\/p>\n\n\n\n<h2 class=\"wp-block-heading\"><strong># Trendmapping 2022: Wo geht die Reise hin?<br># Planung 2022<\/strong><\/h2>\n\n\n\n<p>Moderation: Dipl.-Psych. J\u00fcrgen Junker<br>Ort: Online Workshop via Zoom<\/p>\n\n\n\n<p>Liebe ABO-Workshopler,<\/p>\n\n\n\n<p>das Jahresende und unser Workshop bietet eine sehr gute\u00a0<strong>Gelegenheit die Delphi-Methode auszuprobieren<\/strong>\u00a0\u2026<br>Die\u00a0<strong>Delphi-Methode<\/strong>\u00a0dient dazu zuk\u00fcnftige Ereignisse, Trends, technische, psychologische, gesellschaftliche Entwicklungen \u2026. vorherzusagen.<\/p>\n\n\n\n<p><strong>Warum macht es Sinn die Delphi-Technik gemeinsam anzuwenden?<\/strong><br>Jeder Einzelne von uns hat sein individuelles Gesp\u00fcr f\u00fcr die Situation und die kommende Entwicklung\u2026.<br>Allerdings haben wir es als Einzelne schwer die&nbsp;<strong>Entwicklung in Ihrer gesamten Vielfalt<\/strong>&nbsp;zu erfassen\u2026<\/p>\n\n\n\n<p>Hier hilft das gemeinsame Arbeiten mit der&nbsp;<strong>Delphi-Technik<\/strong>!<br>Es&nbsp;<strong>sch\u00e4rft + erweitert den Blick<\/strong>&nbsp;und bringt unsere gemeinsame&nbsp;<strong>Einsch\u00e4tzung und Expertise<\/strong>&nbsp;ein.<\/p>\n\n\n\n<p>Um es im Workshop nicht zu formal, sondern&nbsp;<strong>f\u00fcr uns alle kurzweilig und spannend<\/strong>&nbsp;zu machen,<br>w\u00fcrde ich diesen Part gerne mit ein paar&nbsp;<strong>interessanten Online-Tools<\/strong>&nbsp;anreichern\u2026 und habe statt der klassischen Delphi-Technik eher eine visuelle Delphi-Variante angedacht\u2026. &nbsp;deswegen&nbsp;<strong>Trendmapping<\/strong><\/p>\n\n\n\n<h2 class=\"wp-block-heading\"><strong>Trendmapping 2022: Wo geht die Reise hin?<\/strong>(14-15.30Uhr)<\/h2>\n\n\n\n<p>Die aktuelle Situation mit einer Flut an Meldungen, Einflussfaktoren und Ungewissheiten ist in vielen Aspekten un\u00fcbersichtlich.<\/p>\n\n\n\n<p>Wer nicht die&nbsp;<strong>Gefahr-O-Sensitiv-Brille<\/strong>&nbsp;(Douglas Adams Anti-Gefahrenbrille) auf\u2026<br>oder alternativ das&nbsp;<strong>Problem-Anderer-Leute-Feld<\/strong>&nbsp;(Douglas Adams) aktiviert hat\u2026<br>bzw. alternative Freudsche Abwehrmechanismen am Start hat\u2026<br>hat es in diesen Tagen nicht ganz einfach\u2026<\/p>\n\n\n\n<h2 class=\"wp-block-heading\">Trendmapping<\/h2>\n\n\n\n<p>Landkarten + Kompasse sind hilfreich, um das &#8222;<em>Herz aus Gold<\/em>&#8220; zu orientieren und neu auszurichten.<br>Wenn noch unklar ist, wie die Karte aussieht, welches Terrain auf einen zukommt, welche Wege \u00fcberhaupt vorhanden oder begehbar sind\u2026.<br>ist es auch unklar, wo es genau hingehen k\u00f6nnte\u2026<\/p>\n\n\n\n<p>Gerne m\u00f6chte ich mit Euch gemeinsam im ersten Teil des Workshops ein&nbsp;<strong>Trendmapping f\u00fcr 2022&nbsp;<\/strong>ausprobieren.<br>Es geht darum das Terrain der<strong>&nbsp;Trends<\/strong>&nbsp;gemeinsam zu sondieren und eine erste Trend-(Karten-)skizze des Kommenden zu erstellen\u2026<\/p>\n\n\n\n<p>Corona als disruptives Ereignis hat die vorher bestehenden Entwicklungen und Trends teilweise sehr massiv unterbrochen, beeinflusst und fragmentiert..<br>Durch Corona wurden andere Entwicklungen \u00fcberhaupt erst geschaffen, erm\u00f6glicht und manche wurden gepusht und verst\u00e4rkt\u2026<\/p>\n\n\n\n<ul class=\"wp-block-list\">\n<li><strong>Welche Trends seht Ihr f\u00fcr die kommende Zeit?<\/strong><\/li>\n\n\n\n<li><strong>Was sind die 10 (Trend-) Keywords des kommenden Jahres?<\/strong><\/li>\n\n\n\n<li><strong>Wo geht aus Eurer Sicht die Reise hin?<\/strong><\/li>\n\n\n\n<li><strong>Welche Themen sind am Start und kommen?<\/strong><\/li>\n<\/ul>\n\n\n\n<p><strong>Wer selbst Ideen und Impulse f\u00fcr diesen ersten Part<\/strong>&nbsp;einbringen m\u00f6chte z.B. Visualisierungsinstrumente, Online-Tools, Webseiten, Dashboards<br>oder eine spezifische Fragestellung \/ Thematik \u2026.. ist herzlich eingeladen sich mit mir vorab abzustimmen \u2013 ich freue mich \u00fcber gute Ideen und bin gerne<br>bereit auch f\u00fcr ungew\u00f6hnliche Instrumente, Experimente und Inputs\u2026.<\/p>\n\n\n\n<figure class=\"wp-block-image size-large\"><img loading=\"lazy\" decoding=\"async\" width=\"1024\" height=\"242\" src=\"https:\/\/abo-workshop.de\/content\/wp-content\/uploads\/2024\/12\/feet-1024x242.jpg\" alt=\"Trendmapping 2022: Wo geht die Reise hin? ABO-Workshop Rhein-Main Arbeitspsychologie Betriebspsychologie Organisationspsychologie Wirtschaftspsychologie\" class=\"wp-image-330\" srcset=\"https:\/\/abo-workshop.de\/content\/wp-content\/uploads\/2024\/12\/feet-1024x242.jpg 1024w, https:\/\/abo-workshop.de\/content\/wp-content\/uploads\/2024\/12\/feet-300x71.jpg 300w, https:\/\/abo-workshop.de\/content\/wp-content\/uploads\/2024\/12\/feet-768x182.jpg 768w, https:\/\/abo-workshop.de\/content\/wp-content\/uploads\/2024\/12\/feet-1536x363.jpg 1536w, https:\/\/abo-workshop.de\/content\/wp-content\/uploads\/2024\/12\/feet-2048x484.jpg 2048w\" sizes=\"auto, (max-width: 1024px) 100vw, 1024px\" \/><\/figure>\n\n\n\n<h2 class=\"wp-block-heading\"><strong>ABO-Workshop Planung 2022&nbsp;<\/strong>(15.45 \u2013 17.00Uhr)<\/h2>\n\n\n\n<p>Ich w\u00fcrde gerne mit Euch gemeinsam kollaborativ die&nbsp;<strong>ABO-Workshops f\u00fcr 2022<\/strong>&nbsp;planen.<br>Einige von Euch haben bereits erste Ideen ge\u00e4u\u00dfert\u2026 z.B. New Work, Moderation \u2026.<\/p>\n\n\n\n<figure class=\"wp-block-image size-large\"><img decoding=\"async\" src=\"https:\/\/abo-workshop.de\/Bilder\/01-warpUp2020.gif\" alt=\"\"\/><\/figure>\n","protected":false},"excerpt":{"rendered":"<p>Sa 11.12.2021 von 14.00-17.00 Uhr # Trendmapping 2022: Wo geht die Reise hin?# Planung 2022 Moderation: Dipl.-Psych. J\u00fcrgen JunkerOrt: Online Workshop via Zoom Liebe ABO-Workshopler, das Jahresende und unser Workshop bietet eine sehr gute\u00a0Gelegenheit die Delphi-Methode auszuprobieren\u00a0\u2026Die\u00a0Delphi-Methode\u00a0dient dazu zuk\u00fcnftige Ereignisse, Trends, technische, psychologische, gesellschaftliche Entwicklungen \u2026. vorherzusagen. Warum macht es Sinn die Delphi-Technik gemeinsam anzuwenden?Jeder&hellip;&nbsp;<a href=\"https:\/\/abo-workshop.de\/content\/trendmapping-2022-wo-geht-die-reise-hin\/\" rel=\"bookmark\">Weiterlesen &raquo;<span class=\"screen-reader-text\">Trendmapping 2022: Wo geht die Reise hin?<\/span><\/a><\/p>\n","protected":false},"author":1,"featured_media":332,"parent":0,"menu_order":0,"comment_status":"closed","ping_status":"closed","template":"","meta":{"neve_meta_sidebar":"","neve_meta_container":"","neve_meta_enable_content_width":"","neve_meta_content_width":0,"neve_meta_title_alignment":"","neve_meta_author_avatar":"","neve_post_elements_order":"","neve_meta_disable_header":"","neve_meta_disable_footer":"","neve_meta_disable_title":"","footnotes":""},"class_list":["post-328","page","type-page","status-publish","has-post-thumbnail","hentry"],"yoast_head":"<!-- This site is optimized with the Yoast SEO plugin v27.6 - https:\/\/yoast.com\/product\/yoast-seo-wordpress\/ -->\n<title>Trendmapping 2022: Wo geht die Reise hin? - ABO Workshop Wirtschaftspsychologie Seminare + Coaching<\/title>\n<meta name=\"description\" content=\"Trendmapping 2022: Wo geht die Reise hin? ABO-Workshop Rhein-Main Welche Trends seht Ihr f\u00fcr die kommende Zeit?\" \/>\n<meta name=\"robots\" content=\"index, follow, max-snippet:-1, max-image-preview:large, max-video-preview:-1\" \/>\n<link rel=\"canonical\" href=\"https:\/\/abo-workshop.de\/content\/trendmapping-2022-wo-geht-die-reise-hin\/\" \/>\n<meta property=\"og:locale\" content=\"de_DE\" \/>\n<meta property=\"og:type\" content=\"article\" \/>\n<meta property=\"og:title\" content=\"Trendmapping 2022: Wo geht die Reise hin? - ABO Workshop Wirtschaftspsychologie Seminare + Coaching\" \/>\n<meta property=\"og:description\" content=\"Trendmapping 2022: Wo geht die Reise hin? ABO-Workshop Rhein-Main Welche Trends seht Ihr f\u00fcr die kommende Zeit?\" \/>\n<meta property=\"og:url\" content=\"https:\/\/abo-workshop.de\/content\/trendmapping-2022-wo-geht-die-reise-hin\/\" \/>\n<meta property=\"og:site_name\" content=\"ABO Workshop Wirtschaftspsychologie Seminare + Coaching\" \/>\n<meta property=\"article:modified_time\" content=\"2024-12-19T12:51:30+00:00\" \/>\n<meta property=\"og:image\" content=\"https:\/\/abo-workshop.de\/content\/wp-content\/uploads\/2024\/12\/Trendmapping-Wirtschaftspsychologie-12-2021b.gif\" \/>\n\t<meta property=\"og:image:width\" content=\"600\" \/>\n\t<meta property=\"og:image:height\" content=\"280\" \/>\n\t<meta property=\"og:image:type\" content=\"image\/gif\" \/>\n<meta name=\"twitter:card\" content=\"summary_large_image\" \/>\n<meta name=\"twitter:label1\" content=\"Gesch\u00e4tzte Lesezeit\" \/>\n\t<meta name=\"twitter:data1\" content=\"4\u00a0Minuten\" \/>\n<script type=\"application\/ld+json\" class=\"yoast-schema-graph\">{\"@context\":\"https:\\\/\\\/schema.org\",\"@graph\":[{\"@type\":\"WebPage\",\"@id\":\"https:\\\/\\\/abo-workshop.de\\\/content\\\/trendmapping-2022-wo-geht-die-reise-hin\\\/\",\"url\":\"https:\\\/\\\/abo-workshop.de\\\/content\\\/trendmapping-2022-wo-geht-die-reise-hin\\\/\",\"name\":\"Trendmapping 2022: Wo geht die Reise hin? - ABO Workshop Wirtschaftspsychologie Seminare + Coaching\",\"isPartOf\":{\"@id\":\"https:\\\/\\\/abo-workshop.de\\\/content\\\/#website\"},\"primaryImageOfPage\":{\"@id\":\"https:\\\/\\\/abo-workshop.de\\\/content\\\/trendmapping-2022-wo-geht-die-reise-hin\\\/#primaryimage\"},\"image\":{\"@id\":\"https:\\\/\\\/abo-workshop.de\\\/content\\\/trendmapping-2022-wo-geht-die-reise-hin\\\/#primaryimage\"},\"thumbnailUrl\":\"https:\\\/\\\/abo-workshop.de\\\/content\\\/wp-content\\\/uploads\\\/2024\\\/12\\\/Trendmapping-Wirtschaftspsychologie-12-2021b.gif\",\"datePublished\":\"2024-12-19T12:47:58+00:00\",\"dateModified\":\"2024-12-19T12:51:30+00:00\",\"description\":\"Trendmapping 2022: Wo geht die Reise hin? ABO-Workshop Rhein-Main Welche Trends seht Ihr f\u00fcr die kommende Zeit?\",\"breadcrumb\":{\"@id\":\"https:\\\/\\\/abo-workshop.de\\\/content\\\/trendmapping-2022-wo-geht-die-reise-hin\\\/#breadcrumb\"},\"inLanguage\":\"de\",\"potentialAction\":[{\"@type\":\"ReadAction\",\"target\":[\"https:\\\/\\\/abo-workshop.de\\\/content\\\/trendmapping-2022-wo-geht-die-reise-hin\\\/\"]}]},{\"@type\":\"ImageObject\",\"inLanguage\":\"de\",\"@id\":\"https:\\\/\\\/abo-workshop.de\\\/content\\\/trendmapping-2022-wo-geht-die-reise-hin\\\/#primaryimage\",\"url\":\"https:\\\/\\\/abo-workshop.de\\\/content\\\/wp-content\\\/uploads\\\/2024\\\/12\\\/Trendmapping-Wirtschaftspsychologie-12-2021b.gif\",\"contentUrl\":\"https:\\\/\\\/abo-workshop.de\\\/content\\\/wp-content\\\/uploads\\\/2024\\\/12\\\/Trendmapping-Wirtschaftspsychologie-12-2021b.gif\",\"width\":600,\"height\":280},{\"@type\":\"BreadcrumbList\",\"@id\":\"https:\\\/\\\/abo-workshop.de\\\/content\\\/trendmapping-2022-wo-geht-die-reise-hin\\\/#breadcrumb\",\"itemListElement\":[{\"@type\":\"ListItem\",\"position\":1,\"name\":\"Startseite\",\"item\":\"https:\\\/\\\/abo-workshop.de\\\/content\\\/\"},{\"@type\":\"ListItem\",\"position\":2,\"name\":\"Trendmapping 2022: Wo geht die Reise hin?\"}]},{\"@type\":\"WebSite\",\"@id\":\"https:\\\/\\\/abo-workshop.de\\\/content\\\/#website\",\"url\":\"https:\\\/\\\/abo-workshop.de\\\/content\\\/\",\"name\":\"ABO Workshop Wirtschaftspsychologie Seminare + Coaching\",\"description\":\"ABO-Workshop kollegiale Treffen zur Wirtschaftspsychologie Frankfurt + Rhein-Main\",\"publisher\":{\"@id\":\"https:\\\/\\\/abo-workshop.de\\\/content\\\/#organization\"},\"potentialAction\":[{\"@type\":\"SearchAction\",\"target\":{\"@type\":\"EntryPoint\",\"urlTemplate\":\"https:\\\/\\\/abo-workshop.de\\\/content\\\/?s={search_term_string}\"},\"query-input\":{\"@type\":\"PropertyValueSpecification\",\"valueRequired\":true,\"valueName\":\"search_term_string\"}}],\"inLanguage\":\"de\"},{\"@type\":\"Organization\",\"@id\":\"https:\\\/\\\/abo-workshop.de\\\/content\\\/#organization\",\"name\":\"ABO Workshop Wirtschaftspsychologie Seminare + Coaching\",\"url\":\"https:\\\/\\\/abo-workshop.de\\\/content\\\/\",\"logo\":{\"@type\":\"ImageObject\",\"inLanguage\":\"de\",\"@id\":\"https:\\\/\\\/abo-workshop.de\\\/content\\\/#\\\/schema\\\/logo\\\/image\\\/\",\"url\":\"https:\\\/\\\/abo-workshop.de\\\/content\\\/wp-content\\\/uploads\\\/2020\\\/12\\\/cropped-Logo-ABO-Workshop-Rhein-Main-1.gif\",\"contentUrl\":\"https:\\\/\\\/abo-workshop.de\\\/content\\\/wp-content\\\/uploads\\\/2020\\\/12\\\/cropped-Logo-ABO-Workshop-Rhein-Main-1.gif\",\"width\":348,\"height\":326,\"caption\":\"ABO Workshop Wirtschaftspsychologie Seminare + Coaching\"},\"image\":{\"@id\":\"https:\\\/\\\/abo-workshop.de\\\/content\\\/#\\\/schema\\\/logo\\\/image\\\/\"}}]}<\/script>\n<!-- \/ Yoast SEO plugin. -->","yoast_head_json":{"title":"Trendmapping 2022: Wo geht die Reise hin? - ABO Workshop Wirtschaftspsychologie Seminare + Coaching","description":"Trendmapping 2022: Wo geht die Reise hin? ABO-Workshop Rhein-Main Welche Trends seht Ihr f\u00fcr die kommende Zeit?","robots":{"index":"index","follow":"follow","max-snippet":"max-snippet:-1","max-image-preview":"max-image-preview:large","max-video-preview":"max-video-preview:-1"},"canonical":"https:\/\/abo-workshop.de\/content\/trendmapping-2022-wo-geht-die-reise-hin\/","og_locale":"de_DE","og_type":"article","og_title":"Trendmapping 2022: Wo geht die Reise hin? - ABO Workshop Wirtschaftspsychologie Seminare + Coaching","og_description":"Trendmapping 2022: Wo geht die Reise hin? ABO-Workshop Rhein-Main Welche Trends seht Ihr f\u00fcr die kommende Zeit?","og_url":"https:\/\/abo-workshop.de\/content\/trendmapping-2022-wo-geht-die-reise-hin\/","og_site_name":"ABO Workshop Wirtschaftspsychologie Seminare + Coaching","article_modified_time":"2024-12-19T12:51:30+00:00","og_image":[{"width":600,"height":280,"url":"https:\/\/abo-workshop.de\/content\/wp-content\/uploads\/2024\/12\/Trendmapping-Wirtschaftspsychologie-12-2021b.gif","type":"image\/gif"}],"twitter_card":"summary_large_image","twitter_misc":{"Gesch\u00e4tzte Lesezeit":"4\u00a0Minuten"},"schema":{"@context":"https:\/\/schema.org","@graph":[{"@type":"WebPage","@id":"https:\/\/abo-workshop.de\/content\/trendmapping-2022-wo-geht-die-reise-hin\/","url":"https:\/\/abo-workshop.de\/content\/trendmapping-2022-wo-geht-die-reise-hin\/","name":"Trendmapping 2022: Wo geht die Reise hin? - ABO Workshop Wirtschaftspsychologie Seminare + Coaching","isPartOf":{"@id":"https:\/\/abo-workshop.de\/content\/#website"},"primaryImageOfPage":{"@id":"https:\/\/abo-workshop.de\/content\/trendmapping-2022-wo-geht-die-reise-hin\/#primaryimage"},"image":{"@id":"https:\/\/abo-workshop.de\/content\/trendmapping-2022-wo-geht-die-reise-hin\/#primaryimage"},"thumbnailUrl":"https:\/\/abo-workshop.de\/content\/wp-content\/uploads\/2024\/12\/Trendmapping-Wirtschaftspsychologie-12-2021b.gif","datePublished":"2024-12-19T12:47:58+00:00","dateModified":"2024-12-19T12:51:30+00:00","description":"Trendmapping 2022: Wo geht die Reise hin? ABO-Workshop Rhein-Main Welche Trends seht Ihr f\u00fcr die kommende Zeit?","breadcrumb":{"@id":"https:\/\/abo-workshop.de\/content\/trendmapping-2022-wo-geht-die-reise-hin\/#breadcrumb"},"inLanguage":"de","potentialAction":[{"@type":"ReadAction","target":["https:\/\/abo-workshop.de\/content\/trendmapping-2022-wo-geht-die-reise-hin\/"]}]},{"@type":"ImageObject","inLanguage":"de","@id":"https:\/\/abo-workshop.de\/content\/trendmapping-2022-wo-geht-die-reise-hin\/#primaryimage","url":"https:\/\/abo-workshop.de\/content\/wp-content\/uploads\/2024\/12\/Trendmapping-Wirtschaftspsychologie-12-2021b.gif","contentUrl":"https:\/\/abo-workshop.de\/content\/wp-content\/uploads\/2024\/12\/Trendmapping-Wirtschaftspsychologie-12-2021b.gif","width":600,"height":280},{"@type":"BreadcrumbList","@id":"https:\/\/abo-workshop.de\/content\/trendmapping-2022-wo-geht-die-reise-hin\/#breadcrumb","itemListElement":[{"@type":"ListItem","position":1,"name":"Startseite","item":"https:\/\/abo-workshop.de\/content\/"},{"@type":"ListItem","position":2,"name":"Trendmapping 2022: Wo geht die Reise hin?"}]},{"@type":"WebSite","@id":"https:\/\/abo-workshop.de\/content\/#website","url":"https:\/\/abo-workshop.de\/content\/","name":"ABO Workshop Wirtschaftspsychologie Seminare + Coaching","description":"ABO-Workshop kollegiale Treffen zur Wirtschaftspsychologie Frankfurt + Rhein-Main","publisher":{"@id":"https:\/\/abo-workshop.de\/content\/#organization"},"potentialAction":[{"@type":"SearchAction","target":{"@type":"EntryPoint","urlTemplate":"https:\/\/abo-workshop.de\/content\/?s={search_term_string}"},"query-input":{"@type":"PropertyValueSpecification","valueRequired":true,"valueName":"search_term_string"}}],"inLanguage":"de"},{"@type":"Organization","@id":"https:\/\/abo-workshop.de\/content\/#organization","name":"ABO Workshop Wirtschaftspsychologie Seminare + Coaching","url":"https:\/\/abo-workshop.de\/content\/","logo":{"@type":"ImageObject","inLanguage":"de","@id":"https:\/\/abo-workshop.de\/content\/#\/schema\/logo\/image\/","url":"https:\/\/abo-workshop.de\/content\/wp-content\/uploads\/2020\/12\/cropped-Logo-ABO-Workshop-Rhein-Main-1.gif","contentUrl":"https:\/\/abo-workshop.de\/content\/wp-content\/uploads\/2020\/12\/cropped-Logo-ABO-Workshop-Rhein-Main-1.gif","width":348,"height":326,"caption":"ABO Workshop Wirtschaftspsychologie Seminare + Coaching"},"image":{"@id":"https:\/\/abo-workshop.de\/content\/#\/schema\/logo\/image\/"}}]}},"_links":{"self":[{"href":"https:\/\/abo-workshop.de\/content\/wp-json\/wp\/v2\/pages\/328","targetHints":{"allow":["GET"]}}],"collection":[{"href":"https:\/\/abo-workshop.de\/content\/wp-json\/wp\/v2\/pages"}],"about":[{"href":"https:\/\/abo-workshop.de\/content\/wp-json\/wp\/v2\/types\/page"}],"author":[{"embeddable":true,"href":"https:\/\/abo-workshop.de\/content\/wp-json\/wp\/v2\/users\/1"}],"replies":[{"embeddable":true,"href":"https:\/\/abo-workshop.de\/content\/wp-json\/wp\/v2\/comments?post=328"}],"version-history":[{"count":1,"href":"https:\/\/abo-workshop.de\/content\/wp-json\/wp\/v2\/pages\/328\/revisions"}],"predecessor-version":[{"id":333,"href":"https:\/\/abo-workshop.de\/content\/wp-json\/wp\/v2\/pages\/328\/revisions\/333"}],"wp:featuredmedia":[{"embeddable":true,"href":"https:\/\/abo-workshop.de\/content\/wp-json\/wp\/v2\/media\/332"}],"wp:attachment":[{"href":"https:\/\/abo-workshop.de\/content\/wp-json\/wp\/v2\/media?parent=328"}],"curies":[{"name":"wp","href":"https:\/\/api.w.org\/{rel}","templated":true}]}}