{"id":367,"date":"2025-01-14T19:01:42","date_gmt":"2025-01-14T18:01:42","guid":{"rendered":"https:\/\/abo-workshop.de\/content\/?page_id=367"},"modified":"2025-01-14T19:09:07","modified_gmt":"2025-01-14T18:09:07","slug":"abo-workshop-rhein-main","status":"publish","type":"page","link":"https:\/\/abo-workshop.de\/content\/abo-workshop-rhein-main\/","title":{"rendered":"ABO-Workshop Rhein-Main"},"content":{"rendered":"\n<p>Der&nbsp;<strong>Wirtschaftspsychologie ABO-Workshop Rhein-Main<\/strong>&nbsp;steht f\u00fcr die Themen&nbsp;<strong>Arbeitspsychologie, Organisationspsychologie und Wirtschaftspsychologie<\/strong>.&nbsp;<strong><a href=\"mailto:anfrage@abo-workshop.de\">Lust darauf, dabei zu sein?<\/a><\/strong><br><br>Wobei:&nbsp;<strong>Wirtschaftspsychologie: gut aufgelegt<\/strong>!<br>Wie oft:&nbsp;<strong>4-5xJahr&nbsp;<\/strong>Ort:&nbsp;<strong>Rhein-Main-Gebiet<\/strong><br><\/p>\n\n\n\n<figure class=\"wp-block-image\"><a href=\"https:\/\/abo-workshop.de\/content\/\"><img decoding=\"async\" src=\"https:\/\/abo-workshop.de\/Bilder\/ABO-Workshop-Rhein-Main-gesucht-nette-Kollegen-und-Kolleginnen.jpg\" alt=\"Wirtschaftspsychologie ABO-Workshop Rhein-Main Termine - nette Kollegen und Kolleginnen gesucht\"\/><\/a><\/figure>\n\n\n\n<p><strong>Wir sind eine informelle Runde<\/strong>\u00a0aus\u00a0<strong>Psychologinnen und Psychologen<\/strong>\u00a0(Diplom \/ Bachelor \/ Master \/ PhD \/ Dr. \/ Prof.) aus dem Rhein-Main-Gebiet (Wirtschaftspsychologen\/innen und interessierte Kollegen\/innen aus anderen Bereichen der Psychologie) sowie:<\/p>\n\n\n\n<ul class=\"wp-block-list\">\n<li>die\u00a0<a href=\"http:\/\/www.wirtschaftspsychologie-bdp.de\/regionalgruppen\/rhein-main\/\" target=\"_blank\" rel=\"noreferrer noopener\">Regionalgruppe Rhein-Main der Sektion Wirtschaftspsychologie<\/a><\/li>\n\n\n\n<li>im&nbsp;<a href=\"https:\/\/www.bdp-verband.de\/\" target=\"_blank\" rel=\"noreferrer noopener\">BDP e.V. Deutschlands gr\u00f6\u00dfter Berufsverband f\u00fcr Psychologinnen und Psychologen<\/a><\/li>\n<\/ul>\n\n\n\n<p><\/p>\n\n\n\n<h2 class=\"wp-block-heading\">Wirtschaftspsychologie ABO-Workshop Rhein-Main &#8211; \u00fcber uns<\/h2>\n\n\n\n<p>Bereits seit 1990 treffen wir uns in unterschiedlichen Zusammensetzungen und immer wieder neuen Teilnehmern\/innen zu Workshops an verschiedenen Orten im Rhein-Main-Gebiet. Praxisnahe Fragestellungen aus unterschiedlichen Bereichen der&nbsp;<strong>ABO-Psychologie \/ Wirtschaftspsychologie<\/strong>&nbsp;und dar\u00fcber hinaus stehen im Fokus.<\/p>\n\n\n\n<p>Unsere bevorzugte Arbeitsform ist&nbsp;<strong>aktives Tun, Ausprobieren, Erarbeiten, viel Praxis, \u00dcbungen, Feedback und Anwenden<\/strong>. In einigen Workshops auch neues Entwickeln,&nbsp;<strong>kollegiale Diskussion und Meinungsaustausch<\/strong>. Es geht uns darum,&nbsp;<strong>Neues ohne Risiko auszutesten<\/strong>, auf dem Stand der Dinge zu bleiben und uns&nbsp;<strong>\u00fcber unsere Arbeit, Fallstellungen, Fragen, Knackpunkte auszutauschen<\/strong>.<\/p>\n\n\n\n<h2 class=\"wp-block-heading\">ABO-Workshop Rhein-Main &#8211; Wer kann teilnehmen?<\/h2>\n\n\n\n<p>Psychologinnen und Psychologen sowie Wirtschaftspsychologie Interessierte aus dem Rhein-Main-Gebiet. Jede\/r der\/die Lust hat sich kollegial weiterzubilden, auszutauschen und sich aktiv einzubringen.<br><br>Der berufliche Status, festangestellt oder freiberuflich ist f\u00fcr uns sekund\u00e4r.<br>Wir freuen uns nat\u00fcrlich auch \u00fcber Berufseinsteiger\/-innen und<br>Studenten\/-innen im letzten Teil des Studiums.<br><br>Neue Interessenten\/innen nehmen wir gerne in unseren Einladungsverteiler auf!<\/p>\n\n\n\n<h2 class=\"wp-block-heading\">Wirtschaftspsychologie Themen<\/h2>\n\n\n\n<p>Wie kommen wir zu unseren Themen? Die Themen finden wir gemeinsam. Jeder kann und soll Vorschl\u00e4ge unterbreiten.<br><br>Es sollte die Bereitschaft da sein auch einmal selbst ein Treffen im Team mit Kollegen vorzubereiten und zu moderieren. Der Schwerpunkt liegt auf aktivem Gestalten und Einbinden der Teilnehmer.<\/p>\n\n\n\n<h2 class=\"wp-block-heading\">ABO-Workshop Rhein-Main Teilnahmegeb\u00fchren?<\/h2>\n\n\n\n<p>Generell haben wir keine Teilnahmegeb\u00fchren, eventuell anfallende Raumkosten legen wir auf die Teilnehmer\/innen um. In aller Regel treffen wir uns in R\u00e4umlichkeiten der Mitglieder oder bei Berufskollegen\/innen d.h. Eigeninitiative und -beteiligung &#8211; Beitr\u00e4ge in Form von R\u00e4umlichkeiten, Speis und Trank sind nat\u00fcrlich immer willkommen.<\/p>\n","protected":false},"excerpt":{"rendered":"<p>Der&nbsp;Wirtschaftspsychologie ABO-Workshop Rhein-Main&nbsp;steht f\u00fcr die Themen&nbsp;Arbeitspsychologie, Organisationspsychologie und Wirtschaftspsychologie.&nbsp;Lust darauf, dabei zu sein? Wobei:&nbsp;Wirtschaftspsychologie: gut aufgelegt!Wie oft:&nbsp;4-5xJahr&nbsp;Ort:&nbsp;Rhein-Main-Gebiet Wir sind eine informelle Runde\u00a0aus\u00a0Psychologinnen und Psychologen\u00a0(Diplom \/ Bachelor \/ Master \/ PhD \/ Dr. \/ Prof.) aus dem Rhein-Main-Gebiet (Wirtschaftspsychologen\/innen und interessierte Kollegen\/innen aus anderen Bereichen der Psychologie) sowie: Wirtschaftspsychologie ABO-Workshop Rhein-Main &#8211; \u00fcber uns Bereits seit&hellip;&nbsp;<a href=\"https:\/\/abo-workshop.de\/content\/abo-workshop-rhein-main\/\" rel=\"bookmark\">Weiterlesen &raquo;<span class=\"screen-reader-text\">ABO-Workshop Rhein-Main<\/span><\/a><\/p>\n","protected":false},"author":1,"featured_media":0,"parent":0,"menu_order":0,"comment_status":"closed","ping_status":"closed","template":"","meta":{"neve_meta_sidebar":"","neve_meta_container":"","neve_meta_enable_content_width":"","neve_meta_content_width":0,"neve_meta_title_alignment":"","neve_meta_author_avatar":"","neve_post_elements_order":"","neve_meta_disable_header":"","neve_meta_disable_footer":"","neve_meta_disable_title":"","footnotes":""},"class_list":["post-367","page","type-page","status-publish","hentry"],"yoast_head":"<!-- This site is optimized with the Yoast SEO plugin v27.3 - https:\/\/yoast.com\/product\/yoast-seo-wordpress\/ -->\n<title>ABO-Workshop Rhein-Main - ABO Workshop Wirtschaftspsychologie Seminare + Coaching<\/title>\n<meta name=\"description\" content=\"ABO-Workshop Rhein-Main Wirtschaftspsychologie kollegiale Treffen f\u00fcr Wirtschaftspsychologen - Dipl.-Psych. J\u00fcrgen Junker\" \/>\n<meta name=\"robots\" content=\"index, follow, max-snippet:-1, max-image-preview:large, max-video-preview:-1\" \/>\n<link rel=\"canonical\" href=\"https:\/\/abo-workshop.de\/content\/abo-workshop-rhein-main\/\" \/>\n<meta property=\"og:locale\" content=\"de_DE\" \/>\n<meta property=\"og:type\" content=\"article\" \/>\n<meta property=\"og:title\" content=\"ABO-Workshop Rhein-Main - ABO Workshop Wirtschaftspsychologie Seminare + Coaching\" \/>\n<meta property=\"og:description\" content=\"ABO-Workshop Rhein-Main Wirtschaftspsychologie kollegiale Treffen f\u00fcr Wirtschaftspsychologen - Dipl.-Psych. J\u00fcrgen Junker\" \/>\n<meta property=\"og:url\" content=\"https:\/\/abo-workshop.de\/content\/abo-workshop-rhein-main\/\" \/>\n<meta property=\"og:site_name\" content=\"ABO Workshop Wirtschaftspsychologie Seminare + Coaching\" \/>\n<meta property=\"article:modified_time\" content=\"2025-01-14T18:09:07+00:00\" \/>\n<meta property=\"og:image\" content=\"https:\/\/abo-workshop.de\/Bilder\/ABO-Workshop-Rhein-Main-gesucht-nette-Kollegen-und-Kolleginnen.jpg\" \/>\n<meta name=\"twitter:card\" content=\"summary_large_image\" \/>\n<meta name=\"twitter:label1\" content=\"Gesch\u00e4tzte Lesezeit\" \/>\n\t<meta name=\"twitter:data1\" content=\"2\u00a0Minuten\" \/>\n<script type=\"application\/ld+json\" class=\"yoast-schema-graph\">{\"@context\":\"https:\\\/\\\/schema.org\",\"@graph\":[{\"@type\":\"WebPage\",\"@id\":\"https:\\\/\\\/abo-workshop.de\\\/content\\\/abo-workshop-rhein-main\\\/\",\"url\":\"https:\\\/\\\/abo-workshop.de\\\/content\\\/abo-workshop-rhein-main\\\/\",\"name\":\"ABO-Workshop Rhein-Main - ABO Workshop Wirtschaftspsychologie Seminare + Coaching\",\"isPartOf\":{\"@id\":\"https:\\\/\\\/abo-workshop.de\\\/content\\\/#website\"},\"primaryImageOfPage\":{\"@id\":\"https:\\\/\\\/abo-workshop.de\\\/content\\\/abo-workshop-rhein-main\\\/#primaryimage\"},\"image\":{\"@id\":\"https:\\\/\\\/abo-workshop.de\\\/content\\\/abo-workshop-rhein-main\\\/#primaryimage\"},\"thumbnailUrl\":\"https:\\\/\\\/abo-workshop.de\\\/Bilder\\\/ABO-Workshop-Rhein-Main-gesucht-nette-Kollegen-und-Kolleginnen.jpg\",\"datePublished\":\"2025-01-14T18:01:42+00:00\",\"dateModified\":\"2025-01-14T18:09:07+00:00\",\"description\":\"ABO-Workshop Rhein-Main Wirtschaftspsychologie kollegiale Treffen f\u00fcr Wirtschaftspsychologen - Dipl.-Psych. J\u00fcrgen Junker\",\"breadcrumb\":{\"@id\":\"https:\\\/\\\/abo-workshop.de\\\/content\\\/abo-workshop-rhein-main\\\/#breadcrumb\"},\"inLanguage\":\"de\",\"potentialAction\":[{\"@type\":\"ReadAction\",\"target\":[\"https:\\\/\\\/abo-workshop.de\\\/content\\\/abo-workshop-rhein-main\\\/\"]}]},{\"@type\":\"ImageObject\",\"inLanguage\":\"de\",\"@id\":\"https:\\\/\\\/abo-workshop.de\\\/content\\\/abo-workshop-rhein-main\\\/#primaryimage\",\"url\":\"https:\\\/\\\/abo-workshop.de\\\/Bilder\\\/ABO-Workshop-Rhein-Main-gesucht-nette-Kollegen-und-Kolleginnen.jpg\",\"contentUrl\":\"https:\\\/\\\/abo-workshop.de\\\/Bilder\\\/ABO-Workshop-Rhein-Main-gesucht-nette-Kollegen-und-Kolleginnen.jpg\"},{\"@type\":\"BreadcrumbList\",\"@id\":\"https:\\\/\\\/abo-workshop.de\\\/content\\\/abo-workshop-rhein-main\\\/#breadcrumb\",\"itemListElement\":[{\"@type\":\"ListItem\",\"position\":1,\"name\":\"Startseite\",\"item\":\"https:\\\/\\\/abo-workshop.de\\\/content\\\/\"},{\"@type\":\"ListItem\",\"position\":2,\"name\":\"ABO-Workshop Rhein-Main\"}]},{\"@type\":\"WebSite\",\"@id\":\"https:\\\/\\\/abo-workshop.de\\\/content\\\/#website\",\"url\":\"https:\\\/\\\/abo-workshop.de\\\/content\\\/\",\"name\":\"ABO Workshop Wirtschaftspsychologie Seminare + Coaching\",\"description\":\"ABO-Workshop kollegiale Treffen zur Wirtschaftspsychologie Frankfurt + Rhein-Main\",\"publisher\":{\"@id\":\"https:\\\/\\\/abo-workshop.de\\\/content\\\/#organization\"},\"potentialAction\":[{\"@type\":\"SearchAction\",\"target\":{\"@type\":\"EntryPoint\",\"urlTemplate\":\"https:\\\/\\\/abo-workshop.de\\\/content\\\/?s={search_term_string}\"},\"query-input\":{\"@type\":\"PropertyValueSpecification\",\"valueRequired\":true,\"valueName\":\"search_term_string\"}}],\"inLanguage\":\"de\"},{\"@type\":\"Organization\",\"@id\":\"https:\\\/\\\/abo-workshop.de\\\/content\\\/#organization\",\"name\":\"ABO Workshop Wirtschaftspsychologie Seminare + Coaching\",\"url\":\"https:\\\/\\\/abo-workshop.de\\\/content\\\/\",\"logo\":{\"@type\":\"ImageObject\",\"inLanguage\":\"de\",\"@id\":\"https:\\\/\\\/abo-workshop.de\\\/content\\\/#\\\/schema\\\/logo\\\/image\\\/\",\"url\":\"https:\\\/\\\/abo-workshop.de\\\/content\\\/wp-content\\\/uploads\\\/2020\\\/12\\\/cropped-Logo-ABO-Workshop-Rhein-Main-1.gif\",\"contentUrl\":\"https:\\\/\\\/abo-workshop.de\\\/content\\\/wp-content\\\/uploads\\\/2020\\\/12\\\/cropped-Logo-ABO-Workshop-Rhein-Main-1.gif\",\"width\":348,\"height\":326,\"caption\":\"ABO Workshop Wirtschaftspsychologie Seminare + Coaching\"},\"image\":{\"@id\":\"https:\\\/\\\/abo-workshop.de\\\/content\\\/#\\\/schema\\\/logo\\\/image\\\/\"}}]}<\/script>\n<!-- \/ Yoast SEO plugin. -->","yoast_head_json":{"title":"ABO-Workshop Rhein-Main - ABO Workshop Wirtschaftspsychologie Seminare + Coaching","description":"ABO-Workshop Rhein-Main Wirtschaftspsychologie kollegiale Treffen f\u00fcr Wirtschaftspsychologen - Dipl.-Psych. J\u00fcrgen Junker","robots":{"index":"index","follow":"follow","max-snippet":"max-snippet:-1","max-image-preview":"max-image-preview:large","max-video-preview":"max-video-preview:-1"},"canonical":"https:\/\/abo-workshop.de\/content\/abo-workshop-rhein-main\/","og_locale":"de_DE","og_type":"article","og_title":"ABO-Workshop Rhein-Main - ABO Workshop Wirtschaftspsychologie Seminare + Coaching","og_description":"ABO-Workshop Rhein-Main Wirtschaftspsychologie kollegiale Treffen f\u00fcr Wirtschaftspsychologen - Dipl.-Psych. J\u00fcrgen Junker","og_url":"https:\/\/abo-workshop.de\/content\/abo-workshop-rhein-main\/","og_site_name":"ABO Workshop Wirtschaftspsychologie Seminare + Coaching","article_modified_time":"2025-01-14T18:09:07+00:00","og_image":[{"url":"https:\/\/abo-workshop.de\/Bilder\/ABO-Workshop-Rhein-Main-gesucht-nette-Kollegen-und-Kolleginnen.jpg","type":"","width":"","height":""}],"twitter_card":"summary_large_image","twitter_misc":{"Gesch\u00e4tzte Lesezeit":"2\u00a0Minuten"},"schema":{"@context":"https:\/\/schema.org","@graph":[{"@type":"WebPage","@id":"https:\/\/abo-workshop.de\/content\/abo-workshop-rhein-main\/","url":"https:\/\/abo-workshop.de\/content\/abo-workshop-rhein-main\/","name":"ABO-Workshop Rhein-Main - ABO Workshop Wirtschaftspsychologie Seminare + Coaching","isPartOf":{"@id":"https:\/\/abo-workshop.de\/content\/#website"},"primaryImageOfPage":{"@id":"https:\/\/abo-workshop.de\/content\/abo-workshop-rhein-main\/#primaryimage"},"image":{"@id":"https:\/\/abo-workshop.de\/content\/abo-workshop-rhein-main\/#primaryimage"},"thumbnailUrl":"https:\/\/abo-workshop.de\/Bilder\/ABO-Workshop-Rhein-Main-gesucht-nette-Kollegen-und-Kolleginnen.jpg","datePublished":"2025-01-14T18:01:42+00:00","dateModified":"2025-01-14T18:09:07+00:00","description":"ABO-Workshop Rhein-Main Wirtschaftspsychologie kollegiale Treffen f\u00fcr Wirtschaftspsychologen - Dipl.-Psych. J\u00fcrgen Junker","breadcrumb":{"@id":"https:\/\/abo-workshop.de\/content\/abo-workshop-rhein-main\/#breadcrumb"},"inLanguage":"de","potentialAction":[{"@type":"ReadAction","target":["https:\/\/abo-workshop.de\/content\/abo-workshop-rhein-main\/"]}]},{"@type":"ImageObject","inLanguage":"de","@id":"https:\/\/abo-workshop.de\/content\/abo-workshop-rhein-main\/#primaryimage","url":"https:\/\/abo-workshop.de\/Bilder\/ABO-Workshop-Rhein-Main-gesucht-nette-Kollegen-und-Kolleginnen.jpg","contentUrl":"https:\/\/abo-workshop.de\/Bilder\/ABO-Workshop-Rhein-Main-gesucht-nette-Kollegen-und-Kolleginnen.jpg"},{"@type":"BreadcrumbList","@id":"https:\/\/abo-workshop.de\/content\/abo-workshop-rhein-main\/#breadcrumb","itemListElement":[{"@type":"ListItem","position":1,"name":"Startseite","item":"https:\/\/abo-workshop.de\/content\/"},{"@type":"ListItem","position":2,"name":"ABO-Workshop Rhein-Main"}]},{"@type":"WebSite","@id":"https:\/\/abo-workshop.de\/content\/#website","url":"https:\/\/abo-workshop.de\/content\/","name":"ABO Workshop Wirtschaftspsychologie Seminare + Coaching","description":"ABO-Workshop kollegiale Treffen zur Wirtschaftspsychologie Frankfurt + Rhein-Main","publisher":{"@id":"https:\/\/abo-workshop.de\/content\/#organization"},"potentialAction":[{"@type":"SearchAction","target":{"@type":"EntryPoint","urlTemplate":"https:\/\/abo-workshop.de\/content\/?s={search_term_string}"},"query-input":{"@type":"PropertyValueSpecification","valueRequired":true,"valueName":"search_term_string"}}],"inLanguage":"de"},{"@type":"Organization","@id":"https:\/\/abo-workshop.de\/content\/#organization","name":"ABO Workshop Wirtschaftspsychologie Seminare + Coaching","url":"https:\/\/abo-workshop.de\/content\/","logo":{"@type":"ImageObject","inLanguage":"de","@id":"https:\/\/abo-workshop.de\/content\/#\/schema\/logo\/image\/","url":"https:\/\/abo-workshop.de\/content\/wp-content\/uploads\/2020\/12\/cropped-Logo-ABO-Workshop-Rhein-Main-1.gif","contentUrl":"https:\/\/abo-workshop.de\/content\/wp-content\/uploads\/2020\/12\/cropped-Logo-ABO-Workshop-Rhein-Main-1.gif","width":348,"height":326,"caption":"ABO Workshop Wirtschaftspsychologie Seminare + Coaching"},"image":{"@id":"https:\/\/abo-workshop.de\/content\/#\/schema\/logo\/image\/"}}]}},"_links":{"self":[{"href":"https:\/\/abo-workshop.de\/content\/wp-json\/wp\/v2\/pages\/367","targetHints":{"allow":["GET"]}}],"collection":[{"href":"https:\/\/abo-workshop.de\/content\/wp-json\/wp\/v2\/pages"}],"about":[{"href":"https:\/\/abo-workshop.de\/content\/wp-json\/wp\/v2\/types\/page"}],"author":[{"embeddable":true,"href":"https:\/\/abo-workshop.de\/content\/wp-json\/wp\/v2\/users\/1"}],"replies":[{"embeddable":true,"href":"https:\/\/abo-workshop.de\/content\/wp-json\/wp\/v2\/comments?post=367"}],"version-history":[{"count":3,"href":"https:\/\/abo-workshop.de\/content\/wp-json\/wp\/v2\/pages\/367\/revisions"}],"predecessor-version":[{"id":372,"href":"https:\/\/abo-workshop.de\/content\/wp-json\/wp\/v2\/pages\/367\/revisions\/372"}],"wp:attachment":[{"href":"https:\/\/abo-workshop.de\/content\/wp-json\/wp\/v2\/media?parent=367"}],"curies":[{"name":"wp","href":"https:\/\/api.w.org\/{rel}","templated":true}]}}