{"id":554,"date":"2026-03-01T16:50:35","date_gmt":"2026-03-01T15:50:35","guid":{"rendered":"https:\/\/abo-workshop.de\/content\/?page_id=554"},"modified":"2026-03-02T10:29:14","modified_gmt":"2026-03-02T09:29:14","slug":"schoene-bilder-positive-visuelle-impulse","status":"publish","type":"page","link":"https:\/\/abo-workshop.de\/content\/schoene-bilder-positive-visuelle-impulse\/","title":{"rendered":"Sch\u00f6ne Bilder &#8211; positive visuelle Impulse"},"content":{"rendered":"\n<figure class=\"wp-block-image size-full\"><img loading=\"lazy\" decoding=\"async\" width=\"1000\" height=\"523\" src=\"https:\/\/abo-workshop.de\/content\/wp-content\/uploads\/2026\/03\/wirtschaftspsychologie-frankfurt-workshop-visuelle-kommunikation-psychologie-2026-schoene-bilder-positive-visuelle-impulse.jpg\" alt=\"Wirtschaftspsychologie Workshop Frankfurt ABO-Workshop Rhein-Main Dipl.-Psych. J\u00fcrgen Junker - 2026 - always look on the bright side of life - die positiven Seiten - positive visuelle Impulse durch Bilder\" class=\"wp-image-564\" srcset=\"https:\/\/abo-workshop.de\/content\/wp-content\/uploads\/2026\/03\/wirtschaftspsychologie-frankfurt-workshop-visuelle-kommunikation-psychologie-2026-schoene-bilder-positive-visuelle-impulse.jpg 1000w, https:\/\/abo-workshop.de\/content\/wp-content\/uploads\/2026\/03\/wirtschaftspsychologie-frankfurt-workshop-visuelle-kommunikation-psychologie-2026-schoene-bilder-positive-visuelle-impulse-300x157.jpg 300w, https:\/\/abo-workshop.de\/content\/wp-content\/uploads\/2026\/03\/wirtschaftspsychologie-frankfurt-workshop-visuelle-kommunikation-psychologie-2026-schoene-bilder-positive-visuelle-impulse-768x402.jpg 768w\" sizes=\"auto, (max-width: 1000px) 100vw, 1000px\" \/><\/figure>\n\n\n\n<div style=\"height:30px\" aria-hidden=\"true\" class=\"wp-block-spacer\"><\/div>\n\n\n\n<p><strong><strong>ABO-Workshop Rhein Main:<\/strong>&nbsp;<\/strong><br><strong>Termin:<\/strong> voraussichtlich Oktober 2026 von 14.00-17.00 Uhr<br><strong>Kuratoren des Treffens \ud83d\ude0a: <\/strong>Dipl.-Psych. J\u00fcrgen Junker + Dr. Tom Junker (Assistant Professor, TS Social and Behavioral Sciences, Human Resource Studies)<br><strong>Ort:<\/strong>&nbsp;Aschaffenburg &#8211; Dipl.-Psych. J\u00fcrgen Junker, MTO-Consulting Mensch, Team, Organisation | Goethestr.27 | 63739 Aschaffenburg<\/p>\n\n\n\n<p><strong>Mehr als \u2026 sch\u00f6ne Bilder: <\/strong>Warum Fotos und Bilder unsere Gef\u00fchle und Gedanken beeinflussen. Zur psychologischen Wirksamkeit von Fotos in der positiven Psychologie.<\/p>\n\n\n\n<figure class=\"wp-block-image size-full\"><img loading=\"lazy\" decoding=\"async\" width=\"379\" height=\"112\" src=\"https:\/\/abo-workshop.de\/content\/wp-content\/uploads\/2026\/03\/tom-junker-tilburg-university.jpg\" alt=\"Dr. Tom Junker Tilburg University\n\" class=\"wp-image-550\" srcset=\"https:\/\/abo-workshop.de\/content\/wp-content\/uploads\/2026\/03\/tom-junker-tilburg-university.jpg 379w, https:\/\/abo-workshop.de\/content\/wp-content\/uploads\/2026\/03\/tom-junker-tilburg-university-300x89.jpg 300w\" sizes=\"auto, (max-width: 379px) 100vw, 379px\" \/><\/figure>\n\n\n\n<p>Dr. Tom Junker (Assistant Professor Human Resource Studies) stellt eine seiner Fotografie-Interventionen und Untersuchungen an der Tilburg University vor &#8211; kombiniert mit Ideen zu Fotofeedbacks und zum Einsatz von Fotografien als Interventionsmedium.<\/p>\n","protected":false},"excerpt":{"rendered":"<p>ABO-Workshop Rhein Main:&nbsp;Termin: voraussichtlich Oktober 2026 von 14.00-17.00 UhrKuratoren des Treffens \ud83d\ude0a: Dipl.-Psych. J\u00fcrgen Junker + Dr. Tom Junker (Assistant Professor, TS Social and Behavioral Sciences, Human Resource Studies)Ort:&nbsp;Aschaffenburg &#8211; Dipl.-Psych. J\u00fcrgen Junker, MTO-Consulting Mensch, Team, Organisation | Goethestr.27 | 63739 Aschaffenburg Mehr als \u2026 sch\u00f6ne Bilder: Warum Fotos und Bilder unsere Gef\u00fchle und Gedanken&hellip;&nbsp;<a href=\"https:\/\/abo-workshop.de\/content\/schoene-bilder-positive-visuelle-impulse\/\" rel=\"bookmark\">Weiterlesen &raquo;<span class=\"screen-reader-text\">Sch\u00f6ne Bilder &#8211; positive visuelle Impulse<\/span><\/a><\/p>\n","protected":false},"author":4,"featured_media":564,"parent":0,"menu_order":0,"comment_status":"closed","ping_status":"closed","template":"","meta":{"neve_meta_sidebar":"","neve_meta_container":"","neve_meta_enable_content_width":"","neve_meta_content_width":0,"neve_meta_title_alignment":"","neve_meta_author_avatar":"","neve_post_elements_order":"","neve_meta_disable_header":"","neve_meta_disable_footer":"","neve_meta_disable_title":"","footnotes":""},"class_list":["post-554","page","type-page","status-publish","has-post-thumbnail","hentry"],"yoast_head":"<!-- This site is optimized with the Yoast SEO plugin v27.4 - https:\/\/yoast.com\/product\/yoast-seo-wordpress\/ -->\n<title>Sch\u00f6ne Bilder - positive visuelle Impulse - ABO Workshop Wirtschaftspsychologie Seminare + Coaching<\/title>\n<meta name=\"robots\" content=\"index, follow, max-snippet:-1, max-image-preview:large, max-video-preview:-1\" \/>\n<link rel=\"canonical\" href=\"https:\/\/abo-workshop.de\/content\/schoene-bilder-positive-visuelle-impulse\/\" \/>\n<meta property=\"og:locale\" content=\"de_DE\" \/>\n<meta property=\"og:type\" content=\"article\" \/>\n<meta property=\"og:title\" content=\"Sch\u00f6ne Bilder - positive visuelle Impulse - ABO Workshop Wirtschaftspsychologie Seminare + Coaching\" \/>\n<meta property=\"og:description\" content=\"ABO-Workshop Rhein Main:&nbsp;Termin: voraussichtlich Oktober 2026 von 14.00-17.00 UhrKuratoren des Treffens \ud83d\ude0a: Dipl.-Psych. J\u00fcrgen Junker + Dr. Tom Junker (Assistant Professor, TS Social and Behavioral Sciences, Human Resource Studies)Ort:&nbsp;Aschaffenburg &#8211; Dipl.-Psych. J\u00fcrgen Junker, MTO-Consulting Mensch, Team, Organisation | Goethestr.27 | 63739 Aschaffenburg Mehr als \u2026 sch\u00f6ne Bilder: Warum Fotos und Bilder unsere Gef\u00fchle und Gedanken&hellip;&nbsp;Weiterlesen &raquo;Sch\u00f6ne Bilder &#8211; positive visuelle Impulse\" \/>\n<meta property=\"og:url\" content=\"https:\/\/abo-workshop.de\/content\/schoene-bilder-positive-visuelle-impulse\/\" \/>\n<meta property=\"og:site_name\" content=\"ABO Workshop Wirtschaftspsychologie Seminare + Coaching\" \/>\n<meta property=\"article:modified_time\" content=\"2026-03-02T09:29:14+00:00\" \/>\n<meta property=\"og:image\" content=\"https:\/\/abo-workshop.de\/content\/wp-content\/uploads\/2026\/03\/wirtschaftspsychologie-frankfurt-workshop-visuelle-kommunikation-psychologie-2026-schoene-bilder-positive-visuelle-impulse.jpg\" \/>\n\t<meta property=\"og:image:width\" content=\"1000\" \/>\n\t<meta property=\"og:image:height\" content=\"523\" \/>\n\t<meta property=\"og:image:type\" content=\"image\/jpeg\" \/>\n<meta name=\"twitter:card\" content=\"summary_large_image\" \/>\n<meta name=\"twitter:label1\" content=\"Gesch\u00e4tzte Lesezeit\" \/>\n\t<meta name=\"twitter:data1\" content=\"2\u00a0Minuten\" \/>\n<script type=\"application\/ld+json\" class=\"yoast-schema-graph\">{\"@context\":\"https:\\\/\\\/schema.org\",\"@graph\":[{\"@type\":\"WebPage\",\"@id\":\"https:\\\/\\\/abo-workshop.de\\\/content\\\/schoene-bilder-positive-visuelle-impulse\\\/\",\"url\":\"https:\\\/\\\/abo-workshop.de\\\/content\\\/schoene-bilder-positive-visuelle-impulse\\\/\",\"name\":\"Sch\u00f6ne Bilder - positive visuelle Impulse - ABO Workshop Wirtschaftspsychologie Seminare + Coaching\",\"isPartOf\":{\"@id\":\"https:\\\/\\\/abo-workshop.de\\\/content\\\/#website\"},\"primaryImageOfPage\":{\"@id\":\"https:\\\/\\\/abo-workshop.de\\\/content\\\/schoene-bilder-positive-visuelle-impulse\\\/#primaryimage\"},\"image\":{\"@id\":\"https:\\\/\\\/abo-workshop.de\\\/content\\\/schoene-bilder-positive-visuelle-impulse\\\/#primaryimage\"},\"thumbnailUrl\":\"https:\\\/\\\/abo-workshop.de\\\/content\\\/wp-content\\\/uploads\\\/2026\\\/03\\\/wirtschaftspsychologie-frankfurt-workshop-visuelle-kommunikation-psychologie-2026-schoene-bilder-positive-visuelle-impulse.jpg\",\"datePublished\":\"2026-03-01T15:50:35+00:00\",\"dateModified\":\"2026-03-02T09:29:14+00:00\",\"breadcrumb\":{\"@id\":\"https:\\\/\\\/abo-workshop.de\\\/content\\\/schoene-bilder-positive-visuelle-impulse\\\/#breadcrumb\"},\"inLanguage\":\"de\",\"potentialAction\":[{\"@type\":\"ReadAction\",\"target\":[\"https:\\\/\\\/abo-workshop.de\\\/content\\\/schoene-bilder-positive-visuelle-impulse\\\/\"]}]},{\"@type\":\"ImageObject\",\"inLanguage\":\"de\",\"@id\":\"https:\\\/\\\/abo-workshop.de\\\/content\\\/schoene-bilder-positive-visuelle-impulse\\\/#primaryimage\",\"url\":\"https:\\\/\\\/abo-workshop.de\\\/content\\\/wp-content\\\/uploads\\\/2026\\\/03\\\/wirtschaftspsychologie-frankfurt-workshop-visuelle-kommunikation-psychologie-2026-schoene-bilder-positive-visuelle-impulse.jpg\",\"contentUrl\":\"https:\\\/\\\/abo-workshop.de\\\/content\\\/wp-content\\\/uploads\\\/2026\\\/03\\\/wirtschaftspsychologie-frankfurt-workshop-visuelle-kommunikation-psychologie-2026-schoene-bilder-positive-visuelle-impulse.jpg\",\"width\":1000,\"height\":523,\"caption\":\"Wirtschaftspsychologie Workshop Frankfurt ABO-Workshop Rhein-Main Dipl.-Psych. J\u00fcrgen Junker - 2026 - always look on the bright side of life - die positiven Seiten - positive visuelle Impulse durch Bilder\"},{\"@type\":\"BreadcrumbList\",\"@id\":\"https:\\\/\\\/abo-workshop.de\\\/content\\\/schoene-bilder-positive-visuelle-impulse\\\/#breadcrumb\",\"itemListElement\":[{\"@type\":\"ListItem\",\"position\":1,\"name\":\"Startseite\",\"item\":\"https:\\\/\\\/abo-workshop.de\\\/content\\\/\"},{\"@type\":\"ListItem\",\"position\":2,\"name\":\"Sch\u00f6ne Bilder &#8211; positive visuelle Impulse\"}]},{\"@type\":\"WebSite\",\"@id\":\"https:\\\/\\\/abo-workshop.de\\\/content\\\/#website\",\"url\":\"https:\\\/\\\/abo-workshop.de\\\/content\\\/\",\"name\":\"ABO Workshop Wirtschaftspsychologie Seminare + Coaching\",\"description\":\"ABO-Workshop kollegiale Treffen zur Wirtschaftspsychologie Frankfurt + Rhein-Main\",\"publisher\":{\"@id\":\"https:\\\/\\\/abo-workshop.de\\\/content\\\/#organization\"},\"potentialAction\":[{\"@type\":\"SearchAction\",\"target\":{\"@type\":\"EntryPoint\",\"urlTemplate\":\"https:\\\/\\\/abo-workshop.de\\\/content\\\/?s={search_term_string}\"},\"query-input\":{\"@type\":\"PropertyValueSpecification\",\"valueRequired\":true,\"valueName\":\"search_term_string\"}}],\"inLanguage\":\"de\"},{\"@type\":\"Organization\",\"@id\":\"https:\\\/\\\/abo-workshop.de\\\/content\\\/#organization\",\"name\":\"ABO Workshop Wirtschaftspsychologie Seminare + Coaching\",\"url\":\"https:\\\/\\\/abo-workshop.de\\\/content\\\/\",\"logo\":{\"@type\":\"ImageObject\",\"inLanguage\":\"de\",\"@id\":\"https:\\\/\\\/abo-workshop.de\\\/content\\\/#\\\/schema\\\/logo\\\/image\\\/\",\"url\":\"https:\\\/\\\/abo-workshop.de\\\/content\\\/wp-content\\\/uploads\\\/2020\\\/12\\\/cropped-Logo-ABO-Workshop-Rhein-Main-1.gif\",\"contentUrl\":\"https:\\\/\\\/abo-workshop.de\\\/content\\\/wp-content\\\/uploads\\\/2020\\\/12\\\/cropped-Logo-ABO-Workshop-Rhein-Main-1.gif\",\"width\":348,\"height\":326,\"caption\":\"ABO Workshop Wirtschaftspsychologie Seminare + Coaching\"},\"image\":{\"@id\":\"https:\\\/\\\/abo-workshop.de\\\/content\\\/#\\\/schema\\\/logo\\\/image\\\/\"}}]}<\/script>\n<!-- \/ Yoast SEO plugin. -->","yoast_head_json":{"title":"Sch\u00f6ne Bilder - positive visuelle Impulse - ABO Workshop Wirtschaftspsychologie Seminare + Coaching","robots":{"index":"index","follow":"follow","max-snippet":"max-snippet:-1","max-image-preview":"max-image-preview:large","max-video-preview":"max-video-preview:-1"},"canonical":"https:\/\/abo-workshop.de\/content\/schoene-bilder-positive-visuelle-impulse\/","og_locale":"de_DE","og_type":"article","og_title":"Sch\u00f6ne Bilder - positive visuelle Impulse - ABO Workshop Wirtschaftspsychologie Seminare + Coaching","og_description":"ABO-Workshop Rhein Main:&nbsp;Termin: voraussichtlich Oktober 2026 von 14.00-17.00 UhrKuratoren des Treffens \ud83d\ude0a: Dipl.-Psych. J\u00fcrgen Junker + Dr. Tom Junker (Assistant Professor, TS Social and Behavioral Sciences, Human Resource Studies)Ort:&nbsp;Aschaffenburg &#8211; Dipl.-Psych. J\u00fcrgen Junker, MTO-Consulting Mensch, Team, Organisation | Goethestr.27 | 63739 Aschaffenburg Mehr als \u2026 sch\u00f6ne Bilder: Warum Fotos und Bilder unsere Gef\u00fchle und Gedanken&hellip;&nbsp;Weiterlesen &raquo;Sch\u00f6ne Bilder &#8211; positive visuelle Impulse","og_url":"https:\/\/abo-workshop.de\/content\/schoene-bilder-positive-visuelle-impulse\/","og_site_name":"ABO Workshop Wirtschaftspsychologie Seminare + Coaching","article_modified_time":"2026-03-02T09:29:14+00:00","og_image":[{"width":1000,"height":523,"url":"https:\/\/abo-workshop.de\/content\/wp-content\/uploads\/2026\/03\/wirtschaftspsychologie-frankfurt-workshop-visuelle-kommunikation-psychologie-2026-schoene-bilder-positive-visuelle-impulse.jpg","type":"image\/jpeg"}],"twitter_card":"summary_large_image","twitter_misc":{"Gesch\u00e4tzte Lesezeit":"2\u00a0Minuten"},"schema":{"@context":"https:\/\/schema.org","@graph":[{"@type":"WebPage","@id":"https:\/\/abo-workshop.de\/content\/schoene-bilder-positive-visuelle-impulse\/","url":"https:\/\/abo-workshop.de\/content\/schoene-bilder-positive-visuelle-impulse\/","name":"Sch\u00f6ne Bilder - positive visuelle Impulse - ABO Workshop Wirtschaftspsychologie Seminare + Coaching","isPartOf":{"@id":"https:\/\/abo-workshop.de\/content\/#website"},"primaryImageOfPage":{"@id":"https:\/\/abo-workshop.de\/content\/schoene-bilder-positive-visuelle-impulse\/#primaryimage"},"image":{"@id":"https:\/\/abo-workshop.de\/content\/schoene-bilder-positive-visuelle-impulse\/#primaryimage"},"thumbnailUrl":"https:\/\/abo-workshop.de\/content\/wp-content\/uploads\/2026\/03\/wirtschaftspsychologie-frankfurt-workshop-visuelle-kommunikation-psychologie-2026-schoene-bilder-positive-visuelle-impulse.jpg","datePublished":"2026-03-01T15:50:35+00:00","dateModified":"2026-03-02T09:29:14+00:00","breadcrumb":{"@id":"https:\/\/abo-workshop.de\/content\/schoene-bilder-positive-visuelle-impulse\/#breadcrumb"},"inLanguage":"de","potentialAction":[{"@type":"ReadAction","target":["https:\/\/abo-workshop.de\/content\/schoene-bilder-positive-visuelle-impulse\/"]}]},{"@type":"ImageObject","inLanguage":"de","@id":"https:\/\/abo-workshop.de\/content\/schoene-bilder-positive-visuelle-impulse\/#primaryimage","url":"https:\/\/abo-workshop.de\/content\/wp-content\/uploads\/2026\/03\/wirtschaftspsychologie-frankfurt-workshop-visuelle-kommunikation-psychologie-2026-schoene-bilder-positive-visuelle-impulse.jpg","contentUrl":"https:\/\/abo-workshop.de\/content\/wp-content\/uploads\/2026\/03\/wirtschaftspsychologie-frankfurt-workshop-visuelle-kommunikation-psychologie-2026-schoene-bilder-positive-visuelle-impulse.jpg","width":1000,"height":523,"caption":"Wirtschaftspsychologie Workshop Frankfurt ABO-Workshop Rhein-Main Dipl.-Psych. J\u00fcrgen Junker - 2026 - always look on the bright side of life - die positiven Seiten - positive visuelle Impulse durch Bilder"},{"@type":"BreadcrumbList","@id":"https:\/\/abo-workshop.de\/content\/schoene-bilder-positive-visuelle-impulse\/#breadcrumb","itemListElement":[{"@type":"ListItem","position":1,"name":"Startseite","item":"https:\/\/abo-workshop.de\/content\/"},{"@type":"ListItem","position":2,"name":"Sch\u00f6ne Bilder &#8211; positive visuelle Impulse"}]},{"@type":"WebSite","@id":"https:\/\/abo-workshop.de\/content\/#website","url":"https:\/\/abo-workshop.de\/content\/","name":"ABO Workshop Wirtschaftspsychologie Seminare + Coaching","description":"ABO-Workshop kollegiale Treffen zur Wirtschaftspsychologie Frankfurt + Rhein-Main","publisher":{"@id":"https:\/\/abo-workshop.de\/content\/#organization"},"potentialAction":[{"@type":"SearchAction","target":{"@type":"EntryPoint","urlTemplate":"https:\/\/abo-workshop.de\/content\/?s={search_term_string}"},"query-input":{"@type":"PropertyValueSpecification","valueRequired":true,"valueName":"search_term_string"}}],"inLanguage":"de"},{"@type":"Organization","@id":"https:\/\/abo-workshop.de\/content\/#organization","name":"ABO Workshop Wirtschaftspsychologie Seminare + Coaching","url":"https:\/\/abo-workshop.de\/content\/","logo":{"@type":"ImageObject","inLanguage":"de","@id":"https:\/\/abo-workshop.de\/content\/#\/schema\/logo\/image\/","url":"https:\/\/abo-workshop.de\/content\/wp-content\/uploads\/2020\/12\/cropped-Logo-ABO-Workshop-Rhein-Main-1.gif","contentUrl":"https:\/\/abo-workshop.de\/content\/wp-content\/uploads\/2020\/12\/cropped-Logo-ABO-Workshop-Rhein-Main-1.gif","width":348,"height":326,"caption":"ABO Workshop Wirtschaftspsychologie Seminare + Coaching"},"image":{"@id":"https:\/\/abo-workshop.de\/content\/#\/schema\/logo\/image\/"}}]}},"_links":{"self":[{"href":"https:\/\/abo-workshop.de\/content\/wp-json\/wp\/v2\/pages\/554","targetHints":{"allow":["GET"]}}],"collection":[{"href":"https:\/\/abo-workshop.de\/content\/wp-json\/wp\/v2\/pages"}],"about":[{"href":"https:\/\/abo-workshop.de\/content\/wp-json\/wp\/v2\/types\/page"}],"author":[{"embeddable":true,"href":"https:\/\/abo-workshop.de\/content\/wp-json\/wp\/v2\/users\/4"}],"replies":[{"embeddable":true,"href":"https:\/\/abo-workshop.de\/content\/wp-json\/wp\/v2\/comments?post=554"}],"version-history":[{"count":4,"href":"https:\/\/abo-workshop.de\/content\/wp-json\/wp\/v2\/pages\/554\/revisions"}],"predecessor-version":[{"id":568,"href":"https:\/\/abo-workshop.de\/content\/wp-json\/wp\/v2\/pages\/554\/revisions\/568"}],"wp:featuredmedia":[{"embeddable":true,"href":"https:\/\/abo-workshop.de\/content\/wp-json\/wp\/v2\/media\/564"}],"wp:attachment":[{"href":"https:\/\/abo-workshop.de\/content\/wp-json\/wp\/v2\/media?parent=554"}],"curies":[{"name":"wp","href":"https:\/\/api.w.org\/{rel}","templated":true}]}}