{"id":57,"date":"2020-12-22T17:27:26","date_gmt":"2020-12-22T16:27:26","guid":{"rendered":"https:\/\/abo-workshop.de\/content\/?page_id=57"},"modified":"2022-06-02T10:58:25","modified_gmt":"2022-06-02T08:58:25","slug":"datenschutz","status":"publish","type":"page","link":"https:\/\/abo-workshop.de\/content\/datenschutz\/","title":{"rendered":"Datenschutz"},"content":{"rendered":"\n<p><strong>Datenschutz<\/strong><br><br>ABO-Workshop Rhein Main ist ein nicht-kommerzieller Zusammenschluss von Diplom-Psychologen\/innen aus dem Rhein-Main-Gebiet<\/p>\n\n\n\n<p><strong>Datenschutzerkl\u00e4rung&nbsp;<\/strong><strong>ABO-Workshop.de<\/strong><br>Dipl.-Psych. J\u00fcrgen Junker<\/p>\n\n\n\n<p>Wir freuen uns \u00fcber Ihr Interesse an unserer Arbeit und \u00fcber den Besuch unserer Webseite. Sie k\u00f6nnen unsere Webseite ohne Angabe personenbezogener Daten besuchen. Soweit auf unseren Seiten personenbezogene Daten (wie Name, Anschrift oder E-Mail Adresse) erhoben werden, erfolgt dies, soweit m\u00f6glich, auf freiwilliger Basis. Wir nehmen den Schutz Ihrer pers\u00f6nlichen Daten sehr ernst und bei der Erhebung, Verarbeitung und Nutzung personenbezogener Daten beachten wir das f\u00fcr Deutschland geltende Datenschutzrecht.<\/p>\n\n\n\n<p>Im Folgenden erfahren Sie, wie wir auf unserer Homepage Daten erheben, wie wir damit umgehen und wem wir sie gegebenenfalls zur Verf\u00fcgung stellen.<\/p>\n\n\n\n<p>Wir weisen an dieser Stelle ausdr\u00fccklich darauf hin, dass die Daten\u00fcbertragung im Internet (z.B. bei der Kommunikation per E-Mail) Sicherheitsl\u00fccken aufweisen und nicht l\u00fcckenlos vor dem Zugriff durch Dritte gesch\u00fctzt werden kann.<br><\/p>\n\n\n\n<p>Beim Besuch unserer Seite werden anonyme Nutzerdaten erhoben und analysiert. Diese Daten erlauben keine R\u00fcckschl\u00fcsse auf Ihre Person. Diese Daten helfen uns unsere Webseite aufrechtzuerhalten, dienen der technischen Administration der Homepage und unterst\u00fctzen uns bei der Optimierung unseres Internetangebots. Diese sogenannten Server-Logfiles beinhalten anonymisiert die Zugriffe auf die jeweilige Webseite, das Datum und die Uhrzeit des Zugriffes, die Menge der gesendeten Daten in Byte, die Quelle Verweis, von welchem Sie auf die Seite gelangten, den verwendeten Browser, Betriebssystem, IP-Adresse. Die so erhobenen Daten dienen lediglich statistischen Auswertungen und zur Verbesserung der Website.<br><br><strong>Personenbezogene Daten erheben wir nur, wenn Sie uns diese freiwillig mitteilen<\/strong>:<\/p>\n\n\n\n<ul class=\"wp-block-list\"><li>wenn Sie an einem unserer kostenfreien Workshops teilnehmen m\u00f6chten<\/li><li>wenn Sie in unseren Email-Verteiler aufgenommen werden m\u00f6chten<\/li><li>bei allemeinen Inofanfragen \/ Kontaktaufnahme<\/li><\/ul>\n\n\n\n<p>Wir nutzen personenbezogene Daten rein zur Beantwortung Ihrer Anfragen und zum gegenseitigen Austausch und kollegialen Weiterbildung. Personenbezogene Daten die dabei gespeichert werden sind: Name, Vorname, E-Mail-Adresse, Telefonnummer, Adresse \/ Anschrift.Eine Weitergabe Ihrer Daten findet nur auf Nachfrage und auch nur innerhalb des Kreises der ABO-Workshop-Mitglieder statt um den gegenseitigen Austausch und die gemeinsame kollegiale Kommunikation zu erm\u00f6glichen.<\/p>\n\n\n\n<p>Wenn Sie unsere informierenden Newsletter nicht mehr l\u00e4nger erhalten wollen, melden Sie sich entsprechend ab. Sie k\u00f6nnen der Erhebung, Verarbeitung und Nutzung Ihrer personenbezogenen Daten jederzeit durch eine formlose Mitteilung widersprechen oder Ihre gegebene Einwilligung widerrufen.<\/p>\n\n\n\n<p>Sie haben das Auskunftsrecht, sich unentgeltlich und zeitnah \u00fcber Ihre personenbezogenen Daten zu erkundigen. Bitte wenden Sie sich dazu an uns, die Kontaktdaten finden Sie in unserem Impressum.<\/p>\n\n\n\n<p>Kontakt:<br><br>ABO-Workshop Rhein Main<br>Dipl.-Psych. J\u00fcrgen Junker<br>c\/o MTO-Consulting<br>Goethestr.27<br>D-63739 Aschaffenburg<\/p>\n\n\n\n<p>Telefon: +49 (0) 60 21 &#8211; 2 06 67<br>E-Mail:&nbsp;<a href=\"mailto:anfrage@abo-workshop.de\">anfrage@abo-workshop.de<\/a><\/p>\n","protected":false},"excerpt":{"rendered":"<p>Datenschutz ABO-Workshop Rhein Main ist ein nicht-kommerzieller Zusammenschluss von Diplom-Psychologen\/innen aus dem Rhein-Main-Gebiet Datenschutzerkl\u00e4rung&nbsp;ABO-Workshop.deDipl.-Psych. J\u00fcrgen Junker Wir freuen uns \u00fcber Ihr Interesse an unserer Arbeit und \u00fcber den Besuch unserer Webseite. Sie k\u00f6nnen unsere Webseite ohne Angabe personenbezogener Daten besuchen. Soweit auf unseren Seiten personenbezogene Daten (wie Name, Anschrift oder E-Mail Adresse) erhoben werden, erfolgt&hellip;&nbsp;<a href=\"https:\/\/abo-workshop.de\/content\/datenschutz\/\" rel=\"bookmark\">Weiterlesen &raquo;<span class=\"screen-reader-text\">Datenschutz<\/span><\/a><\/p>\n","protected":false},"author":1,"featured_media":0,"parent":0,"menu_order":0,"comment_status":"closed","ping_status":"closed","template":"","meta":{"neve_meta_sidebar":"","neve_meta_container":"","neve_meta_enable_content_width":"","neve_meta_content_width":0,"neve_meta_title_alignment":"","neve_meta_author_avatar":"","neve_post_elements_order":"","neve_meta_disable_header":"","neve_meta_disable_footer":"","neve_meta_disable_title":"","footnotes":""},"class_list":["post-57","page","type-page","status-publish","hentry"],"yoast_head":"<!-- This site is optimized with the Yoast SEO plugin v27.4 - https:\/\/yoast.com\/product\/yoast-seo-wordpress\/ -->\n<title>Datenschutz - ABO Workshop Wirtschaftspsychologie Seminare + Coaching<\/title>\n<meta name=\"robots\" content=\"index, follow, max-snippet:-1, max-image-preview:large, max-video-preview:-1\" \/>\n<link rel=\"canonical\" href=\"https:\/\/abo-workshop.de\/content\/datenschutz\/\" \/>\n<meta property=\"og:locale\" content=\"de_DE\" \/>\n<meta property=\"og:type\" content=\"article\" \/>\n<meta property=\"og:title\" content=\"Datenschutz - ABO Workshop Wirtschaftspsychologie Seminare + Coaching\" \/>\n<meta property=\"og:description\" content=\"Datenschutz ABO-Workshop Rhein Main ist ein nicht-kommerzieller Zusammenschluss von Diplom-Psychologen\/innen aus dem Rhein-Main-Gebiet Datenschutzerkl\u00e4rung&nbsp;ABO-Workshop.deDipl.-Psych. J\u00fcrgen Junker Wir freuen uns \u00fcber Ihr Interesse an unserer Arbeit und \u00fcber den Besuch unserer Webseite. Sie k\u00f6nnen unsere Webseite ohne Angabe personenbezogener Daten besuchen. Soweit auf unseren Seiten personenbezogene Daten (wie Name, Anschrift oder E-Mail Adresse) erhoben werden, erfolgt&hellip;&nbsp;Weiterlesen &raquo;Datenschutz\" \/>\n<meta property=\"og:url\" content=\"https:\/\/abo-workshop.de\/content\/datenschutz\/\" \/>\n<meta property=\"og:site_name\" content=\"ABO Workshop Wirtschaftspsychologie Seminare + Coaching\" \/>\n<meta property=\"article:modified_time\" content=\"2022-06-02T08:58:25+00:00\" \/>\n<meta name=\"twitter:card\" content=\"summary_large_image\" \/>\n<meta name=\"twitter:label1\" content=\"Gesch\u00e4tzte Lesezeit\" \/>\n\t<meta name=\"twitter:data1\" content=\"3\u00a0Minuten\" \/>\n<script type=\"application\/ld+json\" class=\"yoast-schema-graph\">{\"@context\":\"https:\\\/\\\/schema.org\",\"@graph\":[{\"@type\":\"WebPage\",\"@id\":\"https:\\\/\\\/abo-workshop.de\\\/content\\\/datenschutz\\\/\",\"url\":\"https:\\\/\\\/abo-workshop.de\\\/content\\\/datenschutz\\\/\",\"name\":\"Datenschutz - ABO Workshop Wirtschaftspsychologie Seminare + Coaching\",\"isPartOf\":{\"@id\":\"https:\\\/\\\/abo-workshop.de\\\/content\\\/#website\"},\"datePublished\":\"2020-12-22T16:27:26+00:00\",\"dateModified\":\"2022-06-02T08:58:25+00:00\",\"breadcrumb\":{\"@id\":\"https:\\\/\\\/abo-workshop.de\\\/content\\\/datenschutz\\\/#breadcrumb\"},\"inLanguage\":\"de\",\"potentialAction\":[{\"@type\":\"ReadAction\",\"target\":[\"https:\\\/\\\/abo-workshop.de\\\/content\\\/datenschutz\\\/\"]}]},{\"@type\":\"BreadcrumbList\",\"@id\":\"https:\\\/\\\/abo-workshop.de\\\/content\\\/datenschutz\\\/#breadcrumb\",\"itemListElement\":[{\"@type\":\"ListItem\",\"position\":1,\"name\":\"Startseite\",\"item\":\"https:\\\/\\\/abo-workshop.de\\\/content\\\/\"},{\"@type\":\"ListItem\",\"position\":2,\"name\":\"Datenschutz\"}]},{\"@type\":\"WebSite\",\"@id\":\"https:\\\/\\\/abo-workshop.de\\\/content\\\/#website\",\"url\":\"https:\\\/\\\/abo-workshop.de\\\/content\\\/\",\"name\":\"ABO Workshop Wirtschaftspsychologie Seminare + Coaching\",\"description\":\"ABO-Workshop kollegiale Treffen zur Wirtschaftspsychologie Frankfurt + Rhein-Main\",\"publisher\":{\"@id\":\"https:\\\/\\\/abo-workshop.de\\\/content\\\/#organization\"},\"potentialAction\":[{\"@type\":\"SearchAction\",\"target\":{\"@type\":\"EntryPoint\",\"urlTemplate\":\"https:\\\/\\\/abo-workshop.de\\\/content\\\/?s={search_term_string}\"},\"query-input\":{\"@type\":\"PropertyValueSpecification\",\"valueRequired\":true,\"valueName\":\"search_term_string\"}}],\"inLanguage\":\"de\"},{\"@type\":\"Organization\",\"@id\":\"https:\\\/\\\/abo-workshop.de\\\/content\\\/#organization\",\"name\":\"ABO Workshop Wirtschaftspsychologie Seminare + Coaching\",\"url\":\"https:\\\/\\\/abo-workshop.de\\\/content\\\/\",\"logo\":{\"@type\":\"ImageObject\",\"inLanguage\":\"de\",\"@id\":\"https:\\\/\\\/abo-workshop.de\\\/content\\\/#\\\/schema\\\/logo\\\/image\\\/\",\"url\":\"https:\\\/\\\/abo-workshop.de\\\/content\\\/wp-content\\\/uploads\\\/2020\\\/12\\\/cropped-Logo-ABO-Workshop-Rhein-Main-1.gif\",\"contentUrl\":\"https:\\\/\\\/abo-workshop.de\\\/content\\\/wp-content\\\/uploads\\\/2020\\\/12\\\/cropped-Logo-ABO-Workshop-Rhein-Main-1.gif\",\"width\":348,\"height\":326,\"caption\":\"ABO Workshop Wirtschaftspsychologie Seminare + Coaching\"},\"image\":{\"@id\":\"https:\\\/\\\/abo-workshop.de\\\/content\\\/#\\\/schema\\\/logo\\\/image\\\/\"}}]}<\/script>\n<!-- \/ Yoast SEO plugin. -->","yoast_head_json":{"title":"Datenschutz - ABO Workshop Wirtschaftspsychologie Seminare + Coaching","robots":{"index":"index","follow":"follow","max-snippet":"max-snippet:-1","max-image-preview":"max-image-preview:large","max-video-preview":"max-video-preview:-1"},"canonical":"https:\/\/abo-workshop.de\/content\/datenschutz\/","og_locale":"de_DE","og_type":"article","og_title":"Datenschutz - ABO Workshop Wirtschaftspsychologie Seminare + Coaching","og_description":"Datenschutz ABO-Workshop Rhein Main ist ein nicht-kommerzieller Zusammenschluss von Diplom-Psychologen\/innen aus dem Rhein-Main-Gebiet Datenschutzerkl\u00e4rung&nbsp;ABO-Workshop.deDipl.-Psych. J\u00fcrgen Junker Wir freuen uns \u00fcber Ihr Interesse an unserer Arbeit und \u00fcber den Besuch unserer Webseite. Sie k\u00f6nnen unsere Webseite ohne Angabe personenbezogener Daten besuchen. Soweit auf unseren Seiten personenbezogene Daten (wie Name, Anschrift oder E-Mail Adresse) erhoben werden, erfolgt&hellip;&nbsp;Weiterlesen &raquo;Datenschutz","og_url":"https:\/\/abo-workshop.de\/content\/datenschutz\/","og_site_name":"ABO Workshop Wirtschaftspsychologie Seminare + Coaching","article_modified_time":"2022-06-02T08:58:25+00:00","twitter_card":"summary_large_image","twitter_misc":{"Gesch\u00e4tzte Lesezeit":"3\u00a0Minuten"},"schema":{"@context":"https:\/\/schema.org","@graph":[{"@type":"WebPage","@id":"https:\/\/abo-workshop.de\/content\/datenschutz\/","url":"https:\/\/abo-workshop.de\/content\/datenschutz\/","name":"Datenschutz - ABO Workshop Wirtschaftspsychologie Seminare + Coaching","isPartOf":{"@id":"https:\/\/abo-workshop.de\/content\/#website"},"datePublished":"2020-12-22T16:27:26+00:00","dateModified":"2022-06-02T08:58:25+00:00","breadcrumb":{"@id":"https:\/\/abo-workshop.de\/content\/datenschutz\/#breadcrumb"},"inLanguage":"de","potentialAction":[{"@type":"ReadAction","target":["https:\/\/abo-workshop.de\/content\/datenschutz\/"]}]},{"@type":"BreadcrumbList","@id":"https:\/\/abo-workshop.de\/content\/datenschutz\/#breadcrumb","itemListElement":[{"@type":"ListItem","position":1,"name":"Startseite","item":"https:\/\/abo-workshop.de\/content\/"},{"@type":"ListItem","position":2,"name":"Datenschutz"}]},{"@type":"WebSite","@id":"https:\/\/abo-workshop.de\/content\/#website","url":"https:\/\/abo-workshop.de\/content\/","name":"ABO Workshop Wirtschaftspsychologie Seminare + Coaching","description":"ABO-Workshop kollegiale Treffen zur Wirtschaftspsychologie Frankfurt + Rhein-Main","publisher":{"@id":"https:\/\/abo-workshop.de\/content\/#organization"},"potentialAction":[{"@type":"SearchAction","target":{"@type":"EntryPoint","urlTemplate":"https:\/\/abo-workshop.de\/content\/?s={search_term_string}"},"query-input":{"@type":"PropertyValueSpecification","valueRequired":true,"valueName":"search_term_string"}}],"inLanguage":"de"},{"@type":"Organization","@id":"https:\/\/abo-workshop.de\/content\/#organization","name":"ABO Workshop Wirtschaftspsychologie Seminare + Coaching","url":"https:\/\/abo-workshop.de\/content\/","logo":{"@type":"ImageObject","inLanguage":"de","@id":"https:\/\/abo-workshop.de\/content\/#\/schema\/logo\/image\/","url":"https:\/\/abo-workshop.de\/content\/wp-content\/uploads\/2020\/12\/cropped-Logo-ABO-Workshop-Rhein-Main-1.gif","contentUrl":"https:\/\/abo-workshop.de\/content\/wp-content\/uploads\/2020\/12\/cropped-Logo-ABO-Workshop-Rhein-Main-1.gif","width":348,"height":326,"caption":"ABO Workshop Wirtschaftspsychologie Seminare + Coaching"},"image":{"@id":"https:\/\/abo-workshop.de\/content\/#\/schema\/logo\/image\/"}}]}},"_links":{"self":[{"href":"https:\/\/abo-workshop.de\/content\/wp-json\/wp\/v2\/pages\/57","targetHints":{"allow":["GET"]}}],"collection":[{"href":"https:\/\/abo-workshop.de\/content\/wp-json\/wp\/v2\/pages"}],"about":[{"href":"https:\/\/abo-workshop.de\/content\/wp-json\/wp\/v2\/types\/page"}],"author":[{"embeddable":true,"href":"https:\/\/abo-workshop.de\/content\/wp-json\/wp\/v2\/users\/1"}],"replies":[{"embeddable":true,"href":"https:\/\/abo-workshop.de\/content\/wp-json\/wp\/v2\/comments?post=57"}],"version-history":[{"count":2,"href":"https:\/\/abo-workshop.de\/content\/wp-json\/wp\/v2\/pages\/57\/revisions"}],"predecessor-version":[{"id":303,"href":"https:\/\/abo-workshop.de\/content\/wp-json\/wp\/v2\/pages\/57\/revisions\/303"}],"wp:attachment":[{"href":"https:\/\/abo-workshop.de\/content\/wp-json\/wp\/v2\/media?parent=57"}],"curies":[{"name":"wp","href":"https:\/\/api.w.org\/{rel}","templated":true}]}}