{"id":66,"date":"2020-12-22T17:41:11","date_gmt":"2020-12-22T16:41:11","guid":{"rendered":"https:\/\/abo-workshop.de\/content\/?page_id=66"},"modified":"2021-01-04T18:38:35","modified_gmt":"2021-01-04T17:38:35","slug":"kuenstliche-intelligenz","status":"publish","type":"page","link":"https:\/\/abo-workshop.de\/content\/kuenstliche-intelligenz\/","title":{"rendered":"K\u00fcnstliche Intelligenz"},"content":{"rendered":"\n<p><strong>KI K\u00fcnstliche Intelligenz in der Wirtschaftspsychologie<\/strong> <strong>BIG DATA, ARTIFICAL INTELLIGENCE + PSYCHOLOGIE <\/strong>ABO-Workshop am Sa 14.03.2020 von 14.00-18.00 Uhr Moderation: Dipl.-Psych. Martin Conrad Ort: mto-consulting, Herstallstr.33, 63739 Aschaffenburg<\/p>\n\n\n\n<figure class=\"wp-block-image\"><img decoding=\"async\" src=\"https:\/\/abo-workshop.de\/Bilder\/01-KI-Wirtschaftspsychologie-03-2020.gif\" alt=\"K\u00fcnstliche Intelligenz in der Wirtschaftspsychologie ABO-Workshop Rhein-Main\"\/><\/figure>\n\n\n\n<h2 class=\"wp-block-heading\"><strong>K\u00fcnstliche Intelligenz in der Wirtschaftspsychologie<\/strong><\/h2>\n\n\n\n<p><strong>BIG DATA, ARTIFICAL INTELLIGENCE UND PSYCHOLOGIE<\/strong><\/p>\n\n\n\n<p>Lernen wir aus Deep Learning? Wachsen wir durch k\u00fcnstliche Intelligenz?<\/p>\n\n\n\n<p>St\u00e4rken uns HR Analytics, Sprachbots und Business Intelligence? Machen uns KI Systeme wirklich besser?<\/p>\n\n\n\n<p><strong>KI \/ AI<\/strong>&nbsp;ist eines der gr\u00f6\u00dften Wachstumsfelder in der IT. Es gibt immer mehr Anwendungen in Statistik, Therapie und Human Ressources.<\/p>\n\n\n\n<p>Martin Conrad gibt beim ersten ABO-Workshop 2020 einen spannenden Einblick in das Thema:<\/p>\n\n\n\n<h2 class=\"wp-block-heading\">K\u00fcnstliche Intelligenz Wirtschaftspsychologie<\/h2>\n\n\n\n<ul class=\"wp-block-list\"><li>Was ist KI\/AI (Definition, starke vs. schwache KI, Turing Test,&nbsp;Tools, wie schaut sowas aus)?<\/li><li>Was haben wir Psychologen damit zu tun? Wie ist der Bezug zur Psychologie? Welche Rollse spielen GPS, Kognitionspsychologie, Neurowissenschaften etc?<\/li><\/ul>\n\n\n\n<h3 class=\"wp-block-heading\"><strong>Anwendungsfelder der K\u00fcnstlichen Intelligenz in der Wirtschaftspsychologie<\/strong><\/h3>\n\n\n\n<ul class=\"wp-block-list\"><li>Recruiting (Precire, HR Analytics, Sprachbots)<\/li><li>Marketing (Precire, Business Intelligence, Online Marketing,&nbsp;Sprachbots)<\/li><li>Coaching \/ Klinische Psychologie (Sprachbots, Spracherkennung)<\/li><li>Statistik (Big Data, Deep Learning)<\/li><li>Medizin (Automated Diagnostics)<\/li><\/ul>\n\n\n\n<h3 class=\"wp-block-heading\"><strong>Was ist unsere Positionierung als Psychologen zur K\u00fcnstlichen Intelligenz in der Wirtschaftspsychologie?<\/strong><\/h3>\n\n\n\n<ul class=\"wp-block-list\"><li>Ethik + ethische Fragen beim Einsatz von KI<\/li><li>Methodische Expertise beim Training &amp; Interpretation der KI<\/li><li>Risikobetrachtung<\/li><\/ul>\n\n\n\n<p>Die Teilnahme ist wie immer kostenfrei. Bitte gebt via Doodle R\u00fcckmeldung, ob Ihr kommt bzw. ob Ihr jemand mitbringt. Kuchenspenden sind wie immer willkommen.<\/p>\n\n\n\n<p>Ich freue mich \u00fcber eine rege Beteiligung und Diskussion<\/p>\n\n\n\n<p>Martin<\/p>\n\n\n\n<h2 class=\"wp-block-heading\">K\u00fcnstliche Intelligenz<\/h2>\n\n\n\n<p>K\u00fcnstliche Intelligenz KI oder artifizielle Intelligenz AI vom englischen \u201eartificial intelligence\u201c ist ein Teilgebiet der Informatik, das sich zunehmend in andere Bereiche, wie die Wirtschaftspsychologie und Human Resources Management ausbreitet. Es geht bei KI bzw. AI um M\u00f6glichkeiten der Automatisierung intelligenten Verhaltens.<\/p>\n\n\n\n<p>Die meisten Ans\u00e4tze verstehen unter k\u00fcnstlicher Intelligenz die Simulierung und den Einsatz maschinellen Lernens f\u00fcr menschliche Entscheidungsprozesse. <\/p>\n\n\n\n<p>Interessante Fragen sind z.B. auch, wie kann der Einsatz von KI auch <a href=\"https:\/\/abo-workshop.de\/content\/lessons-learned\/\">Selbstreflexion und Lessons Learned<\/a> unterst\u00fctzen. Sind KI Systeme auch m\u00f6gliche <a href=\"https:\/\/abo-workshop.de\/content\/selbstfuehrung\/\">Impulsgeber f\u00fcr Nudging und Selbstf\u00fchrung<\/a> und l\u00e4sst sich <a href=\"https:\/\/www.mto-consulting.de\/Coaching.htm\">Coaching verbessern und professionalisieren<\/a>?<\/p>\n\n\n\n<p>Weitere Anwendungsgebiete f\u00fcr den Einsatz k\u00fcnstlicher Intelligenz:<\/p>\n\n\n\n<ul class=\"wp-block-list\"><li>Suchmaschinen zur Bew\u00e4ltigung der Informationsmenge.<\/li><li>Maschinelle \u00dcbersetzung wie Google \u00dcbersetzer oder DeepL<\/li><li>Texterkennung und Textgenerierung<\/li><li>Automatisierte Texte<\/li><li>Data-Mining und Text Mining, um Kerninformationen aus nicht- oder nur schwach strukturierten Texten zu gewinnen.<\/li><li>Analyse und Prognose von Aktienkursen<\/li><li>Optische Zeichenerkennung als Unterst\u00fctzung beim Scannen<\/li><li>Handschrifterkennung<\/li><li>Spracherkennung f\u00fcr Sprachsteuerung wie bei Siri, Google Assistant, Cortana, Amazon Echo.<\/li><li>Gesichtserkennung<\/li><li>Bilderkennung<\/li><li>Semantische Suchmaschinen: Wolfram Alpha<\/li><li>Selbstfahrende Kraftfahrzeuge<\/li><li>social Bots z. B. cleverbot<\/li><\/ul>\n","protected":false},"excerpt":{"rendered":"<p>KI K\u00fcnstliche Intelligenz in der Wirtschaftspsychologie BIG DATA, ARTIFICAL INTELLIGENCE + PSYCHOLOGIE ABO-Workshop am Sa 14.03.2020 von 14.00-18.00 Uhr Moderation: Dipl.-Psych. Martin Conrad Ort: mto-consulting, Herstallstr.33, 63739 Aschaffenburg K\u00fcnstliche Intelligenz in der Wirtschaftspsychologie BIG DATA, ARTIFICAL INTELLIGENCE UND PSYCHOLOGIE Lernen wir aus Deep Learning? Wachsen wir durch k\u00fcnstliche Intelligenz? St\u00e4rken uns HR Analytics, Sprachbots und&hellip;&nbsp;<a href=\"https:\/\/abo-workshop.de\/content\/kuenstliche-intelligenz\/\" rel=\"bookmark\">Weiterlesen &raquo;<span class=\"screen-reader-text\">K\u00fcnstliche Intelligenz<\/span><\/a><\/p>\n","protected":false},"author":1,"featured_media":0,"parent":0,"menu_order":0,"comment_status":"closed","ping_status":"closed","template":"","meta":{"neve_meta_sidebar":"","neve_meta_container":"","neve_meta_enable_content_width":"","neve_meta_content_width":0,"neve_meta_title_alignment":"","neve_meta_author_avatar":"","neve_post_elements_order":"","neve_meta_disable_header":"","neve_meta_disable_footer":"","neve_meta_disable_title":"","footnotes":""},"class_list":["post-66","page","type-page","status-publish","hentry"],"yoast_head":"<!-- This site is optimized with the Yoast SEO plugin v27.4 - https:\/\/yoast.com\/product\/yoast-seo-wordpress\/ -->\n<title>K\u00fcnstliche Intelligenz - ABO Workshop Wirtschaftspsychologie Seminare + Coaching<\/title>\n<meta name=\"description\" content=\"K\u00fcnstliche Intelligenz in der Wirtschaftspsychologie \ud83d\udd34 M\u00f6glicheiten und Grenzen von KI Systemen in Human Resource und Psychologie\" \/>\n<meta name=\"robots\" content=\"index, follow, max-snippet:-1, max-image-preview:large, max-video-preview:-1\" \/>\n<link rel=\"canonical\" href=\"https:\/\/abo-workshop.de\/content\/kuenstliche-intelligenz\/\" \/>\n<meta property=\"og:locale\" content=\"de_DE\" \/>\n<meta property=\"og:type\" content=\"article\" \/>\n<meta property=\"og:title\" content=\"K\u00fcnstliche Intelligenz - ABO Workshop Wirtschaftspsychologie Seminare + Coaching\" \/>\n<meta property=\"og:description\" content=\"K\u00fcnstliche Intelligenz in der Wirtschaftspsychologie \ud83d\udd34 M\u00f6glicheiten und Grenzen von KI Systemen in Human Resource und Psychologie\" \/>\n<meta property=\"og:url\" content=\"https:\/\/abo-workshop.de\/content\/kuenstliche-intelligenz\/\" \/>\n<meta property=\"og:site_name\" content=\"ABO Workshop Wirtschaftspsychologie Seminare + Coaching\" \/>\n<meta property=\"article:modified_time\" content=\"2021-01-04T17:38:35+00:00\" \/>\n<meta property=\"og:image\" content=\"https:\/\/abo-workshop.de\/Bilder\/01-KI-Wirtschaftspsychologie-03-2020.gif\" \/>\n<meta name=\"twitter:card\" content=\"summary_large_image\" \/>\n<meta name=\"twitter:label1\" content=\"Gesch\u00e4tzte Lesezeit\" \/>\n\t<meta name=\"twitter:data1\" content=\"2\u00a0Minuten\" \/>\n<script type=\"application\/ld+json\" class=\"yoast-schema-graph\">{\"@context\":\"https:\\\/\\\/schema.org\",\"@graph\":[{\"@type\":\"WebPage\",\"@id\":\"https:\\\/\\\/abo-workshop.de\\\/content\\\/kuenstliche-intelligenz\\\/\",\"url\":\"https:\\\/\\\/abo-workshop.de\\\/content\\\/kuenstliche-intelligenz\\\/\",\"name\":\"K\u00fcnstliche Intelligenz - ABO Workshop Wirtschaftspsychologie Seminare + Coaching\",\"isPartOf\":{\"@id\":\"https:\\\/\\\/abo-workshop.de\\\/content\\\/#website\"},\"primaryImageOfPage\":{\"@id\":\"https:\\\/\\\/abo-workshop.de\\\/content\\\/kuenstliche-intelligenz\\\/#primaryimage\"},\"image\":{\"@id\":\"https:\\\/\\\/abo-workshop.de\\\/content\\\/kuenstliche-intelligenz\\\/#primaryimage\"},\"thumbnailUrl\":\"https:\\\/\\\/abo-workshop.de\\\/Bilder\\\/01-KI-Wirtschaftspsychologie-03-2020.gif\",\"datePublished\":\"2020-12-22T16:41:11+00:00\",\"dateModified\":\"2021-01-04T17:38:35+00:00\",\"description\":\"K\u00fcnstliche Intelligenz in der Wirtschaftspsychologie \ud83d\udd34 M\u00f6glicheiten und Grenzen von KI Systemen in Human Resource und Psychologie\",\"breadcrumb\":{\"@id\":\"https:\\\/\\\/abo-workshop.de\\\/content\\\/kuenstliche-intelligenz\\\/#breadcrumb\"},\"inLanguage\":\"de\",\"potentialAction\":[{\"@type\":\"ReadAction\",\"target\":[\"https:\\\/\\\/abo-workshop.de\\\/content\\\/kuenstliche-intelligenz\\\/\"]}]},{\"@type\":\"ImageObject\",\"inLanguage\":\"de\",\"@id\":\"https:\\\/\\\/abo-workshop.de\\\/content\\\/kuenstliche-intelligenz\\\/#primaryimage\",\"url\":\"https:\\\/\\\/abo-workshop.de\\\/Bilder\\\/01-KI-Wirtschaftspsychologie-03-2020.gif\",\"contentUrl\":\"https:\\\/\\\/abo-workshop.de\\\/Bilder\\\/01-KI-Wirtschaftspsychologie-03-2020.gif\"},{\"@type\":\"BreadcrumbList\",\"@id\":\"https:\\\/\\\/abo-workshop.de\\\/content\\\/kuenstliche-intelligenz\\\/#breadcrumb\",\"itemListElement\":[{\"@type\":\"ListItem\",\"position\":1,\"name\":\"Startseite\",\"item\":\"https:\\\/\\\/abo-workshop.de\\\/content\\\/\"},{\"@type\":\"ListItem\",\"position\":2,\"name\":\"K\u00fcnstliche Intelligenz\"}]},{\"@type\":\"WebSite\",\"@id\":\"https:\\\/\\\/abo-workshop.de\\\/content\\\/#website\",\"url\":\"https:\\\/\\\/abo-workshop.de\\\/content\\\/\",\"name\":\"ABO Workshop Wirtschaftspsychologie Seminare + Coaching\",\"description\":\"ABO-Workshop kollegiale Treffen zur Wirtschaftspsychologie Frankfurt + Rhein-Main\",\"publisher\":{\"@id\":\"https:\\\/\\\/abo-workshop.de\\\/content\\\/#organization\"},\"potentialAction\":[{\"@type\":\"SearchAction\",\"target\":{\"@type\":\"EntryPoint\",\"urlTemplate\":\"https:\\\/\\\/abo-workshop.de\\\/content\\\/?s={search_term_string}\"},\"query-input\":{\"@type\":\"PropertyValueSpecification\",\"valueRequired\":true,\"valueName\":\"search_term_string\"}}],\"inLanguage\":\"de\"},{\"@type\":\"Organization\",\"@id\":\"https:\\\/\\\/abo-workshop.de\\\/content\\\/#organization\",\"name\":\"ABO Workshop Wirtschaftspsychologie Seminare + Coaching\",\"url\":\"https:\\\/\\\/abo-workshop.de\\\/content\\\/\",\"logo\":{\"@type\":\"ImageObject\",\"inLanguage\":\"de\",\"@id\":\"https:\\\/\\\/abo-workshop.de\\\/content\\\/#\\\/schema\\\/logo\\\/image\\\/\",\"url\":\"https:\\\/\\\/abo-workshop.de\\\/content\\\/wp-content\\\/uploads\\\/2020\\\/12\\\/cropped-Logo-ABO-Workshop-Rhein-Main-1.gif\",\"contentUrl\":\"https:\\\/\\\/abo-workshop.de\\\/content\\\/wp-content\\\/uploads\\\/2020\\\/12\\\/cropped-Logo-ABO-Workshop-Rhein-Main-1.gif\",\"width\":348,\"height\":326,\"caption\":\"ABO Workshop Wirtschaftspsychologie Seminare + Coaching\"},\"image\":{\"@id\":\"https:\\\/\\\/abo-workshop.de\\\/content\\\/#\\\/schema\\\/logo\\\/image\\\/\"}}]}<\/script>\n<!-- \/ Yoast SEO plugin. -->","yoast_head_json":{"title":"K\u00fcnstliche Intelligenz - ABO Workshop Wirtschaftspsychologie Seminare + Coaching","description":"K\u00fcnstliche Intelligenz in der Wirtschaftspsychologie \ud83d\udd34 M\u00f6glicheiten und Grenzen von KI Systemen in Human Resource und Psychologie","robots":{"index":"index","follow":"follow","max-snippet":"max-snippet:-1","max-image-preview":"max-image-preview:large","max-video-preview":"max-video-preview:-1"},"canonical":"https:\/\/abo-workshop.de\/content\/kuenstliche-intelligenz\/","og_locale":"de_DE","og_type":"article","og_title":"K\u00fcnstliche Intelligenz - ABO Workshop Wirtschaftspsychologie Seminare + Coaching","og_description":"K\u00fcnstliche Intelligenz in der Wirtschaftspsychologie \ud83d\udd34 M\u00f6glicheiten und Grenzen von KI Systemen in Human Resource und Psychologie","og_url":"https:\/\/abo-workshop.de\/content\/kuenstliche-intelligenz\/","og_site_name":"ABO Workshop Wirtschaftspsychologie Seminare + Coaching","article_modified_time":"2021-01-04T17:38:35+00:00","og_image":[{"url":"https:\/\/abo-workshop.de\/Bilder\/01-KI-Wirtschaftspsychologie-03-2020.gif","type":"","width":"","height":""}],"twitter_card":"summary_large_image","twitter_misc":{"Gesch\u00e4tzte Lesezeit":"2\u00a0Minuten"},"schema":{"@context":"https:\/\/schema.org","@graph":[{"@type":"WebPage","@id":"https:\/\/abo-workshop.de\/content\/kuenstliche-intelligenz\/","url":"https:\/\/abo-workshop.de\/content\/kuenstliche-intelligenz\/","name":"K\u00fcnstliche Intelligenz - ABO Workshop Wirtschaftspsychologie Seminare + Coaching","isPartOf":{"@id":"https:\/\/abo-workshop.de\/content\/#website"},"primaryImageOfPage":{"@id":"https:\/\/abo-workshop.de\/content\/kuenstliche-intelligenz\/#primaryimage"},"image":{"@id":"https:\/\/abo-workshop.de\/content\/kuenstliche-intelligenz\/#primaryimage"},"thumbnailUrl":"https:\/\/abo-workshop.de\/Bilder\/01-KI-Wirtschaftspsychologie-03-2020.gif","datePublished":"2020-12-22T16:41:11+00:00","dateModified":"2021-01-04T17:38:35+00:00","description":"K\u00fcnstliche Intelligenz in der Wirtschaftspsychologie \ud83d\udd34 M\u00f6glicheiten und Grenzen von KI Systemen in Human Resource und Psychologie","breadcrumb":{"@id":"https:\/\/abo-workshop.de\/content\/kuenstliche-intelligenz\/#breadcrumb"},"inLanguage":"de","potentialAction":[{"@type":"ReadAction","target":["https:\/\/abo-workshop.de\/content\/kuenstliche-intelligenz\/"]}]},{"@type":"ImageObject","inLanguage":"de","@id":"https:\/\/abo-workshop.de\/content\/kuenstliche-intelligenz\/#primaryimage","url":"https:\/\/abo-workshop.de\/Bilder\/01-KI-Wirtschaftspsychologie-03-2020.gif","contentUrl":"https:\/\/abo-workshop.de\/Bilder\/01-KI-Wirtschaftspsychologie-03-2020.gif"},{"@type":"BreadcrumbList","@id":"https:\/\/abo-workshop.de\/content\/kuenstliche-intelligenz\/#breadcrumb","itemListElement":[{"@type":"ListItem","position":1,"name":"Startseite","item":"https:\/\/abo-workshop.de\/content\/"},{"@type":"ListItem","position":2,"name":"K\u00fcnstliche Intelligenz"}]},{"@type":"WebSite","@id":"https:\/\/abo-workshop.de\/content\/#website","url":"https:\/\/abo-workshop.de\/content\/","name":"ABO Workshop Wirtschaftspsychologie Seminare + Coaching","description":"ABO-Workshop kollegiale Treffen zur Wirtschaftspsychologie Frankfurt + Rhein-Main","publisher":{"@id":"https:\/\/abo-workshop.de\/content\/#organization"},"potentialAction":[{"@type":"SearchAction","target":{"@type":"EntryPoint","urlTemplate":"https:\/\/abo-workshop.de\/content\/?s={search_term_string}"},"query-input":{"@type":"PropertyValueSpecification","valueRequired":true,"valueName":"search_term_string"}}],"inLanguage":"de"},{"@type":"Organization","@id":"https:\/\/abo-workshop.de\/content\/#organization","name":"ABO Workshop Wirtschaftspsychologie Seminare + Coaching","url":"https:\/\/abo-workshop.de\/content\/","logo":{"@type":"ImageObject","inLanguage":"de","@id":"https:\/\/abo-workshop.de\/content\/#\/schema\/logo\/image\/","url":"https:\/\/abo-workshop.de\/content\/wp-content\/uploads\/2020\/12\/cropped-Logo-ABO-Workshop-Rhein-Main-1.gif","contentUrl":"https:\/\/abo-workshop.de\/content\/wp-content\/uploads\/2020\/12\/cropped-Logo-ABO-Workshop-Rhein-Main-1.gif","width":348,"height":326,"caption":"ABO Workshop Wirtschaftspsychologie Seminare + Coaching"},"image":{"@id":"https:\/\/abo-workshop.de\/content\/#\/schema\/logo\/image\/"}}]}},"_links":{"self":[{"href":"https:\/\/abo-workshop.de\/content\/wp-json\/wp\/v2\/pages\/66","targetHints":{"allow":["GET"]}}],"collection":[{"href":"https:\/\/abo-workshop.de\/content\/wp-json\/wp\/v2\/pages"}],"about":[{"href":"https:\/\/abo-workshop.de\/content\/wp-json\/wp\/v2\/types\/page"}],"author":[{"embeddable":true,"href":"https:\/\/abo-workshop.de\/content\/wp-json\/wp\/v2\/users\/1"}],"replies":[{"embeddable":true,"href":"https:\/\/abo-workshop.de\/content\/wp-json\/wp\/v2\/comments?post=66"}],"version-history":[{"count":3,"href":"https:\/\/abo-workshop.de\/content\/wp-json\/wp\/v2\/pages\/66\/revisions"}],"predecessor-version":[{"id":185,"href":"https:\/\/abo-workshop.de\/content\/wp-json\/wp\/v2\/pages\/66\/revisions\/185"}],"wp:attachment":[{"href":"https:\/\/abo-workshop.de\/content\/wp-json\/wp\/v2\/media?parent=66"}],"curies":[{"name":"wp","href":"https:\/\/api.w.org\/{rel}","templated":true}]}}